{"id":708,"date":"2019-02-14T10:30:40","date_gmt":"2019-02-14T10:30:39","guid":{"rendered":"https:\/\/www.conservatorialcoi.com\/\/calendari-escolar-2018-19\/"},"modified":"2025-09-15T21:37:57","modified_gmt":"2025-09-15T21:37:57","slug":"calendari-escolar","status":"publish","type":"page","link":"https:\/\/www.conservatorialcoi.com\/ca\/informacio-academica\/ensenanza-elemental\/calendari-escolar\/","title":{"rendered":"Calendari escolar 2024-25"},"content":{"rendered":"<p>[et_pb_section bb_built=&#8221;1&#8243; admin_label=&#8221;section&#8221; _builder_version=&#8221;3.0.47&#8243;][et_pb_row admin_label=&#8221;row&#8221; _builder_version=&#8221;3.0.47&#8243; background_size=&#8221;initial&#8221; background_position=&#8221;top_left&#8221; background_repeat=&#8221;repeat&#8221;][et_pb_column type=&#8221;4_4&#8243;][et_pb_text admin_label=&#8221;Texto&#8221; _builder_version=&#8221;3.0.51&#8243; background_size=&#8221;initial&#8221; background_position=&#8221;top_left&#8221; background_repeat=&#8221;repeat&#8221; background_layout=&#8221;light&#8221; text_orientation=&#8221;left&#8221; border_style=&#8221;solid&#8221;]<\/p>\n<p><a href=\"https:\/\/dogv.gva.es\/va\/resultat-dogv?signatura=2025\/19821\">RESOLUCI\u00d3 de 28 de maig de 2025, de la Direcci\u00f3 General de Centres Docents, per la cual es fixa el calendari escolar del curs acad\u00e8mic 2025-2026 en la Comunitat Valenciana.<\/a><\/p>\n<p>&nbsp;<\/p>\n<p><strong>Inici<\/strong>: <strong>15 de setembre<\/strong> de 2025.<\/p>\n<p><strong>Finalitzaci\u00f3<\/strong>:<strong> 12 de juny<\/strong> de 2026.<\/p>\n<p>&nbsp;<\/p>\n<p><strong>Per\u00edodes Vacacionals<\/strong><\/p>\n<p><strong>Vacances de Nadal: <\/strong>des del <strong>23 de desembre<\/strong> de 2025 al <strong>6 de gener<\/strong> de 2026, els dos inclusivament.<\/p>\n<p><strong>Vacances de Pasqua:<\/strong> des del <strong>2 al 12 d&#8217;abril<\/strong> de 2026, els dos inclusivament (el 13 d&#8217;abril de 2026, Sant Vicent, s&#8217;ha canviat pel <strong>24 d&#8217;abril <\/strong>del 2026, Dia dels M\u00fasics. El canvi est\u00e0 pendent que l&#8217;aprove la Conselleria d&#8217;Educaci\u00f3).<\/p>\n<p>&nbsp;<\/p>\n<p><strong>Dies Festius d&#8217;\u00e0mbit auton\u00f2mic i nacional<\/strong><\/p>\n<p><strong>9 d&#8217;octubre,\u00a0<\/strong>Dia de la Comunitat Valenciana.<\/p>\n<p class=\"\"><strong>8 de desembre<\/strong>, Dia de la Immaculada Concepci\u00f3.<\/p>\n<p><strong>19 de mar\u00e7,\u00a0<\/strong>Dia de Sant Josep.<\/p>\n<p><strong>1 de maig, <\/strong>Dia internacional dels treballadors.<\/p>\n<div align=\"justify\"><\/div>\n<p>&nbsp;<\/p>\n<p><strong>Festius locals escolars<\/strong><\/p>\n<p><strong>10 d&#8217;octubre<\/strong> de 2025, <strong>20 de mar\u00e7 y 28 d&#8217;abril<\/strong> de 2026 (el 13 d&#8217;abril de 2026, Sant Vicent, s&#8217;ha canviat pel <strong>24 d&#8217;abril <\/strong>del 2026, Dia dels M\u00fasics. El canvi est\u00e0 pendent que l&#8217;aprove la Conselleria d&#8217;Educaci\u00f3).<\/p>\n<p>&nbsp;<\/p>\n<p><strong>Festius locals<\/strong><\/p>\n<p><strong> 25 i 27 d&#8217;abril<\/strong> de 2026<\/p>\n<p>&nbsp;<\/p>\n<p>&nbsp;<\/p>\n<p>&nbsp;<\/p>\n<p>&nbsp;<\/p>\n<p>&nbsp;<\/p>\n<p>&nbsp;<\/p>\n<p>&nbsp;<\/p>\n<p>&nbsp;<\/p>\n<p>[\/et_pb_text][\/et_pb_column][\/et_pb_row][\/et_pb_section]<\/p>\n","protected":false},"excerpt":{"rendered":"<p>[et_pb_section bb_built=&#8221;1&#8243; admin_label=&#8221;section&#8221; _builder_version=&#8221;3.0.47&#8243;][et_pb_row admin_label=&#8221;row&#8221; _builder_version=&#8221;3.0.47&#8243; background_size=&#8221;initial&#8221; background_position=&#8221;top_left&#8221; background_repeat=&#8221;repeat&#8221;][et_pb_column type=&#8221;4_4&#8243;][et_pb_text admin_label=&#8221;Texto&#8221; _builder_version=&#8221;3.0.51&#8243; background_size=&#8221;initial&#8221; background_position=&#8221;top_left&#8221; background_repeat=&#8221;repeat&#8221; background_layout=&#8221;light&#8221; text_orientation=&#8221;left&#8221; border_style=&#8221;solid&#8221;] RESOLUCI\u00d3 de 28 de maig de 2025, de la Direcci\u00f3 General de Centres Docents, per la cual es fixa el calendari escolar del curs acad\u00e8mic 2025-2026 en la Comunitat Valenciana. &nbsp; Inici: 15 de setembre de 2025. [&hellip;]<\/p>\n","protected":false},"author":1,"featured_media":0,"parent":1194,"menu_order":1,"comment_status":"closed","ping_status":"closed","template":"","meta":{"footnotes":""},"class_list":["post-708","page","type-page","status-publish","hentry"],"yoast_head":"<!-- This site is optimized with the Yoast SEO plugin v27.3 - https:\/\/yoast.com\/product\/yoast-seo-wordpress\/ -->\n<title>Calendari escolar 2024-25 - Conservatori Professional de M\u00fasica Juan Cant\u00f3 en Alcoi<\/title>\n<meta name=\"robots\" content=\"index, follow, max-snippet:-1, max-image-preview:large, max-video-preview:-1\" \/>\n<link rel=\"canonical\" href=\"https:\/\/www.conservatorialcoi.com\/ca\/informacio-academica\/ensenanza-elemental\/calendari-escolar\/\" \/>\n<meta property=\"og:locale\" content=\"ca_ES\" \/>\n<meta property=\"og:type\" content=\"article\" \/>\n<meta property=\"og:title\" content=\"Calendari escolar 2024-25 - Conservatori Professional de M\u00fasica Juan Cant\u00f3 en Alcoi\" \/>\n<meta property=\"og:description\" content=\"[et_pb_section bb_built=&#8221;1&#8243; admin_label=&#8221;section&#8221; _builder_version=&#8221;3.0.47&#8243;][et_pb_row admin_label=&#8221;row&#8221; _builder_version=&#8221;3.0.47&#8243; background_size=&#8221;initial&#8221; background_position=&#8221;top_left&#8221; background_repeat=&#8221;repeat&#8221;][et_pb_column type=&#8221;4_4&#8243;][et_pb_text admin_label=&#8221;Texto&#8221; _builder_version=&#8221;3.0.51&#8243; background_size=&#8221;initial&#8221; background_position=&#8221;top_left&#8221; background_repeat=&#8221;repeat&#8221; background_layout=&#8221;light&#8221; text_orientation=&#8221;left&#8221; border_style=&#8221;solid&#8221;] RESOLUCI\u00d3 de 28 de maig de 2025, de la Direcci\u00f3 General de Centres Docents, per la cual es fixa el calendari escolar del curs acad\u00e8mic 2025-2026 en la Comunitat Valenciana. &nbsp; Inici: 15 de setembre de 2025. [&hellip;]\" \/>\n<meta property=\"og:url\" content=\"https:\/\/www.conservatorialcoi.com\/ca\/informacio-academica\/ensenanza-elemental\/calendari-escolar\/\" \/>\n<meta property=\"og:site_name\" content=\"Conservatori Professional de M\u00fasica Juan Cant\u00f3 en Alcoi\" \/>\n<meta property=\"article:modified_time\" content=\"2025-09-15T21:37:57+00:00\" \/>\n<meta name=\"twitter:card\" content=\"summary_large_image\" \/>\n<meta name=\"twitter:label1\" content=\"Temps estimat de lectura\" \/>\n\t<meta name=\"twitter:data1\" content=\"1 minut\" \/>\n<script type=\"application\/ld+json\" class=\"yoast-schema-graph\">{\"@context\":\"https:\\\/\\\/schema.org\",\"@graph\":[{\"@type\":\"WebPage\",\"@id\":\"https:\\\/\\\/www.conservatorialcoi.com\\\/ca\\\/informacio-academica\\\/ensenanza-elemental\\\/calendari-escolar\\\/\",\"url\":\"https:\\\/\\\/www.conservatorialcoi.com\\\/ca\\\/informacio-academica\\\/ensenanza-elemental\\\/calendari-escolar\\\/\",\"name\":\"Calendari escolar 2024-25 - Conservatori Professional de M\u00fasica Juan Cant\u00f3 en Alcoi\",\"isPartOf\":{\"@id\":\"https:\\\/\\\/www.conservatorialcoi.com\\\/#website\"},\"datePublished\":\"2019-02-14T10:30:39+00:00\",\"dateModified\":\"2025-09-15T21:37:57+00:00\",\"breadcrumb\":{\"@id\":\"https:\\\/\\\/www.conservatorialcoi.com\\\/ca\\\/informacio-academica\\\/ensenanza-elemental\\\/calendari-escolar\\\/#breadcrumb\"},\"inLanguage\":\"ca\",\"potentialAction\":[{\"@type\":\"ReadAction\",\"target\":[\"https:\\\/\\\/www.conservatorialcoi.com\\\/ca\\\/informacio-academica\\\/ensenanza-elemental\\\/calendari-escolar\\\/\"]}]},{\"@type\":\"BreadcrumbList\",\"@id\":\"https:\\\/\\\/www.conservatorialcoi.com\\\/ca\\\/informacio-academica\\\/ensenanza-elemental\\\/calendari-escolar\\\/#breadcrumb\",\"itemListElement\":[{\"@type\":\"ListItem\",\"position\":1,\"name\":\"Portada\",\"item\":\"https:\\\/\\\/www.conservatorialcoi.com\\\/ca\\\/\"},{\"@type\":\"ListItem\",\"position\":2,\"name\":\"Informaci\u00f3 acad\u00e8mica\",\"item\":\"https:\\\/\\\/www.conservatorialcoi.com\\\/ca\\\/informacio-academica\\\/\"},{\"@type\":\"ListItem\",\"position\":3,\"name\":\"Ensenyaments Elementals\",\"item\":\"https:\\\/\\\/www.conservatorialcoi.com\\\/ca\\\/informacio-academica\\\/ensenanza-elemental\\\/\"},{\"@type\":\"ListItem\",\"position\":4,\"name\":\"Calendari escolar 2024-25\"}]},{\"@type\":\"WebSite\",\"@id\":\"https:\\\/\\\/www.conservatorialcoi.com\\\/#website\",\"url\":\"https:\\\/\\\/www.conservatorialcoi.com\\\/\",\"name\":\"Conservatori Professional de M\u00fasica Juan Cant\u00f3 en Alcoi\",\"description\":\"\",\"potentialAction\":[{\"@type\":\"SearchAction\",\"target\":{\"@type\":\"EntryPoint\",\"urlTemplate\":\"https:\\\/\\\/www.conservatorialcoi.com\\\/?s={search_term_string}\"},\"query-input\":{\"@type\":\"PropertyValueSpecification\",\"valueRequired\":true,\"valueName\":\"search_term_string\"}}],\"inLanguage\":\"ca\"}]}<\/script>\n<!-- \/ Yoast SEO plugin. -->","yoast_head_json":{"title":"Calendari escolar 2024-25 - Conservatori Professional de M\u00fasica Juan Cant\u00f3 en Alcoi","robots":{"index":"index","follow":"follow","max-snippet":"max-snippet:-1","max-image-preview":"max-image-preview:large","max-video-preview":"max-video-preview:-1"},"canonical":"https:\/\/www.conservatorialcoi.com\/ca\/informacio-academica\/ensenanza-elemental\/calendari-escolar\/","og_locale":"ca_ES","og_type":"article","og_title":"Calendari escolar 2024-25 - Conservatori Professional de M\u00fasica Juan Cant\u00f3 en Alcoi","og_description":"[et_pb_section bb_built=&#8221;1&#8243; admin_label=&#8221;section&#8221; _builder_version=&#8221;3.0.47&#8243;][et_pb_row admin_label=&#8221;row&#8221; _builder_version=&#8221;3.0.47&#8243; background_size=&#8221;initial&#8221; background_position=&#8221;top_left&#8221; background_repeat=&#8221;repeat&#8221;][et_pb_column type=&#8221;4_4&#8243;][et_pb_text admin_label=&#8221;Texto&#8221; _builder_version=&#8221;3.0.51&#8243; background_size=&#8221;initial&#8221; background_position=&#8221;top_left&#8221; background_repeat=&#8221;repeat&#8221; background_layout=&#8221;light&#8221; text_orientation=&#8221;left&#8221; border_style=&#8221;solid&#8221;] RESOLUCI\u00d3 de 28 de maig de 2025, de la Direcci\u00f3 General de Centres Docents, per la cual es fixa el calendari escolar del curs acad\u00e8mic 2025-2026 en la Comunitat Valenciana. &nbsp; Inici: 15 de setembre de 2025. [&hellip;]","og_url":"https:\/\/www.conservatorialcoi.com\/ca\/informacio-academica\/ensenanza-elemental\/calendari-escolar\/","og_site_name":"Conservatori Professional de M\u00fasica Juan Cant\u00f3 en Alcoi","article_modified_time":"2025-09-15T21:37:57+00:00","twitter_card":"summary_large_image","twitter_misc":{"Temps estimat de lectura":"1 minut"},"schema":{"@context":"https:\/\/schema.org","@graph":[{"@type":"WebPage","@id":"https:\/\/www.conservatorialcoi.com\/ca\/informacio-academica\/ensenanza-elemental\/calendari-escolar\/","url":"https:\/\/www.conservatorialcoi.com\/ca\/informacio-academica\/ensenanza-elemental\/calendari-escolar\/","name":"Calendari escolar 2024-25 - Conservatori Professional de M\u00fasica Juan Cant\u00f3 en Alcoi","isPartOf":{"@id":"https:\/\/www.conservatorialcoi.com\/#website"},"datePublished":"2019-02-14T10:30:39+00:00","dateModified":"2025-09-15T21:37:57+00:00","breadcrumb":{"@id":"https:\/\/www.conservatorialcoi.com\/ca\/informacio-academica\/ensenanza-elemental\/calendari-escolar\/#breadcrumb"},"inLanguage":"ca","potentialAction":[{"@type":"ReadAction","target":["https:\/\/www.conservatorialcoi.com\/ca\/informacio-academica\/ensenanza-elemental\/calendari-escolar\/"]}]},{"@type":"BreadcrumbList","@id":"https:\/\/www.conservatorialcoi.com\/ca\/informacio-academica\/ensenanza-elemental\/calendari-escolar\/#breadcrumb","itemListElement":[{"@type":"ListItem","position":1,"name":"Portada","item":"https:\/\/www.conservatorialcoi.com\/ca\/"},{"@type":"ListItem","position":2,"name":"Informaci\u00f3 acad\u00e8mica","item":"https:\/\/www.conservatorialcoi.com\/ca\/informacio-academica\/"},{"@type":"ListItem","position":3,"name":"Ensenyaments Elementals","item":"https:\/\/www.conservatorialcoi.com\/ca\/informacio-academica\/ensenanza-elemental\/"},{"@type":"ListItem","position":4,"name":"Calendari escolar 2024-25"}]},{"@type":"WebSite","@id":"https:\/\/www.conservatorialcoi.com\/#website","url":"https:\/\/www.conservatorialcoi.com\/","name":"Conservatori Professional de M\u00fasica Juan Cant\u00f3 en Alcoi","description":"","potentialAction":[{"@type":"SearchAction","target":{"@type":"EntryPoint","urlTemplate":"https:\/\/www.conservatorialcoi.com\/?s={search_term_string}"},"query-input":{"@type":"PropertyValueSpecification","valueRequired":true,"valueName":"search_term_string"}}],"inLanguage":"ca"}]}},"_links":{"self":[{"href":"https:\/\/www.conservatorialcoi.com\/ca\/wp-json\/wp\/v2\/pages\/708","targetHints":{"allow":["GET"]}}],"collection":[{"href":"https:\/\/www.conservatorialcoi.com\/ca\/wp-json\/wp\/v2\/pages"}],"about":[{"href":"https:\/\/www.conservatorialcoi.com\/ca\/wp-json\/wp\/v2\/types\/page"}],"author":[{"embeddable":true,"href":"https:\/\/www.conservatorialcoi.com\/ca\/wp-json\/wp\/v2\/users\/1"}],"replies":[{"embeddable":true,"href":"https:\/\/www.conservatorialcoi.com\/ca\/wp-json\/wp\/v2\/comments?post=708"}],"version-history":[{"count":45,"href":"https:\/\/www.conservatorialcoi.com\/ca\/wp-json\/wp\/v2\/pages\/708\/revisions"}],"predecessor-version":[{"id":10611,"href":"https:\/\/www.conservatorialcoi.com\/ca\/wp-json\/wp\/v2\/pages\/708\/revisions\/10611"}],"up":[{"embeddable":true,"href":"https:\/\/www.conservatorialcoi.com\/ca\/wp-json\/wp\/v2\/pages\/1194"}],"wp:attachment":[{"href":"https:\/\/www.conservatorialcoi.com\/ca\/wp-json\/wp\/v2\/media?parent=708"}],"curies":[{"name":"wp","href":"https:\/\/api.w.org\/{rel}","templated":true}]}}