{"id":6908,"date":"2022-06-30T06:19:48","date_gmt":"2022-06-30T06:19:48","guid":{"rendered":"https:\/\/www.conservatorialcoi.com\/?page_id=6908"},"modified":"2022-06-30T06:19:48","modified_gmt":"2022-06-30T06:19:48","slug":"ensenyances-professionals","status":"publish","type":"page","link":"https:\/\/www.conservatorialcoi.com\/ca\/ensenyances-professionals\/","title":{"rendered":"ENSENYAN\u00c7ES PROFESSIONALS"},"content":{"rendered":"<div class=\"col-lg-12 col-md-12 col-sm-12 col-xs-12\">\n<div>Horari d\u2019atenci\u00f3 al p\u00f9blic\u00a0<strong>durant el curs<\/strong>\u00a0escolar en Secretaria:<\/div>\n<\/div>\n<div><\/div>\n<div><\/div>\n<div><\/div>\n<div><\/div>\n<div>Matins: dimecres i divendres de 10,00h a 13,00h.<\/div>\n<div>Vesprades: totes les vesprades de 17,30h. a 20.00h.<\/div>\n<div><\/div>\n<div><\/div>\n<div><\/div>\n<div><\/div>\n<div><\/div>\n<div><\/div>\n<div><\/div>\n<div>Horari d\u2019atenci\u00f3 al p\u00f9blic\u00a0<strong>en estiu<\/strong>\u00a0en Secretaria (del 17 de juny al 20 de setembre de 2022):<\/div>\n<div><\/div>\n<div><\/div>\n<div><\/div>\n<div><\/div>\n<div>Matins: de dilluns a divendres de 11.00h. a 13.00h.<\/div>\n<div><\/div>\n<div><\/div>\n<div><\/div>\n<div><\/div>\n<div><\/div>\n<div><\/div>\n<div><\/div>\n<div><strong>Festius, festius escolars i mes d\u2019agost:\u00a0tancat<\/strong><\/div>\n<div class=\"col-lg-12 col-md-12 col-sm-12 col-xs-12\">\n<h2><\/h2>\n<h2><\/h2>\n<h2><\/h2>\n<div class=\"contacto_form\">\n<div id=\"wpcf7-f497-p1467-o1\" class=\"wpcf7\" dir=\"ltr\" lang=\"es-ES\" role=\"form\">\n<div class=\"screen-reader-response\">\n<p role=\"status\" aria-live=\"polite\" aria-atomic=\"true\">\n<\/div>\n<form class=\"wpcf7-form init\" action=\"https:\/\/www.conservatorialcoi.com\/ca\/contacte\/#wpcf7-f497-p1467-o1\" method=\"post\" novalidate=\"novalidate\" data-status=\"init\">\n<div class=\"contact_name_and_email\">\n<div class=\"contact_name\"><span class=\"wpcf7-form-control-wrap\" data-name=\"your-name\"><input class=\"wpcf7-form-control wpcf7-text wpcf7-validates-as-required\" name=\"your-name\" size=\"40\" type=\"text\" value=\"\" placeholder=\"Nombre*\" aria-required=\"true\" aria-invalid=\"false\" \/><\/span><\/div>\n<div class=\"contact_email\"><span class=\"wpcf7-form-control-wrap\" data-name=\"your-email\"><input class=\"wpcf7-form-control wpcf7-text wpcf7-email wpcf7-validates-as-required wpcf7-validates-as-email\" name=\"your-email\" size=\"40\" type=\"email\" value=\"\" placeholder=\"Email*\" aria-required=\"true\" aria-invalid=\"false\" \/><\/span><\/div>\n<\/div>\n<div class=\"contact_message\"><span class=\"wpcf7-form-control-wrap\" data-name=\"your-message\"><textarea class=\"wpcf7-form-control wpcf7-textarea wpcf7-validates-as-required\" cols=\"40\" name=\"your-message\" rows=\"10\" aria-required=\"true\" aria-invalid=\"false\"><\/textarea><\/span><\/div>\n<div class=\"captcha_and_submit\">\n<div class=\"submit\">\n<div><span class=\"wpcf7-form-control-wrap\" data-name=\"acceptance-698\"><span class=\"wpcf7-form-control wpcf7-acceptance\"><span class=\"wpcf7-list-item\"><input class=\"aceptance\" name=\"acceptance-698\" type=\"checkbox\" value=\"1\" aria-invalid=\"false\" \/><\/span><\/span><\/span>\u00a0Acepto la\u00a0<a href=\"https:\/\/www.conservatorialcoi.com\/ca\/contacte\/politica-de-privacidad\">Pol\u00edtica de privacidad<\/a><\/div>\n<p><input class=\"wpcf7-form-control has-spinner wpcf7-submit\" disabled=\"disabled\" type=\"submit\" value=\"Enviar\" \/><\/p>\n<\/div>\n<\/div>\n<\/form>\n<\/div>\n<\/div>\n<div class=\"contacto_info\">\n<p>&nbsp;<\/p>\n<p>Carrer Joan Cant\u00f3, 2 03801 Alcoi, Alicante<\/p>\n<p>&nbsp;<\/p>\n<p>&nbsp;<\/p>\n<p>(+34) 965 54 11 28<\/p>\n<p>&nbsp;<\/p>\n<p>conservatorimusica@alcoi.org<\/p>\n<\/div>\n<\/div>\n","protected":false},"excerpt":{"rendered":"<p>Horari d\u2019atenci\u00f3 al p\u00f9blic\u00a0durant el curs\u00a0escolar en Secretaria: Matins: dimecres i divendres de 10,00h a 13,00h. Vesprades: totes les vesprades de 17,30h. a 20.00h. Horari d\u2019atenci\u00f3 al p\u00f9blic\u00a0en estiu\u00a0en Secretaria (del 17 de juny al 20 de setembre de 2022): Matins: de dilluns a divendres de 11.00h. a 13.00h. Festius, festius escolars i mes d\u2019agost:\u00a0tancat [&hellip;]<\/p>\n","protected":false},"author":4,"featured_media":0,"parent":0,"menu_order":0,"comment_status":"closed","ping_status":"closed","template":"","meta":{"footnotes":""},"class_list":["post-6908","page","type-page","status-publish","hentry"],"yoast_head":"<!-- This site is optimized with the Yoast SEO plugin v27.3 - https:\/\/yoast.com\/product\/yoast-seo-wordpress\/ -->\n<title>ENSENYAN\u00c7ES PROFESSIONALS - Conservatori Professional de M\u00fasica Juan Cant\u00f3 en Alcoi<\/title>\n<meta name=\"robots\" content=\"index, follow, max-snippet:-1, max-image-preview:large, max-video-preview:-1\" \/>\n<link rel=\"canonical\" href=\"https:\/\/www.conservatorialcoi.com\/ca\/ensenyances-professionals\/\" \/>\n<meta property=\"og:locale\" content=\"ca_ES\" \/>\n<meta property=\"og:type\" content=\"article\" \/>\n<meta property=\"og:title\" content=\"ENSENYAN\u00c7ES PROFESSIONALS - Conservatori Professional de M\u00fasica Juan Cant\u00f3 en Alcoi\" \/>\n<meta property=\"og:description\" content=\"Horari d\u2019atenci\u00f3 al p\u00f9blic\u00a0durant el curs\u00a0escolar en Secretaria: Matins: dimecres i divendres de 10,00h a 13,00h. Vesprades: totes les vesprades de 17,30h. a 20.00h. Horari d\u2019atenci\u00f3 al p\u00f9blic\u00a0en estiu\u00a0en Secretaria (del 17 de juny al 20 de setembre de 2022): Matins: de dilluns a divendres de 11.00h. a 13.00h. Festius, festius escolars i mes d\u2019agost:\u00a0tancat [&hellip;]\" \/>\n<meta property=\"og:url\" content=\"https:\/\/www.conservatorialcoi.com\/ca\/ensenyances-professionals\/\" \/>\n<meta property=\"og:site_name\" content=\"Conservatori Professional de M\u00fasica Juan Cant\u00f3 en Alcoi\" \/>\n<meta name=\"twitter:card\" content=\"summary_large_image\" \/>\n<script type=\"application\/ld+json\" class=\"yoast-schema-graph\">{\"@context\":\"https:\\\/\\\/schema.org\",\"@graph\":[{\"@type\":\"WebPage\",\"@id\":\"https:\\\/\\\/www.conservatorialcoi.com\\\/ca\\\/ensenyances-professionals\\\/\",\"url\":\"https:\\\/\\\/www.conservatorialcoi.com\\\/ca\\\/ensenyances-professionals\\\/\",\"name\":\"ENSENYAN\u00c7ES PROFESSIONALS - Conservatori Professional de M\u00fasica Juan Cant\u00f3 en Alcoi\",\"isPartOf\":{\"@id\":\"https:\\\/\\\/www.conservatorialcoi.com\\\/#website\"},\"datePublished\":\"2022-06-30T06:19:48+00:00\",\"breadcrumb\":{\"@id\":\"https:\\\/\\\/www.conservatorialcoi.com\\\/ca\\\/ensenyances-professionals\\\/#breadcrumb\"},\"inLanguage\":\"ca\",\"potentialAction\":[{\"@type\":\"ReadAction\",\"target\":[\"https:\\\/\\\/www.conservatorialcoi.com\\\/ca\\\/ensenyances-professionals\\\/\"]}]},{\"@type\":\"BreadcrumbList\",\"@id\":\"https:\\\/\\\/www.conservatorialcoi.com\\\/ca\\\/ensenyances-professionals\\\/#breadcrumb\",\"itemListElement\":[{\"@type\":\"ListItem\",\"position\":1,\"name\":\"Portada\",\"item\":\"https:\\\/\\\/www.conservatorialcoi.com\\\/ca\\\/\"},{\"@type\":\"ListItem\",\"position\":2,\"name\":\"ENSENYAN\u00c7ES PROFESSIONALS\"}]},{\"@type\":\"WebSite\",\"@id\":\"https:\\\/\\\/www.conservatorialcoi.com\\\/#website\",\"url\":\"https:\\\/\\\/www.conservatorialcoi.com\\\/\",\"name\":\"Conservatori Professional de M\u00fasica Juan Cant\u00f3 en Alcoi\",\"description\":\"\",\"potentialAction\":[{\"@type\":\"SearchAction\",\"target\":{\"@type\":\"EntryPoint\",\"urlTemplate\":\"https:\\\/\\\/www.conservatorialcoi.com\\\/?s={search_term_string}\"},\"query-input\":{\"@type\":\"PropertyValueSpecification\",\"valueRequired\":true,\"valueName\":\"search_term_string\"}}],\"inLanguage\":\"ca\"}]}<\/script>\n<!-- \/ Yoast SEO plugin. -->","yoast_head_json":{"title":"ENSENYAN\u00c7ES PROFESSIONALS - Conservatori Professional de M\u00fasica Juan Cant\u00f3 en Alcoi","robots":{"index":"index","follow":"follow","max-snippet":"max-snippet:-1","max-image-preview":"max-image-preview:large","max-video-preview":"max-video-preview:-1"},"canonical":"https:\/\/www.conservatorialcoi.com\/ca\/ensenyances-professionals\/","og_locale":"ca_ES","og_type":"article","og_title":"ENSENYAN\u00c7ES PROFESSIONALS - Conservatori Professional de M\u00fasica Juan Cant\u00f3 en Alcoi","og_description":"Horari d\u2019atenci\u00f3 al p\u00f9blic\u00a0durant el curs\u00a0escolar en Secretaria: Matins: dimecres i divendres de 10,00h a 13,00h. Vesprades: totes les vesprades de 17,30h. a 20.00h. Horari d\u2019atenci\u00f3 al p\u00f9blic\u00a0en estiu\u00a0en Secretaria (del 17 de juny al 20 de setembre de 2022): Matins: de dilluns a divendres de 11.00h. a 13.00h. Festius, festius escolars i mes d\u2019agost:\u00a0tancat [&hellip;]","og_url":"https:\/\/www.conservatorialcoi.com\/ca\/ensenyances-professionals\/","og_site_name":"Conservatori Professional de M\u00fasica Juan Cant\u00f3 en Alcoi","twitter_card":"summary_large_image","schema":{"@context":"https:\/\/schema.org","@graph":[{"@type":"WebPage","@id":"https:\/\/www.conservatorialcoi.com\/ca\/ensenyances-professionals\/","url":"https:\/\/www.conservatorialcoi.com\/ca\/ensenyances-professionals\/","name":"ENSENYAN\u00c7ES PROFESSIONALS - Conservatori Professional de M\u00fasica Juan Cant\u00f3 en Alcoi","isPartOf":{"@id":"https:\/\/www.conservatorialcoi.com\/#website"},"datePublished":"2022-06-30T06:19:48+00:00","breadcrumb":{"@id":"https:\/\/www.conservatorialcoi.com\/ca\/ensenyances-professionals\/#breadcrumb"},"inLanguage":"ca","potentialAction":[{"@type":"ReadAction","target":["https:\/\/www.conservatorialcoi.com\/ca\/ensenyances-professionals\/"]}]},{"@type":"BreadcrumbList","@id":"https:\/\/www.conservatorialcoi.com\/ca\/ensenyances-professionals\/#breadcrumb","itemListElement":[{"@type":"ListItem","position":1,"name":"Portada","item":"https:\/\/www.conservatorialcoi.com\/ca\/"},{"@type":"ListItem","position":2,"name":"ENSENYAN\u00c7ES PROFESSIONALS"}]},{"@type":"WebSite","@id":"https:\/\/www.conservatorialcoi.com\/#website","url":"https:\/\/www.conservatorialcoi.com\/","name":"Conservatori Professional de M\u00fasica Juan Cant\u00f3 en Alcoi","description":"","potentialAction":[{"@type":"SearchAction","target":{"@type":"EntryPoint","urlTemplate":"https:\/\/www.conservatorialcoi.com\/?s={search_term_string}"},"query-input":{"@type":"PropertyValueSpecification","valueRequired":true,"valueName":"search_term_string"}}],"inLanguage":"ca"}]}},"_links":{"self":[{"href":"https:\/\/www.conservatorialcoi.com\/ca\/wp-json\/wp\/v2\/pages\/6908","targetHints":{"allow":["GET"]}}],"collection":[{"href":"https:\/\/www.conservatorialcoi.com\/ca\/wp-json\/wp\/v2\/pages"}],"about":[{"href":"https:\/\/www.conservatorialcoi.com\/ca\/wp-json\/wp\/v2\/types\/page"}],"author":[{"embeddable":true,"href":"https:\/\/www.conservatorialcoi.com\/ca\/wp-json\/wp\/v2\/users\/4"}],"replies":[{"embeddable":true,"href":"https:\/\/www.conservatorialcoi.com\/ca\/wp-json\/wp\/v2\/comments?post=6908"}],"version-history":[{"count":1,"href":"https:\/\/www.conservatorialcoi.com\/ca\/wp-json\/wp\/v2\/pages\/6908\/revisions"}],"predecessor-version":[{"id":6909,"href":"https:\/\/www.conservatorialcoi.com\/ca\/wp-json\/wp\/v2\/pages\/6908\/revisions\/6909"}],"wp:attachment":[{"href":"https:\/\/www.conservatorialcoi.com\/ca\/wp-json\/wp\/v2\/media?parent=6908"}],"curies":[{"name":"wp","href":"https:\/\/api.w.org\/{rel}","templated":true}]}}