{"id":682,"date":"2019-02-06T15:12:55","date_gmt":"2019-02-06T15:12:55","guid":{"rendered":"https:\/\/www.conservatorialcoi.com\/\/organigrama\/co-co-pe-comisio-de-coordinacio-pedagogica\/"},"modified":"2025-09-24T10:45:03","modified_gmt":"2025-09-24T10:45:03","slug":"co-co-pe-comisio-de-coordinacio-pedagogica","status":"publish","type":"page","link":"https:\/\/www.conservatorialcoi.com\/ca\/conservatorio\/organigrama\/co-co-pe-comisio-de-coordinacio-pedagogica\/","title":{"rendered":"CO.CO.PE (Comisi\u00f3 de Coordinaci\u00f3 Pedag\u00f2gica)"},"content":{"rendered":"<p>[et_pb_section bb_built=&#8221;1&#8243; admin_label=&#8221;section&#8221; _builder_version=&#8221;3.0.47&#8243;][et_pb_row admin_label=&#8221;row&#8221; _builder_version=&#8221;3.0.47&#8243; background_size=&#8221;initial&#8221; background_position=&#8221;top_left&#8221; background_repeat=&#8221;repeat&#8221;][et_pb_column type=&#8221;4_4&#8243;][et_pb_text admin_label=&#8221;Text&#8221; _builder_version=&#8221;3.0.51&#8243; background_size=&#8221;initial&#8221; background_position=&#8221;top_left&#8221; background_repeat=&#8221;repeat&#8221; background_layout=&#8221;light&#8221; text_orientation=&#8221;left&#8221; border_style=&#8221;solid&#8221;]<\/p>\n<p><strong>Formada pels Caps de Departament conjuntament amb l&#8217;Equip Directiu.<\/strong><\/p>\n<p><strong>Director\u00a0<\/strong><\/p>\n<p>D. Juan Antonio Recuerda Serra<\/p>\n<p><strong>Cap d&#8217;Estudis\u00a0<\/strong><\/p>\n<p>D. Jes\u00fas Fuertes Garc\u00eda<\/p>\n<p><strong>Secret\u00e0ria<\/strong><\/p>\n<p>D\u00f1a. Georgina Miralles Va\u00f1\u00f3<\/p>\n<p><strong>Departament d&#8217;instruments de Tecla<\/strong><\/p>\n<p>Cap de Departament: Mar\u00eda Tamar Priego Galiano<\/p>\n<p><strong>Departament d&#8217;instruments de Corda<\/strong><\/p>\n<p>Cap de Departament: Tar\u00e9 Darias Fern\u00e1ndez<\/p>\n<p><strong>Departament d&#8217;instruments de Vent-Fusta<\/strong><\/p>\n<p>Cap de Departament: Mari\u00e1n Recuerda Serra<\/p>\n<p><strong>Departament d&#8217;instruments de Vent-Metall<\/strong><\/p>\n<p>Cap de Departament: M\u00aa del Pilar Leal Contreras<\/p>\n<p><strong>Departament d&#8217;instruments de Percusi\u00f3 i Dol\u00e7aina<\/strong><\/p>\n<p>Cap de Departament: Sonia Ant\u00f3n Ferr\u00e1ndiz<\/p>\n<p><strong>Departament de Llenguatge Musical i Veu<\/strong><\/p>\n<p>Cap de Departament: Juan Gadea Fullana<\/p>\n<p><strong>Departament de Composici\u00f3 i Instrumentaci\u00f3<\/strong><\/p>\n<p>Cap de Departament: Juan Carlos Sempere Bomboi<\/p>\n<p><strong>Departament d&#8217;agrupacions instrumentals<\/strong><\/p>\n<p>Cap de Departament: \u00c1ngel Luis Ferrando Morales<\/p>\n<p>[\/et_pb_text][\/et_pb_column][\/et_pb_row][\/et_pb_section]<\/p>\n","protected":false},"excerpt":{"rendered":"<p>[et_pb_section bb_built=&#8221;1&#8243; admin_label=&#8221;section&#8221; _builder_version=&#8221;3.0.47&#8243;][et_pb_row admin_label=&#8221;row&#8221; _builder_version=&#8221;3.0.47&#8243; background_size=&#8221;initial&#8221; background_position=&#8221;top_left&#8221; background_repeat=&#8221;repeat&#8221;][et_pb_column type=&#8221;4_4&#8243;][et_pb_text admin_label=&#8221;Text&#8221; _builder_version=&#8221;3.0.51&#8243; background_size=&#8221;initial&#8221; background_position=&#8221;top_left&#8221; background_repeat=&#8221;repeat&#8221; background_layout=&#8221;light&#8221; text_orientation=&#8221;left&#8221; border_style=&#8221;solid&#8221;] Formada pels Caps de Departament conjuntament amb l&#8217;Equip Directiu. Director\u00a0 D. Juan Antonio Recuerda Serra Cap d&#8217;Estudis\u00a0 D. Jes\u00fas Fuertes Garc\u00eda Secret\u00e0ria D\u00f1a. Georgina Miralles Va\u00f1\u00f3 Departament d&#8217;instruments de Tecla Cap de Departament: Mar\u00eda Tamar Priego Galiano [&hellip;]<\/p>\n","protected":false},"author":1,"featured_media":0,"parent":570,"menu_order":1,"comment_status":"closed","ping_status":"closed","template":"","meta":{"footnotes":""},"class_list":["post-682","page","type-page","status-publish","hentry"],"yoast_head":"<!-- This site is optimized with the Yoast SEO plugin v27.3 - https:\/\/yoast.com\/product\/yoast-seo-wordpress\/ -->\n<title>CO.CO.PE (Comisi\u00f3 de Coordinaci\u00f3 Pedag\u00f2gica) - Conservatori Professional de M\u00fasica Juan Cant\u00f3 en Alcoi<\/title>\n<meta name=\"robots\" content=\"index, follow, max-snippet:-1, max-image-preview:large, max-video-preview:-1\" \/>\n<link rel=\"canonical\" href=\"https:\/\/www.conservatorialcoi.com\/ca\/conservatorio\/organigrama\/co-co-pe-comisio-de-coordinacio-pedagogica\/\" \/>\n<meta property=\"og:locale\" content=\"ca_ES\" \/>\n<meta property=\"og:type\" content=\"article\" \/>\n<meta property=\"og:title\" content=\"CO.CO.PE (Comisi\u00f3 de Coordinaci\u00f3 Pedag\u00f2gica) - Conservatori Professional de M\u00fasica Juan Cant\u00f3 en Alcoi\" \/>\n<meta property=\"og:description\" content=\"[et_pb_section bb_built=&#8221;1&#8243; admin_label=&#8221;section&#8221; _builder_version=&#8221;3.0.47&#8243;][et_pb_row admin_label=&#8221;row&#8221; _builder_version=&#8221;3.0.47&#8243; background_size=&#8221;initial&#8221; background_position=&#8221;top_left&#8221; background_repeat=&#8221;repeat&#8221;][et_pb_column type=&#8221;4_4&#8243;][et_pb_text admin_label=&#8221;Text&#8221; _builder_version=&#8221;3.0.51&#8243; background_size=&#8221;initial&#8221; background_position=&#8221;top_left&#8221; background_repeat=&#8221;repeat&#8221; background_layout=&#8221;light&#8221; text_orientation=&#8221;left&#8221; border_style=&#8221;solid&#8221;] Formada pels Caps de Departament conjuntament amb l&#8217;Equip Directiu. Director\u00a0 D. Juan Antonio Recuerda Serra Cap d&#8217;Estudis\u00a0 D. Jes\u00fas Fuertes Garc\u00eda Secret\u00e0ria D\u00f1a. Georgina Miralles Va\u00f1\u00f3 Departament d&#8217;instruments de Tecla Cap de Departament: Mar\u00eda Tamar Priego Galiano [&hellip;]\" \/>\n<meta property=\"og:url\" content=\"https:\/\/www.conservatorialcoi.com\/ca\/conservatorio\/organigrama\/co-co-pe-comisio-de-coordinacio-pedagogica\/\" \/>\n<meta property=\"og:site_name\" content=\"Conservatori Professional de M\u00fasica Juan Cant\u00f3 en Alcoi\" \/>\n<meta property=\"article:modified_time\" content=\"2025-09-24T10:45:03+00:00\" \/>\n<meta name=\"twitter:card\" content=\"summary_large_image\" \/>\n<meta name=\"twitter:label1\" content=\"Temps estimat de lectura\" \/>\n\t<meta name=\"twitter:data1\" content=\"1 minut\" \/>\n<script type=\"application\/ld+json\" class=\"yoast-schema-graph\">{\"@context\":\"https:\\\/\\\/schema.org\",\"@graph\":[{\"@type\":\"WebPage\",\"@id\":\"https:\\\/\\\/www.conservatorialcoi.com\\\/ca\\\/conservatorio\\\/organigrama\\\/co-co-pe-comisio-de-coordinacio-pedagogica\\\/\",\"url\":\"https:\\\/\\\/www.conservatorialcoi.com\\\/ca\\\/conservatorio\\\/organigrama\\\/co-co-pe-comisio-de-coordinacio-pedagogica\\\/\",\"name\":\"CO.CO.PE (Comisi\u00f3 de Coordinaci\u00f3 Pedag\u00f2gica) - Conservatori Professional de M\u00fasica Juan Cant\u00f3 en Alcoi\",\"isPartOf\":{\"@id\":\"https:\\\/\\\/www.conservatorialcoi.com\\\/#website\"},\"datePublished\":\"2019-02-06T15:12:55+00:00\",\"dateModified\":\"2025-09-24T10:45:03+00:00\",\"breadcrumb\":{\"@id\":\"https:\\\/\\\/www.conservatorialcoi.com\\\/ca\\\/conservatorio\\\/organigrama\\\/co-co-pe-comisio-de-coordinacio-pedagogica\\\/#breadcrumb\"},\"inLanguage\":\"ca\",\"potentialAction\":[{\"@type\":\"ReadAction\",\"target\":[\"https:\\\/\\\/www.conservatorialcoi.com\\\/ca\\\/conservatorio\\\/organigrama\\\/co-co-pe-comisio-de-coordinacio-pedagogica\\\/\"]}]},{\"@type\":\"BreadcrumbList\",\"@id\":\"https:\\\/\\\/www.conservatorialcoi.com\\\/ca\\\/conservatorio\\\/organigrama\\\/co-co-pe-comisio-de-coordinacio-pedagogica\\\/#breadcrumb\",\"itemListElement\":[{\"@type\":\"ListItem\",\"position\":1,\"name\":\"Portada\",\"item\":\"https:\\\/\\\/www.conservatorialcoi.com\\\/ca\\\/\"},{\"@type\":\"ListItem\",\"position\":2,\"name\":\"Conservatori\",\"item\":\"https:\\\/\\\/www.conservatorialcoi.com\\\/ca\\\/conservatorio\\\/\"},{\"@type\":\"ListItem\",\"position\":3,\"name\":\"Organigrama\",\"item\":\"https:\\\/\\\/www.conservatorialcoi.com\\\/ca\\\/conservatorio\\\/organigrama\\\/\"},{\"@type\":\"ListItem\",\"position\":4,\"name\":\"CO.CO.PE (Comisi\u00f3 de Coordinaci\u00f3 Pedag\u00f2gica)\"}]},{\"@type\":\"WebSite\",\"@id\":\"https:\\\/\\\/www.conservatorialcoi.com\\\/#website\",\"url\":\"https:\\\/\\\/www.conservatorialcoi.com\\\/\",\"name\":\"Conservatori Professional de M\u00fasica Juan Cant\u00f3 en Alcoi\",\"description\":\"\",\"potentialAction\":[{\"@type\":\"SearchAction\",\"target\":{\"@type\":\"EntryPoint\",\"urlTemplate\":\"https:\\\/\\\/www.conservatorialcoi.com\\\/?s={search_term_string}\"},\"query-input\":{\"@type\":\"PropertyValueSpecification\",\"valueRequired\":true,\"valueName\":\"search_term_string\"}}],\"inLanguage\":\"ca\"}]}<\/script>\n<!-- \/ Yoast SEO plugin. -->","yoast_head_json":{"title":"CO.CO.PE (Comisi\u00f3 de Coordinaci\u00f3 Pedag\u00f2gica) - Conservatori Professional de M\u00fasica Juan Cant\u00f3 en Alcoi","robots":{"index":"index","follow":"follow","max-snippet":"max-snippet:-1","max-image-preview":"max-image-preview:large","max-video-preview":"max-video-preview:-1"},"canonical":"https:\/\/www.conservatorialcoi.com\/ca\/conservatorio\/organigrama\/co-co-pe-comisio-de-coordinacio-pedagogica\/","og_locale":"ca_ES","og_type":"article","og_title":"CO.CO.PE (Comisi\u00f3 de Coordinaci\u00f3 Pedag\u00f2gica) - Conservatori Professional de M\u00fasica Juan Cant\u00f3 en Alcoi","og_description":"[et_pb_section bb_built=&#8221;1&#8243; admin_label=&#8221;section&#8221; _builder_version=&#8221;3.0.47&#8243;][et_pb_row admin_label=&#8221;row&#8221; _builder_version=&#8221;3.0.47&#8243; background_size=&#8221;initial&#8221; background_position=&#8221;top_left&#8221; background_repeat=&#8221;repeat&#8221;][et_pb_column type=&#8221;4_4&#8243;][et_pb_text admin_label=&#8221;Text&#8221; _builder_version=&#8221;3.0.51&#8243; background_size=&#8221;initial&#8221; background_position=&#8221;top_left&#8221; background_repeat=&#8221;repeat&#8221; background_layout=&#8221;light&#8221; text_orientation=&#8221;left&#8221; border_style=&#8221;solid&#8221;] Formada pels Caps de Departament conjuntament amb l&#8217;Equip Directiu. Director\u00a0 D. Juan Antonio Recuerda Serra Cap d&#8217;Estudis\u00a0 D. Jes\u00fas Fuertes Garc\u00eda Secret\u00e0ria D\u00f1a. Georgina Miralles Va\u00f1\u00f3 Departament d&#8217;instruments de Tecla Cap de Departament: Mar\u00eda Tamar Priego Galiano [&hellip;]","og_url":"https:\/\/www.conservatorialcoi.com\/ca\/conservatorio\/organigrama\/co-co-pe-comisio-de-coordinacio-pedagogica\/","og_site_name":"Conservatori Professional de M\u00fasica Juan Cant\u00f3 en Alcoi","article_modified_time":"2025-09-24T10:45:03+00:00","twitter_card":"summary_large_image","twitter_misc":{"Temps estimat de lectura":"1 minut"},"schema":{"@context":"https:\/\/schema.org","@graph":[{"@type":"WebPage","@id":"https:\/\/www.conservatorialcoi.com\/ca\/conservatorio\/organigrama\/co-co-pe-comisio-de-coordinacio-pedagogica\/","url":"https:\/\/www.conservatorialcoi.com\/ca\/conservatorio\/organigrama\/co-co-pe-comisio-de-coordinacio-pedagogica\/","name":"CO.CO.PE (Comisi\u00f3 de Coordinaci\u00f3 Pedag\u00f2gica) - Conservatori Professional de M\u00fasica Juan Cant\u00f3 en Alcoi","isPartOf":{"@id":"https:\/\/www.conservatorialcoi.com\/#website"},"datePublished":"2019-02-06T15:12:55+00:00","dateModified":"2025-09-24T10:45:03+00:00","breadcrumb":{"@id":"https:\/\/www.conservatorialcoi.com\/ca\/conservatorio\/organigrama\/co-co-pe-comisio-de-coordinacio-pedagogica\/#breadcrumb"},"inLanguage":"ca","potentialAction":[{"@type":"ReadAction","target":["https:\/\/www.conservatorialcoi.com\/ca\/conservatorio\/organigrama\/co-co-pe-comisio-de-coordinacio-pedagogica\/"]}]},{"@type":"BreadcrumbList","@id":"https:\/\/www.conservatorialcoi.com\/ca\/conservatorio\/organigrama\/co-co-pe-comisio-de-coordinacio-pedagogica\/#breadcrumb","itemListElement":[{"@type":"ListItem","position":1,"name":"Portada","item":"https:\/\/www.conservatorialcoi.com\/ca\/"},{"@type":"ListItem","position":2,"name":"Conservatori","item":"https:\/\/www.conservatorialcoi.com\/ca\/conservatorio\/"},{"@type":"ListItem","position":3,"name":"Organigrama","item":"https:\/\/www.conservatorialcoi.com\/ca\/conservatorio\/organigrama\/"},{"@type":"ListItem","position":4,"name":"CO.CO.PE (Comisi\u00f3 de Coordinaci\u00f3 Pedag\u00f2gica)"}]},{"@type":"WebSite","@id":"https:\/\/www.conservatorialcoi.com\/#website","url":"https:\/\/www.conservatorialcoi.com\/","name":"Conservatori Professional de M\u00fasica Juan Cant\u00f3 en Alcoi","description":"","potentialAction":[{"@type":"SearchAction","target":{"@type":"EntryPoint","urlTemplate":"https:\/\/www.conservatorialcoi.com\/?s={search_term_string}"},"query-input":{"@type":"PropertyValueSpecification","valueRequired":true,"valueName":"search_term_string"}}],"inLanguage":"ca"}]}},"_links":{"self":[{"href":"https:\/\/www.conservatorialcoi.com\/ca\/wp-json\/wp\/v2\/pages\/682","targetHints":{"allow":["GET"]}}],"collection":[{"href":"https:\/\/www.conservatorialcoi.com\/ca\/wp-json\/wp\/v2\/pages"}],"about":[{"href":"https:\/\/www.conservatorialcoi.com\/ca\/wp-json\/wp\/v2\/types\/page"}],"author":[{"embeddable":true,"href":"https:\/\/www.conservatorialcoi.com\/ca\/wp-json\/wp\/v2\/users\/1"}],"replies":[{"embeddable":true,"href":"https:\/\/www.conservatorialcoi.com\/ca\/wp-json\/wp\/v2\/comments?post=682"}],"version-history":[{"count":11,"href":"https:\/\/www.conservatorialcoi.com\/ca\/wp-json\/wp\/v2\/pages\/682\/revisions"}],"predecessor-version":[{"id":10642,"href":"https:\/\/www.conservatorialcoi.com\/ca\/wp-json\/wp\/v2\/pages\/682\/revisions\/10642"}],"up":[{"embeddable":true,"href":"https:\/\/www.conservatorialcoi.com\/ca\/wp-json\/wp\/v2\/pages\/570"}],"wp:attachment":[{"href":"https:\/\/www.conservatorialcoi.com\/ca\/wp-json\/wp\/v2\/media?parent=682"}],"curies":[{"name":"wp","href":"https:\/\/api.w.org\/{rel}","templated":true}]}}