{"id":640,"date":"2019-02-01T10:32:05","date_gmt":"2019-02-01T10:32:05","guid":{"rendered":"https:\/\/www.conservatorialcoi.com\/\/premis-professionals-de-musica\/"},"modified":"2025-06-26T08:45:02","modified_gmt":"2025-06-26T08:45:02","slug":"premis-professionals-de-musica","status":"publish","type":"page","link":"https:\/\/www.conservatorialcoi.com\/ca\/informacio-academica\/ensenanza-profesional\/premis-professionals-de-musica\/","title":{"rendered":"Premis Professionals de M\u00fasica"},"content":{"rendered":"<p><a href=\"https:\/\/dogv.gva.es\/datos\/2025\/05\/13\/pdf\/2025_15090_va.pdf\">RESOLUCI\u00d3 de 6 de maig de 2025, de la Direcci\u00f3 General de Centres Docents, per la qual es convoquen en la Comunitat Valenciana la fase en el centre i la fase auton\u00f2mica dels premis professionals per a l\u2019alumnat que ha concl\u00f2s els estudis professionals de les ensenyances de M\u00fasica i Dansa en el curs acad\u00e8mic 2024-2025.<\/a><\/p>\n<p>Els premis professionals de m\u00fasica estan regulats per l&#8217;ordre 76\/2014 de la Conselleria d&#8217;Educaci\u00f3 i se celebren anualment en dues fases, la fase de centre i la fase auton\u00f2mica.<\/p>\n<div><em><strong>Fase de Centre<\/strong><\/em><\/div>\n<div><\/div>\n<div><strong>Presentaci\u00f3<\/strong><\/div>\n<div><a href=\"https:\/\/sedeelectronica.alcoi.org\/sta\/CarpetaPublic\/doEvent?APP_CODE=STA&amp;PAGE_CODE=PTS_CATSERV&amp;DETALLE=6269000038337246607711&amp;lang=CA\">\u00daNICAMENT DE MANERA TELEM\u00c0TICA A TRAV\u00c9S DE LA SEU ELECTR\u00d2NICA<\/a><\/div>\n<div><\/div>\n<div><strong>La prova es realitzar\u00e0 el 30 de juny de 2025.\u00a0<\/strong> A les 09:00h. l&#8217;especialitat de percussi\u00f3 en la seu de l&#8217;Orquestra Simf\u00f2nica. A les 10:00h. les especialitats de Canto i Flauta travessera en el Ivam Cada Alcoi.<strong><br \/>\n<\/strong><\/div>\n<div>\n<p><strong>Documentaci\u00f3:<\/strong><\/p>\n<ul>\n<li>Inscripci\u00f3: <strong>18\/06\/2025 00:01:00 &#8211; 25\/06\/2025 23:59:00<\/strong><\/li>\n<li>Programa con que se opta al Premio de M\u00fasica de C\u00e1mara<\/li>\n<li>Programa amb qu\u00e8 s\u2019opta al Premi d\u2019Instrument<\/li>\n<\/ul>\n<p>Les persones participants han de comunicar i aportar en el moment de presentar la sol\u00b7licitud, a excepci\u00f3 de l\u2019alumnat aspirant al premi de Fonaments de Composici\u00f3, el programa que realitzaran, i tres c\u00f2pies de cadascuna de les peces a interpretar, o del tema a exposar, en el cas de la modalitat d\u2019Hist\u00f2ria de la M\u00fasica<\/p>\n<\/div>\n<p>Existeix Premi Professional per a cadascuna de les assignatures instrumentals, i tamb\u00e9 per a les assignatures d&#8217;Hist\u00f2ria de la M\u00fasica, Fonaments de Composici\u00f3 i M\u00fasica de cambra.<\/p>\n<p>Els premis professionals estan destinats a alumnes que finalitzen els seus estudis d&#8217;Ensenyaments Professionals. Per a poder presentar-se al premi extraordinari en la fase de centre, \u00e9s necessari obtenir les seg\u00fcents qualificacions:<\/p>\n<p>Instruments:<\/p>\n<ul>\n<li>Un 9 o m\u00e9s en la nota d&#8217;instrument en el curs 5o i 6o dels Ensenyaments Professionals.<\/li>\n<li>Una nota mitjana de 8 o m\u00e9s entre totes les assignatures de 5o i 6o (les convalidades no comptaran per a l&#8217;elaboraci\u00f3 de la nota mitjana).<\/li>\n<\/ul>\n<p>Hist\u00f2ria de la m\u00fasica:<\/p>\n<ul>\n<li>Per a conc\u00f3rrer a aquests premis, l&#8217;alumnat haur\u00e0 d&#8217;aconseguir, en els dos \u00faltims cursos dels ensenyaments professionals de m\u00fasica, una nota mitjana igual o superior\u00a0a 8 punts.<\/li>\n<li>Per a poder presentar-se al premi en la modalitat Historia de la M\u00fasica haur\u00e0 d&#8217;obtenir una qualificaci\u00f3 m\u00ednima de 9 punts en els dos cursos d&#8217;Hist\u00f2ria de la M\u00fasica.<\/li>\n<\/ul>\n<p>Fonaments de Composici\u00f3:<\/p>\n<ul>\n<li>Un 9 o m\u00e9s en la nota d&#8217;An\u00e0lisi de 5o i 6o dels Ensenyaments Professionals.<\/li>\n<li>Un 9 o m\u00e9s en la nota de Fonaments de Composici\u00f3.<\/li>\n<li>Una nota mitjana de 8 o m\u00e9s entre totes les assignatures de 5o i 6o (les convalidades no comptaran per a l&#8217;elaboraci\u00f3 de la nota mitjana).<\/li>\n<li>Un 9 o m\u00e9s en la nota d&#8217;Hist\u00f2ria de la M\u00fasica en els cursos 5o i 6o dels Ensenyaments Professionals.<\/li>\n<li>Una nota mitjana de 8 o m\u00e9s entre totes les assignatures de 5o i 6o (les convalidades no comptaran per a l&#8217;elaboraci\u00f3 de la nota mitjana).<\/li>\n<\/ul>\n<p>M\u00fasica de cambra:<\/p>\n<ul>\n<li>Un 9 o m\u00e9s en la nota de M\u00fasica de cambra en els cursos 5o i 6o d&#8217;Ensenyaments Professionals.<\/li>\n<li>Un 8 o m\u00e9s en la nota d&#8217;Instrument de 6o curs dels Ensenyaments Professionals.<\/li>\n<li>Una nota mitjana de 8 o m\u00e9s entre totes les assignatures de 5o i 6o (les\u00a0convalidades no comptaran per a l&#8217;elaboraci\u00f3 de la nota mitjana).<\/li>\n<\/ul>\n<p>La prova consisteix en els Instruments i M\u00fasica de cambra:<\/p>\n<ul>\n<li>Interpretaci\u00f3 d&#8217;un programa de concert d&#8217;almenys tres obres, moviments o estudis de diferent estil i amb un grau de dificultat corresponent a 6o curs d&#8217;Ensenyaments Professionals. El programa ha de durar m\u00e9s de 30 minuts, i el temps\u00a0m\u00e0xim d&#8217;interpretaci\u00f3 de la prova ser\u00e0 de 30 minuts, segons el ju\u00ed del tribunal.<\/li>\n<li>En el cas de M\u00fasica de cambra, podran inscriure&#8217;s per a optar al Premi els grups formats per un m\u00ednim de dues persones. El grup ha d&#8217;estar format per alumnes o Professorat del centre encara que no tots han de tenir els requisits per a optar al premi. El Premi s&#8217;atorgar\u00e0 al grup camer\u00edstico en general, per\u00f2, espec\u00edficament a cada\u00a0membre que reunisca els requisits per a aspirar a aquest premi, sempre que el seu\u00a0nivell d&#8217;interpretaci\u00f3 ho fa\u00e7a mereixedor del premi individual, encara que es valore\u00a0dins del grup.<\/li>\n<\/ul>\n<p>Hist\u00f2ria de la M\u00fasica:<\/p>\n<ul>\n<li>Exercici d&#8217;una audici\u00f3 comentada, contextualitzant l&#8217;obra o el fragment dins del moment hist\u00f2ric, mitjan\u00e7ant un comentari escrit, detallant els aspectes est\u00e8tics i hist\u00f2rics rellevants, adequats al nivell de segon curs de l&#8217;assignatura d&#8217;Hist\u00f2ria de la\u00a0M\u00fasica dels ensenyaments professionals. La durada ser\u00e0 de 2 hores com a m\u00e0xim.<\/li>\n<li>Desenvolupament d&#8217;un tema del curr\u00edculum o d&#8217;una part, adequat al nivell de segon curs de l&#8217;assignatura d&#8217;Hist\u00f2ria de la M\u00fasica d&#8217;ensenyaments professionals. L&#8217;aspirant haur\u00e0 de presentar el tema desenvolupat en format paper, amb un \u00edndex i la\u00a0bibliografia corresponent, i haur\u00e0 de realitzar l&#8217;exposici\u00f3 oral del tema. La durada de\u00a0l&#8217;exercici ser\u00e0, com a m\u00e0xim, d&#8217;1 hora, tenint en compte que una vegada finalitze\u00a0l&#8217;exposici\u00f3, el tribunal podr\u00e0 realitzar preguntes sobre el tema a l&#8217;aspirant durant un\u00a0temps m\u00e0xim de 15 minuts.<\/li>\n<\/ul>\n<p>Fonaments de Composici\u00f3:<\/p>\n<ul>\n<li>An\u00e0lisi escrita harm\u00f2nica, formal i est\u00e8tic d&#8217;una pe\u00e7a o fragment, adequat al nivell de segon curs de l&#8217;assignatura d&#8217;An\u00e0lisi d&#8217;ensenyaments professionals proposta\u00a0per tribunal. La durada de l&#8217;exercici ser\u00e0 d&#8217;un m\u00e0xim de 2 hores.<\/li>\n<li>Exercici de composici\u00f3: elaboraci\u00f3 d&#8217;una partitura per a la plantilla vocal i instrumental que es determine, composta en estil lliure sobre un tema donat pel tribunal, amb una extensi\u00f3 m\u00ednima de cinquanta compassos. La durada de l&#8217;exercici\u00a0ser\u00e0 d&#8217;un m\u00e0xim de 4 hores.<\/li>\n<\/ul>\n<p><strong>Premis i veredicte del tribunal<\/strong><\/p>\n<p>El tribunal, compost per 5 professors de l&#8217;especialitat o departament, entre les quals no pot estar el professor que haja impartit doc\u00e8ncia directa sobre l&#8217;aspirant en l&#8217;\u00faltim curs, i qualificar\u00e0 la prova amb una puntuaci\u00f3 d&#8217;1 a 10 amb aproximaci\u00f3 de 2\u00a0decimals com a m\u00e0xim, i publicar\u00e0 un acta amb les qualificacions de tots els aspirants\u00a0ordenades de major a menor i indicant la distinci\u00f3 obtinguda.<\/p>\n<p>Les distincions que es poden obtenir s\u00f3n:<\/p>\n<ul>\n<li><strong>Premi extraordinari<\/strong>: Nom\u00e9s un per especialitat o modalitat. Pot quedar desert si cap aspirant obt\u00e9 una puntuaci\u00f3 de 8.5 punts o superior<\/li>\n<li><strong>Menci\u00f3 d&#8217;honor<\/strong>: Un m\u00e0xim de dos per especialitat o modalitat.<\/li>\n<\/ul>\n<p><strong>Calendari<\/strong><\/p>\n<p>Les Inscripcions, publicaci\u00f3 del calendari d&#8217;actuacions i composici\u00f3 dels tribunals aix\u00ed com la realitzaci\u00f3 de les proves es realitzaran durant el mes de juny.<\/p>\n<p>&nbsp;<\/p>\n<p><em><strong>Fase Auton\u00f2mica<\/strong><\/em><\/p>\n<p>Aquells alumnes que hagen obtingut el Premi Professional en el Conservatori en la fase Centre, podran optar al premi Professional de M\u00fasica a nivell auton\u00f2mic.<\/p>\n<p><strong>Documentaci\u00f3 necess\u00e0ria per a realitzar la inscripci\u00f3:<\/strong><\/p>\n<ul>\n<li>Sol\u00b7licitud degudament omplida a (Annex I).<\/li>\n<li>Fotoc\u00f2pia de l&#8217;acta dels Premis Professionals fase Centre (Annex II).<\/li>\n<li>Certificat d&#8217;expedient acad\u00e8mic de l&#8217;aspirant, que especifique la nota mitjana obtinguda en els dos \u00faltims cursos dels ensenyaments professionals.<\/li>\n<li>Els aspirants portaran tres fotoc\u00f2pies de les obres del programa que presenten i les hauran d&#8217;aportar el mateix dia de la prova.<\/li>\n<\/ul>\n<p>La prova consisteix en els Instruments i M\u00fasica de cambra:<\/p>\n<ul>\n<li>An\u00e0lisi escrita harm\u00f2nica, formal i est\u00e8tic d&#8217;una obra o fragment. La durada de l&#8217;exercici ser\u00e0 de 2 hores<\/li>\n<li>Interpretaci\u00f3 d&#8217;un programa de concert d&#8217;almenys 3 obres, moviments o estudis de diferents estils i amb un grau de dificultat corresponent a 6o curs dels ensenyaments professionals. El programa ha de durar m\u00e9s de 30 minuts, i el temps\u00a0m\u00e0xim d&#8217;interpretaci\u00f3 de la prova ser\u00e0 de 30 minuts, segons el ju\u00ed del tribunal. Si les\u00a0obres porten acompanyament instrumental, l&#8217;aspirant estar\u00e0 obligat a portar-ho pel\u00a0seu compte.<\/li>\n<li>En el cas de M\u00fasica de cambra, podran inscriure&#8217;s per a optar al Premi els grups formats per un m\u00ednim de dos alumnes. El grup ha d&#8217;estar format per alumnes del centre, encara que no tots hagen de complir els requisits per a optar al premi. El premi s&#8217;atorgar\u00e0 al grup camer\u00edstico en general, per\u00f2, espec\u00edficament a cada membre\u00a0que reunisca els requisits per a poder aspirar a aquest premi, sempre que el seu nivelld&#8217;interpretaci\u00f3 ho fa\u00e7a mereixedor del premi individual, encara que se li valore dins\u00a0del grup.<\/li>\n<\/ul>\n<p>Hist\u00f2ria de la M\u00fasica:<\/p>\n<ul>\n<li>Exercici d&#8217;una audici\u00f3 comentada, contextualitzant l&#8217;obra o fragment dins del moment hist\u00f2ric mitjan\u00e7ant un comentari escrit, detallant els aspectes est\u00e8tics i hist\u00f2rics rellevants, adequats al nivell de segon curs de l&#8217;assignatura d&#8217;Hist\u00f2ria de la\u00a0M\u00fasica dels ensenyaments professionals de m\u00fasica. La durada de l&#8217;exercici ser\u00e0 de 2\u00a0hores, com a m\u00e0xim.<\/li>\n<li>Desenvolupament d&#8217;un tema del curr\u00edculum o d&#8217;una part adequada al nivell de segon curs de l&#8217;assignatura d&#8217;Hist\u00f2ria de la M\u00fasica dels ensenyaments professionals\u00a0de m\u00fasica. L&#8217;aspirant haur\u00e0 de presentar el tema desenvolupat en format paper i\u00a0digital, amb un \u00edndex i la bibliografia corresponents, i haur\u00e0 de realitzar l&#8217;exposici\u00f3\u00a0oral del tema. La durada de l&#8217;exercici ser\u00e0 com a m\u00e0xim d&#8217;1 hora, tenint en compte\u00a0que una vegada finalitze l&#8217;exposici\u00f3, el tribunal podr\u00e0 realitzar preguntes sobre el\u00a0tema a l&#8217;aspirant<\/li>\n<\/ul>\n<p>Fonaments de Composici\u00f3:<\/p>\n<ul>\n<li>An\u00e0lisi escrita harm\u00f2nica, formal i est\u00e8tic d&#8217;una pe\u00e7a o fragment, adequat al nivell de segon curs de l&#8217;assignatura d&#8217;An\u00e0lisi dels ensenyaments professionals proposta pel tribunal. La durada de l&#8217;exercici ser\u00e0 d&#8217;un m\u00e0xim de 2 hores.<\/li>\n<li>Exercici de composici\u00f3: elaboraci\u00f3 d&#8217;una partitura per a la plantilla vocal o instrumental que es determine, composta en estil lliure sobre un tema donat pel tribunal, amb una extensi\u00f3 m\u00ednima de cinquanta compassos. La durada de l&#8217;exercici\u00a0ser\u00e0 d&#8217;un m\u00e0xim de 4 hores.<\/li>\n<\/ul>\n<p><strong>Premis i veredicte del tribunal<\/strong><\/p>\n<p>El tribunal, compost per 7 membres a part dels especialistes que la Conselleria determine, qualificar\u00e0 els diferents exercicis amb una puntuaci\u00f3 d&#8217;1 a 10 amb aproximaci\u00f3 de 2 decimals com a m\u00e0xim, i la nota final de la prova ser\u00e0 la mitjana aritm\u00e8tica de la qualificaci\u00f3 de cadascun dels exercicis, amb una aproximaci\u00f3 de fins\u00a0a 4 decimals. El tribunal confeccionar\u00e0 una llista amb les qualificacions parcials de\u00a0tots els aspirants ordenades de major a menor indicant la distinci\u00f3 obtinguda.<\/p>\n<p>Les distincions que es poden obtenir s\u00f3n:<\/p>\n<ul>\n<li><strong>Premi extraordinari<\/strong>: Nom\u00e9s un per departament i un per cada modalitat. Pot quedar desert, i aquest cas podr\u00e0 concedir-se a algun candidat d&#8217;un altre departament\u00a0o especialitat, sempre a proposta motivada del tribunal i respectant l&#8217;ordre de\u00a0puntuaci\u00f3 obtinguda.<\/li>\n<\/ul>\n<p>L&#8217;alumnat premiat rebr\u00e0 un diploma a l&#8217;excel\u00b7l\u00e8ncia expedit per la Conselleria d&#8217;Educaci\u00f3 i constar\u00e0 mitjan\u00e7ant una dilig\u00e8ncia espec\u00edfica en el seu expedient acad\u00e8mic, i podr\u00e0 representar a la Comunitat Valenciana.<\/p>\n<p><strong>Calendari<\/strong><\/p>\n<p>El termini per a la presentaci\u00f3 de sol\u00b7licituds per a la fase auton\u00f2mica dels premis professionals de M\u00fasica i de Dansa del curs 2022-<br \/>\n2023 s\u2019obrir\u00e0 una vegada haja finalitzat la fase de centre.<\/p>\n<p>&nbsp;<\/p>\n","protected":false},"excerpt":{"rendered":"<p>RESOLUCI\u00d3 de 6 de maig de 2025, de la Direcci\u00f3 General de Centres Docents, per la qual es convoquen en la Comunitat Valenciana la fase en el centre i la fase auton\u00f2mica dels premis professionals per a l\u2019alumnat que ha concl\u00f2s els estudis professionals de les ensenyances de M\u00fasica i Dansa en el curs acad\u00e8mic [&hellip;]<\/p>\n","protected":false},"author":1,"featured_media":0,"parent":1195,"menu_order":4,"comment_status":"closed","ping_status":"closed","template":"","meta":{"footnotes":""},"class_list":["post-640","page","type-page","status-publish","hentry"],"yoast_head":"<!-- This site is optimized with the Yoast SEO plugin v27.3 - https:\/\/yoast.com\/product\/yoast-seo-wordpress\/ -->\n<title>Premis Professionals de M\u00fasica - Conservatori Professional de M\u00fasica Juan Cant\u00f3 en Alcoi<\/title>\n<meta name=\"robots\" content=\"index, follow, max-snippet:-1, max-image-preview:large, max-video-preview:-1\" \/>\n<link rel=\"canonical\" href=\"https:\/\/www.conservatorialcoi.com\/ca\/informacio-academica\/ensenanza-profesional\/premis-professionals-de-musica\/\" \/>\n<meta property=\"og:locale\" content=\"ca_ES\" \/>\n<meta property=\"og:type\" content=\"article\" \/>\n<meta property=\"og:title\" content=\"Premis Professionals de M\u00fasica - Conservatori Professional de M\u00fasica Juan Cant\u00f3 en Alcoi\" \/>\n<meta property=\"og:description\" content=\"RESOLUCI\u00d3 de 6 de maig de 2025, de la Direcci\u00f3 General de Centres Docents, per la qual es convoquen en la Comunitat Valenciana la fase en el centre i la fase auton\u00f2mica dels premis professionals per a l\u2019alumnat que ha concl\u00f2s els estudis professionals de les ensenyances de M\u00fasica i Dansa en el curs acad\u00e8mic [&hellip;]\" \/>\n<meta property=\"og:url\" content=\"https:\/\/www.conservatorialcoi.com\/ca\/informacio-academica\/ensenanza-profesional\/premis-professionals-de-musica\/\" \/>\n<meta property=\"og:site_name\" content=\"Conservatori Professional de M\u00fasica Juan Cant\u00f3 en Alcoi\" \/>\n<meta property=\"article:modified_time\" content=\"2025-06-26T08:45:02+00:00\" \/>\n<meta name=\"twitter:card\" content=\"summary_large_image\" \/>\n<meta name=\"twitter:label1\" content=\"Temps estimat de lectura\" \/>\n\t<meta name=\"twitter:data1\" content=\"8 minuts\" \/>\n<script type=\"application\/ld+json\" class=\"yoast-schema-graph\">{\"@context\":\"https:\\\/\\\/schema.org\",\"@graph\":[{\"@type\":\"WebPage\",\"@id\":\"https:\\\/\\\/www.conservatorialcoi.com\\\/ca\\\/informacio-academica\\\/ensenanza-profesional\\\/premis-professionals-de-musica\\\/\",\"url\":\"https:\\\/\\\/www.conservatorialcoi.com\\\/ca\\\/informacio-academica\\\/ensenanza-profesional\\\/premis-professionals-de-musica\\\/\",\"name\":\"Premis Professionals de M\u00fasica - Conservatori Professional de M\u00fasica Juan Cant\u00f3 en Alcoi\",\"isPartOf\":{\"@id\":\"https:\\\/\\\/www.conservatorialcoi.com\\\/#website\"},\"datePublished\":\"2019-02-01T10:32:05+00:00\",\"dateModified\":\"2025-06-26T08:45:02+00:00\",\"breadcrumb\":{\"@id\":\"https:\\\/\\\/www.conservatorialcoi.com\\\/ca\\\/informacio-academica\\\/ensenanza-profesional\\\/premis-professionals-de-musica\\\/#breadcrumb\"},\"inLanguage\":\"ca\",\"potentialAction\":[{\"@type\":\"ReadAction\",\"target\":[\"https:\\\/\\\/www.conservatorialcoi.com\\\/ca\\\/informacio-academica\\\/ensenanza-profesional\\\/premis-professionals-de-musica\\\/\"]}]},{\"@type\":\"BreadcrumbList\",\"@id\":\"https:\\\/\\\/www.conservatorialcoi.com\\\/ca\\\/informacio-academica\\\/ensenanza-profesional\\\/premis-professionals-de-musica\\\/#breadcrumb\",\"itemListElement\":[{\"@type\":\"ListItem\",\"position\":1,\"name\":\"Portada\",\"item\":\"https:\\\/\\\/www.conservatorialcoi.com\\\/ca\\\/\"},{\"@type\":\"ListItem\",\"position\":2,\"name\":\"Informaci\u00f3 acad\u00e8mica\",\"item\":\"https:\\\/\\\/www.conservatorialcoi.com\\\/ca\\\/informacio-academica\\\/\"},{\"@type\":\"ListItem\",\"position\":3,\"name\":\"Ense\u00f1anza Profesional\",\"item\":\"https:\\\/\\\/www.conservatorialcoi.com\\\/ca\\\/informacio-academica\\\/ensenanza-profesional\\\/\"},{\"@type\":\"ListItem\",\"position\":4,\"name\":\"Premis Professionals de M\u00fasica\"}]},{\"@type\":\"WebSite\",\"@id\":\"https:\\\/\\\/www.conservatorialcoi.com\\\/#website\",\"url\":\"https:\\\/\\\/www.conservatorialcoi.com\\\/\",\"name\":\"Conservatori Professional de M\u00fasica Juan Cant\u00f3 en Alcoi\",\"description\":\"\",\"potentialAction\":[{\"@type\":\"SearchAction\",\"target\":{\"@type\":\"EntryPoint\",\"urlTemplate\":\"https:\\\/\\\/www.conservatorialcoi.com\\\/?s={search_term_string}\"},\"query-input\":{\"@type\":\"PropertyValueSpecification\",\"valueRequired\":true,\"valueName\":\"search_term_string\"}}],\"inLanguage\":\"ca\"}]}<\/script>\n<!-- \/ Yoast SEO plugin. -->","yoast_head_json":{"title":"Premis Professionals de M\u00fasica - Conservatori Professional de M\u00fasica Juan Cant\u00f3 en Alcoi","robots":{"index":"index","follow":"follow","max-snippet":"max-snippet:-1","max-image-preview":"max-image-preview:large","max-video-preview":"max-video-preview:-1"},"canonical":"https:\/\/www.conservatorialcoi.com\/ca\/informacio-academica\/ensenanza-profesional\/premis-professionals-de-musica\/","og_locale":"ca_ES","og_type":"article","og_title":"Premis Professionals de M\u00fasica - Conservatori Professional de M\u00fasica Juan Cant\u00f3 en Alcoi","og_description":"RESOLUCI\u00d3 de 6 de maig de 2025, de la Direcci\u00f3 General de Centres Docents, per la qual es convoquen en la Comunitat Valenciana la fase en el centre i la fase auton\u00f2mica dels premis professionals per a l\u2019alumnat que ha concl\u00f2s els estudis professionals de les ensenyances de M\u00fasica i Dansa en el curs acad\u00e8mic [&hellip;]","og_url":"https:\/\/www.conservatorialcoi.com\/ca\/informacio-academica\/ensenanza-profesional\/premis-professionals-de-musica\/","og_site_name":"Conservatori Professional de M\u00fasica Juan Cant\u00f3 en Alcoi","article_modified_time":"2025-06-26T08:45:02+00:00","twitter_card":"summary_large_image","twitter_misc":{"Temps estimat de lectura":"8 minuts"},"schema":{"@context":"https:\/\/schema.org","@graph":[{"@type":"WebPage","@id":"https:\/\/www.conservatorialcoi.com\/ca\/informacio-academica\/ensenanza-profesional\/premis-professionals-de-musica\/","url":"https:\/\/www.conservatorialcoi.com\/ca\/informacio-academica\/ensenanza-profesional\/premis-professionals-de-musica\/","name":"Premis Professionals de M\u00fasica - Conservatori Professional de M\u00fasica Juan Cant\u00f3 en Alcoi","isPartOf":{"@id":"https:\/\/www.conservatorialcoi.com\/#website"},"datePublished":"2019-02-01T10:32:05+00:00","dateModified":"2025-06-26T08:45:02+00:00","breadcrumb":{"@id":"https:\/\/www.conservatorialcoi.com\/ca\/informacio-academica\/ensenanza-profesional\/premis-professionals-de-musica\/#breadcrumb"},"inLanguage":"ca","potentialAction":[{"@type":"ReadAction","target":["https:\/\/www.conservatorialcoi.com\/ca\/informacio-academica\/ensenanza-profesional\/premis-professionals-de-musica\/"]}]},{"@type":"BreadcrumbList","@id":"https:\/\/www.conservatorialcoi.com\/ca\/informacio-academica\/ensenanza-profesional\/premis-professionals-de-musica\/#breadcrumb","itemListElement":[{"@type":"ListItem","position":1,"name":"Portada","item":"https:\/\/www.conservatorialcoi.com\/ca\/"},{"@type":"ListItem","position":2,"name":"Informaci\u00f3 acad\u00e8mica","item":"https:\/\/www.conservatorialcoi.com\/ca\/informacio-academica\/"},{"@type":"ListItem","position":3,"name":"Ense\u00f1anza Profesional","item":"https:\/\/www.conservatorialcoi.com\/ca\/informacio-academica\/ensenanza-profesional\/"},{"@type":"ListItem","position":4,"name":"Premis Professionals de M\u00fasica"}]},{"@type":"WebSite","@id":"https:\/\/www.conservatorialcoi.com\/#website","url":"https:\/\/www.conservatorialcoi.com\/","name":"Conservatori Professional de M\u00fasica Juan Cant\u00f3 en Alcoi","description":"","potentialAction":[{"@type":"SearchAction","target":{"@type":"EntryPoint","urlTemplate":"https:\/\/www.conservatorialcoi.com\/?s={search_term_string}"},"query-input":{"@type":"PropertyValueSpecification","valueRequired":true,"valueName":"search_term_string"}}],"inLanguage":"ca"}]}},"_links":{"self":[{"href":"https:\/\/www.conservatorialcoi.com\/ca\/wp-json\/wp\/v2\/pages\/640","targetHints":{"allow":["GET"]}}],"collection":[{"href":"https:\/\/www.conservatorialcoi.com\/ca\/wp-json\/wp\/v2\/pages"}],"about":[{"href":"https:\/\/www.conservatorialcoi.com\/ca\/wp-json\/wp\/v2\/types\/page"}],"author":[{"embeddable":true,"href":"https:\/\/www.conservatorialcoi.com\/ca\/wp-json\/wp\/v2\/users\/1"}],"replies":[{"embeddable":true,"href":"https:\/\/www.conservatorialcoi.com\/ca\/wp-json\/wp\/v2\/comments?post=640"}],"version-history":[{"count":32,"href":"https:\/\/www.conservatorialcoi.com\/ca\/wp-json\/wp\/v2\/pages\/640\/revisions"}],"predecessor-version":[{"id":10057,"href":"https:\/\/www.conservatorialcoi.com\/ca\/wp-json\/wp\/v2\/pages\/640\/revisions\/10057"}],"up":[{"embeddable":true,"href":"https:\/\/www.conservatorialcoi.com\/ca\/wp-json\/wp\/v2\/pages\/1195"}],"wp:attachment":[{"href":"https:\/\/www.conservatorialcoi.com\/ca\/wp-json\/wp\/v2\/media?parent=640"}],"curies":[{"name":"wp","href":"https:\/\/api.w.org\/{rel}","templated":true}]}}