{"id":612,"date":"2019-01-31T08:46:03","date_gmt":"2019-01-31T08:46:03","guid":{"rendered":"https:\/\/www.conservatorialcoi.com\/\/horari-lectiu-curso-2018-19-de-ensenyansa-profesional\/"},"modified":"2025-07-30T10:46:36","modified_gmt":"2025-07-30T10:46:36","slug":"horari-lectiu-curso-2025-26-de-ensenyansa-profesional","status":"publish","type":"page","link":"https:\/\/www.conservatorialcoi.com\/ca\/informacio-academica\/ensenanza-profesional\/horari-lectiu-curso-2025-26-de-ensenyansa-profesional\/","title":{"rendered":"Horari lectiu Curso 2025-26 d&#8217; Ensenyan\u00e7a Professional"},"content":{"rendered":"<p>[et_pb_section bb_built=&#8221;1&#8243; admin_label=&#8221;section&#8221; _builder_version=&#8221;3.0.47&#8243;][et_pb_row admin_label=&#8221;row&#8221; _builder_version=&#8221;3.0.47&#8243; background_size=&#8221;initial&#8221; background_position=&#8221;top_left&#8221; background_repeat=&#8221;repeat&#8221;][et_pb_column type=&#8221;4_4&#8243;][et_pb_text admin_label=&#8221;Texto&#8221; _builder_version=&#8221;3.0.51&#8243; background_layout=&#8221;light&#8221; text_orientation=&#8221;left&#8221; border_style=&#8221;solid&#8221;]<\/p>\n<p>&nbsp;<\/p>\n<table>\n<tbody>\n<tr>\n<td colspan=\"2\" width=\"663\"><strong>\u00a0<\/strong><\/td>\n<td width=\"2\"><strong>\u00a0<\/strong><\/td>\n<td width=\"3\"><strong>\u00a0<\/strong><\/td>\n<td width=\"2\"><\/td>\n<\/tr>\n<tr>\n<td colspan=\"5\" width=\"670\"><strong>1\u00ba CURS<\/strong><\/td>\n<\/tr>\n<tr>\n<td width=\"321\">INSTRUMENT<\/td>\n<td colspan=\"4\" width=\"349\">Horari individual<\/td>\n<\/tr>\n<tr>\n<td width=\"321\">LLENGUATGE MUSICAL<\/td>\n<td colspan=\"4\" width=\"349\">GRUP A<\/p>\n<p>Dilluns de 15:30 a 17:30 h.<\/p>\n<p>GRUP B I GRUP C<\/p>\n<p>Dimarts de 16:30 a 18:30 h.<\/td>\n<\/tr>\n<tr>\n<td width=\"321\">ORQUESTRA DE CORDA<\/td>\n<td colspan=\"4\" width=\"349\">Dilluns de 15:30 a 17:30 h.<\/td>\n<\/tr>\n<tr>\n<td width=\"321\">ORQUESTRA DE VENT<\/td>\n<td colspan=\"4\" width=\"349\">Divendres de 17:30 a 19:30 h.<\/td>\n<\/tr>\n<tr>\n<td width=\"321\">CONJUNT (PIANO)<\/td>\n<td colspan=\"4\" width=\"349\">Dimarts de 18:30 a 19:30 h.<\/td>\n<\/tr>\n<tr>\n<td width=\"321\">CONJUNT I CAMBRA (GUITARRA)<\/td>\n<td colspan=\"4\" width=\"349\">Dimecres de 18:30 a 20:30 h.<\/td>\n<\/tr>\n<tr>\n<td width=\"321\">CONJUNT (DOL\u00c7AINA)<\/td>\n<td colspan=\"4\" width=\"349\">Divendres de 19:30 a 20:30 h.<\/td>\n<\/tr>\n<tr>\n<td width=\"321\">TABAL (DOL\u00c7AINA)<\/td>\n<td colspan=\"4\" width=\"349\">Horari individual<\/td>\n<\/tr>\n<tr>\n<td width=\"321\"><\/td>\n<td width=\"342\"><\/td>\n<td width=\"2\"><\/td>\n<td width=\"3\"><\/td>\n<td width=\"2\"><\/td>\n<\/tr>\n<\/tbody>\n<\/table>\n<p>&nbsp;<\/p>\n<table>\n<tbody>\n<tr>\n<td colspan=\"2\" width=\"671\"><strong>2\u00ba CURS<\/strong><\/td>\n<\/tr>\n<tr>\n<td width=\"319\">INSTRUMENT<\/td>\n<td width=\"353\">Horari individual<\/td>\n<\/tr>\n<tr>\n<td width=\"319\">LLENGUATGE MUSICAL<\/td>\n<td width=\"353\">GRUP A I GRUP B<\/p>\n<p>Dimecres de 16:30 a 18:30 h.<\/p>\n<p>GRUP C<\/p>\n<p>Dimecres de 18:30 a 20:30 h.<\/td>\n<\/tr>\n<tr>\n<td width=\"319\">ORQUESTRA DE CORDA<\/td>\n<td width=\"353\">Dilluns de 15:30 a 17:30 h.<\/td>\n<\/tr>\n<tr>\n<td width=\"319\">ORQUESTRA DE VENT<\/td>\n<td width=\"353\">Divendres de 17:30 a 19:30 h.<\/td>\n<\/tr>\n<tr>\n<td width=\"319\">PIANO COMPLEMENTARI<\/td>\n<td width=\"353\">Horari individual<\/td>\n<\/tr>\n<tr>\n<td width=\"319\">CONJUNT (PIANO)<\/td>\n<td width=\"353\">Dijous de 18:30 a 19:30 h.<\/td>\n<\/tr>\n<tr>\n<td width=\"319\">CONJUNT I CAMBRA (GUITARRA)<\/td>\n<td width=\"353\">Dimecres de 18:30 a 20:30 h.<\/td>\n<\/tr>\n<tr>\n<td width=\"318\">CONJUNT (DOL\u00c7AINA)<\/td>\n<td width=\"353\">Divendres de 19:30 a 20:30 h.<\/td>\n<\/tr>\n<tr>\n<td width=\"318\">TABAL (DOL\u00c7AINA)<\/td>\n<td width=\"353\">Horari individual<\/td>\n<\/tr>\n<\/tbody>\n<\/table>\n<p>&nbsp;<\/p>\n<table>\n<tbody>\n<tr>\n<td colspan=\"2\" width=\"671\"><strong>3\u00ba CURS<\/strong><\/td>\n<\/tr>\n<tr>\n<td width=\"323\">INSTRUMENT<\/td>\n<td width=\"348\">Horari individual<\/td>\n<\/tr>\n<tr>\n<td width=\"323\">HARMONIA<\/td>\n<td width=\"348\">GRUP A<\/p>\n<p>Dilluns de 15:30 a 17:30 h.<\/p>\n<p>GRUP B<\/p>\n<p>Dijous de 17:30 a 19:30 h.<\/td>\n<\/tr>\n<tr>\n<td width=\"323\">HARMONIA (coordinaci\u00f3 hor\u00e0ria)<\/td>\n<td width=\"348\">Dimecres de 11:00 a 13:00 h.<\/td>\n<\/tr>\n<tr>\n<td width=\"323\">ORQUESTRA DE CORDA<\/td>\n<td width=\"348\">Dilluns de 15:30 a 17:30 h.<\/td>\n<\/tr>\n<tr>\n<td width=\"323\">ORQUESTRA DE VENT<\/td>\n<td width=\"348\">Divendres de 17:30 a 19:30 h.<\/td>\n<\/tr>\n<tr>\n<td width=\"323\">PIANO COMPLEMENTARI<\/td>\n<td width=\"348\">Horari individual<\/td>\n<\/tr>\n<tr>\n<td width=\"323\">COR (PIANO, GUITARRA I DOL\u00c7AINA)<\/td>\n<td width=\"348\">Dilluns de 17:30 a 18:30 h.<\/td>\n<\/tr>\n<tr>\n<td width=\"323\">M\u00daSICA DE CAMBRA<\/td>\n<td width=\"348\">Horari en funci\u00f3 de les agrupacions instrumentals<\/td>\n<\/tr>\n<\/tbody>\n<\/table>\n<p>&nbsp;<\/p>\n<table>\n<tbody>\n<tr>\n<td colspan=\"2\" width=\"672\"><strong>4\u00ba CURS<\/strong><\/td>\n<\/tr>\n<tr>\n<td width=\"324\">INSTRUMENT<\/td>\n<td width=\"347\">Horari individual<\/td>\n<\/tr>\n<tr>\n<td width=\"324\">HARMONIA<\/td>\n<td width=\"347\">GRUP A<\/p>\n<p>Dilluns de 18:30 a 20:30 h.<\/p>\n<p>GRUP B<\/p>\n<p>Dijous de 15:30 a 17:30 h.<\/td>\n<\/tr>\n<tr>\n<td width=\"324\">HARMONIA (coordinaci\u00f3 hor\u00e0ria)<\/td>\n<td width=\"347\">Dimecres de 13:00 a 15:00 h.<\/td>\n<\/tr>\n<tr>\n<td width=\"324\">ORQUESTRA DE CORDA<\/td>\n<td width=\"347\">Dilluns de 15:30 a 17:30 h.<\/td>\n<\/tr>\n<tr>\n<td width=\"324\">ORQUESTRA DE VENT<\/td>\n<td width=\"347\">Divendres de 15:30 a 17:30 h.<\/td>\n<\/tr>\n<tr>\n<td width=\"324\">PIANO COMPLEMENTARI<\/td>\n<td width=\"347\">Horari individual<\/td>\n<\/tr>\n<tr>\n<td width=\"324\">COR (PIANO, GUITARRA I DOL\u00c7AINA)<\/td>\n<td width=\"347\">Dilluns de 17:30 a 18:30 h.<\/td>\n<\/tr>\n<tr>\n<td width=\"324\">M\u00daSICA DE CAMBRA<\/td>\n<td width=\"347\">Horari en funci\u00f3 de les agrupacions instrumentals<\/td>\n<\/tr>\n<\/tbody>\n<\/table>\n<p>&nbsp;<\/p>\n<p>&nbsp;<\/p>\n<table>\n<tbody>\n<tr>\n<td colspan=\"2\" width=\"671\"><strong>5\u00ba CURSO<\/strong><\/td>\n<\/tr>\n<tr>\n<td width=\"317\">INSTRUMENT<\/td>\n<td width=\"354\">Horari individual<\/td>\n<\/tr>\n<tr>\n<td width=\"317\">AN\u00c0LISI<\/td>\n<td width=\"354\">GRUP A<\/p>\n<p>Dimarts de 16:30 a 18:30 h.<\/td>\n<\/tr>\n<tr>\n<td width=\"317\">AN\u00c0LISI (coordinaci\u00f3 hor\u00e0ria)<\/td>\n<td width=\"354\">Divendres de 11:00 a 13:00 h.<\/td>\n<\/tr>\n<tr>\n<td width=\"317\">ORQUESTRA DE CORDA<\/td>\n<td width=\"354\">Dilluns de 15:30 a 17:30 h.<\/td>\n<\/tr>\n<tr>\n<td width=\"317\">ORQUESTRA DE VENT<\/td>\n<td width=\"354\">Divendres de 15:30 a 17:30 h.<\/td>\n<\/tr>\n<tr>\n<td width=\"317\">HIST\u00d2RIA DE LA M\u00daSICA<\/td>\n<td width=\"354\">GRUP A<\/p>\n<p>Dilluns de 18:30 a 20:30 h.<\/p>\n<p>GRUP B<\/p>\n<p>Dimarts de 18:30 a 20:30 h.<\/p>\n<p>GRUP C<\/p>\n<p>Dijous de 16:30 a 18:30 h.<\/td>\n<\/tr>\n<tr>\n<td width=\"317\">HIST\u00d2RIA DE LA M\u00daSICA (coord. hor\u00e0ria)<\/td>\n<td width=\"354\">NO hi ha grup als matins<\/td>\n<\/tr>\n<tr>\n<td width=\"317\">EST\u00c9TICA (*)<\/td>\n<td width=\"354\">Dimecres de 15:30 a 17:30 h.<\/td>\n<\/tr>\n<tr>\n<td width=\"317\">CREATIVITAT I M\u00daSICA (*)<\/td>\n<td width=\"354\">GRUP A<\/p>\n<p>Dimecres de 15:30 a 17:30 h.<\/p>\n<p>GRUP B<\/p>\n<p>Divendres de 17:30 a 19:30 h.<\/td>\n<\/tr>\n<tr>\n<td width=\"317\">FONAMENTS DE COMPOSICI\u00d3 (*)<\/td>\n<td width=\"354\">Dilluns de 17:30 a 18:30 h.<\/p>\n<p>Dimarts de 15:30 a 16:30 h.<\/td>\n<\/tr>\n<tr>\n<td width=\"317\">ACOMPANYAMENT (PIANO)<\/td>\n<td width=\"354\">Dilluns de 15:30 a 17:30 h.<\/td>\n<\/tr>\n<tr>\n<td width=\"317\">ACOMPANYAMENT (GUITARRA)<\/td>\n<td width=\"354\">Divendres de 17.30 a 19.30 h.<\/td>\n<\/tr>\n<tr>\n<td width=\"317\">CONJUNT (DOL\u00c7AINA)<\/td>\n<td width=\"354\">Divendres de 19:30 a 20:30 h.<\/td>\n<\/tr>\n<tr>\n<td width=\"317\">M\u00daSICA DE C\u00c1MARA<\/td>\n<td width=\"354\">Horari en funci\u00f3 de les agrupacions instrumentals<\/td>\n<\/tr>\n<\/tbody>\n<\/table>\n<p>&nbsp;<\/p>\n<table>\n<tbody>\n<tr>\n<td colspan=\"2\" width=\"671\"><strong>6\u00ba CURS<\/strong><\/td>\n<\/tr>\n<tr>\n<td width=\"317\">INSTRUMENT<\/td>\n<td width=\"354\">Horari individual<\/td>\n<\/tr>\n<tr>\n<td width=\"317\">AN\u00c0LISI<\/td>\n<td width=\"354\">GRUP A<\/p>\n<p>Dimarts de 18:30 a 20:30 h.<\/td>\n<\/tr>\n<tr>\n<td width=\"317\">AN\u00c0LISI (coordinaci\u00f3 hor\u00e0ria)<\/td>\n<td width=\"354\">Divendres de 13:00 a 15:00 h.<\/td>\n<\/tr>\n<tr>\n<td width=\"317\">ORQUESTRA DE CORDA<\/td>\n<td width=\"354\">\u00a0Dilluns de 15:30 a 17:30 h.<\/td>\n<\/tr>\n<tr>\n<td width=\"317\">ORQUESTRA DE VENT<\/td>\n<td width=\"354\">Divendres de 15:30 a 17:30 h.<\/td>\n<\/tr>\n<tr>\n<td width=\"317\">HIST\u00d2RIA DE LA MUSICA<\/td>\n<td width=\"354\">GRUP A<\/p>\n<p>Dimarts\u00a0 de 16:30 a 18:30 h.<\/p>\n<p>GRUP B<\/p>\n<p>Dimecres de 18:30 a 20:30 h.<\/p>\n<p>GRUP C<\/p>\n<p>Dijous de 18:30 a 20:30 h.<\/td>\n<\/tr>\n<tr>\n<td width=\"317\">HIST\u00d2RIA DE LA MUSICA ( coord. hor\u00e0ria)<\/td>\n<td width=\"354\">NO hi ha grup als matins<\/td>\n<\/tr>\n<tr>\n<td width=\"317\">EST\u00c9TICA (*)<\/td>\n<td width=\"354\">Dimecres de 15:30 a 17:30 h.<\/td>\n<\/tr>\n<tr>\n<td width=\"317\">CREATIVITAT I M\u00daSICA (*)<\/td>\n<td width=\"354\">GRUP A<\/p>\n<p>Dimecres de 15:30 a 17:30 h.<\/p>\n<p>GRUP B<\/p>\n<p>Divendres de 17:30 a 19:30 h.<\/td>\n<\/tr>\n<tr>\n<td width=\"317\">FONAMENTS DE COMPOSICI\u00d3 (*)<\/td>\n<td width=\"354\">Dilluns de 17:30 a 18:30 h.<\/p>\n<p>Dimarts de 15:30 a 16:30 h.<\/td>\n<\/tr>\n<tr>\n<td width=\"317\">ACOMPANYAMENT (PIANO)<\/td>\n<td width=\"354\">Divendres\u00a0 de 15:30 a 17:30 h.<\/td>\n<\/tr>\n<tr>\n<td width=\"317\">ACOMPANYAMENT (GUITARRA)<\/td>\n<td width=\"354\">Divendres de 17.30 a 19.30 h.<\/td>\n<\/tr>\n<tr>\n<td width=\"317\">CONJUNT (DOL\u00c7AINA)<\/td>\n<td width=\"354\">Divendres de 19:30 a 20:30 h.<\/td>\n<\/tr>\n<tr>\n<td width=\"317\">M\u00daSICA DE CAMBRA<\/td>\n<td width=\"354\">Horari en funci\u00f3 de les agrupacions instrumentals<\/td>\n<\/tr>\n<\/tbody>\n<\/table>\n<p>(*) Les assignatures optatives per a 5t i 6t curs s\u00f3n: Creativitat i M\u00fasica, Est\u00e8tica i Fonaments de Composici\u00f3. L&#8217;alumnat cursar\u00e0 una assignatura optativa en el quint curs i una altra distinta en el sext curs d&#8217;ensenyances professionals de M\u00fasica d&#8217;entre aquelles que oferta el centre.<\/p>\n<p><strong><u>NOTA INFORMATIVA<\/u><\/strong><\/p>\n<p>&nbsp;<\/p>\n<ul>\n<li>Orquestra de corda la formaren els especialitats seg\u00fcents:\n<ul>\n<li>Viol\u00ed (de 1r a 6t)<\/li>\n<li>Viola (de 1r a 6t)<\/li>\n<li>Violoncello (de 1r a 6t)<\/li>\n<li>Contrabaix (de 1r a 6t)<\/li>\n<\/ul>\n<\/li>\n<\/ul>\n<ul>\n<li>Orquestra de vent la formaren els especialitats seg\u00fcents:\n<ul>\n<li>Flauta, Obo\u00e9, Clarinet, Fagot, Sax\u00f2fon, Trompa, Tromb\u00f3, Trompeta, Tuba i Percussi\u00f3 (de 1r a 6t)<\/li>\n<\/ul>\n<\/li>\n<\/ul>\n<p>&nbsp;<\/p>\n<p><strong>LLEI ORG\u00c0NICA 2\/2006, de 3 de maig, d&#8217;Educaci\u00f3.<\/strong><\/p>\n<p><strong>Decret 159\/2007, de 21 de setembre, del Consell, pel qual s&#8217;establix el curr\u00edculum de las ensenyances elementals de m\u00fasica i es regula l&#8217;acc\u00e9s a est\u00e0s ensenyances.<\/strong><\/p>\n<p><strong>Decret 158\/2007, de 21 de setembre, del Consell, pel qual s&#8217;establix el curr\u00edculum de les ensenyances professionals de m\u00fasica i es regula l&#8217;acc\u00e9s a estes ensenyances.<\/strong><\/p>\n<p><strong>ORDE 28\/2011, de 10 de maig, de la Conselleria d&#8217;Educaci\u00f3, per la qual es regula l&#8217;admissi\u00f3, l&#8217;acc\u00e9s i la matr\u00edcula, aix\u00ed com els aspectes d&#8217;ordenaci\u00f3 general, per a l&#8217;alumnat que curs les ensenyances elementals i professionals de M\u00fasica i Dansa a la Comunitat Valenciana.<\/strong><\/p>\n<p><span style=\"color: #ff0000;\"><strong>ELS HORARIS INDIVIDUALS I COL\u00b7LECTIUS DE L&#8217;ALUMNAT DE M\u00daSICA S\u00d3N ORIENTATIUS, TENEN CAR\u00c0CTER PROVISIONAL I, DESPR\u00c9S DE LA MATR\u00cdCULA, PODEN SER MODIFICATS A CAUSA D&#8217;AJUSTOS D&#8217;HORARIS I ALTRES MOTIUS ACAD\u00c8MICS O DE R\u00c8GIM INTERIOR.<\/strong><\/span><\/p>\n<p>&nbsp;<\/p>\n<p>&nbsp;<\/p>\n<p>[\/et_pb_text][\/et_pb_column][\/et_pb_row][\/et_pb_section]<\/p>\n","protected":false},"excerpt":{"rendered":"<p>[et_pb_section bb_built=&#8221;1&#8243; admin_label=&#8221;section&#8221; _builder_version=&#8221;3.0.47&#8243;][et_pb_row admin_label=&#8221;row&#8221; _builder_version=&#8221;3.0.47&#8243; background_size=&#8221;initial&#8221; background_position=&#8221;top_left&#8221; background_repeat=&#8221;repeat&#8221;][et_pb_column type=&#8221;4_4&#8243;][et_pb_text admin_label=&#8221;Texto&#8221; _builder_version=&#8221;3.0.51&#8243; background_layout=&#8221;light&#8221; text_orientation=&#8221;left&#8221; border_style=&#8221;solid&#8221;] &nbsp; \u00a0 \u00a0 \u00a0 1\u00ba CURS INSTRUMENT Horari individual LLENGUATGE MUSICAL GRUP A Dilluns de 15:30 a 17:30 h. GRUP B I GRUP C Dimarts de 16:30 a 18:30 h. ORQUESTRA DE CORDA Dilluns de 15:30 a 17:30 h. ORQUESTRA [&hellip;]<\/p>\n","protected":false},"author":1,"featured_media":0,"parent":1195,"menu_order":1,"comment_status":"closed","ping_status":"closed","template":"","meta":{"footnotes":""},"class_list":["post-612","page","type-page","status-publish","hentry"],"yoast_head":"<!-- This site is optimized with the Yoast SEO plugin v27.3 - https:\/\/yoast.com\/product\/yoast-seo-wordpress\/ -->\n<title>Horari lectiu Curso 2025-26 d&#039; Ensenyan\u00e7a Professional - Conservatori Professional de M\u00fasica Juan Cant\u00f3 en Alcoi<\/title>\n<meta name=\"robots\" content=\"index, follow, max-snippet:-1, max-image-preview:large, max-video-preview:-1\" \/>\n<link rel=\"canonical\" href=\"https:\/\/www.conservatorialcoi.com\/ca\/informacio-academica\/ensenanza-profesional\/horari-lectiu-curso-2025-26-de-ensenyansa-profesional\/\" \/>\n<meta property=\"og:locale\" content=\"ca_ES\" \/>\n<meta property=\"og:type\" content=\"article\" \/>\n<meta property=\"og:title\" content=\"Horari lectiu Curso 2025-26 d&#039; Ensenyan\u00e7a Professional - Conservatori Professional de M\u00fasica Juan Cant\u00f3 en Alcoi\" \/>\n<meta property=\"og:description\" content=\"[et_pb_section bb_built=&#8221;1&#8243; admin_label=&#8221;section&#8221; _builder_version=&#8221;3.0.47&#8243;][et_pb_row admin_label=&#8221;row&#8221; _builder_version=&#8221;3.0.47&#8243; background_size=&#8221;initial&#8221; background_position=&#8221;top_left&#8221; background_repeat=&#8221;repeat&#8221;][et_pb_column type=&#8221;4_4&#8243;][et_pb_text admin_label=&#8221;Texto&#8221; _builder_version=&#8221;3.0.51&#8243; background_layout=&#8221;light&#8221; text_orientation=&#8221;left&#8221; border_style=&#8221;solid&#8221;] &nbsp; \u00a0 \u00a0 \u00a0 1\u00ba CURS INSTRUMENT Horari individual LLENGUATGE MUSICAL GRUP A Dilluns de 15:30 a 17:30 h. GRUP B I GRUP C Dimarts de 16:30 a 18:30 h. ORQUESTRA DE CORDA Dilluns de 15:30 a 17:30 h. ORQUESTRA [&hellip;]\" \/>\n<meta property=\"og:url\" content=\"https:\/\/www.conservatorialcoi.com\/ca\/informacio-academica\/ensenanza-profesional\/horari-lectiu-curso-2025-26-de-ensenyansa-profesional\/\" \/>\n<meta property=\"og:site_name\" content=\"Conservatori Professional de M\u00fasica Juan Cant\u00f3 en Alcoi\" \/>\n<meta property=\"article:modified_time\" content=\"2025-07-30T10:46:36+00:00\" \/>\n<meta name=\"twitter:card\" content=\"summary_large_image\" \/>\n<meta name=\"twitter:label1\" content=\"Temps estimat de lectura\" \/>\n\t<meta name=\"twitter:data1\" content=\"4 minuts\" \/>\n<script type=\"application\/ld+json\" class=\"yoast-schema-graph\">{\"@context\":\"https:\\\/\\\/schema.org\",\"@graph\":[{\"@type\":\"WebPage\",\"@id\":\"https:\\\/\\\/www.conservatorialcoi.com\\\/ca\\\/informacio-academica\\\/ensenanza-profesional\\\/horari-lectiu-curso-2025-26-de-ensenyansa-profesional\\\/\",\"url\":\"https:\\\/\\\/www.conservatorialcoi.com\\\/ca\\\/informacio-academica\\\/ensenanza-profesional\\\/horari-lectiu-curso-2025-26-de-ensenyansa-profesional\\\/\",\"name\":\"Horari lectiu Curso 2025-26 d' Ensenyan\u00e7a Professional - Conservatori Professional de M\u00fasica Juan Cant\u00f3 en Alcoi\",\"isPartOf\":{\"@id\":\"https:\\\/\\\/www.conservatorialcoi.com\\\/#website\"},\"datePublished\":\"2019-01-31T08:46:03+00:00\",\"dateModified\":\"2025-07-30T10:46:36+00:00\",\"breadcrumb\":{\"@id\":\"https:\\\/\\\/www.conservatorialcoi.com\\\/ca\\\/informacio-academica\\\/ensenanza-profesional\\\/horari-lectiu-curso-2025-26-de-ensenyansa-profesional\\\/#breadcrumb\"},\"inLanguage\":\"ca\",\"potentialAction\":[{\"@type\":\"ReadAction\",\"target\":[\"https:\\\/\\\/www.conservatorialcoi.com\\\/ca\\\/informacio-academica\\\/ensenanza-profesional\\\/horari-lectiu-curso-2025-26-de-ensenyansa-profesional\\\/\"]}]},{\"@type\":\"BreadcrumbList\",\"@id\":\"https:\\\/\\\/www.conservatorialcoi.com\\\/ca\\\/informacio-academica\\\/ensenanza-profesional\\\/horari-lectiu-curso-2025-26-de-ensenyansa-profesional\\\/#breadcrumb\",\"itemListElement\":[{\"@type\":\"ListItem\",\"position\":1,\"name\":\"Portada\",\"item\":\"https:\\\/\\\/www.conservatorialcoi.com\\\/ca\\\/\"},{\"@type\":\"ListItem\",\"position\":2,\"name\":\"Informaci\u00f3 acad\u00e8mica\",\"item\":\"https:\\\/\\\/www.conservatorialcoi.com\\\/ca\\\/informacio-academica\\\/\"},{\"@type\":\"ListItem\",\"position\":3,\"name\":\"Ense\u00f1anza Profesional\",\"item\":\"https:\\\/\\\/www.conservatorialcoi.com\\\/ca\\\/informacio-academica\\\/ensenanza-profesional\\\/\"},{\"@type\":\"ListItem\",\"position\":4,\"name\":\"Horari lectiu Curso 2025-26 d&#8217; Ensenyan\u00e7a Professional\"}]},{\"@type\":\"WebSite\",\"@id\":\"https:\\\/\\\/www.conservatorialcoi.com\\\/#website\",\"url\":\"https:\\\/\\\/www.conservatorialcoi.com\\\/\",\"name\":\"Conservatori Professional de M\u00fasica Juan Cant\u00f3 en Alcoi\",\"description\":\"\",\"potentialAction\":[{\"@type\":\"SearchAction\",\"target\":{\"@type\":\"EntryPoint\",\"urlTemplate\":\"https:\\\/\\\/www.conservatorialcoi.com\\\/?s={search_term_string}\"},\"query-input\":{\"@type\":\"PropertyValueSpecification\",\"valueRequired\":true,\"valueName\":\"search_term_string\"}}],\"inLanguage\":\"ca\"}]}<\/script>\n<!-- \/ Yoast SEO plugin. -->","yoast_head_json":{"title":"Horari lectiu Curso 2025-26 d' Ensenyan\u00e7a Professional - Conservatori Professional de M\u00fasica Juan Cant\u00f3 en Alcoi","robots":{"index":"index","follow":"follow","max-snippet":"max-snippet:-1","max-image-preview":"max-image-preview:large","max-video-preview":"max-video-preview:-1"},"canonical":"https:\/\/www.conservatorialcoi.com\/ca\/informacio-academica\/ensenanza-profesional\/horari-lectiu-curso-2025-26-de-ensenyansa-profesional\/","og_locale":"ca_ES","og_type":"article","og_title":"Horari lectiu Curso 2025-26 d' Ensenyan\u00e7a Professional - Conservatori Professional de M\u00fasica Juan Cant\u00f3 en Alcoi","og_description":"[et_pb_section bb_built=&#8221;1&#8243; admin_label=&#8221;section&#8221; _builder_version=&#8221;3.0.47&#8243;][et_pb_row admin_label=&#8221;row&#8221; _builder_version=&#8221;3.0.47&#8243; background_size=&#8221;initial&#8221; background_position=&#8221;top_left&#8221; background_repeat=&#8221;repeat&#8221;][et_pb_column type=&#8221;4_4&#8243;][et_pb_text admin_label=&#8221;Texto&#8221; _builder_version=&#8221;3.0.51&#8243; background_layout=&#8221;light&#8221; text_orientation=&#8221;left&#8221; border_style=&#8221;solid&#8221;] &nbsp; \u00a0 \u00a0 \u00a0 1\u00ba CURS INSTRUMENT Horari individual LLENGUATGE MUSICAL GRUP A Dilluns de 15:30 a 17:30 h. GRUP B I GRUP C Dimarts de 16:30 a 18:30 h. ORQUESTRA DE CORDA Dilluns de 15:30 a 17:30 h. ORQUESTRA [&hellip;]","og_url":"https:\/\/www.conservatorialcoi.com\/ca\/informacio-academica\/ensenanza-profesional\/horari-lectiu-curso-2025-26-de-ensenyansa-profesional\/","og_site_name":"Conservatori Professional de M\u00fasica Juan Cant\u00f3 en Alcoi","article_modified_time":"2025-07-30T10:46:36+00:00","twitter_card":"summary_large_image","twitter_misc":{"Temps estimat de lectura":"4 minuts"},"schema":{"@context":"https:\/\/schema.org","@graph":[{"@type":"WebPage","@id":"https:\/\/www.conservatorialcoi.com\/ca\/informacio-academica\/ensenanza-profesional\/horari-lectiu-curso-2025-26-de-ensenyansa-profesional\/","url":"https:\/\/www.conservatorialcoi.com\/ca\/informacio-academica\/ensenanza-profesional\/horari-lectiu-curso-2025-26-de-ensenyansa-profesional\/","name":"Horari lectiu Curso 2025-26 d' Ensenyan\u00e7a Professional - Conservatori Professional de M\u00fasica Juan Cant\u00f3 en Alcoi","isPartOf":{"@id":"https:\/\/www.conservatorialcoi.com\/#website"},"datePublished":"2019-01-31T08:46:03+00:00","dateModified":"2025-07-30T10:46:36+00:00","breadcrumb":{"@id":"https:\/\/www.conservatorialcoi.com\/ca\/informacio-academica\/ensenanza-profesional\/horari-lectiu-curso-2025-26-de-ensenyansa-profesional\/#breadcrumb"},"inLanguage":"ca","potentialAction":[{"@type":"ReadAction","target":["https:\/\/www.conservatorialcoi.com\/ca\/informacio-academica\/ensenanza-profesional\/horari-lectiu-curso-2025-26-de-ensenyansa-profesional\/"]}]},{"@type":"BreadcrumbList","@id":"https:\/\/www.conservatorialcoi.com\/ca\/informacio-academica\/ensenanza-profesional\/horari-lectiu-curso-2025-26-de-ensenyansa-profesional\/#breadcrumb","itemListElement":[{"@type":"ListItem","position":1,"name":"Portada","item":"https:\/\/www.conservatorialcoi.com\/ca\/"},{"@type":"ListItem","position":2,"name":"Informaci\u00f3 acad\u00e8mica","item":"https:\/\/www.conservatorialcoi.com\/ca\/informacio-academica\/"},{"@type":"ListItem","position":3,"name":"Ense\u00f1anza Profesional","item":"https:\/\/www.conservatorialcoi.com\/ca\/informacio-academica\/ensenanza-profesional\/"},{"@type":"ListItem","position":4,"name":"Horari lectiu Curso 2025-26 d&#8217; Ensenyan\u00e7a Professional"}]},{"@type":"WebSite","@id":"https:\/\/www.conservatorialcoi.com\/#website","url":"https:\/\/www.conservatorialcoi.com\/","name":"Conservatori Professional de M\u00fasica Juan Cant\u00f3 en Alcoi","description":"","potentialAction":[{"@type":"SearchAction","target":{"@type":"EntryPoint","urlTemplate":"https:\/\/www.conservatorialcoi.com\/?s={search_term_string}"},"query-input":{"@type":"PropertyValueSpecification","valueRequired":true,"valueName":"search_term_string"}}],"inLanguage":"ca"}]}},"_links":{"self":[{"href":"https:\/\/www.conservatorialcoi.com\/ca\/wp-json\/wp\/v2\/pages\/612","targetHints":{"allow":["GET"]}}],"collection":[{"href":"https:\/\/www.conservatorialcoi.com\/ca\/wp-json\/wp\/v2\/pages"}],"about":[{"href":"https:\/\/www.conservatorialcoi.com\/ca\/wp-json\/wp\/v2\/types\/page"}],"author":[{"embeddable":true,"href":"https:\/\/www.conservatorialcoi.com\/ca\/wp-json\/wp\/v2\/users\/1"}],"replies":[{"embeddable":true,"href":"https:\/\/www.conservatorialcoi.com\/ca\/wp-json\/wp\/v2\/comments?post=612"}],"version-history":[{"count":46,"href":"https:\/\/www.conservatorialcoi.com\/ca\/wp-json\/wp\/v2\/pages\/612\/revisions"}],"predecessor-version":[{"id":10261,"href":"https:\/\/www.conservatorialcoi.com\/ca\/wp-json\/wp\/v2\/pages\/612\/revisions\/10261"}],"up":[{"embeddable":true,"href":"https:\/\/www.conservatorialcoi.com\/ca\/wp-json\/wp\/v2\/pages\/1195"}],"wp:attachment":[{"href":"https:\/\/www.conservatorialcoi.com\/ca\/wp-json\/wp\/v2\/media?parent=612"}],"curies":[{"name":"wp","href":"https:\/\/api.w.org\/{rel}","templated":true}]}}