{"id":590,"date":"2019-01-31T08:16:40","date_gmt":"2019-01-31T08:16:15","guid":{"rendered":"https:\/\/www.conservatorialcoi.com\/\/horari-lectiu-curso-2018-19\/"},"modified":"2025-07-09T10:32:22","modified_gmt":"2025-07-09T10:32:22","slug":"horari-lectiu-curso-2025-26","status":"publish","type":"page","link":"https:\/\/www.conservatorialcoi.com\/ca\/informacio-academica\/ensenanza-elemental\/horari-lectiu-curso-2025-26\/","title":{"rendered":"Horari lectiu Curso 2025-26"},"content":{"rendered":"<p>[et_pb_section bb_built=&#8221;1&#8243; admin_label=&#8221;section&#8221; _builder_version=&#8221;3.0.47&#8243;][et_pb_row admin_label=&#8221;row&#8221; _builder_version=&#8221;3.0.47&#8243; background_size=&#8221;initial&#8221; background_position=&#8221;top_left&#8221; background_repeat=&#8221;repeat&#8221;][et_pb_column type=&#8221;4_4&#8243;][et_pb_text admin_label=&#8221;Texto&#8221; _builder_version=&#8221;3.0.51&#8243; background_size=&#8221;initial&#8221; background_position=&#8221;top_left&#8221; background_repeat=&#8221;repeat&#8221; background_layout=&#8221;light&#8221; text_orientation=&#8221;left&#8221; border_style=&#8221;solid&#8221;]<\/p>\n<p>&nbsp;<\/p>\n<table width=\"715\" cellspacing=\"0\" cellpadding=\"7\">\n<colgroup>\n<col width=\"370\" \/>\n<col width=\"315\" \/> <\/colgroup>\n<tbody>\n<tr>\n<td colspan=\"2\" width=\"699\" height=\"11\">1\u00ba CURS<\/td>\n<\/tr>\n<tr>\n<td width=\"370\" height=\"12\">\n<pre class=\"western\"><span style=\"font-size: large;\">INSTRUMENT<\/span><\/pre>\n<\/td>\n<td width=\"315\">\n<pre class=\"western\"><span style=\"font-size: large;\">Horari individual<\/span><\/pre>\n<\/td>\n<\/tr>\n<tr>\n<td width=\"370\" height=\"12\">\n<pre class=\"western\"><span style=\"font-size: large;\">LLENGUATGE MUSICAL<\/span><\/pre>\n<\/td>\n<td width=\"315\">\n<pre class=\"western\"><span style=\"font-size: large;\">GRUP A Y GRUP B\r\nDijous de 18:30 a 19:30 h.\r\n\r\nDivendres de 17:30 a 18:30 h.\r\n\r\n<\/span><\/pre>\n<\/td>\n<\/tr>\n<tr>\n<td width=\"370\" height=\"11\">\n<pre class=\"western\"><span style=\"font-size: large;\">COR<\/span><\/pre>\n<\/td>\n<td width=\"315\">\n<pre class=\"western\"><span style=\"font-size: large;\">Dijous de 17:30 a 18:30 h.<\/span><\/pre>\n<\/td>\n<\/tr>\n<\/tbody>\n<\/table>\n<p>&nbsp;<\/p>\n<table width=\"714\" cellspacing=\"0\" cellpadding=\"7\">\n<colgroup>\n<col width=\"372\" \/>\n<col width=\"312\" \/> <\/colgroup>\n<tbody>\n<tr>\n<td colspan=\"2\" width=\"698\" height=\"11\">2\u00ba CURS<\/td>\n<\/tr>\n<tr>\n<td width=\"372\" height=\"12\">\n<pre class=\"western\"><span style=\"font-size: large;\">INSTRUMENT<\/span><\/pre>\n<\/td>\n<td width=\"312\">\n<pre class=\"western\"><span style=\"font-size: large;\">Horari individual<\/span><\/pre>\n<\/td>\n<\/tr>\n<tr>\n<td width=\"372\" height=\"12\">\n<pre class=\"western\"><span style=\"font-size: large;\">LLENGUATGE MUSICAL<\/span><\/pre>\n<\/td>\n<td width=\"312\">\n<pre class=\"western\"><span style=\"font-size: large;\">GRUP A Y GRUP B\r\nDijous de 17:30 a 18:30 h.\r\n\r\nDivendres de 18:30 a 19:30 h.<\/span><\/pre>\n<\/td>\n<\/tr>\n<tr>\n<td width=\"372\" height=\"11\">\n<pre class=\"western\"><span style=\"font-size: large;\">COR<\/span><\/pre>\n<\/td>\n<td width=\"312\">\n<pre class=\"western\"><span style=\"font-size: large;\">Divendres de 17:30 a 18:30 h.<\/span><\/pre>\n<\/td>\n<\/tr>\n<\/tbody>\n<\/table>\n<p>&nbsp;<\/p>\n<table width=\"716\" cellspacing=\"0\" cellpadding=\"7\">\n<colgroup>\n<col width=\"375\" \/>\n<col width=\"312\" \/> <\/colgroup>\n<tbody>\n<tr>\n<td colspan=\"2\" width=\"700\" height=\"11\">3\u00baCURS<\/td>\n<\/tr>\n<tr>\n<td width=\"375\" height=\"12\">\n<pre class=\"western\"><span style=\"font-size: large;\">INSTRUMENT<\/span><\/pre>\n<\/td>\n<td width=\"312\">\n<pre class=\"western\"><span style=\"font-size: large;\">Horari individual<\/span><\/pre>\n<\/td>\n<\/tr>\n<tr>\n<td width=\"375\" height=\"12\">\n<pre class=\"western\"><span style=\"font-size: large;\">LLENGUATGE MUSICAL<\/span><\/pre>\n<\/td>\n<td width=\"312\">\n<pre class=\"western\"><span style=\"font-size: large;\">GRUP A Y GRUP B\r\nDilluns de 17:30 a 18:30 h.\r\n\r\nDimarts de 19:30 a 20:30 h.<\/span><\/pre>\n<\/td>\n<\/tr>\n<tr>\n<td width=\"375\" height=\"12\">\n<pre class=\"western\"><span style=\"font-size: large;\">COR<\/span><\/pre>\n<\/td>\n<td width=\"312\">\n<pre class=\"western\"><span style=\"font-size: large;\">Dilluns de 18:30 a 19:30 h.<\/span><\/pre>\n<\/td>\n<\/tr>\n<tr>\n<td width=\"375\" height=\"11\">\n<pre class=\"western\"><span style=\"font-size: large;\">CONJUNT<\/span><\/pre>\n<\/td>\n<td width=\"312\">\n<pre class=\"western\"><span style=\"font-size: large;\">Totes les especialitats:\r\nDimecres de 17:30 a 18:30 h.<\/span><\/pre>\n<\/td>\n<\/tr>\n<\/tbody>\n<\/table>\n<p>&nbsp;<\/p>\n<table width=\"714\" cellspacing=\"0\" cellpadding=\"7\">\n<colgroup>\n<col width=\"372\" \/>\n<col width=\"312\" \/> <\/colgroup>\n<tbody>\n<tr>\n<td colspan=\"2\" width=\"698\" height=\"11\">4\u00ba CURS<\/td>\n<\/tr>\n<tr>\n<td width=\"372\" height=\"12\">\n<pre class=\"western\"><span style=\"font-size: large;\">INSTRUMENT<\/span><\/pre>\n<\/td>\n<td width=\"312\">\n<pre class=\"western\"><span style=\"font-size: large;\">Horari individual<\/span><\/pre>\n<\/td>\n<\/tr>\n<tr>\n<td width=\"372\" height=\"12\">\n<pre class=\"western\"><span style=\"font-size: large;\">LLENGUATGE MUSICAL<\/span><\/pre>\n<\/td>\n<td width=\"312\">\n<pre class=\"western\"><span style=\"font-size: large;\">GRUP A Y GRUP B\r\nDilluns de 18:30 a 19:30 h.\r\n\r\nDimarts de 18:30 a 19:30 h.\r\n\r\n<\/span><\/pre>\n<\/td>\n<\/tr>\n<tr>\n<td width=\"372\" height=\"12\">\n<pre class=\"western\"><span style=\"font-size: large;\">COR<\/span><\/pre>\n<\/td>\n<td width=\"312\">\n<pre class=\"western\"><span style=\"font-size: large;\">Dimarts de 17:30 a 18:30 h.<\/span><\/pre>\n<\/td>\n<\/tr>\n<tr>\n<td width=\"372\" height=\"11\">\n<pre class=\"western\"><span style=\"font-size: large;\">CONJUNT<\/span><\/pre>\n<\/td>\n<td width=\"312\">\n<pre class=\"western\"><span style=\"font-size: large;\">Totes les especialitats excepte piano:\r\nDimecres de 17:30 a 18:30 h.\r\n\r\nPiano: Dijous 17:30 a 18:30 h.\r\n\r\n<\/span><\/pre>\n<\/td>\n<\/tr>\n<\/tbody>\n<\/table>\n<p><span style=\"color: #777777; font-family: 'Helvetica Neue', Helvetica, Arial, sans-serif; font-size: 17px; font-weight: bold; background-color: #d9edf7;\">&#8220;LLEI ORG\u00c0NICA 2\/2006, de 3 de maig, d&#8217;Educaci\u00f3n.<\/span><\/p>\n<p><span style=\"color: #777777; font-family: 'Helvetica Neue', Helvetica, Arial, sans-serif; font-size: 17px; font-weight: bold; background-color: #d9edf7;\">ORDEN 28\/2011, de 10 de maig, de la Conselleria d&#8217;Educaci\u00f3, per la qual es regula l&#8217;admissi\u00f3, l&#8217;acc\u00e9s i la matr\u00edcula, aix\u00ed com els aspectes d&#8217;ordenaci\u00f3 general, per a l&#8217;alumnat que curse les ensenyances elementals i professionals de M\u00fasica i Dansa en la Comunitat Valenciana.<\/span><\/p>\n<p><span style=\"color: #777777; font-family: 'Helvetica Neue', Helvetica, Arial, sans-serif; font-size: 17px; font-weight: bold; background-color: #d9edf7;\">DECRET 159\/2007, de 21 de setembre, del Consell, pel que se establix el curr\u00edculum dels ensenyances elementals de m\u00fasica i \u00e9s regula l&#8217;acc\u00e9s a estes ensenyances.<\/span><\/p>\n<p><span style=\"color: #777777; font-family: 'Helvetica Neue', Helvetica, Arial, sans-serif; font-size: 17px; font-weight: bold; background-color: #d9edf7;\">DECRETO 158\/2007, de 21 de setembre, del Consell, pel qual s&#8217;establix el curr\u00edculum de les ensenyances professionals de m\u00fasica i es regula l&#8217;acc\u00e9s a estes ensenyances.\u00a0\u00a0&#8220;<\/span><\/p>\n<p><span style=\"color: #ff0000;\"><strong>ELS HORARIS INDIVIDUALS I COL-LECTIUS DE L&#8217;ALUMNAT DE M\u00daSICA S\u00d3N ORIENTATIUS, TENEN CAR\u00c1CTER PROVISIONAL I, DESPR\u00c9S DE LA MATR\u00cdCULA, PODEN SER MODIFICATS A CAUSA D&#8217;AJUSTOS D&#8217;HORARIS I ALTRES MOTIUS ACAD\u00c8MICS O DE R\u00c8GIM INTERIOR.<\/strong><\/span><\/p>\n<p>&nbsp;<\/p>\n<p>[\/et_pb_text][\/et_pb_column][\/et_pb_row][\/et_pb_section]<\/p>\n","protected":false},"excerpt":{"rendered":"<p>[et_pb_section bb_built=&#8221;1&#8243; admin_label=&#8221;section&#8221; _builder_version=&#8221;3.0.47&#8243;][et_pb_row admin_label=&#8221;row&#8221; _builder_version=&#8221;3.0.47&#8243; background_size=&#8221;initial&#8221; background_position=&#8221;top_left&#8221; background_repeat=&#8221;repeat&#8221;][et_pb_column type=&#8221;4_4&#8243;][et_pb_text admin_label=&#8221;Texto&#8221; _builder_version=&#8221;3.0.51&#8243; background_size=&#8221;initial&#8221; background_position=&#8221;top_left&#8221; background_repeat=&#8221;repeat&#8221; background_layout=&#8221;light&#8221; text_orientation=&#8221;left&#8221; border_style=&#8221;solid&#8221;] &nbsp; 1\u00ba CURS INSTRUMENT Horari individual LLENGUATGE MUSICAL GRUP A Y GRUP B Dijous de 18:30 a 19:30 h. Divendres de 17:30 a 18:30 h. COR Dijous de 17:30 a 18:30 h. &nbsp; 2\u00ba CURS INSTRUMENT Horari [&hellip;]<\/p>\n","protected":false},"author":1,"featured_media":0,"parent":1194,"menu_order":2,"comment_status":"closed","ping_status":"closed","template":"","meta":{"footnotes":""},"class_list":["post-590","page","type-page","status-publish","hentry"],"yoast_head":"<!-- This site is optimized with the Yoast SEO plugin v27.3 - https:\/\/yoast.com\/product\/yoast-seo-wordpress\/ -->\n<title>Horari lectiu Curso 2025-26 - Conservatori Professional de M\u00fasica Juan Cant\u00f3 en Alcoi<\/title>\n<meta name=\"robots\" content=\"index, follow, max-snippet:-1, max-image-preview:large, max-video-preview:-1\" \/>\n<link rel=\"canonical\" href=\"https:\/\/www.conservatorialcoi.com\/ca\/informacio-academica\/ensenanza-elemental\/horari-lectiu-curso-2025-26\/\" \/>\n<meta property=\"og:locale\" content=\"ca_ES\" \/>\n<meta property=\"og:type\" content=\"article\" \/>\n<meta property=\"og:title\" content=\"Horari lectiu Curso 2025-26 - Conservatori Professional de M\u00fasica Juan Cant\u00f3 en Alcoi\" \/>\n<meta property=\"og:description\" content=\"[et_pb_section bb_built=&#8221;1&#8243; admin_label=&#8221;section&#8221; _builder_version=&#8221;3.0.47&#8243;][et_pb_row admin_label=&#8221;row&#8221; _builder_version=&#8221;3.0.47&#8243; background_size=&#8221;initial&#8221; background_position=&#8221;top_left&#8221; background_repeat=&#8221;repeat&#8221;][et_pb_column type=&#8221;4_4&#8243;][et_pb_text admin_label=&#8221;Texto&#8221; _builder_version=&#8221;3.0.51&#8243; background_size=&#8221;initial&#8221; background_position=&#8221;top_left&#8221; background_repeat=&#8221;repeat&#8221; background_layout=&#8221;light&#8221; text_orientation=&#8221;left&#8221; border_style=&#8221;solid&#8221;] &nbsp; 1\u00ba CURS INSTRUMENT Horari individual LLENGUATGE MUSICAL GRUP A Y GRUP B Dijous de 18:30 a 19:30 h. Divendres de 17:30 a 18:30 h. COR Dijous de 17:30 a 18:30 h. &nbsp; 2\u00ba CURS INSTRUMENT Horari [&hellip;]\" \/>\n<meta property=\"og:url\" content=\"https:\/\/www.conservatorialcoi.com\/ca\/informacio-academica\/ensenanza-elemental\/horari-lectiu-curso-2025-26\/\" \/>\n<meta property=\"og:site_name\" content=\"Conservatori Professional de M\u00fasica Juan Cant\u00f3 en Alcoi\" \/>\n<meta property=\"article:modified_time\" content=\"2025-07-09T10:32:22+00:00\" \/>\n<meta name=\"twitter:card\" content=\"summary_large_image\" \/>\n<meta name=\"twitter:label1\" content=\"Temps estimat de lectura\" \/>\n\t<meta name=\"twitter:data1\" content=\"1 minut\" \/>\n<script type=\"application\/ld+json\" class=\"yoast-schema-graph\">{\"@context\":\"https:\\\/\\\/schema.org\",\"@graph\":[{\"@type\":\"WebPage\",\"@id\":\"https:\\\/\\\/www.conservatorialcoi.com\\\/ca\\\/informacio-academica\\\/ensenanza-elemental\\\/horari-lectiu-curso-2025-26\\\/\",\"url\":\"https:\\\/\\\/www.conservatorialcoi.com\\\/ca\\\/informacio-academica\\\/ensenanza-elemental\\\/horari-lectiu-curso-2025-26\\\/\",\"name\":\"Horari lectiu Curso 2025-26 - Conservatori Professional de M\u00fasica Juan Cant\u00f3 en Alcoi\",\"isPartOf\":{\"@id\":\"https:\\\/\\\/www.conservatorialcoi.com\\\/#website\"},\"datePublished\":\"2019-01-31T08:16:15+00:00\",\"dateModified\":\"2025-07-09T10:32:22+00:00\",\"breadcrumb\":{\"@id\":\"https:\\\/\\\/www.conservatorialcoi.com\\\/ca\\\/informacio-academica\\\/ensenanza-elemental\\\/horari-lectiu-curso-2025-26\\\/#breadcrumb\"},\"inLanguage\":\"ca\",\"potentialAction\":[{\"@type\":\"ReadAction\",\"target\":[\"https:\\\/\\\/www.conservatorialcoi.com\\\/ca\\\/informacio-academica\\\/ensenanza-elemental\\\/horari-lectiu-curso-2025-26\\\/\"]}]},{\"@type\":\"BreadcrumbList\",\"@id\":\"https:\\\/\\\/www.conservatorialcoi.com\\\/ca\\\/informacio-academica\\\/ensenanza-elemental\\\/horari-lectiu-curso-2025-26\\\/#breadcrumb\",\"itemListElement\":[{\"@type\":\"ListItem\",\"position\":1,\"name\":\"Portada\",\"item\":\"https:\\\/\\\/www.conservatorialcoi.com\\\/ca\\\/\"},{\"@type\":\"ListItem\",\"position\":2,\"name\":\"Informaci\u00f3 acad\u00e8mica\",\"item\":\"https:\\\/\\\/www.conservatorialcoi.com\\\/ca\\\/informacio-academica\\\/\"},{\"@type\":\"ListItem\",\"position\":3,\"name\":\"Ensenyaments Elementals\",\"item\":\"https:\\\/\\\/www.conservatorialcoi.com\\\/ca\\\/informacio-academica\\\/ensenanza-elemental\\\/\"},{\"@type\":\"ListItem\",\"position\":4,\"name\":\"Horari lectiu Curso 2025-26\"}]},{\"@type\":\"WebSite\",\"@id\":\"https:\\\/\\\/www.conservatorialcoi.com\\\/#website\",\"url\":\"https:\\\/\\\/www.conservatorialcoi.com\\\/\",\"name\":\"Conservatori Professional de M\u00fasica Juan Cant\u00f3 en Alcoi\",\"description\":\"\",\"potentialAction\":[{\"@type\":\"SearchAction\",\"target\":{\"@type\":\"EntryPoint\",\"urlTemplate\":\"https:\\\/\\\/www.conservatorialcoi.com\\\/?s={search_term_string}\"},\"query-input\":{\"@type\":\"PropertyValueSpecification\",\"valueRequired\":true,\"valueName\":\"search_term_string\"}}],\"inLanguage\":\"ca\"}]}<\/script>\n<!-- \/ Yoast SEO plugin. -->","yoast_head_json":{"title":"Horari lectiu Curso 2025-26 - Conservatori Professional de M\u00fasica Juan Cant\u00f3 en Alcoi","robots":{"index":"index","follow":"follow","max-snippet":"max-snippet:-1","max-image-preview":"max-image-preview:large","max-video-preview":"max-video-preview:-1"},"canonical":"https:\/\/www.conservatorialcoi.com\/ca\/informacio-academica\/ensenanza-elemental\/horari-lectiu-curso-2025-26\/","og_locale":"ca_ES","og_type":"article","og_title":"Horari lectiu Curso 2025-26 - Conservatori Professional de M\u00fasica Juan Cant\u00f3 en Alcoi","og_description":"[et_pb_section bb_built=&#8221;1&#8243; admin_label=&#8221;section&#8221; _builder_version=&#8221;3.0.47&#8243;][et_pb_row admin_label=&#8221;row&#8221; _builder_version=&#8221;3.0.47&#8243; background_size=&#8221;initial&#8221; background_position=&#8221;top_left&#8221; background_repeat=&#8221;repeat&#8221;][et_pb_column type=&#8221;4_4&#8243;][et_pb_text admin_label=&#8221;Texto&#8221; _builder_version=&#8221;3.0.51&#8243; background_size=&#8221;initial&#8221; background_position=&#8221;top_left&#8221; background_repeat=&#8221;repeat&#8221; background_layout=&#8221;light&#8221; text_orientation=&#8221;left&#8221; border_style=&#8221;solid&#8221;] &nbsp; 1\u00ba CURS INSTRUMENT Horari individual LLENGUATGE MUSICAL GRUP A Y GRUP B Dijous de 18:30 a 19:30 h. Divendres de 17:30 a 18:30 h. COR Dijous de 17:30 a 18:30 h. &nbsp; 2\u00ba CURS INSTRUMENT Horari [&hellip;]","og_url":"https:\/\/www.conservatorialcoi.com\/ca\/informacio-academica\/ensenanza-elemental\/horari-lectiu-curso-2025-26\/","og_site_name":"Conservatori Professional de M\u00fasica Juan Cant\u00f3 en Alcoi","article_modified_time":"2025-07-09T10:32:22+00:00","twitter_card":"summary_large_image","twitter_misc":{"Temps estimat de lectura":"1 minut"},"schema":{"@context":"https:\/\/schema.org","@graph":[{"@type":"WebPage","@id":"https:\/\/www.conservatorialcoi.com\/ca\/informacio-academica\/ensenanza-elemental\/horari-lectiu-curso-2025-26\/","url":"https:\/\/www.conservatorialcoi.com\/ca\/informacio-academica\/ensenanza-elemental\/horari-lectiu-curso-2025-26\/","name":"Horari lectiu Curso 2025-26 - Conservatori Professional de M\u00fasica Juan Cant\u00f3 en Alcoi","isPartOf":{"@id":"https:\/\/www.conservatorialcoi.com\/#website"},"datePublished":"2019-01-31T08:16:15+00:00","dateModified":"2025-07-09T10:32:22+00:00","breadcrumb":{"@id":"https:\/\/www.conservatorialcoi.com\/ca\/informacio-academica\/ensenanza-elemental\/horari-lectiu-curso-2025-26\/#breadcrumb"},"inLanguage":"ca","potentialAction":[{"@type":"ReadAction","target":["https:\/\/www.conservatorialcoi.com\/ca\/informacio-academica\/ensenanza-elemental\/horari-lectiu-curso-2025-26\/"]}]},{"@type":"BreadcrumbList","@id":"https:\/\/www.conservatorialcoi.com\/ca\/informacio-academica\/ensenanza-elemental\/horari-lectiu-curso-2025-26\/#breadcrumb","itemListElement":[{"@type":"ListItem","position":1,"name":"Portada","item":"https:\/\/www.conservatorialcoi.com\/ca\/"},{"@type":"ListItem","position":2,"name":"Informaci\u00f3 acad\u00e8mica","item":"https:\/\/www.conservatorialcoi.com\/ca\/informacio-academica\/"},{"@type":"ListItem","position":3,"name":"Ensenyaments Elementals","item":"https:\/\/www.conservatorialcoi.com\/ca\/informacio-academica\/ensenanza-elemental\/"},{"@type":"ListItem","position":4,"name":"Horari lectiu Curso 2025-26"}]},{"@type":"WebSite","@id":"https:\/\/www.conservatorialcoi.com\/#website","url":"https:\/\/www.conservatorialcoi.com\/","name":"Conservatori Professional de M\u00fasica Juan Cant\u00f3 en Alcoi","description":"","potentialAction":[{"@type":"SearchAction","target":{"@type":"EntryPoint","urlTemplate":"https:\/\/www.conservatorialcoi.com\/?s={search_term_string}"},"query-input":{"@type":"PropertyValueSpecification","valueRequired":true,"valueName":"search_term_string"}}],"inLanguage":"ca"}]}},"_links":{"self":[{"href":"https:\/\/www.conservatorialcoi.com\/ca\/wp-json\/wp\/v2\/pages\/590","targetHints":{"allow":["GET"]}}],"collection":[{"href":"https:\/\/www.conservatorialcoi.com\/ca\/wp-json\/wp\/v2\/pages"}],"about":[{"href":"https:\/\/www.conservatorialcoi.com\/ca\/wp-json\/wp\/v2\/types\/page"}],"author":[{"embeddable":true,"href":"https:\/\/www.conservatorialcoi.com\/ca\/wp-json\/wp\/v2\/users\/1"}],"replies":[{"embeddable":true,"href":"https:\/\/www.conservatorialcoi.com\/ca\/wp-json\/wp\/v2\/comments?post=590"}],"version-history":[{"count":60,"href":"https:\/\/www.conservatorialcoi.com\/ca\/wp-json\/wp\/v2\/pages\/590\/revisions"}],"predecessor-version":[{"id":10206,"href":"https:\/\/www.conservatorialcoi.com\/ca\/wp-json\/wp\/v2\/pages\/590\/revisions\/10206"}],"up":[{"embeddable":true,"href":"https:\/\/www.conservatorialcoi.com\/ca\/wp-json\/wp\/v2\/pages\/1194"}],"wp:attachment":[{"href":"https:\/\/www.conservatorialcoi.com\/ca\/wp-json\/wp\/v2\/media?parent=590"}],"curies":[{"name":"wp","href":"https:\/\/api.w.org\/{rel}","templated":true}]}}