{"id":576,"date":"2019-01-30T15:07:21","date_gmt":"2019-01-30T15:07:21","guid":{"rendered":"https:\/\/www.conservatorialcoi.com\/\/pas\/"},"modified":"2024-06-11T14:53:30","modified_gmt":"2024-06-11T14:53:30","slug":"pas","status":"publish","type":"page","link":"https:\/\/www.conservatorialcoi.com\/ca\/conservatorio\/pas\/","title":{"rendered":"PAS"},"content":{"rendered":"<p><strong>PAS\u00a0(Personal d,administraci\u00f2 i serveis)<\/strong><\/p>\n<p>El centre compta amb dos encarregats de conservatori que fan les tasques administratives de gesti\u00f3 per al correcte funcionament d&#8217;aquest, Marla Garc\u00eda Pascual y Francisco Javier Parra Bacete<\/p>\n","protected":false},"excerpt":{"rendered":"<p>PAS\u00a0(Personal d,administraci\u00f2 i serveis) El centre compta amb dos encarregats de conservatori que fan les tasques administratives de gesti\u00f3 per al correcte funcionament d&#8217;aquest, Marla Garc\u00eda Pascual y Francisco Javier Parra Bacete<\/p>\n","protected":false},"author":1,"featured_media":0,"parent":1192,"menu_order":5,"comment_status":"closed","ping_status":"closed","template":"","meta":{"footnotes":""},"class_list":["post-576","page","type-page","status-publish","hentry"],"yoast_head":"<!-- This site is optimized with the Yoast SEO plugin v27.3 - https:\/\/yoast.com\/product\/yoast-seo-wordpress\/ -->\n<title>PAS - Conservatori Professional de M\u00fasica Juan Cant\u00f3 en Alcoi<\/title>\n<meta name=\"robots\" content=\"index, follow, max-snippet:-1, max-image-preview:large, max-video-preview:-1\" \/>\n<link rel=\"canonical\" href=\"https:\/\/www.conservatorialcoi.com\/ca\/conservatorio\/pas\/\" \/>\n<meta property=\"og:locale\" content=\"ca_ES\" \/>\n<meta property=\"og:type\" content=\"article\" \/>\n<meta property=\"og:title\" content=\"PAS - Conservatori Professional de M\u00fasica Juan Cant\u00f3 en Alcoi\" \/>\n<meta property=\"og:description\" content=\"PAS\u00a0(Personal d,administraci\u00f2 i serveis) El centre compta amb dos encarregats de conservatori que fan les tasques administratives de gesti\u00f3 per al correcte funcionament d&#8217;aquest, Marla Garc\u00eda Pascual y Francisco Javier Parra Bacete\" \/>\n<meta property=\"og:url\" content=\"https:\/\/www.conservatorialcoi.com\/ca\/conservatorio\/pas\/\" \/>\n<meta property=\"og:site_name\" content=\"Conservatori Professional de M\u00fasica Juan Cant\u00f3 en Alcoi\" \/>\n<meta property=\"article:modified_time\" content=\"2024-06-11T14:53:30+00:00\" \/>\n<meta name=\"twitter:card\" content=\"summary_large_image\" \/>\n<meta name=\"twitter:label1\" content=\"Temps estimat de lectura\" \/>\n\t<meta name=\"twitter:data1\" content=\"1 minut\" \/>\n<script type=\"application\/ld+json\" class=\"yoast-schema-graph\">{\"@context\":\"https:\\\/\\\/schema.org\",\"@graph\":[{\"@type\":\"WebPage\",\"@id\":\"https:\\\/\\\/www.conservatorialcoi.com\\\/ca\\\/conservatorio\\\/pas\\\/\",\"url\":\"https:\\\/\\\/www.conservatorialcoi.com\\\/ca\\\/conservatorio\\\/pas\\\/\",\"name\":\"PAS - Conservatori Professional de M\u00fasica Juan Cant\u00f3 en Alcoi\",\"isPartOf\":{\"@id\":\"https:\\\/\\\/www.conservatorialcoi.com\\\/#website\"},\"datePublished\":\"2019-01-30T15:07:21+00:00\",\"dateModified\":\"2024-06-11T14:53:30+00:00\",\"breadcrumb\":{\"@id\":\"https:\\\/\\\/www.conservatorialcoi.com\\\/ca\\\/conservatorio\\\/pas\\\/#breadcrumb\"},\"inLanguage\":\"ca\",\"potentialAction\":[{\"@type\":\"ReadAction\",\"target\":[\"https:\\\/\\\/www.conservatorialcoi.com\\\/ca\\\/conservatorio\\\/pas\\\/\"]}]},{\"@type\":\"BreadcrumbList\",\"@id\":\"https:\\\/\\\/www.conservatorialcoi.com\\\/ca\\\/conservatorio\\\/pas\\\/#breadcrumb\",\"itemListElement\":[{\"@type\":\"ListItem\",\"position\":1,\"name\":\"Portada\",\"item\":\"https:\\\/\\\/www.conservatorialcoi.com\\\/ca\\\/\"},{\"@type\":\"ListItem\",\"position\":2,\"name\":\"Conservatori\",\"item\":\"https:\\\/\\\/www.conservatorialcoi.com\\\/ca\\\/conservatorio\\\/\"},{\"@type\":\"ListItem\",\"position\":3,\"name\":\"PAS\"}]},{\"@type\":\"WebSite\",\"@id\":\"https:\\\/\\\/www.conservatorialcoi.com\\\/#website\",\"url\":\"https:\\\/\\\/www.conservatorialcoi.com\\\/\",\"name\":\"Conservatori Professional de M\u00fasica Juan Cant\u00f3 en Alcoi\",\"description\":\"\",\"potentialAction\":[{\"@type\":\"SearchAction\",\"target\":{\"@type\":\"EntryPoint\",\"urlTemplate\":\"https:\\\/\\\/www.conservatorialcoi.com\\\/?s={search_term_string}\"},\"query-input\":{\"@type\":\"PropertyValueSpecification\",\"valueRequired\":true,\"valueName\":\"search_term_string\"}}],\"inLanguage\":\"ca\"}]}<\/script>\n<!-- \/ Yoast SEO plugin. -->","yoast_head_json":{"title":"PAS - Conservatori Professional de M\u00fasica Juan Cant\u00f3 en Alcoi","robots":{"index":"index","follow":"follow","max-snippet":"max-snippet:-1","max-image-preview":"max-image-preview:large","max-video-preview":"max-video-preview:-1"},"canonical":"https:\/\/www.conservatorialcoi.com\/ca\/conservatorio\/pas\/","og_locale":"ca_ES","og_type":"article","og_title":"PAS - Conservatori Professional de M\u00fasica Juan Cant\u00f3 en Alcoi","og_description":"PAS\u00a0(Personal d,administraci\u00f2 i serveis) El centre compta amb dos encarregats de conservatori que fan les tasques administratives de gesti\u00f3 per al correcte funcionament d&#8217;aquest, Marla Garc\u00eda Pascual y Francisco Javier Parra Bacete","og_url":"https:\/\/www.conservatorialcoi.com\/ca\/conservatorio\/pas\/","og_site_name":"Conservatori Professional de M\u00fasica Juan Cant\u00f3 en Alcoi","article_modified_time":"2024-06-11T14:53:30+00:00","twitter_card":"summary_large_image","twitter_misc":{"Temps estimat de lectura":"1 minut"},"schema":{"@context":"https:\/\/schema.org","@graph":[{"@type":"WebPage","@id":"https:\/\/www.conservatorialcoi.com\/ca\/conservatorio\/pas\/","url":"https:\/\/www.conservatorialcoi.com\/ca\/conservatorio\/pas\/","name":"PAS - Conservatori Professional de M\u00fasica Juan Cant\u00f3 en Alcoi","isPartOf":{"@id":"https:\/\/www.conservatorialcoi.com\/#website"},"datePublished":"2019-01-30T15:07:21+00:00","dateModified":"2024-06-11T14:53:30+00:00","breadcrumb":{"@id":"https:\/\/www.conservatorialcoi.com\/ca\/conservatorio\/pas\/#breadcrumb"},"inLanguage":"ca","potentialAction":[{"@type":"ReadAction","target":["https:\/\/www.conservatorialcoi.com\/ca\/conservatorio\/pas\/"]}]},{"@type":"BreadcrumbList","@id":"https:\/\/www.conservatorialcoi.com\/ca\/conservatorio\/pas\/#breadcrumb","itemListElement":[{"@type":"ListItem","position":1,"name":"Portada","item":"https:\/\/www.conservatorialcoi.com\/ca\/"},{"@type":"ListItem","position":2,"name":"Conservatori","item":"https:\/\/www.conservatorialcoi.com\/ca\/conservatorio\/"},{"@type":"ListItem","position":3,"name":"PAS"}]},{"@type":"WebSite","@id":"https:\/\/www.conservatorialcoi.com\/#website","url":"https:\/\/www.conservatorialcoi.com\/","name":"Conservatori Professional de M\u00fasica Juan Cant\u00f3 en Alcoi","description":"","potentialAction":[{"@type":"SearchAction","target":{"@type":"EntryPoint","urlTemplate":"https:\/\/www.conservatorialcoi.com\/?s={search_term_string}"},"query-input":{"@type":"PropertyValueSpecification","valueRequired":true,"valueName":"search_term_string"}}],"inLanguage":"ca"}]}},"_links":{"self":[{"href":"https:\/\/www.conservatorialcoi.com\/ca\/wp-json\/wp\/v2\/pages\/576","targetHints":{"allow":["GET"]}}],"collection":[{"href":"https:\/\/www.conservatorialcoi.com\/ca\/wp-json\/wp\/v2\/pages"}],"about":[{"href":"https:\/\/www.conservatorialcoi.com\/ca\/wp-json\/wp\/v2\/types\/page"}],"author":[{"embeddable":true,"href":"https:\/\/www.conservatorialcoi.com\/ca\/wp-json\/wp\/v2\/users\/1"}],"replies":[{"embeddable":true,"href":"https:\/\/www.conservatorialcoi.com\/ca\/wp-json\/wp\/v2\/comments?post=576"}],"version-history":[{"count":1,"href":"https:\/\/www.conservatorialcoi.com\/ca\/wp-json\/wp\/v2\/pages\/576\/revisions"}],"predecessor-version":[{"id":8871,"href":"https:\/\/www.conservatorialcoi.com\/ca\/wp-json\/wp\/v2\/pages\/576\/revisions\/8871"}],"up":[{"embeddable":true,"href":"https:\/\/www.conservatorialcoi.com\/ca\/wp-json\/wp\/v2\/pages\/1192"}],"wp:attachment":[{"href":"https:\/\/www.conservatorialcoi.com\/ca\/wp-json\/wp\/v2\/media?parent=576"}],"curies":[{"name":"wp","href":"https:\/\/api.w.org\/{rel}","templated":true}]}}