{"id":570,"date":"2019-01-30T14:42:20","date_gmt":"2019-01-30T14:42:20","guid":{"rendered":"https:\/\/www.conservatorialcoi.com\/\/organigrama\/"},"modified":"2019-01-30T14:42:20","modified_gmt":"2019-01-30T14:42:20","slug":"organigrama","status":"publish","type":"page","link":"https:\/\/www.conservatorialcoi.com\/ca\/conservatorio\/organigrama\/","title":{"rendered":"Organigrama"},"content":{"rendered":"<h2>Organigrama<\/h2>\n<p><strong>Equip directiu:<\/strong><\/p>\n<ul>\n<li>Juan Antonio Recuerda Serra, Director.<\/li>\n<li>Tare Darias Fernandez, Cap d&#8217;estudis.<\/li>\n<li>Georgina Miralles Va\u00f1\u00f3, Secret\u00e0ria.<\/li>\n<\/ul>\n<p>L&#8217;horari d&#8217;atenci\u00f3 de l&#8217;equip directiu ser\u00e0 els dilluns, dimarts i dijous de 15,30 a 16,30h<br \/>\npr\u00e8via cita.<\/p>\n<p><strong>Comissi\u00f3 de Coordinaci\u00f3 Pedag\u00f2gica:<\/strong><br \/>\nFormada pels caps i caps de departament juntament amb l&#8217;equip directiu.<\/p>\n<p><strong>Consell escolar:<\/strong><br \/>\nM\u00e0xim \u00f2rgan de representaci\u00f3 de la comunitat educativa del centre presidit pel director<br \/>\ntenen en ell representaci\u00f3 els pares, alumnes, professors, personal d&#8217;administraci\u00f3 i<br \/>\nserveis, i l&#8217;ajuntament a trav\u00e9s del regidor d&#8217;educaci\u00f3. La composici\u00f3 del mateix va variant<br \/>\nmitjan\u00e7ant eleccions que v\u00e9nen marcades per la Conselleria d&#8217;Educaci\u00f3.<\/p>\n","protected":false},"excerpt":{"rendered":"<p>Organigrama Equip directiu: Juan Antonio Recuerda Serra, Director. Tare Darias Fernandez, Cap d&#8217;estudis. Georgina Miralles Va\u00f1\u00f3, Secret\u00e0ria. L&#8217;horari d&#8217;atenci\u00f3 de l&#8217;equip directiu ser\u00e0 els dilluns, dimarts i dijous de 15,30 a 16,30h pr\u00e8via cita. Comissi\u00f3 de Coordinaci\u00f3 Pedag\u00f2gica: Formada pels caps i caps de departament juntament amb l&#8217;equip directiu. Consell escolar: M\u00e0xim \u00f2rgan de representaci\u00f3 [&hellip;]<\/p>\n","protected":false},"author":1,"featured_media":0,"parent":1192,"menu_order":2,"comment_status":"closed","ping_status":"closed","template":"","meta":{"footnotes":""},"class_list":["post-570","page","type-page","status-publish","hentry"],"yoast_head":"<!-- This site is optimized with the Yoast SEO plugin v27.3 - https:\/\/yoast.com\/product\/yoast-seo-wordpress\/ -->\n<title>Organigrama - Conservatori Professional de M\u00fasica Juan Cant\u00f3 en Alcoi<\/title>\n<meta name=\"robots\" content=\"index, follow, max-snippet:-1, max-image-preview:large, max-video-preview:-1\" \/>\n<link rel=\"canonical\" href=\"https:\/\/www.conservatorialcoi.com\/ca\/conservatorio\/organigrama\/\" \/>\n<meta property=\"og:locale\" content=\"ca_ES\" \/>\n<meta property=\"og:type\" content=\"article\" \/>\n<meta property=\"og:title\" content=\"Organigrama - Conservatori Professional de M\u00fasica Juan Cant\u00f3 en Alcoi\" \/>\n<meta property=\"og:description\" content=\"Organigrama Equip directiu: Juan Antonio Recuerda Serra, Director. Tare Darias Fernandez, Cap d&#8217;estudis. Georgina Miralles Va\u00f1\u00f3, Secret\u00e0ria. L&#8217;horari d&#8217;atenci\u00f3 de l&#8217;equip directiu ser\u00e0 els dilluns, dimarts i dijous de 15,30 a 16,30h pr\u00e8via cita. Comissi\u00f3 de Coordinaci\u00f3 Pedag\u00f2gica: Formada pels caps i caps de departament juntament amb l&#8217;equip directiu. Consell escolar: M\u00e0xim \u00f2rgan de representaci\u00f3 [&hellip;]\" \/>\n<meta property=\"og:url\" content=\"https:\/\/www.conservatorialcoi.com\/ca\/conservatorio\/organigrama\/\" \/>\n<meta property=\"og:site_name\" content=\"Conservatori Professional de M\u00fasica Juan Cant\u00f3 en Alcoi\" \/>\n<meta name=\"twitter:card\" content=\"summary_large_image\" \/>\n<meta name=\"twitter:label1\" content=\"Temps estimat de lectura\" \/>\n\t<meta name=\"twitter:data1\" content=\"1 minut\" \/>\n<script type=\"application\/ld+json\" class=\"yoast-schema-graph\">{\"@context\":\"https:\\\/\\\/schema.org\",\"@graph\":[{\"@type\":\"WebPage\",\"@id\":\"https:\\\/\\\/www.conservatorialcoi.com\\\/ca\\\/conservatorio\\\/organigrama\\\/\",\"url\":\"https:\\\/\\\/www.conservatorialcoi.com\\\/ca\\\/conservatorio\\\/organigrama\\\/\",\"name\":\"Organigrama - Conservatori Professional de M\u00fasica Juan Cant\u00f3 en Alcoi\",\"isPartOf\":{\"@id\":\"https:\\\/\\\/www.conservatorialcoi.com\\\/#website\"},\"datePublished\":\"2019-01-30T14:42:20+00:00\",\"breadcrumb\":{\"@id\":\"https:\\\/\\\/www.conservatorialcoi.com\\\/ca\\\/conservatorio\\\/organigrama\\\/#breadcrumb\"},\"inLanguage\":\"ca\",\"potentialAction\":[{\"@type\":\"ReadAction\",\"target\":[\"https:\\\/\\\/www.conservatorialcoi.com\\\/ca\\\/conservatorio\\\/organigrama\\\/\"]}]},{\"@type\":\"BreadcrumbList\",\"@id\":\"https:\\\/\\\/www.conservatorialcoi.com\\\/ca\\\/conservatorio\\\/organigrama\\\/#breadcrumb\",\"itemListElement\":[{\"@type\":\"ListItem\",\"position\":1,\"name\":\"Portada\",\"item\":\"https:\\\/\\\/www.conservatorialcoi.com\\\/ca\\\/\"},{\"@type\":\"ListItem\",\"position\":2,\"name\":\"Conservatori\",\"item\":\"https:\\\/\\\/www.conservatorialcoi.com\\\/ca\\\/conservatorio\\\/\"},{\"@type\":\"ListItem\",\"position\":3,\"name\":\"Organigrama\"}]},{\"@type\":\"WebSite\",\"@id\":\"https:\\\/\\\/www.conservatorialcoi.com\\\/#website\",\"url\":\"https:\\\/\\\/www.conservatorialcoi.com\\\/\",\"name\":\"Conservatori Professional de M\u00fasica Juan Cant\u00f3 en Alcoi\",\"description\":\"\",\"potentialAction\":[{\"@type\":\"SearchAction\",\"target\":{\"@type\":\"EntryPoint\",\"urlTemplate\":\"https:\\\/\\\/www.conservatorialcoi.com\\\/?s={search_term_string}\"},\"query-input\":{\"@type\":\"PropertyValueSpecification\",\"valueRequired\":true,\"valueName\":\"search_term_string\"}}],\"inLanguage\":\"ca\"}]}<\/script>\n<!-- \/ Yoast SEO plugin. -->","yoast_head_json":{"title":"Organigrama - Conservatori Professional de M\u00fasica Juan Cant\u00f3 en Alcoi","robots":{"index":"index","follow":"follow","max-snippet":"max-snippet:-1","max-image-preview":"max-image-preview:large","max-video-preview":"max-video-preview:-1"},"canonical":"https:\/\/www.conservatorialcoi.com\/ca\/conservatorio\/organigrama\/","og_locale":"ca_ES","og_type":"article","og_title":"Organigrama - Conservatori Professional de M\u00fasica Juan Cant\u00f3 en Alcoi","og_description":"Organigrama Equip directiu: Juan Antonio Recuerda Serra, Director. Tare Darias Fernandez, Cap d&#8217;estudis. Georgina Miralles Va\u00f1\u00f3, Secret\u00e0ria. L&#8217;horari d&#8217;atenci\u00f3 de l&#8217;equip directiu ser\u00e0 els dilluns, dimarts i dijous de 15,30 a 16,30h pr\u00e8via cita. Comissi\u00f3 de Coordinaci\u00f3 Pedag\u00f2gica: Formada pels caps i caps de departament juntament amb l&#8217;equip directiu. Consell escolar: M\u00e0xim \u00f2rgan de representaci\u00f3 [&hellip;]","og_url":"https:\/\/www.conservatorialcoi.com\/ca\/conservatorio\/organigrama\/","og_site_name":"Conservatori Professional de M\u00fasica Juan Cant\u00f3 en Alcoi","twitter_card":"summary_large_image","twitter_misc":{"Temps estimat de lectura":"1 minut"},"schema":{"@context":"https:\/\/schema.org","@graph":[{"@type":"WebPage","@id":"https:\/\/www.conservatorialcoi.com\/ca\/conservatorio\/organigrama\/","url":"https:\/\/www.conservatorialcoi.com\/ca\/conservatorio\/organigrama\/","name":"Organigrama - Conservatori Professional de M\u00fasica Juan Cant\u00f3 en Alcoi","isPartOf":{"@id":"https:\/\/www.conservatorialcoi.com\/#website"},"datePublished":"2019-01-30T14:42:20+00:00","breadcrumb":{"@id":"https:\/\/www.conservatorialcoi.com\/ca\/conservatorio\/organigrama\/#breadcrumb"},"inLanguage":"ca","potentialAction":[{"@type":"ReadAction","target":["https:\/\/www.conservatorialcoi.com\/ca\/conservatorio\/organigrama\/"]}]},{"@type":"BreadcrumbList","@id":"https:\/\/www.conservatorialcoi.com\/ca\/conservatorio\/organigrama\/#breadcrumb","itemListElement":[{"@type":"ListItem","position":1,"name":"Portada","item":"https:\/\/www.conservatorialcoi.com\/ca\/"},{"@type":"ListItem","position":2,"name":"Conservatori","item":"https:\/\/www.conservatorialcoi.com\/ca\/conservatorio\/"},{"@type":"ListItem","position":3,"name":"Organigrama"}]},{"@type":"WebSite","@id":"https:\/\/www.conservatorialcoi.com\/#website","url":"https:\/\/www.conservatorialcoi.com\/","name":"Conservatori Professional de M\u00fasica Juan Cant\u00f3 en Alcoi","description":"","potentialAction":[{"@type":"SearchAction","target":{"@type":"EntryPoint","urlTemplate":"https:\/\/www.conservatorialcoi.com\/?s={search_term_string}"},"query-input":{"@type":"PropertyValueSpecification","valueRequired":true,"valueName":"search_term_string"}}],"inLanguage":"ca"}]}},"_links":{"self":[{"href":"https:\/\/www.conservatorialcoi.com\/ca\/wp-json\/wp\/v2\/pages\/570","targetHints":{"allow":["GET"]}}],"collection":[{"href":"https:\/\/www.conservatorialcoi.com\/ca\/wp-json\/wp\/v2\/pages"}],"about":[{"href":"https:\/\/www.conservatorialcoi.com\/ca\/wp-json\/wp\/v2\/types\/page"}],"author":[{"embeddable":true,"href":"https:\/\/www.conservatorialcoi.com\/ca\/wp-json\/wp\/v2\/users\/1"}],"replies":[{"embeddable":true,"href":"https:\/\/www.conservatorialcoi.com\/ca\/wp-json\/wp\/v2\/comments?post=570"}],"version-history":[{"count":0,"href":"https:\/\/www.conservatorialcoi.com\/ca\/wp-json\/wp\/v2\/pages\/570\/revisions"}],"up":[{"embeddable":true,"href":"https:\/\/www.conservatorialcoi.com\/ca\/wp-json\/wp\/v2\/pages\/1192"}],"wp:attachment":[{"href":"https:\/\/www.conservatorialcoi.com\/ca\/wp-json\/wp\/v2\/media?parent=570"}],"curies":[{"name":"wp","href":"https:\/\/api.w.org\/{rel}","templated":true}]}}