{"id":565,"date":"2019-01-30T12:29:55","date_gmt":"2019-01-30T12:29:55","guid":{"rendered":"https:\/\/www.conservatorialcoi.com\/\/una-mica-dhistoria\/"},"modified":"2020-06-24T15:38:18","modified_gmt":"2020-06-24T15:38:18","slug":"una-mica-dhistoria","status":"publish","type":"page","link":"https:\/\/www.conservatorialcoi.com\/ca\/conservatorio\/una-mica-dhistoria\/","title":{"rendered":"Una mica d&#8217;hist\u00f2ria"},"content":{"rendered":"<p>[et_pb_section bb_built=&#8221;1&#8243; admin_label=&#8221;section&#8221;][et_pb_row admin_label=&#8221;row&#8221;][et_pb_column type=&#8221;4_4&#8243;][et_pb_text admin_label=&#8221;Texto&#8221; _builder_version=&#8221;3.0.51&#8243; background_layout=&#8221;light&#8221; text_orientation=&#8221;left&#8221; border_style=&#8221;solid&#8221;]<\/p>\n<h2>Una mica d&#8217;hist\u00f2ria<\/h2>\n<p>L&#8217;any 1961 es crea l&#8217;Escola Municipal de belles arts, la secci\u00f3 de m\u00fasica \u00e9s el germen de l&#8217;actual conservatori. En 1983 passa a ser un Centre reconegut adscrit al conservatori d&#8217;Alacant.<\/p>\n<p>Posteriorment en 1986 es cataloga com a Conservatori Elemental de M\u00fasica, i en 1996 se\u00a0li atorga la denominaci\u00f3 de Conservatori Professional.<\/p>\n<p>En 2017 se signa un nou conveni amb la Conselleria pel qual s&#8217;amplien i reconeixen les especialitats de Trompa, Tromb\u00f3, Tuba, Fagot, Obo\u00e9, Dol\u00e7aina, Percussi\u00f3 i Canto.<\/p>\n<p>El conservatori passa a tindre d&#8217;aquesta forma totes les especialitats reconegudes com a oficials.<\/p>\n<p>El centre ha tingut la sort de comptar amb diversos directors al llarg de la seua hist\u00f2ria:<\/p>\n<ul>\n<li>Des de 1961 a 1976, Abel M\u00fas<\/li>\n<li>Des de 1976 a 1981, Gregorio Casasempere Juan.<\/li>\n<li>Des de 1981 a 2000, Javier Darias Pay\u00e1.<\/li>\n<li>Des de 2000 a 2011, Jose Miguel de Valle Galva\u00f1.<\/li>\n<li>Des de 2011 a 2017, Gregorio Casasempere Gisbert.<\/li>\n<\/ul>\n<p>Ens agradaria ressaltar la figura de Javier Darias Pay\u00e1 creador de l&#8217;Escola de Composici\u00f3 i Creaci\u00f3 Art\u00edstica (Ecca) que va tindre la seua seu durant molts anys en el centre i Premi Nacional de M\u00fasica 2018, un merescut reconeixement a la seua \u00e0mplia i destacada traject\u00f2ria professional.<\/p>\n<p>El conservatori comparteix les seues instal\u00b7lacions amb el Conservatori Municipal de Dansa que imparteix el nivell elemental d&#8217;aquests ensenyaments, sens dubte l&#8217;edifici que els alberga mereix un esment especial ja que es tracta d&#8217;un de les icones del modernisme\u00a0a la nostra ciutat, La Casa d,Escal\u00f3.<\/p>\n<p>Constru\u00efda entre els anys 1906 i 1908 el promotor de l&#8217;obra va ser l&#8217;empresari Enrique Garc\u00eda Peidro sent el seu arquitecte Vicente Pascual, que constru\u00efsc un palauet amb quatre fa\u00e7anes ala exterior conservat fins a l&#8217;actualitat i representaci\u00f3 de l&#8217;Estil Art Noveau.<\/p>\n<p>S\u00f3n significatius les reixes de ferro forjat dels finestrals que presenten nombrosos detalls modernistes, aix\u00ed com els treballs de pedra picada i ferreria exemple de la destresa dels artesans de l&#8217;\u00e8poca.<\/p>\n<p>A l&#8217;interior destaca la barana de ferro forjat amb un passamans de fusta tallada, s\u00edmbol i identitat de l&#8217;edifici, aix\u00ed com un jard\u00ed privat de considerables dimensions<\/p>\n<p>Tamb\u00e9 podem destacar els detalls d&#8217;ebenisteria de les portes que donen acc\u00e9s a les plantes amb detalls de formes vegetals, i els paviments hidr\u00e0ulics de peces quadrades de\u00a0la majoria d&#8217;aules..<\/p>\n<p>Tant el vest\u00edbul com l&#8217;escala estan decorats amb pintures murals modernistes de colors t\u00e8nues: marrons, ocres, verds, blaus i roses. ( Fuente: <a href=\"http:\/\/www.alcoiturisme.com\">www.alcoiturisme.com<\/a>).<\/p>\n<p>[\/et_pb_text][\/et_pb_column][\/et_pb_row][\/et_pb_section]<\/p>\n","protected":false},"excerpt":{"rendered":"<p>[et_pb_section bb_built=&#8221;1&#8243; admin_label=&#8221;section&#8221;][et_pb_row admin_label=&#8221;row&#8221;][et_pb_column type=&#8221;4_4&#8243;][et_pb_text admin_label=&#8221;Texto&#8221; _builder_version=&#8221;3.0.51&#8243; background_layout=&#8221;light&#8221; text_orientation=&#8221;left&#8221; border_style=&#8221;solid&#8221;] Una mica d&#8217;hist\u00f2ria L&#8217;any 1961 es crea l&#8217;Escola Municipal de belles arts, la secci\u00f3 de m\u00fasica \u00e9s el germen de l&#8217;actual conservatori. En 1983 passa a ser un Centre reconegut adscrit al conservatori d&#8217;Alacant. Posteriorment en 1986 es cataloga com a Conservatori Elemental de M\u00fasica, [&hellip;]<\/p>\n","protected":false},"author":1,"featured_media":0,"parent":1192,"menu_order":1,"comment_status":"closed","ping_status":"closed","template":"","meta":{"footnotes":""},"class_list":["post-565","page","type-page","status-publish","hentry"],"yoast_head":"<!-- This site is optimized with the Yoast SEO plugin v27.3 - https:\/\/yoast.com\/product\/yoast-seo-wordpress\/ -->\n<title>Una mica d&#039;hist\u00f2ria - Conservatori Professional de M\u00fasica Juan Cant\u00f3 en Alcoi<\/title>\n<meta name=\"robots\" content=\"index, follow, max-snippet:-1, max-image-preview:large, max-video-preview:-1\" \/>\n<link rel=\"canonical\" href=\"https:\/\/www.conservatorialcoi.com\/ca\/conservatorio\/una-mica-dhistoria\/\" \/>\n<meta property=\"og:locale\" content=\"ca_ES\" \/>\n<meta property=\"og:type\" content=\"article\" \/>\n<meta property=\"og:title\" content=\"Una mica d&#039;hist\u00f2ria - Conservatori Professional de M\u00fasica Juan Cant\u00f3 en Alcoi\" \/>\n<meta property=\"og:description\" content=\"[et_pb_section bb_built=&#8221;1&#8243; admin_label=&#8221;section&#8221;][et_pb_row admin_label=&#8221;row&#8221;][et_pb_column type=&#8221;4_4&#8243;][et_pb_text admin_label=&#8221;Texto&#8221; _builder_version=&#8221;3.0.51&#8243; background_layout=&#8221;light&#8221; text_orientation=&#8221;left&#8221; border_style=&#8221;solid&#8221;] Una mica d&#8217;hist\u00f2ria L&#8217;any 1961 es crea l&#8217;Escola Municipal de belles arts, la secci\u00f3 de m\u00fasica \u00e9s el germen de l&#8217;actual conservatori. En 1983 passa a ser un Centre reconegut adscrit al conservatori d&#8217;Alacant. Posteriorment en 1986 es cataloga com a Conservatori Elemental de M\u00fasica, [&hellip;]\" \/>\n<meta property=\"og:url\" content=\"https:\/\/www.conservatorialcoi.com\/ca\/conservatorio\/una-mica-dhistoria\/\" \/>\n<meta property=\"og:site_name\" content=\"Conservatori Professional de M\u00fasica Juan Cant\u00f3 en Alcoi\" \/>\n<meta property=\"article:modified_time\" content=\"2020-06-24T15:38:18+00:00\" \/>\n<meta name=\"twitter:card\" content=\"summary_large_image\" \/>\n<meta name=\"twitter:label1\" content=\"Temps estimat de lectura\" \/>\n\t<meta name=\"twitter:data1\" content=\"2 minuts\" \/>\n<script type=\"application\/ld+json\" class=\"yoast-schema-graph\">{\"@context\":\"https:\\\/\\\/schema.org\",\"@graph\":[{\"@type\":\"WebPage\",\"@id\":\"https:\\\/\\\/www.conservatorialcoi.com\\\/ca\\\/conservatorio\\\/una-mica-dhistoria\\\/\",\"url\":\"https:\\\/\\\/www.conservatorialcoi.com\\\/ca\\\/conservatorio\\\/una-mica-dhistoria\\\/\",\"name\":\"Una mica d'hist\u00f2ria - Conservatori Professional de M\u00fasica Juan Cant\u00f3 en Alcoi\",\"isPartOf\":{\"@id\":\"https:\\\/\\\/www.conservatorialcoi.com\\\/#website\"},\"datePublished\":\"2019-01-30T12:29:55+00:00\",\"dateModified\":\"2020-06-24T15:38:18+00:00\",\"breadcrumb\":{\"@id\":\"https:\\\/\\\/www.conservatorialcoi.com\\\/ca\\\/conservatorio\\\/una-mica-dhistoria\\\/#breadcrumb\"},\"inLanguage\":\"ca\",\"potentialAction\":[{\"@type\":\"ReadAction\",\"target\":[\"https:\\\/\\\/www.conservatorialcoi.com\\\/ca\\\/conservatorio\\\/una-mica-dhistoria\\\/\"]}]},{\"@type\":\"BreadcrumbList\",\"@id\":\"https:\\\/\\\/www.conservatorialcoi.com\\\/ca\\\/conservatorio\\\/una-mica-dhistoria\\\/#breadcrumb\",\"itemListElement\":[{\"@type\":\"ListItem\",\"position\":1,\"name\":\"Portada\",\"item\":\"https:\\\/\\\/www.conservatorialcoi.com\\\/ca\\\/\"},{\"@type\":\"ListItem\",\"position\":2,\"name\":\"Conservatori\",\"item\":\"https:\\\/\\\/www.conservatorialcoi.com\\\/ca\\\/conservatorio\\\/\"},{\"@type\":\"ListItem\",\"position\":3,\"name\":\"Una mica d&#8217;hist\u00f2ria\"}]},{\"@type\":\"WebSite\",\"@id\":\"https:\\\/\\\/www.conservatorialcoi.com\\\/#website\",\"url\":\"https:\\\/\\\/www.conservatorialcoi.com\\\/\",\"name\":\"Conservatori Professional de M\u00fasica Juan Cant\u00f3 en Alcoi\",\"description\":\"\",\"potentialAction\":[{\"@type\":\"SearchAction\",\"target\":{\"@type\":\"EntryPoint\",\"urlTemplate\":\"https:\\\/\\\/www.conservatorialcoi.com\\\/?s={search_term_string}\"},\"query-input\":{\"@type\":\"PropertyValueSpecification\",\"valueRequired\":true,\"valueName\":\"search_term_string\"}}],\"inLanguage\":\"ca\"}]}<\/script>\n<!-- \/ Yoast SEO plugin. -->","yoast_head_json":{"title":"Una mica d'hist\u00f2ria - Conservatori Professional de M\u00fasica Juan Cant\u00f3 en Alcoi","robots":{"index":"index","follow":"follow","max-snippet":"max-snippet:-1","max-image-preview":"max-image-preview:large","max-video-preview":"max-video-preview:-1"},"canonical":"https:\/\/www.conservatorialcoi.com\/ca\/conservatorio\/una-mica-dhistoria\/","og_locale":"ca_ES","og_type":"article","og_title":"Una mica d'hist\u00f2ria - Conservatori Professional de M\u00fasica Juan Cant\u00f3 en Alcoi","og_description":"[et_pb_section bb_built=&#8221;1&#8243; admin_label=&#8221;section&#8221;][et_pb_row admin_label=&#8221;row&#8221;][et_pb_column type=&#8221;4_4&#8243;][et_pb_text admin_label=&#8221;Texto&#8221; _builder_version=&#8221;3.0.51&#8243; background_layout=&#8221;light&#8221; text_orientation=&#8221;left&#8221; border_style=&#8221;solid&#8221;] Una mica d&#8217;hist\u00f2ria L&#8217;any 1961 es crea l&#8217;Escola Municipal de belles arts, la secci\u00f3 de m\u00fasica \u00e9s el germen de l&#8217;actual conservatori. En 1983 passa a ser un Centre reconegut adscrit al conservatori d&#8217;Alacant. Posteriorment en 1986 es cataloga com a Conservatori Elemental de M\u00fasica, [&hellip;]","og_url":"https:\/\/www.conservatorialcoi.com\/ca\/conservatorio\/una-mica-dhistoria\/","og_site_name":"Conservatori Professional de M\u00fasica Juan Cant\u00f3 en Alcoi","article_modified_time":"2020-06-24T15:38:18+00:00","twitter_card":"summary_large_image","twitter_misc":{"Temps estimat de lectura":"2 minuts"},"schema":{"@context":"https:\/\/schema.org","@graph":[{"@type":"WebPage","@id":"https:\/\/www.conservatorialcoi.com\/ca\/conservatorio\/una-mica-dhistoria\/","url":"https:\/\/www.conservatorialcoi.com\/ca\/conservatorio\/una-mica-dhistoria\/","name":"Una mica d'hist\u00f2ria - Conservatori Professional de M\u00fasica Juan Cant\u00f3 en Alcoi","isPartOf":{"@id":"https:\/\/www.conservatorialcoi.com\/#website"},"datePublished":"2019-01-30T12:29:55+00:00","dateModified":"2020-06-24T15:38:18+00:00","breadcrumb":{"@id":"https:\/\/www.conservatorialcoi.com\/ca\/conservatorio\/una-mica-dhistoria\/#breadcrumb"},"inLanguage":"ca","potentialAction":[{"@type":"ReadAction","target":["https:\/\/www.conservatorialcoi.com\/ca\/conservatorio\/una-mica-dhistoria\/"]}]},{"@type":"BreadcrumbList","@id":"https:\/\/www.conservatorialcoi.com\/ca\/conservatorio\/una-mica-dhistoria\/#breadcrumb","itemListElement":[{"@type":"ListItem","position":1,"name":"Portada","item":"https:\/\/www.conservatorialcoi.com\/ca\/"},{"@type":"ListItem","position":2,"name":"Conservatori","item":"https:\/\/www.conservatorialcoi.com\/ca\/conservatorio\/"},{"@type":"ListItem","position":3,"name":"Una mica d&#8217;hist\u00f2ria"}]},{"@type":"WebSite","@id":"https:\/\/www.conservatorialcoi.com\/#website","url":"https:\/\/www.conservatorialcoi.com\/","name":"Conservatori Professional de M\u00fasica Juan Cant\u00f3 en Alcoi","description":"","potentialAction":[{"@type":"SearchAction","target":{"@type":"EntryPoint","urlTemplate":"https:\/\/www.conservatorialcoi.com\/?s={search_term_string}"},"query-input":{"@type":"PropertyValueSpecification","valueRequired":true,"valueName":"search_term_string"}}],"inLanguage":"ca"}]}},"_links":{"self":[{"href":"https:\/\/www.conservatorialcoi.com\/ca\/wp-json\/wp\/v2\/pages\/565","targetHints":{"allow":["GET"]}}],"collection":[{"href":"https:\/\/www.conservatorialcoi.com\/ca\/wp-json\/wp\/v2\/pages"}],"about":[{"href":"https:\/\/www.conservatorialcoi.com\/ca\/wp-json\/wp\/v2\/types\/page"}],"author":[{"embeddable":true,"href":"https:\/\/www.conservatorialcoi.com\/ca\/wp-json\/wp\/v2\/users\/1"}],"replies":[{"embeddable":true,"href":"https:\/\/www.conservatorialcoi.com\/ca\/wp-json\/wp\/v2\/comments?post=565"}],"version-history":[{"count":5,"href":"https:\/\/www.conservatorialcoi.com\/ca\/wp-json\/wp\/v2\/pages\/565\/revisions"}],"predecessor-version":[{"id":4894,"href":"https:\/\/www.conservatorialcoi.com\/ca\/wp-json\/wp\/v2\/pages\/565\/revisions\/4894"}],"up":[{"embeddable":true,"href":"https:\/\/www.conservatorialcoi.com\/ca\/wp-json\/wp\/v2\/pages\/1192"}],"wp:attachment":[{"href":"https:\/\/www.conservatorialcoi.com\/ca\/wp-json\/wp\/v2\/media?parent=565"}],"curies":[{"name":"wp","href":"https:\/\/api.w.org\/{rel}","templated":true}]}}