{"id":562,"date":"2019-01-30T12:21:42","date_gmt":"2019-01-30T12:21:42","guid":{"rendered":"https:\/\/www.conservatorialcoi.com\/\/qui-som\/"},"modified":"2019-04-05T10:30:13","modified_gmt":"2019-04-05T10:30:13","slug":"qui-som","status":"publish","type":"page","link":"https:\/\/www.conservatorialcoi.com\/ca\/conservatorio\/qui-som\/","title":{"rendered":"Qui som"},"content":{"rendered":"<p>[et_pb_section bb_built=&#8221;1&#8243; admin_label=&#8221;section&#8221;][et_pb_row admin_label=&#8221;row&#8221; background_position=&#8221;top_left&#8221; background_repeat=&#8221;repeat&#8221; background_size=&#8221;initial&#8221;][et_pb_column type=&#8221;4_4&#8243;][et_pb_text admin_label=&#8221;Texto&#8221; _builder_version=&#8221;3.0.51&#8243; background_layout=&#8221;light&#8221; text_orientation=&#8221;left&#8221; border_style=&#8221;solid&#8221;]<\/p>\n<h2>Qui som<\/h2>\n<p>Benvinguts a la web del Conservatori Professional de m\u00fasica \u201cJuan Cant\u00f3\u201d d&#8217;Alcoi. Amb m\u00e9s de 50 anys d&#8217;exist\u00e8ncia som un dels referents quant a educaci\u00f3 musical dins de les comarques interiors de la prov\u00edncia d&#8217;Alacant, impartint els nivells elementals i professionals dels ensenyaments oficials de M\u00fasica.<\/p>\n<p>El centre, de titularitat municipal, est\u00e0 adscrit al Conservatori Professional de m\u00fasica \u201cGuitarrista Jose Tom\u00e1s\u201d i subjecte per tant a les normes i indicacions de la Conselleria d&#8217;Educaci\u00f3 dins dels Ensenyaments de R\u00e8gim Especial que integra, entre altres, els ensenyaments de m\u00fasica.<\/p>\n\n\t\t<style type=\"text\/css\">\n\t\t\t#gallery-1 {\n\t\t\t\tmargin: auto;\n\t\t\t}\n\t\t\t#gallery-1 .gallery-item {\n\t\t\t\tfloat: left;\n\t\t\t\tmargin-top: 10px;\n\t\t\t\ttext-align: center;\n\t\t\t\twidth: 33%;\n\t\t\t}\n\t\t\t#gallery-1 img {\n\t\t\t\tborder: 2px solid #cfcfcf;\n\t\t\t}\n\t\t\t#gallery-1 .gallery-caption {\n\t\t\t\tmargin-left: 0;\n\t\t\t}\n\t\t\t\/* see gallery_shortcode() in wp-includes\/media.php *\/\n\t\t<\/style>\n\t\t<div id='gallery-1' class='gallery galleryid-562 gallery-columns-3 gallery-size-full'><dl class='gallery-item'>\n\t\t\t<dt class='gallery-icon landscape'>\n\t\t\t\t<a href='https:\/\/www.conservatorialcoi.com\/wp-content\/uploads\/2018\/10\/cons-1.jpg'><img loading=\"lazy\" decoding=\"async\" width=\"800\" height=\"600\" src=\"https:\/\/www.conservatorialcoi.com\/wp-content\/uploads\/2018\/10\/cons-1.jpg\" class=\"attachment-full size-full\" alt=\"\" srcset=\"https:\/\/www.conservatorialcoi.com\/wp-content\/uploads\/2018\/10\/cons-1.jpg 800w, https:\/\/www.conservatorialcoi.com\/wp-content\/uploads\/2018\/10\/cons-1-300x225.jpg 300w, https:\/\/www.conservatorialcoi.com\/wp-content\/uploads\/2018\/10\/cons-1-768x576.jpg 768w, https:\/\/www.conservatorialcoi.com\/wp-content\/uploads\/2018\/10\/cons-1-510x382.jpg 510w\" sizes=\"auto, (max-width: 800px) 100vw, 800px\" \/><\/a>\n\t\t\t<\/dt><\/dl><dl class='gallery-item'>\n\t\t\t<dt class='gallery-icon landscape'>\n\t\t\t\t<a href='https:\/\/www.conservatorialcoi.com\/wp-content\/uploads\/2018\/10\/cons-3.jpg'><img loading=\"lazy\" decoding=\"async\" width=\"800\" height=\"600\" src=\"https:\/\/www.conservatorialcoi.com\/wp-content\/uploads\/2018\/10\/cons-3.jpg\" class=\"attachment-full size-full\" alt=\"\" srcset=\"https:\/\/www.conservatorialcoi.com\/wp-content\/uploads\/2018\/10\/cons-3.jpg 800w, https:\/\/www.conservatorialcoi.com\/wp-content\/uploads\/2018\/10\/cons-3-300x225.jpg 300w, https:\/\/www.conservatorialcoi.com\/wp-content\/uploads\/2018\/10\/cons-3-768x576.jpg 768w, https:\/\/www.conservatorialcoi.com\/wp-content\/uploads\/2018\/10\/cons-3-510x382.jpg 510w\" sizes=\"auto, (max-width: 800px) 100vw, 800px\" \/><\/a>\n\t\t\t<\/dt><\/dl><dl class='gallery-item'>\n\t\t\t<dt class='gallery-icon landscape'>\n\t\t\t\t<a href='https:\/\/www.conservatorialcoi.com\/wp-content\/uploads\/2018\/10\/cons-2.jpg'><img loading=\"lazy\" decoding=\"async\" width=\"800\" height=\"600\" src=\"https:\/\/www.conservatorialcoi.com\/wp-content\/uploads\/2018\/10\/cons-2.jpg\" class=\"attachment-full size-full\" alt=\"\" srcset=\"https:\/\/www.conservatorialcoi.com\/wp-content\/uploads\/2018\/10\/cons-2.jpg 800w, https:\/\/www.conservatorialcoi.com\/wp-content\/uploads\/2018\/10\/cons-2-300x225.jpg 300w, https:\/\/www.conservatorialcoi.com\/wp-content\/uploads\/2018\/10\/cons-2-768x576.jpg 768w, https:\/\/www.conservatorialcoi.com\/wp-content\/uploads\/2018\/10\/cons-2-510x382.jpg 510w\" sizes=\"auto, (max-width: 800px) 100vw, 800px\" \/><\/a>\n\t\t\t<\/dt><\/dl><br style=\"clear: both\" \/>\n\t\t<\/div>\n\n<p>El nostre centre, a trav\u00e9s de la seua hist\u00f2ria, ha comptat amb excel\u00b7lents professionals que han desenvolupat la seua labor pedag\u00f2gica centrant-se en el desenvolupament ple dels alumnes. En l&#8217;actualitat la plantilla que forma el claustre de professores i professors del centre representa la totalitat d&#8217;especialitats simf\u00f2niques, a m\u00e9s de Guitarra, Piano i Dol\u00e7aina.<\/p>\n<p>El prop\u00f2sit de tots els que integrem l&#8217;equip hum\u00e0 del centre no \u00e9s un altre que ensenyar i gaudir de la nostra passi\u00f3: la m\u00fasica, i fer participe al m\u00e0xim nombre de persones possible al nostre voltant.<\/p>\n<p>Alcoi \u00e9s una ciutat que respira art, compromesa amb la m\u00fasica, i que es manifesta de forma inquieta en els seus diversos g\u00e8neres, tots ben representats.<\/p>\n\n\t\t<style type=\"text\/css\">\n\t\t\t#gallery-2 {\n\t\t\t\tmargin: auto;\n\t\t\t}\n\t\t\t#gallery-2 .gallery-item {\n\t\t\t\tfloat: left;\n\t\t\t\tmargin-top: 10px;\n\t\t\t\ttext-align: center;\n\t\t\t\twidth: 33%;\n\t\t\t}\n\t\t\t#gallery-2 img {\n\t\t\t\tborder: 2px solid #cfcfcf;\n\t\t\t}\n\t\t\t#gallery-2 .gallery-caption {\n\t\t\t\tmargin-left: 0;\n\t\t\t}\n\t\t\t\/* see gallery_shortcode() in wp-includes\/media.php *\/\n\t\t<\/style>\n\t\t<div id='gallery-2' class='gallery galleryid-562 gallery-columns-3 gallery-size-full'><dl class='gallery-item'>\n\t\t\t<dt class='gallery-icon landscape'>\n\t\t\t\t<a href='https:\/\/www.conservatorialcoi.com\/wp-content\/uploads\/2018\/10\/cons-4.jpg'><img loading=\"lazy\" decoding=\"async\" width=\"800\" height=\"600\" src=\"https:\/\/www.conservatorialcoi.com\/wp-content\/uploads\/2018\/10\/cons-4.jpg\" class=\"attachment-full size-full\" alt=\"\" srcset=\"https:\/\/www.conservatorialcoi.com\/wp-content\/uploads\/2018\/10\/cons-4.jpg 800w, https:\/\/www.conservatorialcoi.com\/wp-content\/uploads\/2018\/10\/cons-4-300x225.jpg 300w, https:\/\/www.conservatorialcoi.com\/wp-content\/uploads\/2018\/10\/cons-4-768x576.jpg 768w, https:\/\/www.conservatorialcoi.com\/wp-content\/uploads\/2018\/10\/cons-4-510x382.jpg 510w\" sizes=\"auto, (max-width: 800px) 100vw, 800px\" \/><\/a>\n\t\t\t<\/dt><\/dl><dl class='gallery-item'>\n\t\t\t<dt class='gallery-icon landscape'>\n\t\t\t\t<a href='https:\/\/www.conservatorialcoi.com\/wp-content\/uploads\/2018\/10\/cons-5.jpg'><img loading=\"lazy\" decoding=\"async\" width=\"800\" height=\"600\" src=\"https:\/\/www.conservatorialcoi.com\/wp-content\/uploads\/2018\/10\/cons-5.jpg\" class=\"attachment-full size-full\" alt=\"\" srcset=\"https:\/\/www.conservatorialcoi.com\/wp-content\/uploads\/2018\/10\/cons-5.jpg 800w, https:\/\/www.conservatorialcoi.com\/wp-content\/uploads\/2018\/10\/cons-5-300x225.jpg 300w, https:\/\/www.conservatorialcoi.com\/wp-content\/uploads\/2018\/10\/cons-5-768x576.jpg 768w, https:\/\/www.conservatorialcoi.com\/wp-content\/uploads\/2018\/10\/cons-5-510x382.jpg 510w\" sizes=\"auto, (max-width: 800px) 100vw, 800px\" \/><\/a>\n\t\t\t<\/dt><\/dl><dl class='gallery-item'>\n\t\t\t<dt class='gallery-icon landscape'>\n\t\t\t\t<a href='https:\/\/www.conservatorialcoi.com\/wp-content\/uploads\/2018\/10\/cons-6.jpg'><img loading=\"lazy\" decoding=\"async\" width=\"800\" height=\"600\" src=\"https:\/\/www.conservatorialcoi.com\/wp-content\/uploads\/2018\/10\/cons-6.jpg\" class=\"attachment-full size-full\" alt=\"\" srcset=\"https:\/\/www.conservatorialcoi.com\/wp-content\/uploads\/2018\/10\/cons-6.jpg 800w, https:\/\/www.conservatorialcoi.com\/wp-content\/uploads\/2018\/10\/cons-6-300x225.jpg 300w, https:\/\/www.conservatorialcoi.com\/wp-content\/uploads\/2018\/10\/cons-6-768x576.jpg 768w, https:\/\/www.conservatorialcoi.com\/wp-content\/uploads\/2018\/10\/cons-6-510x382.jpg 510w\" sizes=\"auto, (max-width: 800px) 100vw, 800px\" \/><\/a>\n\t\t\t<\/dt><\/dl><br style=\"clear: both\" \/>\n\t\t<\/div>\n\n<p>El conservatori, com sempre, ha d&#8217;estar al servei de la ciutat i de les poblacions pr\u00f2ximes per a oferir un ensenyament musical de qualitat a tots aquells alumnes que s&#8217;interessen per la m\u00fasica, per l&#8217;adquisici\u00f3 de coneixements, destreses i valors molt importants que els acompanyaran en les seues vides.<\/p>\n<p>Una salutaci\u00f3,<br \/>\nJuan Antonio Recuerda Serra.<br \/>\nDirector del CPM \u201cJuan Cant\u00f3\u201d d&#8217;Alcoi.<\/p>\n<p><iframe loading=\"lazy\" src=\"https:\/\/www.youtube.com\/embed\/Lwvalh5KBqQ\" width=\"560\" height=\"315\" frameborder=\"0\" allowfullscreen=\"allowfullscreen\"><\/iframe><\/p>\n<p>[\/et_pb_text][\/et_pb_column][\/et_pb_row][\/et_pb_section]<\/p>\n","protected":false},"excerpt":{"rendered":"<p>[et_pb_section bb_built=&#8221;1&#8243; admin_label=&#8221;section&#8221;][et_pb_row admin_label=&#8221;row&#8221; background_position=&#8221;top_left&#8221; background_repeat=&#8221;repeat&#8221; background_size=&#8221;initial&#8221;][et_pb_column type=&#8221;4_4&#8243;][et_pb_text admin_label=&#8221;Texto&#8221; _builder_version=&#8221;3.0.51&#8243; background_layout=&#8221;light&#8221; text_orientation=&#8221;left&#8221; border_style=&#8221;solid&#8221;] Qui som Benvinguts a la web del Conservatori Professional de m\u00fasica \u201cJuan Cant\u00f3\u201d d&#8217;Alcoi. Amb m\u00e9s de 50 anys d&#8217;exist\u00e8ncia som un dels referents quant a educaci\u00f3 musical dins de les comarques interiors de la prov\u00edncia d&#8217;Alacant, impartint els nivells elementals i [&hellip;]<\/p>\n","protected":false},"author":1,"featured_media":0,"parent":1192,"menu_order":0,"comment_status":"closed","ping_status":"closed","template":"","meta":{"footnotes":""},"class_list":["post-562","page","type-page","status-publish","hentry"],"yoast_head":"<!-- This site is optimized with the Yoast SEO plugin v27.3 - https:\/\/yoast.com\/product\/yoast-seo-wordpress\/ -->\n<title>Qui som - Conservatori Professional de M\u00fasica Juan Cant\u00f3 en Alcoi<\/title>\n<meta name=\"robots\" content=\"index, follow, max-snippet:-1, max-image-preview:large, max-video-preview:-1\" \/>\n<link rel=\"canonical\" href=\"https:\/\/www.conservatorialcoi.com\/ca\/conservatorio\/qui-som\/\" \/>\n<meta property=\"og:locale\" content=\"ca_ES\" \/>\n<meta property=\"og:type\" content=\"article\" \/>\n<meta property=\"og:title\" content=\"Qui som - Conservatori Professional de M\u00fasica Juan Cant\u00f3 en Alcoi\" \/>\n<meta property=\"og:description\" content=\"[et_pb_section bb_built=&#8221;1&#8243; admin_label=&#8221;section&#8221;][et_pb_row admin_label=&#8221;row&#8221; background_position=&#8221;top_left&#8221; background_repeat=&#8221;repeat&#8221; background_size=&#8221;initial&#8221;][et_pb_column type=&#8221;4_4&#8243;][et_pb_text admin_label=&#8221;Texto&#8221; _builder_version=&#8221;3.0.51&#8243; background_layout=&#8221;light&#8221; text_orientation=&#8221;left&#8221; border_style=&#8221;solid&#8221;] Qui som Benvinguts a la web del Conservatori Professional de m\u00fasica \u201cJuan Cant\u00f3\u201d d&#8217;Alcoi. Amb m\u00e9s de 50 anys d&#8217;exist\u00e8ncia som un dels referents quant a educaci\u00f3 musical dins de les comarques interiors de la prov\u00edncia d&#8217;Alacant, impartint els nivells elementals i [&hellip;]\" \/>\n<meta property=\"og:url\" content=\"https:\/\/www.conservatorialcoi.com\/ca\/conservatorio\/qui-som\/\" \/>\n<meta property=\"og:site_name\" content=\"Conservatori Professional de M\u00fasica Juan Cant\u00f3 en Alcoi\" \/>\n<meta property=\"article:modified_time\" content=\"2019-04-05T10:30:13+00:00\" \/>\n<meta name=\"twitter:card\" content=\"summary_large_image\" \/>\n<meta name=\"twitter:label1\" content=\"Temps estimat de lectura\" \/>\n\t<meta name=\"twitter:data1\" content=\"2 minuts\" \/>\n<script type=\"application\/ld+json\" class=\"yoast-schema-graph\">{\"@context\":\"https:\\\/\\\/schema.org\",\"@graph\":[{\"@type\":\"WebPage\",\"@id\":\"https:\\\/\\\/www.conservatorialcoi.com\\\/ca\\\/conservatorio\\\/qui-som\\\/\",\"url\":\"https:\\\/\\\/www.conservatorialcoi.com\\\/ca\\\/conservatorio\\\/qui-som\\\/\",\"name\":\"Qui som - Conservatori Professional de M\u00fasica Juan Cant\u00f3 en Alcoi\",\"isPartOf\":{\"@id\":\"https:\\\/\\\/www.conservatorialcoi.com\\\/#website\"},\"datePublished\":\"2019-01-30T12:21:42+00:00\",\"dateModified\":\"2019-04-05T10:30:13+00:00\",\"breadcrumb\":{\"@id\":\"https:\\\/\\\/www.conservatorialcoi.com\\\/ca\\\/conservatorio\\\/qui-som\\\/#breadcrumb\"},\"inLanguage\":\"ca\",\"potentialAction\":[{\"@type\":\"ReadAction\",\"target\":[\"https:\\\/\\\/www.conservatorialcoi.com\\\/ca\\\/conservatorio\\\/qui-som\\\/\"]}]},{\"@type\":\"BreadcrumbList\",\"@id\":\"https:\\\/\\\/www.conservatorialcoi.com\\\/ca\\\/conservatorio\\\/qui-som\\\/#breadcrumb\",\"itemListElement\":[{\"@type\":\"ListItem\",\"position\":1,\"name\":\"Portada\",\"item\":\"https:\\\/\\\/www.conservatorialcoi.com\\\/ca\\\/\"},{\"@type\":\"ListItem\",\"position\":2,\"name\":\"Conservatori\",\"item\":\"https:\\\/\\\/www.conservatorialcoi.com\\\/ca\\\/conservatorio\\\/\"},{\"@type\":\"ListItem\",\"position\":3,\"name\":\"Qui som\"}]},{\"@type\":\"WebSite\",\"@id\":\"https:\\\/\\\/www.conservatorialcoi.com\\\/#website\",\"url\":\"https:\\\/\\\/www.conservatorialcoi.com\\\/\",\"name\":\"Conservatori Professional de M\u00fasica Juan Cant\u00f3 en Alcoi\",\"description\":\"\",\"potentialAction\":[{\"@type\":\"SearchAction\",\"target\":{\"@type\":\"EntryPoint\",\"urlTemplate\":\"https:\\\/\\\/www.conservatorialcoi.com\\\/?s={search_term_string}\"},\"query-input\":{\"@type\":\"PropertyValueSpecification\",\"valueRequired\":true,\"valueName\":\"search_term_string\"}}],\"inLanguage\":\"ca\"}]}<\/script>\n<!-- \/ Yoast SEO plugin. -->","yoast_head_json":{"title":"Qui som - Conservatori Professional de M\u00fasica Juan Cant\u00f3 en Alcoi","robots":{"index":"index","follow":"follow","max-snippet":"max-snippet:-1","max-image-preview":"max-image-preview:large","max-video-preview":"max-video-preview:-1"},"canonical":"https:\/\/www.conservatorialcoi.com\/ca\/conservatorio\/qui-som\/","og_locale":"ca_ES","og_type":"article","og_title":"Qui som - Conservatori Professional de M\u00fasica Juan Cant\u00f3 en Alcoi","og_description":"[et_pb_section bb_built=&#8221;1&#8243; admin_label=&#8221;section&#8221;][et_pb_row admin_label=&#8221;row&#8221; background_position=&#8221;top_left&#8221; background_repeat=&#8221;repeat&#8221; background_size=&#8221;initial&#8221;][et_pb_column type=&#8221;4_4&#8243;][et_pb_text admin_label=&#8221;Texto&#8221; _builder_version=&#8221;3.0.51&#8243; background_layout=&#8221;light&#8221; text_orientation=&#8221;left&#8221; border_style=&#8221;solid&#8221;] Qui som Benvinguts a la web del Conservatori Professional de m\u00fasica \u201cJuan Cant\u00f3\u201d d&#8217;Alcoi. Amb m\u00e9s de 50 anys d&#8217;exist\u00e8ncia som un dels referents quant a educaci\u00f3 musical dins de les comarques interiors de la prov\u00edncia d&#8217;Alacant, impartint els nivells elementals i [&hellip;]","og_url":"https:\/\/www.conservatorialcoi.com\/ca\/conservatorio\/qui-som\/","og_site_name":"Conservatori Professional de M\u00fasica Juan Cant\u00f3 en Alcoi","article_modified_time":"2019-04-05T10:30:13+00:00","twitter_card":"summary_large_image","twitter_misc":{"Temps estimat de lectura":"2 minuts"},"schema":{"@context":"https:\/\/schema.org","@graph":[{"@type":"WebPage","@id":"https:\/\/www.conservatorialcoi.com\/ca\/conservatorio\/qui-som\/","url":"https:\/\/www.conservatorialcoi.com\/ca\/conservatorio\/qui-som\/","name":"Qui som - Conservatori Professional de M\u00fasica Juan Cant\u00f3 en Alcoi","isPartOf":{"@id":"https:\/\/www.conservatorialcoi.com\/#website"},"datePublished":"2019-01-30T12:21:42+00:00","dateModified":"2019-04-05T10:30:13+00:00","breadcrumb":{"@id":"https:\/\/www.conservatorialcoi.com\/ca\/conservatorio\/qui-som\/#breadcrumb"},"inLanguage":"ca","potentialAction":[{"@type":"ReadAction","target":["https:\/\/www.conservatorialcoi.com\/ca\/conservatorio\/qui-som\/"]}]},{"@type":"BreadcrumbList","@id":"https:\/\/www.conservatorialcoi.com\/ca\/conservatorio\/qui-som\/#breadcrumb","itemListElement":[{"@type":"ListItem","position":1,"name":"Portada","item":"https:\/\/www.conservatorialcoi.com\/ca\/"},{"@type":"ListItem","position":2,"name":"Conservatori","item":"https:\/\/www.conservatorialcoi.com\/ca\/conservatorio\/"},{"@type":"ListItem","position":3,"name":"Qui som"}]},{"@type":"WebSite","@id":"https:\/\/www.conservatorialcoi.com\/#website","url":"https:\/\/www.conservatorialcoi.com\/","name":"Conservatori Professional de M\u00fasica Juan Cant\u00f3 en Alcoi","description":"","potentialAction":[{"@type":"SearchAction","target":{"@type":"EntryPoint","urlTemplate":"https:\/\/www.conservatorialcoi.com\/?s={search_term_string}"},"query-input":{"@type":"PropertyValueSpecification","valueRequired":true,"valueName":"search_term_string"}}],"inLanguage":"ca"}]}},"_links":{"self":[{"href":"https:\/\/www.conservatorialcoi.com\/ca\/wp-json\/wp\/v2\/pages\/562","targetHints":{"allow":["GET"]}}],"collection":[{"href":"https:\/\/www.conservatorialcoi.com\/ca\/wp-json\/wp\/v2\/pages"}],"about":[{"href":"https:\/\/www.conservatorialcoi.com\/ca\/wp-json\/wp\/v2\/types\/page"}],"author":[{"embeddable":true,"href":"https:\/\/www.conservatorialcoi.com\/ca\/wp-json\/wp\/v2\/users\/1"}],"replies":[{"embeddable":true,"href":"https:\/\/www.conservatorialcoi.com\/ca\/wp-json\/wp\/v2\/comments?post=562"}],"version-history":[{"count":5,"href":"https:\/\/www.conservatorialcoi.com\/ca\/wp-json\/wp\/v2\/pages\/562\/revisions"}],"predecessor-version":[{"id":1842,"href":"https:\/\/www.conservatorialcoi.com\/ca\/wp-json\/wp\/v2\/pages\/562\/revisions\/1842"}],"up":[{"embeddable":true,"href":"https:\/\/www.conservatorialcoi.com\/ca\/wp-json\/wp\/v2\/pages\/1192"}],"wp:attachment":[{"href":"https:\/\/www.conservatorialcoi.com\/ca\/wp-json\/wp\/v2\/media?parent=562"}],"curies":[{"name":"wp","href":"https:\/\/api.w.org\/{rel}","templated":true}]}}