{"id":552,"date":"2019-01-30T12:06:54","date_gmt":"2019-01-30T12:06:54","guid":{"rendered":"https:\/\/www.conservatorialcoi.com\/\/ampa\/"},"modified":"2026-02-12T14:41:35","modified_gmt":"2026-02-12T14:41:35","slug":"ampa","status":"publish","type":"page","link":"https:\/\/www.conservatorialcoi.com\/ca\/conservatorio\/ampa\/","title":{"rendered":"Ampa"},"content":{"rendered":"<h2>Composici\u00f3 Junta AMPA<\/h2>\n<p>&nbsp;<\/p>\n<table style=\"width: 80%; margin: 0 auto; border: 0px;\">\n<tbody>\n<tr>\n<td>President:<\/td>\n<td>NURIA LLORENS P\u00c9REZ<\/td>\n<\/tr>\n<tr>\n<td>Secret\u00e0ria:<\/td>\n<td>ESPERANZA CALABUIG AGULL\u00d3<\/td>\n<\/tr>\n<tr>\n<td>Tresorer:<\/td>\n<td>SONIA LUQUE JULI\u00c0<\/td>\n<\/tr>\n<tr>\n<td>Vocals:<\/td>\n<td>AGUST\u00cdN ALFARO P\u00c9REZ<\/td>\n<\/tr>\n<tr>\n<td><\/td>\n<td>LUZ MAR\u00cdA MARTINEZ P\u00c9REZ<\/td>\n<\/tr>\n<tr>\n<td><\/td>\n<td>JOS\u00c9 DANIEL MOLINA MIR\u00d3<\/td>\n<\/tr>\n<tr>\n<td><\/td>\n<td>ELENA RUIZ MERINO<\/td>\n<\/tr>\n<tr>\n<td><\/td>\n<td><\/td>\n<\/tr>\n<\/tbody>\n<\/table>\n<p>&nbsp;<\/p>\n<p style=\"text-align: center;\"><strong>MEMBRE EN EL CONSELL ESCOLAR DEL CONSERVATORI<\/strong><\/p>\n<p style=\"text-align: center;\">ELENA RUIZ MERINO<\/p>\n<p style=\"text-align: center;\"><strong>MEMBRE EN EL CONSELL ESCOLAR MUNICIPAL<\/strong><\/p>\n<p style=\"text-align: center;\">NURIA LLORENS P\u00c9REZ<\/p>\n<p style=\"text-align: center;\">Tel\u00e8fon de contacte: 627438626<\/p>\n<p style=\"text-align: center;\">Adre\u00e7a electr\u00f2nica: ampa.conservatorialcoi@gmail.com<\/p>\n<p>&nbsp;<\/p>\n","protected":false},"excerpt":{"rendered":"<p>Composici\u00f3 Junta AMPA &nbsp; President: NURIA LLORENS P\u00c9REZ Secret\u00e0ria: ESPERANZA CALABUIG AGULL\u00d3 Tresorer: SONIA LUQUE JULI\u00c0 Vocals: AGUST\u00cdN ALFARO P\u00c9REZ LUZ MAR\u00cdA MARTINEZ P\u00c9REZ JOS\u00c9 DANIEL MOLINA MIR\u00d3 ELENA RUIZ MERINO &nbsp; MEMBRE EN EL CONSELL ESCOLAR DEL CONSERVATORI ELENA RUIZ MERINO MEMBRE EN EL CONSELL ESCOLAR MUNICIPAL NURIA LLORENS P\u00c9REZ Tel\u00e8fon de contacte: 627438626 [&hellip;]<\/p>\n","protected":false},"author":1,"featured_media":0,"parent":1192,"menu_order":4,"comment_status":"closed","ping_status":"closed","template":"","meta":{"footnotes":""},"class_list":["post-552","page","type-page","status-publish","hentry"],"yoast_head":"<!-- This site is optimized with the Yoast SEO plugin v27.3 - https:\/\/yoast.com\/product\/yoast-seo-wordpress\/ -->\n<title>Ampa - Conservatori Professional de M\u00fasica Juan Cant\u00f3 en Alcoi<\/title>\n<meta name=\"robots\" content=\"index, follow, max-snippet:-1, max-image-preview:large, max-video-preview:-1\" \/>\n<link rel=\"canonical\" href=\"https:\/\/www.conservatorialcoi.com\/ca\/conservatorio\/ampa\/\" \/>\n<meta property=\"og:locale\" content=\"ca_ES\" \/>\n<meta property=\"og:type\" content=\"article\" \/>\n<meta property=\"og:title\" content=\"Ampa - Conservatori Professional de M\u00fasica Juan Cant\u00f3 en Alcoi\" \/>\n<meta property=\"og:description\" content=\"Composici\u00f3 Junta AMPA &nbsp; President: NURIA LLORENS P\u00c9REZ Secret\u00e0ria: ESPERANZA CALABUIG AGULL\u00d3 Tresorer: SONIA LUQUE JULI\u00c0 Vocals: AGUST\u00cdN ALFARO P\u00c9REZ LUZ MAR\u00cdA MARTINEZ P\u00c9REZ JOS\u00c9 DANIEL MOLINA MIR\u00d3 ELENA RUIZ MERINO &nbsp; MEMBRE EN EL CONSELL ESCOLAR DEL CONSERVATORI ELENA RUIZ MERINO MEMBRE EN EL CONSELL ESCOLAR MUNICIPAL NURIA LLORENS P\u00c9REZ Tel\u00e8fon de contacte: 627438626 [&hellip;]\" \/>\n<meta property=\"og:url\" content=\"https:\/\/www.conservatorialcoi.com\/ca\/conservatorio\/ampa\/\" \/>\n<meta property=\"og:site_name\" content=\"Conservatori Professional de M\u00fasica Juan Cant\u00f3 en Alcoi\" \/>\n<meta property=\"article:modified_time\" content=\"2026-02-12T14:41:35+00:00\" \/>\n<meta name=\"twitter:card\" content=\"summary_large_image\" \/>\n<meta name=\"twitter:label1\" content=\"Temps estimat de lectura\" \/>\n\t<meta name=\"twitter:data1\" content=\"1 minut\" \/>\n<script type=\"application\/ld+json\" class=\"yoast-schema-graph\">{\"@context\":\"https:\\\/\\\/schema.org\",\"@graph\":[{\"@type\":\"WebPage\",\"@id\":\"https:\\\/\\\/www.conservatorialcoi.com\\\/ca\\\/conservatorio\\\/ampa\\\/\",\"url\":\"https:\\\/\\\/www.conservatorialcoi.com\\\/ca\\\/conservatorio\\\/ampa\\\/\",\"name\":\"Ampa - Conservatori Professional de M\u00fasica Juan Cant\u00f3 en Alcoi\",\"isPartOf\":{\"@id\":\"https:\\\/\\\/www.conservatorialcoi.com\\\/#website\"},\"datePublished\":\"2019-01-30T12:06:54+00:00\",\"dateModified\":\"2026-02-12T14:41:35+00:00\",\"breadcrumb\":{\"@id\":\"https:\\\/\\\/www.conservatorialcoi.com\\\/ca\\\/conservatorio\\\/ampa\\\/#breadcrumb\"},\"inLanguage\":\"ca\",\"potentialAction\":[{\"@type\":\"ReadAction\",\"target\":[\"https:\\\/\\\/www.conservatorialcoi.com\\\/ca\\\/conservatorio\\\/ampa\\\/\"]}]},{\"@type\":\"BreadcrumbList\",\"@id\":\"https:\\\/\\\/www.conservatorialcoi.com\\\/ca\\\/conservatorio\\\/ampa\\\/#breadcrumb\",\"itemListElement\":[{\"@type\":\"ListItem\",\"position\":1,\"name\":\"Portada\",\"item\":\"https:\\\/\\\/www.conservatorialcoi.com\\\/ca\\\/\"},{\"@type\":\"ListItem\",\"position\":2,\"name\":\"Conservatori\",\"item\":\"https:\\\/\\\/www.conservatorialcoi.com\\\/ca\\\/conservatorio\\\/\"},{\"@type\":\"ListItem\",\"position\":3,\"name\":\"Ampa\"}]},{\"@type\":\"WebSite\",\"@id\":\"https:\\\/\\\/www.conservatorialcoi.com\\\/#website\",\"url\":\"https:\\\/\\\/www.conservatorialcoi.com\\\/\",\"name\":\"Conservatori Professional de M\u00fasica Juan Cant\u00f3 en Alcoi\",\"description\":\"\",\"potentialAction\":[{\"@type\":\"SearchAction\",\"target\":{\"@type\":\"EntryPoint\",\"urlTemplate\":\"https:\\\/\\\/www.conservatorialcoi.com\\\/?s={search_term_string}\"},\"query-input\":{\"@type\":\"PropertyValueSpecification\",\"valueRequired\":true,\"valueName\":\"search_term_string\"}}],\"inLanguage\":\"ca\"}]}<\/script>\n<!-- \/ Yoast SEO plugin. -->","yoast_head_json":{"title":"Ampa - Conservatori Professional de M\u00fasica Juan Cant\u00f3 en Alcoi","robots":{"index":"index","follow":"follow","max-snippet":"max-snippet:-1","max-image-preview":"max-image-preview:large","max-video-preview":"max-video-preview:-1"},"canonical":"https:\/\/www.conservatorialcoi.com\/ca\/conservatorio\/ampa\/","og_locale":"ca_ES","og_type":"article","og_title":"Ampa - Conservatori Professional de M\u00fasica Juan Cant\u00f3 en Alcoi","og_description":"Composici\u00f3 Junta AMPA &nbsp; President: NURIA LLORENS P\u00c9REZ Secret\u00e0ria: ESPERANZA CALABUIG AGULL\u00d3 Tresorer: SONIA LUQUE JULI\u00c0 Vocals: AGUST\u00cdN ALFARO P\u00c9REZ LUZ MAR\u00cdA MARTINEZ P\u00c9REZ JOS\u00c9 DANIEL MOLINA MIR\u00d3 ELENA RUIZ MERINO &nbsp; MEMBRE EN EL CONSELL ESCOLAR DEL CONSERVATORI ELENA RUIZ MERINO MEMBRE EN EL CONSELL ESCOLAR MUNICIPAL NURIA LLORENS P\u00c9REZ Tel\u00e8fon de contacte: 627438626 [&hellip;]","og_url":"https:\/\/www.conservatorialcoi.com\/ca\/conservatorio\/ampa\/","og_site_name":"Conservatori Professional de M\u00fasica Juan Cant\u00f3 en Alcoi","article_modified_time":"2026-02-12T14:41:35+00:00","twitter_card":"summary_large_image","twitter_misc":{"Temps estimat de lectura":"1 minut"},"schema":{"@context":"https:\/\/schema.org","@graph":[{"@type":"WebPage","@id":"https:\/\/www.conservatorialcoi.com\/ca\/conservatorio\/ampa\/","url":"https:\/\/www.conservatorialcoi.com\/ca\/conservatorio\/ampa\/","name":"Ampa - Conservatori Professional de M\u00fasica Juan Cant\u00f3 en Alcoi","isPartOf":{"@id":"https:\/\/www.conservatorialcoi.com\/#website"},"datePublished":"2019-01-30T12:06:54+00:00","dateModified":"2026-02-12T14:41:35+00:00","breadcrumb":{"@id":"https:\/\/www.conservatorialcoi.com\/ca\/conservatorio\/ampa\/#breadcrumb"},"inLanguage":"ca","potentialAction":[{"@type":"ReadAction","target":["https:\/\/www.conservatorialcoi.com\/ca\/conservatorio\/ampa\/"]}]},{"@type":"BreadcrumbList","@id":"https:\/\/www.conservatorialcoi.com\/ca\/conservatorio\/ampa\/#breadcrumb","itemListElement":[{"@type":"ListItem","position":1,"name":"Portada","item":"https:\/\/www.conservatorialcoi.com\/ca\/"},{"@type":"ListItem","position":2,"name":"Conservatori","item":"https:\/\/www.conservatorialcoi.com\/ca\/conservatorio\/"},{"@type":"ListItem","position":3,"name":"Ampa"}]},{"@type":"WebSite","@id":"https:\/\/www.conservatorialcoi.com\/#website","url":"https:\/\/www.conservatorialcoi.com\/","name":"Conservatori Professional de M\u00fasica Juan Cant\u00f3 en Alcoi","description":"","potentialAction":[{"@type":"SearchAction","target":{"@type":"EntryPoint","urlTemplate":"https:\/\/www.conservatorialcoi.com\/?s={search_term_string}"},"query-input":{"@type":"PropertyValueSpecification","valueRequired":true,"valueName":"search_term_string"}}],"inLanguage":"ca"}]}},"_links":{"self":[{"href":"https:\/\/www.conservatorialcoi.com\/ca\/wp-json\/wp\/v2\/pages\/552","targetHints":{"allow":["GET"]}}],"collection":[{"href":"https:\/\/www.conservatorialcoi.com\/ca\/wp-json\/wp\/v2\/pages"}],"about":[{"href":"https:\/\/www.conservatorialcoi.com\/ca\/wp-json\/wp\/v2\/types\/page"}],"author":[{"embeddable":true,"href":"https:\/\/www.conservatorialcoi.com\/ca\/wp-json\/wp\/v2\/users\/1"}],"replies":[{"embeddable":true,"href":"https:\/\/www.conservatorialcoi.com\/ca\/wp-json\/wp\/v2\/comments?post=552"}],"version-history":[{"count":10,"href":"https:\/\/www.conservatorialcoi.com\/ca\/wp-json\/wp\/v2\/pages\/552\/revisions"}],"predecessor-version":[{"id":11471,"href":"https:\/\/www.conservatorialcoi.com\/ca\/wp-json\/wp\/v2\/pages\/552\/revisions\/11471"}],"up":[{"embeddable":true,"href":"https:\/\/www.conservatorialcoi.com\/ca\/wp-json\/wp\/v2\/pages\/1192"}],"wp:attachment":[{"href":"https:\/\/www.conservatorialcoi.com\/ca\/wp-json\/wp\/v2\/media?parent=552"}],"curies":[{"name":"wp","href":"https:\/\/api.w.org\/{rel}","templated":true}]}}