{"id":2329,"date":"2019-05-22T09:51:45","date_gmt":"2019-05-22T09:51:45","guid":{"rendered":"https:\/\/www.conservatorialcoi.com\/politica-de-privacidad\/"},"modified":"2019-05-22T10:00:59","modified_gmt":"2019-05-22T10:00:59","slug":"politica-de-privacitat","status":"publish","type":"page","link":"https:\/\/www.conservatorialcoi.com\/ca\/politica-de-privacitat\/","title":{"rendered":"Pol\u00edtica de privacidad"},"content":{"rendered":"<h1>POL\u00cdTICA DE PRIVACIDAD Y PROTECCI\u00d3N DE DATOS (L.O.P.D.)<\/h1>\n<div class=\"legaltext_p\"><span class=\"NOMBRE-JURIDICO\">AYUNTAMIENTO DE ALCOY<\/span>\u00a0pone en conocimiento de los usuarios de este sitio Web, que podr\u00e1 crear un archivo automatizado con los datos personales que sean puestos en conocimiento del referido titular, como consecuencia de la utilizaci\u00f3n de la presente Web y a causa de env\u00edos de correos electr\u00f3nicos, o bien sobre aquellos recabados a trav\u00e9s de nuestro formulario de contacto, en estricto cumplimiento con lo preceptuado por la legislaci\u00f3n en materia de protecci\u00f3n de datos.<\/div>\n<div class=\"legaltext_p\">En cumplimiento de lo dispuesto en la Ley Org\u00e1nica 15\/1999, de 13 de diciembre, de Protecci\u00f3n de Datos de Car\u00e1cter Personal, los usuarios podr\u00e1n ejercitar, en cualquier momento, los derechos de acceso, rectificaci\u00f3n, oposici\u00f3n y cancelaci\u00f3n de sus datos, que hubiesen sido recopilados y archivados. El ejercicio de estos derechos deber\u00e1 efectuarse mediante comunicaci\u00f3n escrita dirigida a la sede social de\u00a0<span class=\"NOMBRE-JURIDICO\">AYUNTAMIENTO DE ALCOY<\/span>\u00a0o a la direcci\u00f3n de correo electr\u00f3nico\u00a0<span class=\"CORREO-ELECTRONICO\">conservatorimusica@alcoi.org<\/span>, indicando, en cualquiera de los casos, como referencia &#8220;Datos Personales&#8221; y el referido derecho que pretendan accionar, adjuntando copia de su Documento Nacional de Identidad.<\/div>\n<div class=\"legaltext_p\">Los datos registrados podr\u00edan ser utilizados con la finalidad prestarle y\/o ofrecerle nuestros servicios, de efectuar estad\u00edsticas, la remisi\u00f3n de publicidad &#8211; incluso por medios electr\u00f3nicos -, la gesti\u00f3n de incidencias o la realizaci\u00f3n de estudios de mercado, entre otras actividades.<\/div>\n<div class=\"legaltext_p\">En su caso, los datos de car\u00e1cter personal facilitados por los usuarios podr\u00e1n ser comunicados a un tercero s\u00f3lo para el cumplimiento de los fines se\u00f1alados anteriormente y previo consentimiento de los interesados, que se entender\u00e1 otorgado si nada manifiestan al contrario en el plazo de quince d\u00edas desde que facilitaran sus datos. En cualquier caso, el se\u00f1alado consentimiento podr\u00e1 ser revocable en cualquier momento mediante comunicaci\u00f3n escrita dirigida a la sede social del titular, indicando como referencia &#8220;Baja Datos Personales&#8221;.<\/div>\n","protected":false},"excerpt":{"rendered":"<p>POL\u00cdTICA DE PRIVACIDAD Y PROTECCI\u00d3N DE DATOS (L.O.P.D.) AYUNTAMIENTO DE ALCOY\u00a0pone en conocimiento de los usuarios de este sitio Web, que podr\u00e1 crear un archivo automatizado con los datos personales que sean puestos en conocimiento del referido titular, como consecuencia de la utilizaci\u00f3n de la presente Web y a causa de env\u00edos de correos electr\u00f3nicos, [&hellip;]<\/p>\n","protected":false},"author":1,"featured_media":0,"parent":0,"menu_order":6,"comment_status":"closed","ping_status":"closed","template":"","meta":{"footnotes":""},"class_list":["post-2329","page","type-page","status-publish","hentry"],"yoast_head":"<!-- This site is optimized with the Yoast SEO plugin v27.3 - https:\/\/yoast.com\/product\/yoast-seo-wordpress\/ -->\n<title>Pol\u00edtica de privacidad - Conservatori Professional de M\u00fasica Juan Cant\u00f3 en Alcoi<\/title>\n<meta name=\"robots\" content=\"index, follow, max-snippet:-1, max-image-preview:large, max-video-preview:-1\" \/>\n<link rel=\"canonical\" href=\"https:\/\/www.conservatorialcoi.com\/ca\/politica-de-privacitat\/\" \/>\n<meta property=\"og:locale\" content=\"ca_ES\" \/>\n<meta property=\"og:type\" content=\"article\" \/>\n<meta property=\"og:title\" content=\"Pol\u00edtica de privacidad - Conservatori Professional de M\u00fasica Juan Cant\u00f3 en Alcoi\" \/>\n<meta property=\"og:description\" content=\"POL\u00cdTICA DE PRIVACIDAD Y PROTECCI\u00d3N DE DATOS (L.O.P.D.) AYUNTAMIENTO DE ALCOY\u00a0pone en conocimiento de los usuarios de este sitio Web, que podr\u00e1 crear un archivo automatizado con los datos personales que sean puestos en conocimiento del referido titular, como consecuencia de la utilizaci\u00f3n de la presente Web y a causa de env\u00edos de correos electr\u00f3nicos, [&hellip;]\" \/>\n<meta property=\"og:url\" content=\"https:\/\/www.conservatorialcoi.com\/ca\/politica-de-privacitat\/\" \/>\n<meta property=\"og:site_name\" content=\"Conservatori Professional de M\u00fasica Juan Cant\u00f3 en Alcoi\" \/>\n<meta property=\"article:modified_time\" content=\"2019-05-22T10:00:59+00:00\" \/>\n<meta name=\"twitter:card\" content=\"summary_large_image\" \/>\n<meta name=\"twitter:label1\" content=\"Temps estimat de lectura\" \/>\n\t<meta name=\"twitter:data1\" content=\"2 minuts\" \/>\n<script type=\"application\/ld+json\" class=\"yoast-schema-graph\">{\"@context\":\"https:\\\/\\\/schema.org\",\"@graph\":[{\"@type\":\"WebPage\",\"@id\":\"https:\\\/\\\/www.conservatorialcoi.com\\\/ca\\\/politica-de-privacitat\\\/\",\"url\":\"https:\\\/\\\/www.conservatorialcoi.com\\\/ca\\\/politica-de-privacitat\\\/\",\"name\":\"Pol\u00edtica de privacidad - Conservatori Professional de M\u00fasica Juan Cant\u00f3 en Alcoi\",\"isPartOf\":{\"@id\":\"https:\\\/\\\/www.conservatorialcoi.com\\\/#website\"},\"datePublished\":\"2019-05-22T09:51:45+00:00\",\"dateModified\":\"2019-05-22T10:00:59+00:00\",\"breadcrumb\":{\"@id\":\"https:\\\/\\\/www.conservatorialcoi.com\\\/ca\\\/politica-de-privacitat\\\/#breadcrumb\"},\"inLanguage\":\"ca\",\"potentialAction\":[{\"@type\":\"ReadAction\",\"target\":[\"https:\\\/\\\/www.conservatorialcoi.com\\\/ca\\\/politica-de-privacitat\\\/\"]}]},{\"@type\":\"BreadcrumbList\",\"@id\":\"https:\\\/\\\/www.conservatorialcoi.com\\\/ca\\\/politica-de-privacitat\\\/#breadcrumb\",\"itemListElement\":[{\"@type\":\"ListItem\",\"position\":1,\"name\":\"Portada\",\"item\":\"https:\\\/\\\/www.conservatorialcoi.com\\\/ca\\\/\"},{\"@type\":\"ListItem\",\"position\":2,\"name\":\"Pol\u00edtica de privacidad\"}]},{\"@type\":\"WebSite\",\"@id\":\"https:\\\/\\\/www.conservatorialcoi.com\\\/#website\",\"url\":\"https:\\\/\\\/www.conservatorialcoi.com\\\/\",\"name\":\"Conservatori Professional de M\u00fasica Juan Cant\u00f3 en Alcoi\",\"description\":\"\",\"potentialAction\":[{\"@type\":\"SearchAction\",\"target\":{\"@type\":\"EntryPoint\",\"urlTemplate\":\"https:\\\/\\\/www.conservatorialcoi.com\\\/?s={search_term_string}\"},\"query-input\":{\"@type\":\"PropertyValueSpecification\",\"valueRequired\":true,\"valueName\":\"search_term_string\"}}],\"inLanguage\":\"ca\"}]}<\/script>\n<!-- \/ Yoast SEO plugin. -->","yoast_head_json":{"title":"Pol\u00edtica de privacidad - Conservatori Professional de M\u00fasica Juan Cant\u00f3 en Alcoi","robots":{"index":"index","follow":"follow","max-snippet":"max-snippet:-1","max-image-preview":"max-image-preview:large","max-video-preview":"max-video-preview:-1"},"canonical":"https:\/\/www.conservatorialcoi.com\/ca\/politica-de-privacitat\/","og_locale":"ca_ES","og_type":"article","og_title":"Pol\u00edtica de privacidad - Conservatori Professional de M\u00fasica Juan Cant\u00f3 en Alcoi","og_description":"POL\u00cdTICA DE PRIVACIDAD Y PROTECCI\u00d3N DE DATOS (L.O.P.D.) AYUNTAMIENTO DE ALCOY\u00a0pone en conocimiento de los usuarios de este sitio Web, que podr\u00e1 crear un archivo automatizado con los datos personales que sean puestos en conocimiento del referido titular, como consecuencia de la utilizaci\u00f3n de la presente Web y a causa de env\u00edos de correos electr\u00f3nicos, [&hellip;]","og_url":"https:\/\/www.conservatorialcoi.com\/ca\/politica-de-privacitat\/","og_site_name":"Conservatori Professional de M\u00fasica Juan Cant\u00f3 en Alcoi","article_modified_time":"2019-05-22T10:00:59+00:00","twitter_card":"summary_large_image","twitter_misc":{"Temps estimat de lectura":"2 minuts"},"schema":{"@context":"https:\/\/schema.org","@graph":[{"@type":"WebPage","@id":"https:\/\/www.conservatorialcoi.com\/ca\/politica-de-privacitat\/","url":"https:\/\/www.conservatorialcoi.com\/ca\/politica-de-privacitat\/","name":"Pol\u00edtica de privacidad - Conservatori Professional de M\u00fasica Juan Cant\u00f3 en Alcoi","isPartOf":{"@id":"https:\/\/www.conservatorialcoi.com\/#website"},"datePublished":"2019-05-22T09:51:45+00:00","dateModified":"2019-05-22T10:00:59+00:00","breadcrumb":{"@id":"https:\/\/www.conservatorialcoi.com\/ca\/politica-de-privacitat\/#breadcrumb"},"inLanguage":"ca","potentialAction":[{"@type":"ReadAction","target":["https:\/\/www.conservatorialcoi.com\/ca\/politica-de-privacitat\/"]}]},{"@type":"BreadcrumbList","@id":"https:\/\/www.conservatorialcoi.com\/ca\/politica-de-privacitat\/#breadcrumb","itemListElement":[{"@type":"ListItem","position":1,"name":"Portada","item":"https:\/\/www.conservatorialcoi.com\/ca\/"},{"@type":"ListItem","position":2,"name":"Pol\u00edtica de privacidad"}]},{"@type":"WebSite","@id":"https:\/\/www.conservatorialcoi.com\/#website","url":"https:\/\/www.conservatorialcoi.com\/","name":"Conservatori Professional de M\u00fasica Juan Cant\u00f3 en Alcoi","description":"","potentialAction":[{"@type":"SearchAction","target":{"@type":"EntryPoint","urlTemplate":"https:\/\/www.conservatorialcoi.com\/?s={search_term_string}"},"query-input":{"@type":"PropertyValueSpecification","valueRequired":true,"valueName":"search_term_string"}}],"inLanguage":"ca"}]}},"_links":{"self":[{"href":"https:\/\/www.conservatorialcoi.com\/ca\/wp-json\/wp\/v2\/pages\/2329","targetHints":{"allow":["GET"]}}],"collection":[{"href":"https:\/\/www.conservatorialcoi.com\/ca\/wp-json\/wp\/v2\/pages"}],"about":[{"href":"https:\/\/www.conservatorialcoi.com\/ca\/wp-json\/wp\/v2\/types\/page"}],"author":[{"embeddable":true,"href":"https:\/\/www.conservatorialcoi.com\/ca\/wp-json\/wp\/v2\/users\/1"}],"replies":[{"embeddable":true,"href":"https:\/\/www.conservatorialcoi.com\/ca\/wp-json\/wp\/v2\/comments?post=2329"}],"version-history":[{"count":1,"href":"https:\/\/www.conservatorialcoi.com\/ca\/wp-json\/wp\/v2\/pages\/2329\/revisions"}],"predecessor-version":[{"id":2333,"href":"https:\/\/www.conservatorialcoi.com\/ca\/wp-json\/wp\/v2\/pages\/2329\/revisions\/2333"}],"wp:attachment":[{"href":"https:\/\/www.conservatorialcoi.com\/ca\/wp-json\/wp\/v2\/media?parent=2329"}],"curies":[{"name":"wp","href":"https:\/\/api.w.org\/{rel}","templated":true}]}}