{"id":2319,"date":"2019-02-22T11:38:26","date_gmt":"2019-02-22T11:38:26","guid":{"rendered":"https:\/\/www.conservatorialcoi.com\/aviso-legal-y-politica-de-privacidad\/"},"modified":"2019-02-22T11:38:26","modified_gmt":"2019-02-22T11:38:26","slug":"aviso-legal-y-politica-de-privacidad","status":"publish","type":"page","link":"https:\/\/www.conservatorialcoi.com\/ca\/aviso-legal-y-politica-de-privacidad\/","title":{"rendered":"Aviso Legal y pol\u00edtica de privacidad"},"content":{"rendered":"<h1>AVISO LEGAL<\/h1>\n<p><strong>DATOS DE LA EMPRESA<\/strong><\/p>\n<div>\n<p>En cumplimiento del art\u00edculo 10 de la Ley 34\/2002, de 11 de julio, de Servicios de la Sociedad de la Informaci\u00f3n y Comercio Electr\u00f3nico, a continuaci\u00f3n se exponen los datos identificativos de la empresa.<\/p>\n<\/div>\n<div>\n<p><strong>Nombre Jur\u00eddico:\u00a0<\/strong><span class=\"NOMBRE-JURIDICO\">AYUNTAMIENTO DE ALCOY<\/span><\/p>\n<p><strong>Denominaci\u00f3n social:\u00a0<\/strong><span class=\"DENOMINACION-SOCIAL\">CONSERVATORIO PROFESIONAL DE M\u00daSICA &#8220;JUAN CANT\u00d3&#8221;<\/span><\/p>\n<p><strong>N\u00famero de identificaci\u00f3n fiscal:\u00a0<\/strong><span class=\"NUMERO-NIF\">P-0300900-H<\/span><\/p>\n<p><strong>Domicilio social:\u00a0<\/strong><span class=\"DIRECCION-SOCIAL\">C\/ JUAN CANT\u00d3, N\u00ba. 2 &#8211; 03801 ALCOY<\/span><\/p>\n<p><strong>Correo electr\u00f3nico:\u00a0<\/strong><span class=\"CORREO-ELECTRONICO\">conservatorimusica@alcoi.org<\/span><\/p>\n<p><strong>Tel\u00e9fono:\u00a0<\/strong><span class=\"TELEFONO-EMPRESA\">965541128<\/span><\/p>\n<\/div>\n<div class=\"legaltext_p\">El sitio web\u00a0<span class=\"PAGINA-WEB\">https:\/\/www.conservatorioalcoy.com<\/span>\u00a0(en adelante, el \u201cSitio Web\u201d) es propiedad de\u00a0<span class=\"NOMBRE-JURIDICO\">AYUNTAMIENTO DE ALCOY<\/span>\u00a0con nombre comercial\u00a0<span class=\"NOMBRE-EMPRESA\">AYUNTAMIENTO DE ALCOY<\/span>.<\/div>\n<div class=\"legaltext_p\">El acceso al sitio Web\u00a0<span class=\"PAGINA-WEB\">https:\/\/www.conservatorioalcoy.com<\/span>\u00a0de\u00a0<span class=\"NOMBRE-EMPRESA\">AYUNTAMIENTO DE ALCOY<\/span>\u00a0implica la aceptaci\u00f3n de todas las condiciones siguientes:<\/div>\n<h2><\/h2>\n<h2>PROPIEDAD INDUSTRIAL<\/h2>\n<div class=\"legaltext_p\">El logotipo y la denominaci\u00f3n \u201c<span class=\"NOMBRE-EMPRESA\">\u00a0AYUNTAMIENTO DE ALCOY<\/span>\u201d, as\u00ed como otros signos distintivos (gr\u00e1ficos o denominativos), que aparecen en esta Web son propiedad exclusiva de\u00a0<span class=\"NOMBRE-EMPRESA\">AYUNTAMIENTO DE ALCOY<\/span>, de tal forma que es esta entidad la \u00fanica autorizada a utilizarlos.<\/div>\n<div class=\"legaltext_p\">Los contenidos de este sitio web, textos, im\u00e1genes, etc. as\u00ed como su dise\u00f1o gr\u00e1fico y su c\u00f3digo fuente est\u00e1n protegidos por la legislaci\u00f3n espa\u00f1ola sobre los derechos de propiedad intelectual e industrial a favor de<span class=\"NOMBRE-EMPRESA\">AYUNTAMIENTO DE ALCOY<\/span>.<\/div>\n<div class=\"legaltext_p\">Quedando por tanto totalmente prohibida su reproducci\u00f3n, distribuci\u00f3n o comunicaci\u00f3n p\u00fablica, total o parcial, sin la autorizaci\u00f3n expresa de\u00a0<span class=\"NOMBRE-EMPRESA\">AYUNTAMIENTO DE ALCOY<\/span>.<\/div>\n<h2><\/h2>\n<h2>NOMBRE DE DOMINIO<\/h2>\n<div class=\"legaltext_p\">De igual forma a lo rese\u00f1ado en los p\u00e1rrafos anteriores, los nombres de dominio \u201c<span class=\"PAGINA-WEB\">https:\/\/www.conservatorioalcoy.com<\/span>\u201c y todos aquellos que sirvan para acceder al presente sitio son de titularidad exclusiva de\u00a0<span class=\"NOMBRE-EMPRESA\">AYUNTAMIENTO DE ALCOY<\/span>. El uso indebido de los mismos supondr\u00eda una infracci\u00f3n de los derechos adquiridos por su registro y ser\u00e1 perseguido por los medios previstos en la Ley.<\/div>\n<h2><\/h2>\n<h2>USO PERSONAL<\/h2>\n<div class=\"legaltext_p\">El usuario queda expresamente autorizado por\u00a0<span class=\"NOMBRE-EMPRESA\">AYUNTAMIENTO DE ALCOY<\/span>\u00a0a visualizar, imprimir, copiar o almacenar en su disco duro o cualquier otro soporte f\u00edsico, los contenidos y activos amparados o no por un derecho de exclusiva (a excepci\u00f3n de los programas de ordenador), siempre que \u00e9sta actuaci\u00f3n se efect\u00fae para el uso personal y privado del usuario, sin finalidad comercial o de distribuci\u00f3n y sin modificar, alterar o descompilar los antedichos derechos y contenidos. Esta licencia de uso personal se entiende efectuada siempre y cuando se respeten intactas las advertencias a los derechos de autor y de propiedad industrial que se realizan, sin que esto signifique la concesi\u00f3n de licencia alguna al usuario.<\/div>\n<div class=\"legaltext_p\">Cualquier otro uso de los contenidos o creaciones intelectuales de este sitio requerir\u00e1 la autorizaci\u00f3n expresa y por escrito de\u00a0<span class=\"NOMBRE-EMPRESA\">AYUNTAMIENTO DE ALCOY<\/span>.<\/div>\n<h2><\/h2>\n<h2>RESERVA DE ACCIONES LEGALES<\/h2>\n<div class=\"legaltext_p\"><span class=\"NOMBRE-EMPRESA\">AYUNTAMIENTO DE ALCOY<\/span>\u00a0se reserva en todo momento el ejercicio de cuantos medios o acciones legales le correspondan en defensa de sus leg\u00edtimos derechos de propiedad intelectual e industrial frente a un uso no autorizado de los mismos o a cualquier actuaci\u00f3n que pudiera perjudicarlos.<\/div>\n<h2><\/h2>\n<h2>ENLACES<\/h2>\n<div class=\"legaltext_p\">Los enlaces con los que el usuario pueda encontrarse durante la navegaci\u00f3n en este sitio Web le permiten abandonar este sitio.<\/div>\n<div class=\"legaltext_p\">Los sitios enlazados no est\u00e1n relacionados, salvo indicaci\u00f3n de lo contrario, con\u00a0<span class=\"NOMBRE-EMPRESA\">AYUNTAMIENTO DE ALCOY<\/span>, quien no se hace responsable de los contenidos a los que se acceda en virtud de los mencionados enlaces, ni de las modificaciones que se lleven a cabo en los mismos, ni del uso que de aquellos se realice, ni de la disponibilidad t\u00e9cnica de los mismos.<\/div>\n<div class=\"legaltext_p\">En cualquier caso,\u00a0<span class=\"NOMBRE-EMPRESA\">AYUNTAMIENTO DE ALCOY<\/span>\u00a0se compromete a hacer todo lo posible para evitar la existencia en su sitio Web de enlaces a p\u00e1ginas de contenido ilegal, que promuevan actividades il\u00edcitas, racistas, xen\u00f3fobas y, en general, susceptibles de atentar contra los principios de libertad y de dignidad humana o vulneren los valores y derechos reconocidos por la Constituci\u00f3n Espa\u00f1ola y por la Declaraci\u00f3n Universal de los Derechos Humanos.<\/div>\n<div class=\"legaltext_p\">En el supuesto de que alg\u00fan usuario estimase que alg\u00fan enlace incluido el Sitio Web menoscaba en cualquier forma sus derechos o si le supone el m\u00e1s m\u00ednimo perjuicio, tan s\u00f3lo debe comunicarlo mediante el env\u00edo de un correo electr\u00f3nico a\u00a0<span class=\"NOMBRE-EMPRESA\">AYUNTAMIENTO DE ALCOY<\/span>\u00a0, teniendo la confianza de que se tomar\u00e1n las medidas oportunas al respecto.<\/div>\n<h2><\/h2>\n<h2>CONTENIDO DE LA WEB<\/h2>\n<div class=\"legaltext_p\"><span class=\"NOMBRE-EMPRESA\">AYUNTAMIENTO DE ALCOY<\/span>\u00a0no se responsabiliza del mal uso que se realice de los contenidos de nuestra p\u00e1gina web, siendo exclusiva responsabilidad de la persona que accede a ellos o los utiliza.<\/div>\n<h2><\/h2>\n<h2>ACTUALIZACI\u00d3N Y MODIFICACI\u00d3N DE LA P\u00c1GINA WEB<\/h2>\n<div class=\"legaltext_p\"><span class=\"NOMBRE-EMPRESA\">AYUNTAMIENTO DE ALCOY<\/span>\u00a0se reserva el derecho a modificar o eliminar, sin previo aviso, tanto la informaci\u00f3n contenida en su sitio Web, as\u00ed como su configuraci\u00f3n y presentaci\u00f3n, sin asumir responsabilidad alguna por ello.<\/div>\n<h2><\/h2>\n<h2>INDICACIONES SOBRE ASPECTOS T\u00c9CNICOS<\/h2>\n<div class=\"legaltext_p\"><span class=\"NOMBRE-EMPRESA\">AYUNTAMIENTO DE ALCOY<\/span>\u00a0no asume ninguna responsabilidad que se pueda derivar de problemas t\u00e9cnicos o fallos en los equipos inform\u00e1ticos que se produzcan durante la conexi\u00f3n a la red de Internet, as\u00ed como de da\u00f1os que pudieran ser causados por terceras personas mediante intromisiones ileg\u00edtimas fuera del control de\u00a0<span class=\"NOMBRE-EMPRESA\">AYUNTAMIENTO DE ALCOY<\/span>.<\/div>\n<div class=\"legaltext_p\">Tambi\u00e9n quedamos exonerados de toda responsabilidad ante posibles da\u00f1os o perjuicios que pueda sufrir el usuario a consecuencia de errores, defectos u omisiones en la informaci\u00f3n que facilitemos cuando proceda de fuentes ajenas a nosotros.<\/div>\n<h2><\/h2>\n<h2>CONDICIONES DE ACCESO<\/h2>\n<div class=\"legaltext_p\">En general, el acceso a los contenidos facilitados por &#8220;<span class=\"NOMBRE-EMPRESA\">\u00a0AYUNTAMIENTO DE ALCOY<\/span>&#8221; ser\u00e1 de car\u00e1cter libre y gratuito, y no se exigir\u00e1 a los usuarios que faciliten datos personales, ni se suscriban, ni hagan uso de claves o contrase\u00f1as, a excepci\u00f3n del acceso restringido a la secci\u00f3n de clientes de &#8220;<span class=\"NOMBRE-EMPRESA\">\u00a0AYUNTAMIENTO DE ALCOY<\/span>&#8220;.<\/div>\n<div class=\"legaltext_p\">Cuando para la contrataci\u00f3n o solicitud de informaci\u00f3n de un determinado servicio sea necesario facilitar datos de car\u00e1cter personal, los usuarios garantizar\u00e1n su veracidad, exactitud, autenticidad y vigencia. &#8220;<span class=\"NOMBRE-EMPRESA\">\u00a0AYUNTAMIENTO DE ALCOY<\/span>&#8221; se compromete a dar a dichos datos el tratamiento automatizado que corresponda en funci\u00f3n de la naturaleza y finalidad de los mismos, en las condiciones y t\u00e9rminos que quedan reflejadas en la Pol\u00edtica de Privacidad.<\/div>\n<div class=\"legaltext_p\">Para aquellos casos en los que se hace necesario el uso de claves de acceso (nombre de usuario y contrase\u00f1a), el usuario se compromete a usarlas de acuerdo a las siguientes restricciones:<\/div>\n<div class=\"legaltext_p\">Las claves, elegidas por el usuario, no deber\u00e1n ser contrarias a la moral y las buenas costumbres generalmente aceptadas, ni de cualquier modo infringir los derechos de propiedad industrial e intelectual y al honor y a la propia imagen de terceros.<\/div>\n<div class=\"legaltext_p\">Las claves de acceso son para uso personal y exclusivo del usuario titular de las mismas, y su custodia y correcta utilizaci\u00f3n son responsabilidad del mismo. &#8220;<span class=\"NOMBRE-EMPRESA\">\u00a0AYUNTAMIENTO DE ALCOY<\/span>&#8221; no se hace responsable por ning\u00fan perjuicio en que el usuario o terceros puedan incurrir como consecuencia de que otras personas hagan uso de sus claves, con o sin consentimiento o conocimiento del usuario.<\/div>\n<div class=\"legaltext_p\">No obstante, &#8220;<span class=\"NOMBRE-EMPRESA\">\u00a0AYUNTAMIENTO DE ALCOY<\/span>&#8221; se compromete a cumplir con el deber de secreto respecto a las claves registradas y utilizadas por los usuarios.<\/div>\n<h2><\/h2>\n<h2>CONDICIONES DE USO<\/h2>\n<div class=\"legaltext_p\">El uso del sitio Web de &#8220;<span class=\"NOMBRE-EMPRESA\">\u00a0AYUNTAMIENTO DE ALCOY<\/span>&#8221; deber\u00e1 obedecer al contenido de estas Condiciones Generales, a cualesquiera disposiciones legales aplicables y a las exigencias de la moral y las buenas costumbres generalmente aceptadas, as\u00ed como a las de orden p\u00fablico.<\/div>\n<div class=\"legaltext_p\">Salvo previa y expresa autorizaci\u00f3n de &#8220;<span class=\"NOMBRE-EMPRESA\">\u00a0AYUNTAMIENTO DE ALCOY<\/span>&#8220;, los usuarios \u00fanicamente podr\u00e1n hacer uso de los contenidos y servicios ofrecidos en este sitio Web a modo personal, absteni\u00e9ndose de realizar cualquier acto que, directa o indirectamente, suponga una explotaci\u00f3n comercial de los mismos.<\/div>\n<div class=\"legaltext_p\">En todo caso, los usuarios utilizar\u00e1n los contenidos y servicios facilitados por &#8220;<span class=\"NOMBRE-EMPRESA\">\u00a0AYUNTAMIENTO DE ALCOY<\/span>&#8221; de conformidad con la legalidad vigente, y asumir\u00e1n las responsabilidades que les correspondan por las conductas o actividades que, en cualquier forma, puedan resultar il\u00edcitas o lesivas para derechos de terceros o que puedan perjudicar, impedir o limitar el uso de este sitio Web a otros usuarios.<\/div>\n<div class=\"legaltext_p\">Los usuarios se comprometen a no transmitir o difundir a trav\u00e9s de &#8220;<span class=\"NOMBRE-EMPRESA\">\u00a0AYUNTAMIENTO DE ALCOY<\/span>&#8221; mensajes, im\u00e1genes, fotograf\u00edas, software, datos o contenidos que:<\/div>\n<ul>\n<li>\n<div class=\"legaltext_p\">de cualquier forma contravengan o atenten contra derechos fundamentales reconocidos por el ordenamiento jur\u00eddico.<\/div>\n<\/li>\n<li>\n<div class=\"legaltext_p\">induzcan, inciten o promuevan actuaciones delictivas, denigratorias, difamatorias, infamantes, violentas, discriminatorias por raz\u00f3n de sexo, raza, religi\u00f3n o ideolog\u00eda, o, en general, sean contrarias a la ley, a la moral o al orden p\u00fablico.<\/div>\n<\/li>\n<li>\n<div class=\"legaltext_p\">sean falsos, ambiguos, inexactos, exagerados, obscenos o extempor\u00e1neos.<\/div>\n<\/li>\n<li>\n<div class=\"legaltext_p\">se encuentren protegidos por cualesquiera derechos de propiedad intelectual o industrial pertenecientes a terceros, salvo previa y suficiente autorizaci\u00f3n de su leg\u00edtimo titular.<\/div>\n<\/li>\n<li>\n<div class=\"legaltext_p\">lesionen o puedan lesionar el derecho al honor, a la intimidad personal, a la propia imagen de terceras personas o infrinjan la normativa sobre el secreto o confidencialidad de las comunicaciones.<\/div>\n<\/li>\n<li>\n<div class=\"legaltext_p\">constituyan publicidad il\u00edcita, enga\u00f1osa o desleal.<\/div>\n<\/li>\n<li>\n<div class=\"legaltext_p\">contengan virus, caballos de Troya, gusanos, bombas de tiempo o cualquier otro material o programa que pueda da\u00f1ar o alterar el funcionamiento de equipos o sistemas inform\u00e1ticos.<\/div>\n<\/li>\n<\/ul>\n<div class=\"legaltext_p\">&#8220;<span class=\"NOMBRE-EMPRESA\">\u00a0AYUNTAMIENTO DE ALCOY<\/span>&#8221; se reserva el derecho unilateral, en cualquier momento y sin previo aviso o justificaci\u00f3n, de denegar el acceso a su sitio Web a aquellos usuarios que incumplan estas Condiciones Generales de Uso.<\/div>\n<h1><\/h1>\n<div class=\"legaltext_p\"><\/div>\n","protected":false},"excerpt":{"rendered":"<p>AVISO LEGAL DATOS DE LA EMPRESA En cumplimiento del art\u00edculo 10 de la Ley 34\/2002, de 11 de julio, de Servicios de la Sociedad de la Informaci\u00f3n y Comercio Electr\u00f3nico, a continuaci\u00f3n se exponen los datos identificativos de la empresa. Nombre Jur\u00eddico:\u00a0AYUNTAMIENTO DE ALCOY Denominaci\u00f3n social:\u00a0CONSERVATORIO PROFESIONAL DE M\u00daSICA &#8220;JUAN CANT\u00d3&#8221; N\u00famero de identificaci\u00f3n fiscal:\u00a0P-0300900-H [&hellip;]<\/p>\n","protected":false},"author":1,"featured_media":0,"parent":0,"menu_order":4,"comment_status":"closed","ping_status":"closed","template":"","meta":{"footnotes":""},"class_list":["post-2319","page","type-page","status-publish","hentry"],"yoast_head":"<!-- This site is optimized with the Yoast SEO plugin v27.3 - https:\/\/yoast.com\/product\/yoast-seo-wordpress\/ -->\n<title>Aviso Legal y pol\u00edtica de privacidad - Conservatori Professional de M\u00fasica Juan Cant\u00f3 en Alcoi<\/title>\n<meta name=\"robots\" content=\"index, follow, max-snippet:-1, max-image-preview:large, max-video-preview:-1\" \/>\n<link rel=\"canonical\" href=\"https:\/\/www.conservatorialcoi.com\/ca\/aviso-legal-y-politica-de-privacidad\/\" \/>\n<meta property=\"og:locale\" content=\"ca_ES\" \/>\n<meta property=\"og:type\" content=\"article\" \/>\n<meta property=\"og:title\" content=\"Aviso Legal y pol\u00edtica de privacidad - Conservatori Professional de M\u00fasica Juan Cant\u00f3 en Alcoi\" \/>\n<meta property=\"og:description\" content=\"AVISO LEGAL DATOS DE LA EMPRESA En cumplimiento del art\u00edculo 10 de la Ley 34\/2002, de 11 de julio, de Servicios de la Sociedad de la Informaci\u00f3n y Comercio Electr\u00f3nico, a continuaci\u00f3n se exponen los datos identificativos de la empresa. Nombre Jur\u00eddico:\u00a0AYUNTAMIENTO DE ALCOY Denominaci\u00f3n social:\u00a0CONSERVATORIO PROFESIONAL DE M\u00daSICA &#8220;JUAN CANT\u00d3&#8221; N\u00famero de identificaci\u00f3n fiscal:\u00a0P-0300900-H [&hellip;]\" \/>\n<meta property=\"og:url\" content=\"https:\/\/www.conservatorialcoi.com\/ca\/aviso-legal-y-politica-de-privacidad\/\" \/>\n<meta property=\"og:site_name\" content=\"Conservatori Professional de M\u00fasica Juan Cant\u00f3 en Alcoi\" \/>\n<meta name=\"twitter:card\" content=\"summary_large_image\" \/>\n<meta name=\"twitter:label1\" content=\"Temps estimat de lectura\" \/>\n\t<meta name=\"twitter:data1\" content=\"8 minuts\" \/>\n<script type=\"application\/ld+json\" class=\"yoast-schema-graph\">{\"@context\":\"https:\\\/\\\/schema.org\",\"@graph\":[{\"@type\":\"WebPage\",\"@id\":\"https:\\\/\\\/www.conservatorialcoi.com\\\/ca\\\/aviso-legal-y-politica-de-privacidad\\\/\",\"url\":\"https:\\\/\\\/www.conservatorialcoi.com\\\/ca\\\/aviso-legal-y-politica-de-privacidad\\\/\",\"name\":\"Aviso Legal y pol\u00edtica de privacidad - Conservatori Professional de M\u00fasica Juan Cant\u00f3 en Alcoi\",\"isPartOf\":{\"@id\":\"https:\\\/\\\/www.conservatorialcoi.com\\\/#website\"},\"datePublished\":\"2019-02-22T11:38:26+00:00\",\"breadcrumb\":{\"@id\":\"https:\\\/\\\/www.conservatorialcoi.com\\\/ca\\\/aviso-legal-y-politica-de-privacidad\\\/#breadcrumb\"},\"inLanguage\":\"ca\",\"potentialAction\":[{\"@type\":\"ReadAction\",\"target\":[\"https:\\\/\\\/www.conservatorialcoi.com\\\/ca\\\/aviso-legal-y-politica-de-privacidad\\\/\"]}]},{\"@type\":\"BreadcrumbList\",\"@id\":\"https:\\\/\\\/www.conservatorialcoi.com\\\/ca\\\/aviso-legal-y-politica-de-privacidad\\\/#breadcrumb\",\"itemListElement\":[{\"@type\":\"ListItem\",\"position\":1,\"name\":\"Portada\",\"item\":\"https:\\\/\\\/www.conservatorialcoi.com\\\/ca\\\/\"},{\"@type\":\"ListItem\",\"position\":2,\"name\":\"Aviso Legal y pol\u00edtica de privacidad\"}]},{\"@type\":\"WebSite\",\"@id\":\"https:\\\/\\\/www.conservatorialcoi.com\\\/#website\",\"url\":\"https:\\\/\\\/www.conservatorialcoi.com\\\/\",\"name\":\"Conservatori Professional de M\u00fasica Juan Cant\u00f3 en Alcoi\",\"description\":\"\",\"potentialAction\":[{\"@type\":\"SearchAction\",\"target\":{\"@type\":\"EntryPoint\",\"urlTemplate\":\"https:\\\/\\\/www.conservatorialcoi.com\\\/?s={search_term_string}\"},\"query-input\":{\"@type\":\"PropertyValueSpecification\",\"valueRequired\":true,\"valueName\":\"search_term_string\"}}],\"inLanguage\":\"ca\"}]}<\/script>\n<!-- \/ Yoast SEO plugin. -->","yoast_head_json":{"title":"Aviso Legal y pol\u00edtica de privacidad - Conservatori Professional de M\u00fasica Juan Cant\u00f3 en Alcoi","robots":{"index":"index","follow":"follow","max-snippet":"max-snippet:-1","max-image-preview":"max-image-preview:large","max-video-preview":"max-video-preview:-1"},"canonical":"https:\/\/www.conservatorialcoi.com\/ca\/aviso-legal-y-politica-de-privacidad\/","og_locale":"ca_ES","og_type":"article","og_title":"Aviso Legal y pol\u00edtica de privacidad - Conservatori Professional de M\u00fasica Juan Cant\u00f3 en Alcoi","og_description":"AVISO LEGAL DATOS DE LA EMPRESA En cumplimiento del art\u00edculo 10 de la Ley 34\/2002, de 11 de julio, de Servicios de la Sociedad de la Informaci\u00f3n y Comercio Electr\u00f3nico, a continuaci\u00f3n se exponen los datos identificativos de la empresa. Nombre Jur\u00eddico:\u00a0AYUNTAMIENTO DE ALCOY Denominaci\u00f3n social:\u00a0CONSERVATORIO PROFESIONAL DE M\u00daSICA &#8220;JUAN CANT\u00d3&#8221; N\u00famero de identificaci\u00f3n fiscal:\u00a0P-0300900-H [&hellip;]","og_url":"https:\/\/www.conservatorialcoi.com\/ca\/aviso-legal-y-politica-de-privacidad\/","og_site_name":"Conservatori Professional de M\u00fasica Juan Cant\u00f3 en Alcoi","twitter_card":"summary_large_image","twitter_misc":{"Temps estimat de lectura":"8 minuts"},"schema":{"@context":"https:\/\/schema.org","@graph":[{"@type":"WebPage","@id":"https:\/\/www.conservatorialcoi.com\/ca\/aviso-legal-y-politica-de-privacidad\/","url":"https:\/\/www.conservatorialcoi.com\/ca\/aviso-legal-y-politica-de-privacidad\/","name":"Aviso Legal y pol\u00edtica de privacidad - Conservatori Professional de M\u00fasica Juan Cant\u00f3 en Alcoi","isPartOf":{"@id":"https:\/\/www.conservatorialcoi.com\/#website"},"datePublished":"2019-02-22T11:38:26+00:00","breadcrumb":{"@id":"https:\/\/www.conservatorialcoi.com\/ca\/aviso-legal-y-politica-de-privacidad\/#breadcrumb"},"inLanguage":"ca","potentialAction":[{"@type":"ReadAction","target":["https:\/\/www.conservatorialcoi.com\/ca\/aviso-legal-y-politica-de-privacidad\/"]}]},{"@type":"BreadcrumbList","@id":"https:\/\/www.conservatorialcoi.com\/ca\/aviso-legal-y-politica-de-privacidad\/#breadcrumb","itemListElement":[{"@type":"ListItem","position":1,"name":"Portada","item":"https:\/\/www.conservatorialcoi.com\/ca\/"},{"@type":"ListItem","position":2,"name":"Aviso Legal y pol\u00edtica de privacidad"}]},{"@type":"WebSite","@id":"https:\/\/www.conservatorialcoi.com\/#website","url":"https:\/\/www.conservatorialcoi.com\/","name":"Conservatori Professional de M\u00fasica Juan Cant\u00f3 en Alcoi","description":"","potentialAction":[{"@type":"SearchAction","target":{"@type":"EntryPoint","urlTemplate":"https:\/\/www.conservatorialcoi.com\/?s={search_term_string}"},"query-input":{"@type":"PropertyValueSpecification","valueRequired":true,"valueName":"search_term_string"}}],"inLanguage":"ca"}]}},"_links":{"self":[{"href":"https:\/\/www.conservatorialcoi.com\/ca\/wp-json\/wp\/v2\/pages\/2319","targetHints":{"allow":["GET"]}}],"collection":[{"href":"https:\/\/www.conservatorialcoi.com\/ca\/wp-json\/wp\/v2\/pages"}],"about":[{"href":"https:\/\/www.conservatorialcoi.com\/ca\/wp-json\/wp\/v2\/types\/page"}],"author":[{"embeddable":true,"href":"https:\/\/www.conservatorialcoi.com\/ca\/wp-json\/wp\/v2\/users\/1"}],"replies":[{"embeddable":true,"href":"https:\/\/www.conservatorialcoi.com\/ca\/wp-json\/wp\/v2\/comments?post=2319"}],"version-history":[{"count":0,"href":"https:\/\/www.conservatorialcoi.com\/ca\/wp-json\/wp\/v2\/pages\/2319\/revisions"}],"wp:attachment":[{"href":"https:\/\/www.conservatorialcoi.com\/ca\/wp-json\/wp\/v2\/media?parent=2319"}],"curies":[{"name":"wp","href":"https:\/\/api.w.org\/{rel}","templated":true}]}}