{"id":1525,"date":"2019-03-04T15:54:31","date_gmt":"2019-03-04T15:54:31","guid":{"rendered":"https:\/\/www.conservatorialcoi.com\/\/politica-de-cookies\/"},"modified":"2019-03-04T15:54:31","modified_gmt":"2019-03-04T15:54:31","slug":"politica-de-cookies","status":"publish","type":"page","link":"https:\/\/www.conservatorialcoi.com\/ca\/politica-de-cookies\/","title":{"rendered":"Pol\u00edtica de cookies"},"content":{"rendered":"<p>Ayuntamiento de Alcoy, informa acerca del uso de las cookies en su p\u00e1gina web:\u00a0<strong><a href=\"http:\/\/conservatorialcoi.com\/\" target=\"_blank\" rel=\"noopener noreferrer\">conservatorialcoi.com<\/a><\/strong><\/p>\n<p><strong>\u00bfQu\u00e9 son las cookies?<\/strong><\/p>\n<p>Las cookies son archivos que se pueden descargar en su equipo a trav\u00e9s de las p\u00e1ginas web. Son herramientas que tienen un papel<br \/>\nesencial para la prestaci\u00f3n de numerosos servicios de la sociedad de la informaci\u00f3n. Entre otros, permiten a una p\u00e1gina web<br \/>\nalmacenar y recuperar informaci\u00f3n sobre los h\u00e1bitos de navegaci\u00f3n de un usuario o de su equipo y, dependiendo de la informaci\u00f3n<br \/>\nobtenida, se pueden utilizar para reconocer al usuario y mejorar el servicio ofrecido.<\/p>\n<p><strong>Tipos de cookies<\/strong><\/p>\n<p>Seg\u00fan quien sea la entidad que gestione el dominio desde donde se env\u00edan las cookies y trate los datos que se obtengan se pueden<br \/>\ndistinguir dos tipos:<\/p>\n<ul>\n<li>Cookies propias: aqu\u00e9llas que se env\u00edan al equipo terminal del usuario desde un equipo o dominio gestionado<br \/>\npor el propio editor y desde el que se presta el servicio solicitado por el usuario.<\/li>\n<li>Cookies de terceros: aqu\u00e9llas que se env\u00edan al equipo terminal del usuario desde un equipo o dominio que no es<br \/>\ngestionado por el editor, sino por otra entidad que trata los datos obtenidos trav\u00e9s de las cookies.<\/li>\n<\/ul>\n<p>En el caso de que las cookies sean instaladas desde un equipo o dominio gestionado por el propio editor pero la informaci\u00f3n que se<br \/>\nrecoja mediante \u00e9stas sea gestionada por un tercero, no pueden ser consideradas como cookies propias.<\/p>\n<p>Existe tambi\u00e9n una segunda clasificaci\u00f3n seg\u00fan el plazo de tiempo que permanecen almacenadas en el navegador del cliente,<br \/>\npudiendo tratarse de:<\/p>\n<ul>\n<li>Cookies de sesi\u00f3n: dise\u00f1adas para recabar y almacenar datos mientras el usuario accede a una p\u00e1gina web. Se<br \/>\nsuelen emplear para almacenar informaci\u00f3n que solo interesa conservar para la prestaci\u00f3n del servicio<br \/>\nsolicitado por el usuario en una sola ocasi\u00f3n (p.e. una lista de productos adquiridos).<\/li>\n<li>Cookies persistentes: los datos siguen almacenados en el terminal y pueden ser accedidos y tratados durante un<br \/>\nperiodo definido por el responsable de la cookie, y que puede ir de unos minutos a varios a\u00f1os.<\/li>\n<\/ul>\n<p>Por \u00faltimo, existe otra clasificaci\u00f3n con cinco tipos de cookies seg\u00fan la finalidad para la que se traten los datos obtenidos:<\/p>\n<ul>\n<li>Cookies t\u00e9cnicas: aquellas que permiten al usuario la navegaci\u00f3n a trav\u00e9s de una p\u00e1gina web,<br \/>\nplataforma o aplicaci\u00f3n y la utilizaci\u00f3n de las diferentes opciones o servicios que en ella existan como, por<br \/>\nejemplo, controlar el tr\u00e1fico y la comunicaci\u00f3n de datos, identificar la sesi\u00f3n, acceder a partes de acceso<br \/>\nrestringido, recordar los elementos que integran un pedido, realizar el proceso de compra de un pedido, realizar<br \/>\nla solicitud de inscripci\u00f3n o participaci\u00f3n en un evento, utilizar elementos de seguridad durante la navegaci\u00f3n,<br \/>\nalmacenar contenidos para la difusi\u00f3n de v\u00eddeos o sonido o compartir contenidos a trav\u00e9s de redes sociales.<\/li>\n<li>Cookies de personalizaci\u00f3n: permiten al usuario acceder al servicio con algunas caracter\u00edsticas de car\u00e1cter<br \/>\ngeneral predefinidas en funci\u00f3n de una serie de criterios en el terminal del usuario como por ejemplo serian el<br \/>\nidioma, el tipo de navegador a trav\u00e9s del cual accede al servicio, la configuraci\u00f3n regional desde donde accede al<br \/>\nservicio, etc.<\/li>\n<li>Cookies de an\u00e1lisis: permiten al responsable de las mismas, el seguimiento y an\u00e1lisis del comportamiento de los<br \/>\nusuarios de los sitios web a los que est\u00e1n vinculadas. La informaci\u00f3n recogida mediante este tipo de cookies se<br \/>\nutiliza en la medici\u00f3n de la actividad de los sitios web, aplicaci\u00f3n o plataforma y para la elaboraci\u00f3n de perfiles<br \/>\nde navegaci\u00f3n de los usuarios de dichos sitios, aplicaciones y plataformas, con el fin de introducir mejoras en<br \/>\nfunci\u00f3n del an\u00e1lisis de los datos de uso que hacen los usuarios del servicio.<\/li>\n<li>Cookies publicitarias: permiten la gesti\u00f3n, de la forma m\u00e1s eficaz posible, de los espacios publicitarios.<\/li>\n<li>Cookies de publicidad comportamental: almacenan informaci\u00f3n del comportamiento de los usuarios obtenida a<br \/>\ntrav\u00e9s de la observaci\u00f3n continuada de sus h\u00e1bitos de navegaci\u00f3n, lo que permite desarrollar un perfil espec\u00edfico<br \/>\npara mostrar publicidad en funci\u00f3n del mismo.<\/li>\n<li>Cookies de redes sociales externas: se utilizan para que los visitantes puedan interactuar con el contenido de<br \/>\ndiferentes plataformas sociales (facebook, youtube, twitter, linkedIn, etc..) y que se generen \u00fanicamente para<br \/>\nlos usuarios de dichas redes sociales. Las condiciones de utilizaci\u00f3n de estas cookies y la informaci\u00f3n recopilada<br \/>\nse regula por la pol\u00edtica de privacidad de la plataforma social correspondiente.<\/li>\n<\/ul>\n<p><strong>Desactivaci\u00f3n y eliminaci\u00f3n de cookies<\/strong><\/p>\n<p>Tienes la opci\u00f3n de permitir, bloquear o eliminar las cookies instaladas en tu equipo mediante la configuraci\u00f3n de las opciones del<br \/>\nnavegador instalado en su equipo. Al desactivar cookies, algunos de los servicios disponibles podr\u00edan dejar de estar operativos. La<br \/>\nforma de deshabilitar las cookies es diferente para cada navegador, pero normalmente puede hacerse desde el men\u00fa Herramientas<br \/>\nu Opciones. Tambi\u00e9n puede consultarse el men\u00fa de Ayuda del navegador d\u00f3nde puedes encontrar instrucciones. El usuario podr\u00e1<br \/>\nen cualquier momento elegir qu\u00e9 cookies quiere que funcionen en este sitio web.<\/p>\n<p>Puede usted permitir, bloquear o eliminar las cookies instaladas en su equipo mediante la configuraci\u00f3n de las opciones del<br \/>\nnavegador instalado en su ordenador:<\/p>\n<ul>\n<li>Microsoft Internet Explorer o Microsoft Edge: http:\/\/windows.microsoft.com\/es-es\/windows-vista\/Block-or-allow-cookies<\/li>\n<li>Mozilla Firefox: http:\/\/support.mozilla.org\/es\/kb\/impedir-que-los-sitios-web-guarden-sus-preferencia<\/li>\n<li>Chrome: https:\/\/support.google.com\/accounts\/answer\/61416?hl=es<\/li>\n<li>Safari: http:\/\/safari.helpmax.net\/es\/privacidad-y-seguridad\/como-gestionar-las-cookies\/<\/li>\n<li>Opera: http:\/\/help.opera.com\/Linux\/10.60\/es-ES\/cookies.html<\/li>\n<\/ul>\n<p>Adem\u00e1s, tambi\u00e9n puede gestionar el almac\u00e9n de cookies en su navegador a trav\u00e9s de herramientas como las siguientes<\/p>\n<ul>\n<li>Ghostery: www.ghostery.com\/<\/li>\n<li>Your online choices: www.youronlinechoices.com\/es\/<\/li>\n<\/ul>\n<p><strong>Cookies utilizadas en www.conservatorialcoi.com<\/strong><\/p>\n<p>A continuaci\u00f3n se identifican las cookies que est\u00e1n siendo utilizadas en este portal as\u00ed como su tipolog\u00eda y funci\u00f3n:<\/p>\n<p>Aceptaci\u00f3n de la Pol\u00edtica de cookies<\/p>\n<p><strong>www.conservatorialcoi.com<\/strong> asume que usted acepta el uso de cookies. No obstante, muestra informaci\u00f3n sobre su Pol\u00edtica de cookies en la parte<br \/>\ninferior o superior de cualquier p\u00e1gina del portal con cada inicio de sesi\u00f3n con el objeto de que usted sea consciente.<br \/>\nAnte esta informaci\u00f3n es posible llevar a cabo las siguientes acciones:<\/p>\n<ul>\n<li>Aceptar cookies. No se volver\u00e1 a visualizar este aviso al acceder a cualquier p\u00e1gina del portal durante la<br \/>\npresente sesi\u00f3n.<\/li>\n<li>Cerrar. Se oculta el aviso en la presente p\u00e1gina.<\/li>\n<li>Modificar su configuraci\u00f3n. Podr\u00e1 obtener m\u00e1s informaci\u00f3n sobre qu\u00e9 son las cookies, conocer la Pol\u00edtica de<br \/>\ncookies de www.miweb.es y modificar la configuraci\u00f3n de su navegador.<\/li>\n<\/ul>\n","protected":false},"excerpt":{"rendered":"<p>Ayuntamiento de Alcoy, informa acerca del uso de las cookies en su p\u00e1gina web:\u00a0conservatorialcoi.com \u00bfQu\u00e9 son las cookies? Las cookies son archivos que se pueden descargar en su equipo a trav\u00e9s de las p\u00e1ginas web. Son herramientas que tienen un papel esencial para la prestaci\u00f3n de numerosos servicios de la sociedad de la informaci\u00f3n. Entre [&hellip;]<\/p>\n","protected":false},"author":1,"featured_media":0,"parent":0,"menu_order":1,"comment_status":"closed","ping_status":"closed","template":"","meta":{"footnotes":""},"class_list":["post-1525","page","type-page","status-publish","hentry"],"yoast_head":"<!-- This site is optimized with the Yoast SEO plugin v27.3 - https:\/\/yoast.com\/product\/yoast-seo-wordpress\/ -->\n<title>Pol\u00edtica de cookies - Conservatori Professional de M\u00fasica Juan Cant\u00f3 en Alcoi<\/title>\n<meta name=\"robots\" content=\"index, follow, max-snippet:-1, max-image-preview:large, max-video-preview:-1\" \/>\n<link rel=\"canonical\" href=\"https:\/\/www.conservatorialcoi.com\/ca\/politica-de-cookies\/\" \/>\n<meta property=\"og:locale\" content=\"ca_ES\" \/>\n<meta property=\"og:type\" content=\"article\" \/>\n<meta property=\"og:title\" content=\"Pol\u00edtica de cookies - Conservatori Professional de M\u00fasica Juan Cant\u00f3 en Alcoi\" \/>\n<meta property=\"og:description\" content=\"Ayuntamiento de Alcoy, informa acerca del uso de las cookies en su p\u00e1gina web:\u00a0conservatorialcoi.com \u00bfQu\u00e9 son las cookies? Las cookies son archivos que se pueden descargar en su equipo a trav\u00e9s de las p\u00e1ginas web. Son herramientas que tienen un papel esencial para la prestaci\u00f3n de numerosos servicios de la sociedad de la informaci\u00f3n. Entre [&hellip;]\" \/>\n<meta property=\"og:url\" content=\"https:\/\/www.conservatorialcoi.com\/ca\/politica-de-cookies\/\" \/>\n<meta property=\"og:site_name\" content=\"Conservatori Professional de M\u00fasica Juan Cant\u00f3 en Alcoi\" \/>\n<meta name=\"twitter:card\" content=\"summary_large_image\" \/>\n<meta name=\"twitter:label1\" content=\"Temps estimat de lectura\" \/>\n\t<meta name=\"twitter:data1\" content=\"6 minuts\" \/>\n<script type=\"application\/ld+json\" class=\"yoast-schema-graph\">{\"@context\":\"https:\\\/\\\/schema.org\",\"@graph\":[{\"@type\":\"WebPage\",\"@id\":\"https:\\\/\\\/www.conservatorialcoi.com\\\/ca\\\/politica-de-cookies\\\/\",\"url\":\"https:\\\/\\\/www.conservatorialcoi.com\\\/ca\\\/politica-de-cookies\\\/\",\"name\":\"Pol\u00edtica de cookies - Conservatori Professional de M\u00fasica Juan Cant\u00f3 en Alcoi\",\"isPartOf\":{\"@id\":\"https:\\\/\\\/www.conservatorialcoi.com\\\/#website\"},\"datePublished\":\"2019-03-04T15:54:31+00:00\",\"breadcrumb\":{\"@id\":\"https:\\\/\\\/www.conservatorialcoi.com\\\/ca\\\/politica-de-cookies\\\/#breadcrumb\"},\"inLanguage\":\"ca\",\"potentialAction\":[{\"@type\":\"ReadAction\",\"target\":[\"https:\\\/\\\/www.conservatorialcoi.com\\\/ca\\\/politica-de-cookies\\\/\"]}]},{\"@type\":\"BreadcrumbList\",\"@id\":\"https:\\\/\\\/www.conservatorialcoi.com\\\/ca\\\/politica-de-cookies\\\/#breadcrumb\",\"itemListElement\":[{\"@type\":\"ListItem\",\"position\":1,\"name\":\"Portada\",\"item\":\"https:\\\/\\\/www.conservatorialcoi.com\\\/ca\\\/\"},{\"@type\":\"ListItem\",\"position\":2,\"name\":\"Pol\u00edtica de cookies\"}]},{\"@type\":\"WebSite\",\"@id\":\"https:\\\/\\\/www.conservatorialcoi.com\\\/#website\",\"url\":\"https:\\\/\\\/www.conservatorialcoi.com\\\/\",\"name\":\"Conservatori Professional de M\u00fasica Juan Cant\u00f3 en Alcoi\",\"description\":\"\",\"potentialAction\":[{\"@type\":\"SearchAction\",\"target\":{\"@type\":\"EntryPoint\",\"urlTemplate\":\"https:\\\/\\\/www.conservatorialcoi.com\\\/?s={search_term_string}\"},\"query-input\":{\"@type\":\"PropertyValueSpecification\",\"valueRequired\":true,\"valueName\":\"search_term_string\"}}],\"inLanguage\":\"ca\"}]}<\/script>\n<!-- \/ Yoast SEO plugin. -->","yoast_head_json":{"title":"Pol\u00edtica de cookies - Conservatori Professional de M\u00fasica Juan Cant\u00f3 en Alcoi","robots":{"index":"index","follow":"follow","max-snippet":"max-snippet:-1","max-image-preview":"max-image-preview:large","max-video-preview":"max-video-preview:-1"},"canonical":"https:\/\/www.conservatorialcoi.com\/ca\/politica-de-cookies\/","og_locale":"ca_ES","og_type":"article","og_title":"Pol\u00edtica de cookies - Conservatori Professional de M\u00fasica Juan Cant\u00f3 en Alcoi","og_description":"Ayuntamiento de Alcoy, informa acerca del uso de las cookies en su p\u00e1gina web:\u00a0conservatorialcoi.com \u00bfQu\u00e9 son las cookies? Las cookies son archivos que se pueden descargar en su equipo a trav\u00e9s de las p\u00e1ginas web. Son herramientas que tienen un papel esencial para la prestaci\u00f3n de numerosos servicios de la sociedad de la informaci\u00f3n. Entre [&hellip;]","og_url":"https:\/\/www.conservatorialcoi.com\/ca\/politica-de-cookies\/","og_site_name":"Conservatori Professional de M\u00fasica Juan Cant\u00f3 en Alcoi","twitter_card":"summary_large_image","twitter_misc":{"Temps estimat de lectura":"6 minuts"},"schema":{"@context":"https:\/\/schema.org","@graph":[{"@type":"WebPage","@id":"https:\/\/www.conservatorialcoi.com\/ca\/politica-de-cookies\/","url":"https:\/\/www.conservatorialcoi.com\/ca\/politica-de-cookies\/","name":"Pol\u00edtica de cookies - Conservatori Professional de M\u00fasica Juan Cant\u00f3 en Alcoi","isPartOf":{"@id":"https:\/\/www.conservatorialcoi.com\/#website"},"datePublished":"2019-03-04T15:54:31+00:00","breadcrumb":{"@id":"https:\/\/www.conservatorialcoi.com\/ca\/politica-de-cookies\/#breadcrumb"},"inLanguage":"ca","potentialAction":[{"@type":"ReadAction","target":["https:\/\/www.conservatorialcoi.com\/ca\/politica-de-cookies\/"]}]},{"@type":"BreadcrumbList","@id":"https:\/\/www.conservatorialcoi.com\/ca\/politica-de-cookies\/#breadcrumb","itemListElement":[{"@type":"ListItem","position":1,"name":"Portada","item":"https:\/\/www.conservatorialcoi.com\/ca\/"},{"@type":"ListItem","position":2,"name":"Pol\u00edtica de cookies"}]},{"@type":"WebSite","@id":"https:\/\/www.conservatorialcoi.com\/#website","url":"https:\/\/www.conservatorialcoi.com\/","name":"Conservatori Professional de M\u00fasica Juan Cant\u00f3 en Alcoi","description":"","potentialAction":[{"@type":"SearchAction","target":{"@type":"EntryPoint","urlTemplate":"https:\/\/www.conservatorialcoi.com\/?s={search_term_string}"},"query-input":{"@type":"PropertyValueSpecification","valueRequired":true,"valueName":"search_term_string"}}],"inLanguage":"ca"}]}},"_links":{"self":[{"href":"https:\/\/www.conservatorialcoi.com\/ca\/wp-json\/wp\/v2\/pages\/1525","targetHints":{"allow":["GET"]}}],"collection":[{"href":"https:\/\/www.conservatorialcoi.com\/ca\/wp-json\/wp\/v2\/pages"}],"about":[{"href":"https:\/\/www.conservatorialcoi.com\/ca\/wp-json\/wp\/v2\/types\/page"}],"author":[{"embeddable":true,"href":"https:\/\/www.conservatorialcoi.com\/ca\/wp-json\/wp\/v2\/users\/1"}],"replies":[{"embeddable":true,"href":"https:\/\/www.conservatorialcoi.com\/ca\/wp-json\/wp\/v2\/comments?post=1525"}],"version-history":[{"count":0,"href":"https:\/\/www.conservatorialcoi.com\/ca\/wp-json\/wp\/v2\/pages\/1525\/revisions"}],"wp:attachment":[{"href":"https:\/\/www.conservatorialcoi.com\/ca\/wp-json\/wp\/v2\/media?parent=1525"}],"curies":[{"name":"wp","href":"https:\/\/api.w.org\/{rel}","templated":true}]}}