{"id":1473,"date":"2019-03-01T11:09:28","date_gmt":"2019-03-01T11:09:28","guid":{"rendered":"https:\/\/www.conservatorialcoi.com\/\/informacion-academica\/ensenanza-profesional\/continguts-terminals-per-assignatures\/"},"modified":"2019-04-09T06:58:44","modified_gmt":"2019-04-09T06:58:44","slug":"continguts-terminals-per-assignatures","status":"publish","type":"page","link":"https:\/\/www.conservatorialcoi.com\/ca\/informacio-academica\/ensenanza-profesional\/continguts-terminals-per-assignatures\/","title":{"rendered":"Continguts terminals per assignatures"},"content":{"rendered":"<ul>\n<li><a href=\"\/ca\/informacion-academica\/ensenanza-profesional\/continguts-terminals-per-assignatures\/acompanyament\/\" target=\"_blank\" rel=\"noopener noreferrer\"><strong>Acompanyament<\/strong><\/a><\/li>\n<li><strong><a href=\"\/ca\/informacion-academica\/ensenanza-profesional\/continguts-terminals-per-assignatures\/analisi\/\" target=\"_blank\" rel=\"noopener noreferrer\">An\u00e0lisi <\/a><\/strong><\/li>\n<li><strong><a href=\"\/ca\/informacion-academica\/ensenanza-profesional\/continguts-terminals-per-assignatures\/harmonia\/\" target=\"_blank\" rel=\"noopener noreferrer\">Harmonia<\/a><\/strong><\/li>\n<li><strong><a href=\"\/ca\/informacion-academica\/ensenanza-profesional\/continguts-terminals-per-assignatures\/cant\/\" target=\"_blank\" rel=\"noopener noreferrer\">Cant<\/a><\/strong><\/li>\n<li><strong><a href=\"\/ca\/informacion-academica\/ensenanza-profesional\/continguts-terminals-per-assignatures\/clarinet\/\" target=\"_blank\" rel=\"noopener noreferrer\">Clarinete<\/a><\/strong><\/li>\n<li><strong><a href=\"\/ca\/informacion-academica\/ensenanza-profesional\/continguts-terminals-per-assignatures\/contrabaix\/\" target=\"_blank\" rel=\"noopener noreferrer\">Contrabaix<\/a><\/strong><\/li>\n<li><strong><a href=\"\/ca\/informacion-academica\/ensenanza-profesional\/continguts-terminals-per-assignatures\/dolcaina\/\" target=\"_blank\" rel=\"noopener noreferrer\">Dol\u00e7aina<\/a><\/strong><\/li>\n<li><strong><a href=\"\/ca\/informacion-academica\/ensenanza-profesional\/continguts-terminals-per-assignatures\/fagot\/\" target=\"_blank\" rel=\"noopener noreferrer\">Fagot<\/a><\/strong><\/li>\n<li><strong><a href=\"\/ca\/informacion-academica\/ensenanza-profesional\/continguts-terminals-per-assignatures\/flauta-travesera\/\" target=\"_blank\" rel=\"noopener noreferrer\">Flauta Travessera<\/a><\/strong><\/li>\n<li><strong><a href=\"\/ca\/informacion-academica\/ensenanza-profesional\/continguts-terminals-per-assignatures\/guitarra\/\" target=\"_blank\" rel=\"noopener noreferrer\">Guitarra<\/a><\/strong><\/li>\n<li><strong><a href=\"\/ca\/informacion-academica\/ensenanza-profesional\/continguts-terminals-per-assignatures\/historia-de-la-musica\/\" target=\"_blank\" rel=\"noopener noreferrer\">Hist\u00f2ria de la m\u00fasica<\/a><\/strong><\/li>\n<li><strong><a href=\"\/ca\/informacion-academica\/ensenanza-profesional\/continguts-terminals-per-assignatures\/llenguatge-musical\/\" target=\"_blank\" rel=\"noopener noreferrer\">Llenguatge Musical<\/a><\/strong><\/li>\n<li><strong><a href=\"\/ca\/informacion-academica\/ensenanza-profesional\/continguts-terminals-per-assignatures\/oboe\/\" target=\"_blank\" rel=\"noopener noreferrer\">Obo\u00e9<\/a><\/strong><\/li>\n<li><strong><a href=\"\/ca\/informacion-academica\/ensenanza-profesional\/continguts-terminals-per-assignatures\/percussio\/\" target=\"_blank\" rel=\"noopener noreferrer\">Percussi\u00f3<\/a><\/strong><\/li>\n<li><strong><a href=\"\/ca\/informacion-academica\/ensenanza-profesional\/continguts-terminals-per-assignatures\/piano-complementari\/\" target=\"_blank\" rel=\"noopener noreferrer\">Piano Complementari<\/a><\/strong><\/li>\n<li><strong><a href=\"\/ca\/informacion-academica\/ensenanza-profesional\/continguts-terminals-per-assignatures\/piano\/\" target=\"_blank\" rel=\"noopener noreferrer\">Piano<\/a><\/strong><\/li>\n<li><strong><a href=\"\/ca\/informacion-academica\/ensenanza-profesional\/continguts-terminals-per-assignatures\/saxofon\/\" target=\"_blank\" rel=\"noopener noreferrer\">Sax\u00f2fon<\/a><\/strong><\/li>\n<li><strong><a href=\"\/ca\/informacion-academica\/ensenanza-profesional\/continguts-terminals-per-assignatures\/trombo\/\" target=\"_blank\" rel=\"noopener noreferrer\">Tromb\u00f3<\/a><\/strong><\/li>\n<li><strong><a href=\"\/ca\/informacion-academica\/ensenanza-profesional\/continguts-terminals-per-assignatures\/trompa\/\" target=\"_blank\" rel=\"noopener noreferrer\">Trompa<\/a><\/strong><\/li>\n<li><strong><a href=\"\/ca\/informacion-academica\/ensenanza-profesional\/continguts-terminals-per-assignatures\/trompeta\/\" target=\"_blank\" rel=\"noopener noreferrer\">Trompeta<\/a><\/strong><\/li>\n<li><strong><a href=\"\/ca\/informacion-academica\/ensenanza-profesional\/continguts-terminals-per-assignatures\/tuba-i-bombardi\/\" target=\"_blank\" rel=\"noopener noreferrer\">Tuba y Bombard\u00ed<\/a><\/strong><\/li>\n<li><strong><a href=\"\/ca\/informacion-academica\/ensenanza-profesional\/continguts-terminals-per-assignatures\/viola\/\" target=\"_blank\" rel=\"noopener noreferrer\">Viola<\/a><\/strong><\/li>\n<li><strong><a href=\"\/ca\/informacion-academica\/ensenanza-profesional\/continguts-terminals-per-assignatures\/violi\/\" target=\"_blank\" rel=\"noopener noreferrer\">Viol\u00ed<\/a><\/strong><\/li>\n<li><strong><a href=\"\/ca\/informacion-academica\/ensenanza-profesional\/continguts-terminals-per-assignatures\/violoncello\/\" target=\"_blank\" rel=\"noopener noreferrer\">Violoncello<\/a><\/strong><\/li>\n<\/ul>\n","protected":false},"excerpt":{"rendered":"<p>Acompanyament An\u00e0lisi Harmonia Cant Clarinete Contrabaix Dol\u00e7aina Fagot Flauta Travessera Guitarra Hist\u00f2ria de la m\u00fasica Llenguatge Musical Obo\u00e9 Percussi\u00f3 Piano Complementari Piano Sax\u00f2fon Tromb\u00f3 Trompa Trompeta Tuba y Bombard\u00ed Viola Viol\u00ed Violoncello<\/p>\n","protected":false},"author":1,"featured_media":0,"parent":1195,"menu_order":5,"comment_status":"closed","ping_status":"closed","template":"","meta":{"footnotes":""},"class_list":["post-1473","page","type-page","status-publish","hentry"],"yoast_head":"<!-- This site is optimized with the Yoast SEO plugin v27.3 - https:\/\/yoast.com\/product\/yoast-seo-wordpress\/ -->\n<title>Continguts terminals per assignatures - Conservatori Professional de M\u00fasica Juan Cant\u00f3 en Alcoi<\/title>\n<meta name=\"robots\" content=\"index, follow, max-snippet:-1, max-image-preview:large, max-video-preview:-1\" \/>\n<link rel=\"canonical\" href=\"https:\/\/www.conservatorialcoi.com\/ca\/informacio-academica\/ensenanza-profesional\/continguts-terminals-per-assignatures\/\" \/>\n<meta property=\"og:locale\" content=\"ca_ES\" \/>\n<meta property=\"og:type\" content=\"article\" \/>\n<meta property=\"og:title\" content=\"Continguts terminals per assignatures - Conservatori Professional de M\u00fasica Juan Cant\u00f3 en Alcoi\" \/>\n<meta property=\"og:description\" content=\"Acompanyament An\u00e0lisi Harmonia Cant Clarinete Contrabaix Dol\u00e7aina Fagot Flauta Travessera Guitarra Hist\u00f2ria de la m\u00fasica Llenguatge Musical Obo\u00e9 Percussi\u00f3 Piano Complementari Piano Sax\u00f2fon Tromb\u00f3 Trompa Trompeta Tuba y Bombard\u00ed Viola Viol\u00ed Violoncello\" \/>\n<meta property=\"og:url\" content=\"https:\/\/www.conservatorialcoi.com\/ca\/informacio-academica\/ensenanza-profesional\/continguts-terminals-per-assignatures\/\" \/>\n<meta property=\"og:site_name\" content=\"Conservatori Professional de M\u00fasica Juan Cant\u00f3 en Alcoi\" \/>\n<meta property=\"article:modified_time\" content=\"2019-04-09T06:58:44+00:00\" \/>\n<meta name=\"twitter:card\" content=\"summary_large_image\" \/>\n<script type=\"application\/ld+json\" class=\"yoast-schema-graph\">{\"@context\":\"https:\\\/\\\/schema.org\",\"@graph\":[{\"@type\":\"WebPage\",\"@id\":\"https:\\\/\\\/www.conservatorialcoi.com\\\/ca\\\/informacio-academica\\\/ensenanza-profesional\\\/continguts-terminals-per-assignatures\\\/\",\"url\":\"https:\\\/\\\/www.conservatorialcoi.com\\\/ca\\\/informacio-academica\\\/ensenanza-profesional\\\/continguts-terminals-per-assignatures\\\/\",\"name\":\"Continguts terminals per assignatures - Conservatori Professional de M\u00fasica Juan Cant\u00f3 en Alcoi\",\"isPartOf\":{\"@id\":\"https:\\\/\\\/www.conservatorialcoi.com\\\/#website\"},\"datePublished\":\"2019-03-01T11:09:28+00:00\",\"dateModified\":\"2019-04-09T06:58:44+00:00\",\"breadcrumb\":{\"@id\":\"https:\\\/\\\/www.conservatorialcoi.com\\\/ca\\\/informacio-academica\\\/ensenanza-profesional\\\/continguts-terminals-per-assignatures\\\/#breadcrumb\"},\"inLanguage\":\"ca\",\"potentialAction\":[{\"@type\":\"ReadAction\",\"target\":[\"https:\\\/\\\/www.conservatorialcoi.com\\\/ca\\\/informacio-academica\\\/ensenanza-profesional\\\/continguts-terminals-per-assignatures\\\/\"]}]},{\"@type\":\"BreadcrumbList\",\"@id\":\"https:\\\/\\\/www.conservatorialcoi.com\\\/ca\\\/informacio-academica\\\/ensenanza-profesional\\\/continguts-terminals-per-assignatures\\\/#breadcrumb\",\"itemListElement\":[{\"@type\":\"ListItem\",\"position\":1,\"name\":\"Portada\",\"item\":\"https:\\\/\\\/www.conservatorialcoi.com\\\/ca\\\/\"},{\"@type\":\"ListItem\",\"position\":2,\"name\":\"Informaci\u00f3 acad\u00e8mica\",\"item\":\"https:\\\/\\\/www.conservatorialcoi.com\\\/ca\\\/informacio-academica\\\/\"},{\"@type\":\"ListItem\",\"position\":3,\"name\":\"Ense\u00f1anza Profesional\",\"item\":\"https:\\\/\\\/www.conservatorialcoi.com\\\/ca\\\/informacio-academica\\\/ensenanza-profesional\\\/\"},{\"@type\":\"ListItem\",\"position\":4,\"name\":\"Continguts terminals per assignatures\"}]},{\"@type\":\"WebSite\",\"@id\":\"https:\\\/\\\/www.conservatorialcoi.com\\\/#website\",\"url\":\"https:\\\/\\\/www.conservatorialcoi.com\\\/\",\"name\":\"Conservatori Professional de M\u00fasica Juan Cant\u00f3 en Alcoi\",\"description\":\"\",\"potentialAction\":[{\"@type\":\"SearchAction\",\"target\":{\"@type\":\"EntryPoint\",\"urlTemplate\":\"https:\\\/\\\/www.conservatorialcoi.com\\\/?s={search_term_string}\"},\"query-input\":{\"@type\":\"PropertyValueSpecification\",\"valueRequired\":true,\"valueName\":\"search_term_string\"}}],\"inLanguage\":\"ca\"}]}<\/script>\n<!-- \/ Yoast SEO plugin. -->","yoast_head_json":{"title":"Continguts terminals per assignatures - Conservatori Professional de M\u00fasica Juan Cant\u00f3 en Alcoi","robots":{"index":"index","follow":"follow","max-snippet":"max-snippet:-1","max-image-preview":"max-image-preview:large","max-video-preview":"max-video-preview:-1"},"canonical":"https:\/\/www.conservatorialcoi.com\/ca\/informacio-academica\/ensenanza-profesional\/continguts-terminals-per-assignatures\/","og_locale":"ca_ES","og_type":"article","og_title":"Continguts terminals per assignatures - Conservatori Professional de M\u00fasica Juan Cant\u00f3 en Alcoi","og_description":"Acompanyament An\u00e0lisi Harmonia Cant Clarinete Contrabaix Dol\u00e7aina Fagot Flauta Travessera Guitarra Hist\u00f2ria de la m\u00fasica Llenguatge Musical Obo\u00e9 Percussi\u00f3 Piano Complementari Piano Sax\u00f2fon Tromb\u00f3 Trompa Trompeta Tuba y Bombard\u00ed Viola Viol\u00ed Violoncello","og_url":"https:\/\/www.conservatorialcoi.com\/ca\/informacio-academica\/ensenanza-profesional\/continguts-terminals-per-assignatures\/","og_site_name":"Conservatori Professional de M\u00fasica Juan Cant\u00f3 en Alcoi","article_modified_time":"2019-04-09T06:58:44+00:00","twitter_card":"summary_large_image","schema":{"@context":"https:\/\/schema.org","@graph":[{"@type":"WebPage","@id":"https:\/\/www.conservatorialcoi.com\/ca\/informacio-academica\/ensenanza-profesional\/continguts-terminals-per-assignatures\/","url":"https:\/\/www.conservatorialcoi.com\/ca\/informacio-academica\/ensenanza-profesional\/continguts-terminals-per-assignatures\/","name":"Continguts terminals per assignatures - Conservatori Professional de M\u00fasica Juan Cant\u00f3 en Alcoi","isPartOf":{"@id":"https:\/\/www.conservatorialcoi.com\/#website"},"datePublished":"2019-03-01T11:09:28+00:00","dateModified":"2019-04-09T06:58:44+00:00","breadcrumb":{"@id":"https:\/\/www.conservatorialcoi.com\/ca\/informacio-academica\/ensenanza-profesional\/continguts-terminals-per-assignatures\/#breadcrumb"},"inLanguage":"ca","potentialAction":[{"@type":"ReadAction","target":["https:\/\/www.conservatorialcoi.com\/ca\/informacio-academica\/ensenanza-profesional\/continguts-terminals-per-assignatures\/"]}]},{"@type":"BreadcrumbList","@id":"https:\/\/www.conservatorialcoi.com\/ca\/informacio-academica\/ensenanza-profesional\/continguts-terminals-per-assignatures\/#breadcrumb","itemListElement":[{"@type":"ListItem","position":1,"name":"Portada","item":"https:\/\/www.conservatorialcoi.com\/ca\/"},{"@type":"ListItem","position":2,"name":"Informaci\u00f3 acad\u00e8mica","item":"https:\/\/www.conservatorialcoi.com\/ca\/informacio-academica\/"},{"@type":"ListItem","position":3,"name":"Ense\u00f1anza Profesional","item":"https:\/\/www.conservatorialcoi.com\/ca\/informacio-academica\/ensenanza-profesional\/"},{"@type":"ListItem","position":4,"name":"Continguts terminals per assignatures"}]},{"@type":"WebSite","@id":"https:\/\/www.conservatorialcoi.com\/#website","url":"https:\/\/www.conservatorialcoi.com\/","name":"Conservatori Professional de M\u00fasica Juan Cant\u00f3 en Alcoi","description":"","potentialAction":[{"@type":"SearchAction","target":{"@type":"EntryPoint","urlTemplate":"https:\/\/www.conservatorialcoi.com\/?s={search_term_string}"},"query-input":{"@type":"PropertyValueSpecification","valueRequired":true,"valueName":"search_term_string"}}],"inLanguage":"ca"}]}},"_links":{"self":[{"href":"https:\/\/www.conservatorialcoi.com\/ca\/wp-json\/wp\/v2\/pages\/1473","targetHints":{"allow":["GET"]}}],"collection":[{"href":"https:\/\/www.conservatorialcoi.com\/ca\/wp-json\/wp\/v2\/pages"}],"about":[{"href":"https:\/\/www.conservatorialcoi.com\/ca\/wp-json\/wp\/v2\/types\/page"}],"author":[{"embeddable":true,"href":"https:\/\/www.conservatorialcoi.com\/ca\/wp-json\/wp\/v2\/users\/1"}],"replies":[{"embeddable":true,"href":"https:\/\/www.conservatorialcoi.com\/ca\/wp-json\/wp\/v2\/comments?post=1473"}],"version-history":[{"count":2,"href":"https:\/\/www.conservatorialcoi.com\/ca\/wp-json\/wp\/v2\/pages\/1473\/revisions"}],"predecessor-version":[{"id":1867,"href":"https:\/\/www.conservatorialcoi.com\/ca\/wp-json\/wp\/v2\/pages\/1473\/revisions\/1867"}],"up":[{"embeddable":true,"href":"https:\/\/www.conservatorialcoi.com\/ca\/wp-json\/wp\/v2\/pages\/1195"}],"wp:attachment":[{"href":"https:\/\/www.conservatorialcoi.com\/ca\/wp-json\/wp\/v2\/media?parent=1473"}],"curies":[{"name":"wp","href":"https:\/\/api.w.org\/{rel}","templated":true}]}}