{"id":1416,"date":"2019-03-01T08:56:57","date_gmt":"2019-03-01T08:56:57","guid":{"rendered":"https:\/\/www.conservatorialcoi.com\/\/historia-de-la-musica\/"},"modified":"2019-03-01T08:56:57","modified_gmt":"2019-03-01T08:56:57","slug":"historia-de-la-musica","status":"publish","type":"page","link":"https:\/\/www.conservatorialcoi.com\/ca\/informacio-academica\/ensenanza-profesional\/continguts-terminals-per-assignatures\/historia-de-la-musica\/","title":{"rendered":"Hist\u00f2ria de la m\u00fasica"},"content":{"rendered":"<table style=\"width: 100%;\" border=\"1\" cellpadding=\"8\">\n<tbody>\n<tr>\n<td style=\"text-align: center;\"><strong>ESPECIALITAT<\/strong><\/td>\n<td style=\"text-align: center;\"><strong>CURS<\/strong><\/td>\n<\/tr>\n<tr>\n<td style=\"text-align: center;\">An\u00e0lisi Musical<\/td>\n<td style=\"text-align: center;\">ACC\u00c9S 6\u00b0 E.P.<\/td>\n<\/tr>\n<\/tbody>\n<\/table>\n<p>&nbsp;<\/p>\n<p><strong>CONTINGUTS:<\/strong><\/p>\n<ol>\n<li>LA M\u00daSICA A l&#8217;\u00cdNDIA. Context hist\u00f2ric. M\u00fasica \u00edndia antiga: els Vedes. Teoria musical \u00edndia: raga, tala, kharaja.<br \/>\nPer\u00edode modern. Tipus d&#8217;instruments.<\/li>\n<li>LA M\u00daSICA A GR\u00c8CIA.<br \/>\nTipus d&#8217;instrument. \u00c8poca arcaica. \u00c8poca cl\u00e0ssica. \u00c8poca final. Teoria musical grega:<br \/>\nG\u00e8neres; Sistemes; Tons; Maneres. Notaci\u00f3. Te\u00f2rics destacats.<\/li>\n<li>LA M\u00daSICA A ROMA I L&#8217;ESGL\u00c9SIA CRISTIANA PRIMITIVA.<br \/>\nLa m\u00fasica en l&#8217;antiga Roma. L&#8217;esgl\u00e9sia cristiana primitiva: Roma, Bizanci i Mil\u00e0.<\/li>\n<li>CANT GREGORI\u00c0.<br \/>\nAntecedents hist\u00f2rics. Or\u00edgens. Lit\u00fargia romana. Classes de cant gregori\u00e0. Desenvolupament posterior del cant gregori\u00e0: tropo, seq\u00fc\u00e8ncia i frama lit\u00fargic. Teoria medieval: maneres eclesi\u00e0stiques, sistema de hexacordos.<\/li>\n<li>LA M\u00daSICA VOCAL EN L&#8217;EDAT M\u00c9DIA.<br \/>\nOr\u00edgens de l&#8217;art prof\u00e0 medieval. Primeres manifestacions: els goliardos. Trobadors, troveros i joglars. Polifonia medieval. Ars antiqua: escoles, formes musicals i notaci\u00f3 mensural. Ars Nova: caracter\u00edstiques generals; formes musicals; Ars Nova a Fran\u00e7a, It\u00e0lia i<br \/>\nAnglaterra. Espanya en el segle XIV. Notaci\u00f3.<br \/>\n6. M\u00daSICA INSTRUMENTAL EN L&#8217;EDAT MITJANA.<br \/>\nEls instruments i la pr\u00e0ctica instrumental. Instruments musicals. Danses instrumentals.<\/li>\n<li>LA M\u00daSICA VOCAL EN EL RENAIXEMENT.<br \/>\nContext hist\u00f2ric. La m\u00fasica en el segle XV: caracter\u00edstiques generals. Escoles francoflamenca i borgonyona. Polifonia religiosa en el segle XVI: formes musicals; formes religioses en la Reforma protestant. Contrareforma: escola romana. Escola Veneciana. Escola flamenca. Escola espanyola.<\/li>\n<li>LA POLIFONIA PROFANA.<br \/>\nCaracter\u00edstiques generals. Formes musicals: el madrigal a It\u00e0lia; el madrigal angl\u00e8s; la can\u00e7\u00f3 francesa. Polifonia profana a Espanya.<\/li>\n<li>LA M\u00daSICA INSTRUMENTAL EN EL RENAIXEMENT.<br \/>\nContext hist\u00f2ric. Trobadors del segle XV. M\u00fasica instrumental en el segle XVI. Formes instrumentals a It\u00e0lia i Fran\u00e7a. Instruments: la vihuela, la guitarra i els teclats. Conjunts d&#8217;instruments.<\/li>\n<li>EL BARROC. M\u00daSICA INSTRUMENTAL.<br \/>\nTrets generals. Estil concertant. Els instruments: evoluci\u00f3 i agrupacions. Diapas\u00f3 i afinaci\u00f3. Formes instrumentals: suite, sonata, fugida i concert. Mestres\/us destacades\/us.<br \/>\nPanorama musical a Europa: It\u00e0lia, Fran\u00e7a, Alemanya i Espanya.<\/li>\n<li>LA M\u00daSICA RELIGIOS EN EL BARROC.<br \/>\nLa cantata a It\u00e0lia i a Alemanya. L&#8217;oratori: origen i tipus. La passi\u00f3: origen i evoluci\u00f3. La missa. Principals compositores\/\u00e9s.<\/li>\n<li>LA M\u00daSICA EN EL CLASSICISME.<br \/>\nIdeologia i pensament. Per\u00edode precl\u00e0ssic. Caracter\u00edstiques generals del classicisme musical.<br \/>\nM\u00fasica instrumental per a teclat: la sonata cl\u00e0ssica. M\u00fasica orquestral: la simfonia cl\u00e0ssica i el concert. Autores\/\u00e9s destacades\/us.<\/li>\n<li>M\u00daSICA INSTRUMENTAL I VOCAL EN EL ROMANTICISME. EL<br \/>\nPOSTROMANTICISMO.<br \/>\nContext social i caracter\u00edstiques de les\/us compositores\/\u00e9s rom\u00e0ntiques\/us. Canvis t\u00e8cnics en els instruments. L&#8217;Orquestra rom\u00e0ntica. G\u00e8neres instrumentals. La m\u00fasica program\u00e0tica. El lied. Mestres\/us de el Romanticisme. Mestres\/us de el Postromanticismo.<\/li>\n<\/ol>\n<p><strong>CRITERIS D&#8217;AVALUACI\u00d3:<\/strong><\/p>\n<ul>\n<li>Demostrar un coneixement cronol\u00f2gic de les caracter\u00edstiques espec\u00edfiques de cada per\u00edode estil\u00edstic, situant a les\/us compositores\/\u00e9s corresponents en cadascun d&#8217;ells.<\/li>\n<li>Recon\u00e8ixer les circumst\u00e0ncies hist\u00f2riques de cada per\u00edode i la incid\u00e8ncia que han tingut en els aspectes caracter\u00edstics de cada estil musical i de cada autora\/or representativa\/o.<\/li>\n<li>Identificar, a trav\u00e9s de l&#8217;audici\u00f3, l&#8217;obra proposada situant-la en l&#8217;\u00e8poca corresponent i descrivint els seus trets compositius m\u00e9s significatius.<\/li>\n<\/ul>\n<p><strong>PROVA:<\/strong><\/p>\n<ol>\n<li>Part pr\u00e0ctica: comentari sobre una audici\u00f3 proposada.<\/li>\n<li>Part te\u00f2rica: examen te\u00f2ric en el qual l&#8217;alumne\/a haur\u00e0 de contestar a diverses q\u00fcestions,  o\/i desenvolupar algun tema referent a la mat\u00e8ria.<\/li>\n<\/ol>\n","protected":false},"excerpt":{"rendered":"<p>ESPECIALITAT CURS An\u00e0lisi Musical ACC\u00c9S 6\u00b0 E.P. &nbsp; CONTINGUTS: LA M\u00daSICA A l&#8217;\u00cdNDIA. Context hist\u00f2ric. M\u00fasica \u00edndia antiga: els Vedes. Teoria musical \u00edndia: raga, tala, kharaja. Per\u00edode modern. Tipus d&#8217;instruments. LA M\u00daSICA A GR\u00c8CIA. Tipus d&#8217;instrument. \u00c8poca arcaica. \u00c8poca cl\u00e0ssica. \u00c8poca final. Teoria musical grega: G\u00e8neres; Sistemes; Tons; Maneres. Notaci\u00f3. Te\u00f2rics destacats. LA M\u00daSICA A [&hellip;]<\/p>\n","protected":false},"author":1,"featured_media":0,"parent":1473,"menu_order":10,"comment_status":"closed","ping_status":"closed","template":"","meta":{"footnotes":""},"class_list":["post-1416","page","type-page","status-publish","hentry"],"yoast_head":"<!-- This site is optimized with the Yoast SEO plugin v27.3 - https:\/\/yoast.com\/product\/yoast-seo-wordpress\/ -->\n<title>Hist\u00f2ria de la m\u00fasica - Conservatori Professional de M\u00fasica Juan Cant\u00f3 en Alcoi<\/title>\n<meta name=\"robots\" content=\"index, follow, max-snippet:-1, max-image-preview:large, max-video-preview:-1\" \/>\n<link rel=\"canonical\" href=\"https:\/\/www.conservatorialcoi.com\/ca\/informacio-academica\/ensenanza-profesional\/continguts-terminals-per-assignatures\/historia-de-la-musica\/\" \/>\n<meta property=\"og:locale\" content=\"ca_ES\" \/>\n<meta property=\"og:type\" content=\"article\" \/>\n<meta property=\"og:title\" content=\"Hist\u00f2ria de la m\u00fasica - Conservatori Professional de M\u00fasica Juan Cant\u00f3 en Alcoi\" \/>\n<meta property=\"og:description\" content=\"ESPECIALITAT CURS An\u00e0lisi Musical ACC\u00c9S 6\u00b0 E.P. &nbsp; CONTINGUTS: LA M\u00daSICA A l&#8217;\u00cdNDIA. Context hist\u00f2ric. M\u00fasica \u00edndia antiga: els Vedes. Teoria musical \u00edndia: raga, tala, kharaja. Per\u00edode modern. Tipus d&#8217;instruments. LA M\u00daSICA A GR\u00c8CIA. Tipus d&#8217;instrument. \u00c8poca arcaica. \u00c8poca cl\u00e0ssica. \u00c8poca final. Teoria musical grega: G\u00e8neres; Sistemes; Tons; Maneres. Notaci\u00f3. Te\u00f2rics destacats. LA M\u00daSICA A [&hellip;]\" \/>\n<meta property=\"og:url\" content=\"https:\/\/www.conservatorialcoi.com\/ca\/informacio-academica\/ensenanza-profesional\/continguts-terminals-per-assignatures\/historia-de-la-musica\/\" \/>\n<meta property=\"og:site_name\" content=\"Conservatori Professional de M\u00fasica Juan Cant\u00f3 en Alcoi\" \/>\n<meta name=\"twitter:card\" content=\"summary_large_image\" \/>\n<meta name=\"twitter:label1\" content=\"Temps estimat de lectura\" \/>\n\t<meta name=\"twitter:data1\" content=\"3 minuts\" \/>\n<script type=\"application\/ld+json\" class=\"yoast-schema-graph\">{\"@context\":\"https:\\\/\\\/schema.org\",\"@graph\":[{\"@type\":\"WebPage\",\"@id\":\"https:\\\/\\\/www.conservatorialcoi.com\\\/ca\\\/informacio-academica\\\/ensenanza-profesional\\\/continguts-terminals-per-assignatures\\\/historia-de-la-musica\\\/\",\"url\":\"https:\\\/\\\/www.conservatorialcoi.com\\\/ca\\\/informacio-academica\\\/ensenanza-profesional\\\/continguts-terminals-per-assignatures\\\/historia-de-la-musica\\\/\",\"name\":\"Hist\u00f2ria de la m\u00fasica - Conservatori Professional de M\u00fasica Juan Cant\u00f3 en Alcoi\",\"isPartOf\":{\"@id\":\"https:\\\/\\\/www.conservatorialcoi.com\\\/#website\"},\"datePublished\":\"2019-03-01T08:56:57+00:00\",\"breadcrumb\":{\"@id\":\"https:\\\/\\\/www.conservatorialcoi.com\\\/ca\\\/informacio-academica\\\/ensenanza-profesional\\\/continguts-terminals-per-assignatures\\\/historia-de-la-musica\\\/#breadcrumb\"},\"inLanguage\":\"ca\",\"potentialAction\":[{\"@type\":\"ReadAction\",\"target\":[\"https:\\\/\\\/www.conservatorialcoi.com\\\/ca\\\/informacio-academica\\\/ensenanza-profesional\\\/continguts-terminals-per-assignatures\\\/historia-de-la-musica\\\/\"]}]},{\"@type\":\"BreadcrumbList\",\"@id\":\"https:\\\/\\\/www.conservatorialcoi.com\\\/ca\\\/informacio-academica\\\/ensenanza-profesional\\\/continguts-terminals-per-assignatures\\\/historia-de-la-musica\\\/#breadcrumb\",\"itemListElement\":[{\"@type\":\"ListItem\",\"position\":1,\"name\":\"Portada\",\"item\":\"https:\\\/\\\/www.conservatorialcoi.com\\\/ca\\\/\"},{\"@type\":\"ListItem\",\"position\":2,\"name\":\"Informaci\u00f3 acad\u00e8mica\",\"item\":\"https:\\\/\\\/www.conservatorialcoi.com\\\/ca\\\/informacio-academica\\\/\"},{\"@type\":\"ListItem\",\"position\":3,\"name\":\"Ense\u00f1anza Profesional\",\"item\":\"https:\\\/\\\/www.conservatorialcoi.com\\\/ca\\\/informacio-academica\\\/ensenanza-profesional\\\/\"},{\"@type\":\"ListItem\",\"position\":4,\"name\":\"Continguts terminals per assignatures\",\"item\":\"https:\\\/\\\/www.conservatorialcoi.com\\\/ca\\\/informacio-academica\\\/ensenanza-profesional\\\/continguts-terminals-per-assignatures\\\/\"},{\"@type\":\"ListItem\",\"position\":5,\"name\":\"Hist\u00f2ria de la m\u00fasica\"}]},{\"@type\":\"WebSite\",\"@id\":\"https:\\\/\\\/www.conservatorialcoi.com\\\/#website\",\"url\":\"https:\\\/\\\/www.conservatorialcoi.com\\\/\",\"name\":\"Conservatori Professional de M\u00fasica Juan Cant\u00f3 en Alcoi\",\"description\":\"\",\"potentialAction\":[{\"@type\":\"SearchAction\",\"target\":{\"@type\":\"EntryPoint\",\"urlTemplate\":\"https:\\\/\\\/www.conservatorialcoi.com\\\/?s={search_term_string}\"},\"query-input\":{\"@type\":\"PropertyValueSpecification\",\"valueRequired\":true,\"valueName\":\"search_term_string\"}}],\"inLanguage\":\"ca\"}]}<\/script>\n<!-- \/ Yoast SEO plugin. -->","yoast_head_json":{"title":"Hist\u00f2ria de la m\u00fasica - Conservatori Professional de M\u00fasica Juan Cant\u00f3 en Alcoi","robots":{"index":"index","follow":"follow","max-snippet":"max-snippet:-1","max-image-preview":"max-image-preview:large","max-video-preview":"max-video-preview:-1"},"canonical":"https:\/\/www.conservatorialcoi.com\/ca\/informacio-academica\/ensenanza-profesional\/continguts-terminals-per-assignatures\/historia-de-la-musica\/","og_locale":"ca_ES","og_type":"article","og_title":"Hist\u00f2ria de la m\u00fasica - Conservatori Professional de M\u00fasica Juan Cant\u00f3 en Alcoi","og_description":"ESPECIALITAT CURS An\u00e0lisi Musical ACC\u00c9S 6\u00b0 E.P. &nbsp; CONTINGUTS: LA M\u00daSICA A l&#8217;\u00cdNDIA. Context hist\u00f2ric. M\u00fasica \u00edndia antiga: els Vedes. Teoria musical \u00edndia: raga, tala, kharaja. Per\u00edode modern. Tipus d&#8217;instruments. LA M\u00daSICA A GR\u00c8CIA. Tipus d&#8217;instrument. \u00c8poca arcaica. \u00c8poca cl\u00e0ssica. \u00c8poca final. Teoria musical grega: G\u00e8neres; Sistemes; Tons; Maneres. Notaci\u00f3. Te\u00f2rics destacats. LA M\u00daSICA A [&hellip;]","og_url":"https:\/\/www.conservatorialcoi.com\/ca\/informacio-academica\/ensenanza-profesional\/continguts-terminals-per-assignatures\/historia-de-la-musica\/","og_site_name":"Conservatori Professional de M\u00fasica Juan Cant\u00f3 en Alcoi","twitter_card":"summary_large_image","twitter_misc":{"Temps estimat de lectura":"3 minuts"},"schema":{"@context":"https:\/\/schema.org","@graph":[{"@type":"WebPage","@id":"https:\/\/www.conservatorialcoi.com\/ca\/informacio-academica\/ensenanza-profesional\/continguts-terminals-per-assignatures\/historia-de-la-musica\/","url":"https:\/\/www.conservatorialcoi.com\/ca\/informacio-academica\/ensenanza-profesional\/continguts-terminals-per-assignatures\/historia-de-la-musica\/","name":"Hist\u00f2ria de la m\u00fasica - Conservatori Professional de M\u00fasica Juan Cant\u00f3 en Alcoi","isPartOf":{"@id":"https:\/\/www.conservatorialcoi.com\/#website"},"datePublished":"2019-03-01T08:56:57+00:00","breadcrumb":{"@id":"https:\/\/www.conservatorialcoi.com\/ca\/informacio-academica\/ensenanza-profesional\/continguts-terminals-per-assignatures\/historia-de-la-musica\/#breadcrumb"},"inLanguage":"ca","potentialAction":[{"@type":"ReadAction","target":["https:\/\/www.conservatorialcoi.com\/ca\/informacio-academica\/ensenanza-profesional\/continguts-terminals-per-assignatures\/historia-de-la-musica\/"]}]},{"@type":"BreadcrumbList","@id":"https:\/\/www.conservatorialcoi.com\/ca\/informacio-academica\/ensenanza-profesional\/continguts-terminals-per-assignatures\/historia-de-la-musica\/#breadcrumb","itemListElement":[{"@type":"ListItem","position":1,"name":"Portada","item":"https:\/\/www.conservatorialcoi.com\/ca\/"},{"@type":"ListItem","position":2,"name":"Informaci\u00f3 acad\u00e8mica","item":"https:\/\/www.conservatorialcoi.com\/ca\/informacio-academica\/"},{"@type":"ListItem","position":3,"name":"Ense\u00f1anza Profesional","item":"https:\/\/www.conservatorialcoi.com\/ca\/informacio-academica\/ensenanza-profesional\/"},{"@type":"ListItem","position":4,"name":"Continguts terminals per assignatures","item":"https:\/\/www.conservatorialcoi.com\/ca\/informacio-academica\/ensenanza-profesional\/continguts-terminals-per-assignatures\/"},{"@type":"ListItem","position":5,"name":"Hist\u00f2ria de la m\u00fasica"}]},{"@type":"WebSite","@id":"https:\/\/www.conservatorialcoi.com\/#website","url":"https:\/\/www.conservatorialcoi.com\/","name":"Conservatori Professional de M\u00fasica Juan Cant\u00f3 en Alcoi","description":"","potentialAction":[{"@type":"SearchAction","target":{"@type":"EntryPoint","urlTemplate":"https:\/\/www.conservatorialcoi.com\/?s={search_term_string}"},"query-input":{"@type":"PropertyValueSpecification","valueRequired":true,"valueName":"search_term_string"}}],"inLanguage":"ca"}]}},"_links":{"self":[{"href":"https:\/\/www.conservatorialcoi.com\/ca\/wp-json\/wp\/v2\/pages\/1416","targetHints":{"allow":["GET"]}}],"collection":[{"href":"https:\/\/www.conservatorialcoi.com\/ca\/wp-json\/wp\/v2\/pages"}],"about":[{"href":"https:\/\/www.conservatorialcoi.com\/ca\/wp-json\/wp\/v2\/types\/page"}],"author":[{"embeddable":true,"href":"https:\/\/www.conservatorialcoi.com\/ca\/wp-json\/wp\/v2\/users\/1"}],"replies":[{"embeddable":true,"href":"https:\/\/www.conservatorialcoi.com\/ca\/wp-json\/wp\/v2\/comments?post=1416"}],"version-history":[{"count":0,"href":"https:\/\/www.conservatorialcoi.com\/ca\/wp-json\/wp\/v2\/pages\/1416\/revisions"}],"up":[{"embeddable":true,"href":"https:\/\/www.conservatorialcoi.com\/ca\/wp-json\/wp\/v2\/pages\/1473"}],"wp:attachment":[{"href":"https:\/\/www.conservatorialcoi.com\/ca\/wp-json\/wp\/v2\/media?parent=1416"}],"curies":[{"name":"wp","href":"https:\/\/api.w.org\/{rel}","templated":true}]}}