{"id":1404,"date":"2019-03-01T07:44:34","date_gmt":"2019-03-01T07:44:34","guid":{"rendered":"https:\/\/www.conservatorialcoi.com\/\/cant\/"},"modified":"2024-05-17T14:01:31","modified_gmt":"2024-05-17T14:01:31","slug":"cant","status":"publish","type":"page","link":"https:\/\/www.conservatorialcoi.com\/ca\/informacio-academica\/ensenanza-profesional\/continguts-terminals-per-assignatures\/cant\/","title":{"rendered":"Cant"},"content":{"rendered":"<p><strong>La prova espec\u00edfica de Cant s&#8217;estructurar\u00e0 en dos exercicis, segons el que es disposa en l&#8217;article 9.6 del Decret 158\/2007, de 21 de setembre, del Consell.<\/strong><\/p>\n<table style=\"width: 100%;\" border=\"1\" cellpadding=\"8\">\n<tbody>\n<tr>\n<td style=\"text-align: center;\"><strong>DEPARTAMENT<\/strong><\/td>\n<td style=\"text-align: center;\"><strong>ESPECIALITAT<\/strong><\/td>\n<td style=\"text-align: center;\"><strong>CURS<\/strong><\/td>\n<\/tr>\n<tr>\n<td style=\"text-align: center;\">Llenguatge musical<\/td>\n<td style=\"text-align: center;\">Cant<\/td>\n<td style=\"text-align: center;\">Acc\u00e9s 1\u00b0 E.P.<\/td>\n<\/tr>\n<\/tbody>\n<\/table>\n<p><u><strong>PROVA A:<\/strong> Interpretaci\u00f3 d&#8217;una obra, estudi o fragment d&#8217;una llista de <strong>tres<\/strong>.<\/u><\/p>\n<p>&nbsp;<\/p>\n<p><u><strong>PROVA B:<\/strong> (veure prova de llenguatge musical).<\/u><\/p>\n<p><strong>CONTINGUTS: <\/strong><\/p>\n<ul>\n<li>Les can\u00e7ons interpretades han de pert\u00e0nyer al repertori l\u00edric. La tessitura la triar\u00e0 l&#8217;aspirant segons el seu criteri. Es preparessin 3 can\u00e7ons una de les quals ha de ser en itali\u00e0 i una altra en espanyol o valenci\u00e0.<\/li>\n<\/ul>\n<p><strong>CRITERIS D&#8217;AVALUACI\u00d3: <\/strong><\/p>\n<ul>\n<li>Es valorar\u00e0 la qualitat i salut vocal, la tessitura i el talent art\u00edstic de l&#8217;alumne.<\/li>\n<\/ul>\n<p><strong>OBRES ORIENTATIVES:<\/strong><\/p>\n<ul>\n<li>ARIE ANTICHE: (Qualsevol de les obres dels diferents \u00e0lbums)\n<ul>\n<li>Car mio ben,\u00a0 O. Giordani.<\/li>\n<li>Oh cessate vaig donar piagarmi, A. Scarlatti.<\/li>\n<li>Vittoria, vittoria,\u00a0 G. Carissimi.<\/li>\n<li>Es la teva m\u00b4ami,\u00a0 G. B. Pergolesi.<\/li>\n<\/ul>\n<\/li>\n<li>CAN\u00c7ONS ANTIGUES ESPANYOLES de Federico Garc\u00eda-Lorca.<\/li>\n<\/ul>\n<p>&nbsp;<\/p>\n<table style=\"width: 100%;\" border=\"1\" cellpadding=\"8\">\n<tbody>\n<tr>\n<td style=\"text-align: center;\"><strong>DEPARTAMENT<\/strong><\/td>\n<td style=\"text-align: center;\"><strong>ESPECIALITAT<\/strong><\/td>\n<td style=\"text-align: center;\"><strong>CURS<\/strong><\/td>\n<\/tr>\n<tr>\n<td style=\"text-align: center;\">Llenguatge musical<\/td>\n<td style=\"text-align: center;\">Cant<\/td>\n<td style=\"text-align: center;\">Acc\u00e9s 2\u00b0 E.P.<\/td>\n<\/tr>\n<\/tbody>\n<\/table>\n<p><u><strong>PROVA A:<\/strong> Interpretaci\u00f3 d&#8217;una obra, estudi o fragment d&#8217;una llista de <strong>tres<\/strong>.<\/u><\/p>\n<p>&nbsp;<\/p>\n<p><u><strong>PROVA B:<\/strong> (veure prova de llenguatge musical).<\/u><\/p>\n<p><strong>CONTINGUTS: <\/strong><\/p>\n<ul>\n<li>Les can\u00e7ons interpretades han de pert\u00e0nyer al repertori l\u00edric. La tessitura la triar\u00e0 l&#8217;aspirant segons el seu criteri. Es preparessin 4 can\u00e7ons una de les quals ha de ser en itali\u00e0 i una altra en espanyol.<\/li>\n<\/ul>\n<p><strong>CRITERIS D&#8217;AVALUACI\u00d3: <\/strong><\/p>\n<ul>\n<li>Es valorar\u00e0 la qualitat i salut vocal, la tessitura i el talent art\u00edstic de l&#8217;alumne.<\/li>\n<\/ul>\n<p><strong>OBRES ORIENTATIVES:<\/strong><\/p>\n<ul>\n<li>En itali\u00e0: Obres de Caccini, Monteverdi i Frescobaldi; Arias Antiguas italianes. (Arie antiche) Can\u00e7ons de Tosti i Can\u00e7ons Napolitanes.<\/li>\n<li>Can\u00e7ons espanyoles de Rodrigo, can\u00e7ons populars arreglades per:\n<ul>\n<li>Garc\u00eda Lorca, Can\u00e7ons de Guridi, Turina, Granados, Garc\u00eda Abril, etc.<\/li>\n<\/ul>\n<\/li>\n<\/ul>\n<p>&nbsp;<\/p>\n<table style=\"width: 100%;\" border=\"1\" cellpadding=\"8\">\n<tbody>\n<tr>\n<td style=\"text-align: center;\"><strong>DEPARTAMENT<\/strong><\/td>\n<td style=\"text-align: center;\"><strong>ESPECIALITAT<\/strong><\/td>\n<td style=\"text-align: center;\"><strong>CURS<\/strong><\/td>\n<\/tr>\n<tr>\n<td style=\"text-align: center;\">Llenguatge musical<\/td>\n<td style=\"text-align: center;\">Cant<\/td>\n<td style=\"text-align: center;\">Acc\u00e9s 3\u00b0 E.P.<\/td>\n<\/tr>\n<\/tbody>\n<\/table>\n<p><u><strong>PROVA A:<\/strong> Interpretaci\u00f3 d&#8217;una obra, estudi o fragment d&#8217;una llista de <strong>tres<\/strong>.<\/u><\/p>\n<p>&nbsp;<\/p>\n<p><u><strong>PROVA B:<\/strong> (veure prova de llenguatge musical i piano complementari).<\/u><\/p>\n<p><strong>CONTINGUTS: <\/strong><\/p>\n<ul>\n<li>Les can\u00e7ons interpretades han de pert\u00e0nyer al repertori l\u00edric. La tessitura la triar\u00e0 l&#8217;aspirant segons el seu criteri. Es preparessin 4 can\u00e7ons una de les quals ha de ser un \u00e0ria d&#8217;\u00f2pera.<\/li>\n<\/ul>\n<p><strong>CRITERIS D&#8217;AVALUACI\u00d3: <\/strong><\/p>\n<ul>\n<li>Es valorar\u00e0 la qualitat i salut vocal, la tessitura i el talent art\u00edstic de l&#8217;alumne.<\/li>\n<\/ul>\n<p><strong>OBRES ORIENTATIVES:<\/strong><\/p>\n<ul>\n<li>Lieder de Mozart, Schubert, Schumann, Brahms, etc.<\/li>\n<li>Obres del primer barroc: Monteveri, Cavalli, Frescobaldi\u2026<\/li>\n<li>Obres barroques de Haendel, Vivaldi, Sch\u00fctz, Carissimi, Tellemann, etc.<\/li>\n<li>Sarsuela de Vives, Soroz\u00e1bal, Guridi, M. Torroba, Barbieri\u2026<\/li>\n<li>Can\u00e7ons espanyoles de Guridi, Toldr\u00e1, Turina, Rodrigo, Falla, Granados, etc.<\/li>\n<\/ul>\n<p>&nbsp;<\/p>\n<table style=\"width: 100%;\" border=\"1\" cellpadding=\"8\">\n<tbody>\n<tr>\n<td style=\"text-align: center;\"><strong>DEPARTAMENT<\/strong><\/td>\n<td style=\"text-align: center;\"><strong>ESPECIALITAT<\/strong><\/td>\n<td style=\"text-align: center;\"><strong>CURS<\/strong><\/td>\n<\/tr>\n<tr>\n<td style=\"text-align: center;\">Llenguatge musical<\/td>\n<td style=\"text-align: center;\">Cant<\/td>\n<td style=\"text-align: center;\">Acc\u00e9s 4\u00b0 E.P.<\/td>\n<\/tr>\n<\/tbody>\n<\/table>\n<p><u><strong>PROVA A:<\/strong> Interpretaci\u00f3 d&#8217;una obra, estudi o fragment d&#8217;una llista de <strong>tres<\/strong>.<\/u><\/p>\n<p>&nbsp;<\/p>\n<p><u><strong>PROVA B:<\/strong> (veure prova d&#8217;harmonia i piano complementari ).<\/u><\/p>\n<p><strong>CONTINGUTS: <\/strong><\/p>\n<ul>\n<li>Les can\u00e7ons interpretades han de pert\u00e0nyer al repertori l\u00edric. La tessitura la triar\u00e0 l&#8217;aspirant segons el seu criteri. Es preparessin 5 can\u00e7ons una de les quals ha de ser un \u00e0ria d&#8217;opera o oratori amb el seu recitatiu corresponent i una altra en alemany.<\/li>\n<\/ul>\n<p><strong>CRITERIS D&#8217;AVALUACI\u00d3: <\/strong><\/p>\n<ul>\n<li>Es valorar\u00e0 la qualitat i salut vocal, la tessitura i el talent art\u00edstic de l&#8217;alumne.<\/li>\n<\/ul>\n<p><strong>OBRES ORIENTATIVES:<\/strong><\/p>\n<p>Lieder de Mozart, Beethoven, Schubert, Schumann, Brahms, Wolf, etc. Obres del primer barroc: Monteveri, Cavalli, Sch\u00fctz, Carissimi etc\u2026 Obres barroques de Haendel, Vivaldi, Scarlatti, Tellemann, etc.<\/p>\n<p>Sarsuela de Vives, Soroz\u00e1bal, Guridi, M. Torroba, Barbieri, Bret\u00f3\u2026<\/p>\n<ul>\n<li>Can\u00e7ons espanyoles de Guridi, Toldr\u00e1, Turina, Rodrigo, Falla, Granados, etc.<\/li>\n<li>Oratoris de Haendel, Pergolesi, Haydn, Mozart\u2026<\/li>\n<\/ul>\n<p>&nbsp;<\/p>\n<table style=\"width: 100%;\" border=\"1\" cellpadding=\"8\">\n<tbody>\n<tr>\n<td style=\"text-align: center;\"><strong>DEPARTAMENT<\/strong><\/td>\n<td style=\"text-align: center;\"><strong>ESPECIALITAT<\/strong><\/td>\n<td style=\"text-align: center;\"><strong>CURS<\/strong><\/td>\n<\/tr>\n<tr>\n<td style=\"text-align: center;\">Llenguatge musical<\/td>\n<td style=\"text-align: center;\">Cant<\/td>\n<td style=\"text-align: center;\">Acc\u00e9s 5\u00b0 E.P.<\/td>\n<\/tr>\n<\/tbody>\n<\/table>\n<p><u><strong>PROVA A:<\/strong> Interpretaci\u00f3 d&#8217;una obra, estudi o fragment d&#8217;una llista de <strong>tres<\/strong>.<\/u><\/p>\n<p>&nbsp;<\/p>\n<p><u><strong>PROVA B:<\/strong> (veure prova d&#8217;harmonia i piano complementari).<\/u><\/p>\n<p><strong>CONTINGUTS:<\/strong><\/p>\n<ul>\n<li>Les can\u00e7ons interpretades han de pert\u00e0nyer al repertori l\u00edric. La tessitura la triar\u00e0 l&#8217;aspirant segons el seu criteri. Es preparessin 5 can\u00e7ons, una de les quals ha de ser un \u00e0ria d&#8217;opera o oratori amb el seu recitatiu, una altra en espanyol i almenys un Lied alemany.<\/li>\n<\/ul>\n<p><strong>CRITERIS D&#8217;AVALUACI\u00d3: <\/strong><\/p>\n<ul>\n<li>Es valorar\u00e0 la qualitat i salut vocal, la tessitura i el talent art\u00edstic de l&#8217;alumne.<\/li>\n<\/ul>\n<p><strong>OBRES ORIENTATIVES:<\/strong><\/p>\n<ul>\n<li>Lieder de Schubert, Schumann, Brahms, Wolf, Sch\u00f6nberg, etc.<\/li>\n<li>Obres de: Monteveri, Cavalli, Frescobaldi, Haendel, Vivaldi, Carissimi, Tellemann, etc.<\/li>\n<li>Operes o oratoris de de Mozart, Haydn, Beethoven, Schubert, Weber, etc.<\/li>\n<li>Obres de cambra i \u00f2peres de Bellini, Donizetti, Rossini i Verdi.<\/li>\n<li>Melodies franceses de Liztz, Debussy, Faur\u00e9, Poulenc, Hann, Duparc, etc.<\/li>\n<li>Sarsueles de Vives, Soroz\u00e1bal, Guridi, M. Torroba, Barbieri, Bret\u00f3\u2026<\/li>\n<li>Can\u00e7ons espanyoles de Guridi, Toldr\u00e1, Turina, Rodrigo, Falla, Granados, etc.<\/li>\n<\/ul>\n<p>&nbsp;<\/p>\n<table style=\"width: 100%;\" border=\"1\" cellpadding=\"8\">\n<tbody>\n<tr>\n<td style=\"text-align: center;\"><strong>DEPARTAMENT<\/strong><\/td>\n<td style=\"text-align: center;\"><strong>ESPECIALITAT<\/strong><\/td>\n<td style=\"text-align: center;\"><strong>CURS<\/strong><\/td>\n<\/tr>\n<tr>\n<td style=\"text-align: center;\">Llenguatge musical<\/td>\n<td style=\"text-align: center;\">Cant<\/td>\n<td style=\"text-align: center;\">Acc\u00e9s 6\u00b0 E.P.<\/td>\n<\/tr>\n<\/tbody>\n<\/table>\n<p><u><strong>PROVA A:<\/strong> Interpretaci\u00f3 d&#8217;una obra, estudi o fragment d&#8217;una llista de <strong>tres<\/strong>.<\/u><\/p>\n<p>&nbsp;<\/p>\n<p><u><strong>PROVA B:<\/strong> (veure prova d&#8217;an\u00e0lisi i hist\u00f2ria de la m\u00fasica).<\/u><\/p>\n<p><strong>CONTINGUTS: <\/strong><\/p>\n<ul>\n<li>Les can\u00e7ons interpretades han de pert\u00e0nyer al repertori l\u00edric. La tessitura la triar\u00e0 l&#8217;aspirant segons el seu criteri. Es preparessin 5 can\u00e7ons, una de les quals ha de ser un \u00e0ria d&#8217;opera o oratori amb el seu recitatiu, una altra en espanyol, una en franc\u00e8s i almenys un Lied alemany.<\/li>\n<\/ul>\n<p><strong>CRITERIS D&#8217;AVALUACI\u00d3: <\/strong><\/p>\n<ul>\n<li>Es valorar\u00e0 la qualitat i salut vocal, la tessitura i el talent art\u00edstic de l&#8217;alumne.<\/li>\n<\/ul>\n<p><strong>OBRES ORIENTATIVES:<\/strong><\/p>\n<ul>\n<li>Lieder de Schubert, Schumann, Brahms, Wolf, Sch\u00f6nberg, etc.<\/li>\n<li>Obres del barroc de Haendel, Vivaldi, Sch\u00fctz, Carissimi, Tellemann, etc.<\/li>\n<li>Operes o oratoris de Mozart, Haydn, Beethoven, Schubert, Weber, etc.<\/li>\n<li>Obres de cambra i \u00f2peres de Bellini, Donizetti, Rossini i Verdi.<\/li>\n<li>\u00d2peres de Lully, Rameau, Gluck, Donizetti, Bizet, etc.<\/li>\n<li>Melodies franceses de Berlioz, Debussy, Faur\u00e9, Poulenc, Duparc, etc.<\/li>\n<li>Sarsueles de Vives, Soroz\u00e1bal, Guridi, Torroba, Barbieri, Bret\u00f3,<\/li>\n<li>Can\u00e7ons espanyoles de Guridi, Toldr\u00e1, Turina, Rodrigo, Falla, Granados, etc.<\/li>\n<\/ul>\n","protected":false},"excerpt":{"rendered":"<p>La prova espec\u00edfica de Cant s&#8217;estructurar\u00e0 en dos exercicis, segons el que es disposa en l&#8217;article 9.6 del Decret 158\/2007, de 21 de setembre, del Consell. DEPARTAMENT ESPECIALITAT CURS Llenguatge musical Cant Acc\u00e9s 1\u00b0 E.P. PROVA A: Interpretaci\u00f3 d&#8217;una obra, estudi o fragment d&#8217;una llista de tres. &nbsp; PROVA B: (veure prova de llenguatge musical). [&hellip;]<\/p>\n","protected":false},"author":1,"featured_media":0,"parent":1473,"menu_order":3,"comment_status":"closed","ping_status":"closed","template":"","meta":{"footnotes":""},"class_list":["post-1404","page","type-page","status-publish","hentry"],"yoast_head":"<!-- This site is optimized with the Yoast SEO plugin v27.3 - https:\/\/yoast.com\/product\/yoast-seo-wordpress\/ -->\n<title>Cant - Conservatori Professional de M\u00fasica Juan Cant\u00f3 en Alcoi<\/title>\n<meta name=\"robots\" content=\"index, follow, max-snippet:-1, max-image-preview:large, max-video-preview:-1\" \/>\n<link rel=\"canonical\" href=\"https:\/\/www.conservatorialcoi.com\/ca\/informacio-academica\/ensenanza-profesional\/continguts-terminals-per-assignatures\/cant\/\" \/>\n<meta property=\"og:locale\" content=\"ca_ES\" \/>\n<meta property=\"og:type\" content=\"article\" \/>\n<meta property=\"og:title\" content=\"Cant - Conservatori Professional de M\u00fasica Juan Cant\u00f3 en Alcoi\" \/>\n<meta property=\"og:description\" content=\"La prova espec\u00edfica de Cant s&#8217;estructurar\u00e0 en dos exercicis, segons el que es disposa en l&#8217;article 9.6 del Decret 158\/2007, de 21 de setembre, del Consell. DEPARTAMENT ESPECIALITAT CURS Llenguatge musical Cant Acc\u00e9s 1\u00b0 E.P. PROVA A: Interpretaci\u00f3 d&#8217;una obra, estudi o fragment d&#8217;una llista de tres. &nbsp; PROVA B: (veure prova de llenguatge musical). [&hellip;]\" \/>\n<meta property=\"og:url\" content=\"https:\/\/www.conservatorialcoi.com\/ca\/informacio-academica\/ensenanza-profesional\/continguts-terminals-per-assignatures\/cant\/\" \/>\n<meta property=\"og:site_name\" content=\"Conservatori Professional de M\u00fasica Juan Cant\u00f3 en Alcoi\" \/>\n<meta property=\"article:modified_time\" content=\"2024-05-17T14:01:31+00:00\" \/>\n<meta name=\"twitter:card\" content=\"summary_large_image\" \/>\n<meta name=\"twitter:label1\" content=\"Temps estimat de lectura\" \/>\n\t<meta name=\"twitter:data1\" content=\"5 minuts\" \/>\n<script type=\"application\/ld+json\" class=\"yoast-schema-graph\">{\"@context\":\"https:\\\/\\\/schema.org\",\"@graph\":[{\"@type\":\"WebPage\",\"@id\":\"https:\\\/\\\/www.conservatorialcoi.com\\\/ca\\\/informacio-academica\\\/ensenanza-profesional\\\/continguts-terminals-per-assignatures\\\/cant\\\/\",\"url\":\"https:\\\/\\\/www.conservatorialcoi.com\\\/ca\\\/informacio-academica\\\/ensenanza-profesional\\\/continguts-terminals-per-assignatures\\\/cant\\\/\",\"name\":\"Cant - Conservatori Professional de M\u00fasica Juan Cant\u00f3 en Alcoi\",\"isPartOf\":{\"@id\":\"https:\\\/\\\/www.conservatorialcoi.com\\\/#website\"},\"datePublished\":\"2019-03-01T07:44:34+00:00\",\"dateModified\":\"2024-05-17T14:01:31+00:00\",\"breadcrumb\":{\"@id\":\"https:\\\/\\\/www.conservatorialcoi.com\\\/ca\\\/informacio-academica\\\/ensenanza-profesional\\\/continguts-terminals-per-assignatures\\\/cant\\\/#breadcrumb\"},\"inLanguage\":\"ca\",\"potentialAction\":[{\"@type\":\"ReadAction\",\"target\":[\"https:\\\/\\\/www.conservatorialcoi.com\\\/ca\\\/informacio-academica\\\/ensenanza-profesional\\\/continguts-terminals-per-assignatures\\\/cant\\\/\"]}]},{\"@type\":\"BreadcrumbList\",\"@id\":\"https:\\\/\\\/www.conservatorialcoi.com\\\/ca\\\/informacio-academica\\\/ensenanza-profesional\\\/continguts-terminals-per-assignatures\\\/cant\\\/#breadcrumb\",\"itemListElement\":[{\"@type\":\"ListItem\",\"position\":1,\"name\":\"Portada\",\"item\":\"https:\\\/\\\/www.conservatorialcoi.com\\\/ca\\\/\"},{\"@type\":\"ListItem\",\"position\":2,\"name\":\"Informaci\u00f3 acad\u00e8mica\",\"item\":\"https:\\\/\\\/www.conservatorialcoi.com\\\/ca\\\/informacio-academica\\\/\"},{\"@type\":\"ListItem\",\"position\":3,\"name\":\"Ense\u00f1anza Profesional\",\"item\":\"https:\\\/\\\/www.conservatorialcoi.com\\\/ca\\\/informacio-academica\\\/ensenanza-profesional\\\/\"},{\"@type\":\"ListItem\",\"position\":4,\"name\":\"Continguts terminals per assignatures\",\"item\":\"https:\\\/\\\/www.conservatorialcoi.com\\\/ca\\\/informacio-academica\\\/ensenanza-profesional\\\/continguts-terminals-per-assignatures\\\/\"},{\"@type\":\"ListItem\",\"position\":5,\"name\":\"Cant\"}]},{\"@type\":\"WebSite\",\"@id\":\"https:\\\/\\\/www.conservatorialcoi.com\\\/#website\",\"url\":\"https:\\\/\\\/www.conservatorialcoi.com\\\/\",\"name\":\"Conservatori Professional de M\u00fasica Juan Cant\u00f3 en Alcoi\",\"description\":\"\",\"potentialAction\":[{\"@type\":\"SearchAction\",\"target\":{\"@type\":\"EntryPoint\",\"urlTemplate\":\"https:\\\/\\\/www.conservatorialcoi.com\\\/?s={search_term_string}\"},\"query-input\":{\"@type\":\"PropertyValueSpecification\",\"valueRequired\":true,\"valueName\":\"search_term_string\"}}],\"inLanguage\":\"ca\"}]}<\/script>\n<!-- \/ Yoast SEO plugin. -->","yoast_head_json":{"title":"Cant - Conservatori Professional de M\u00fasica Juan Cant\u00f3 en Alcoi","robots":{"index":"index","follow":"follow","max-snippet":"max-snippet:-1","max-image-preview":"max-image-preview:large","max-video-preview":"max-video-preview:-1"},"canonical":"https:\/\/www.conservatorialcoi.com\/ca\/informacio-academica\/ensenanza-profesional\/continguts-terminals-per-assignatures\/cant\/","og_locale":"ca_ES","og_type":"article","og_title":"Cant - Conservatori Professional de M\u00fasica Juan Cant\u00f3 en Alcoi","og_description":"La prova espec\u00edfica de Cant s&#8217;estructurar\u00e0 en dos exercicis, segons el que es disposa en l&#8217;article 9.6 del Decret 158\/2007, de 21 de setembre, del Consell. DEPARTAMENT ESPECIALITAT CURS Llenguatge musical Cant Acc\u00e9s 1\u00b0 E.P. PROVA A: Interpretaci\u00f3 d&#8217;una obra, estudi o fragment d&#8217;una llista de tres. &nbsp; PROVA B: (veure prova de llenguatge musical). [&hellip;]","og_url":"https:\/\/www.conservatorialcoi.com\/ca\/informacio-academica\/ensenanza-profesional\/continguts-terminals-per-assignatures\/cant\/","og_site_name":"Conservatori Professional de M\u00fasica Juan Cant\u00f3 en Alcoi","article_modified_time":"2024-05-17T14:01:31+00:00","twitter_card":"summary_large_image","twitter_misc":{"Temps estimat de lectura":"5 minuts"},"schema":{"@context":"https:\/\/schema.org","@graph":[{"@type":"WebPage","@id":"https:\/\/www.conservatorialcoi.com\/ca\/informacio-academica\/ensenanza-profesional\/continguts-terminals-per-assignatures\/cant\/","url":"https:\/\/www.conservatorialcoi.com\/ca\/informacio-academica\/ensenanza-profesional\/continguts-terminals-per-assignatures\/cant\/","name":"Cant - Conservatori Professional de M\u00fasica Juan Cant\u00f3 en Alcoi","isPartOf":{"@id":"https:\/\/www.conservatorialcoi.com\/#website"},"datePublished":"2019-03-01T07:44:34+00:00","dateModified":"2024-05-17T14:01:31+00:00","breadcrumb":{"@id":"https:\/\/www.conservatorialcoi.com\/ca\/informacio-academica\/ensenanza-profesional\/continguts-terminals-per-assignatures\/cant\/#breadcrumb"},"inLanguage":"ca","potentialAction":[{"@type":"ReadAction","target":["https:\/\/www.conservatorialcoi.com\/ca\/informacio-academica\/ensenanza-profesional\/continguts-terminals-per-assignatures\/cant\/"]}]},{"@type":"BreadcrumbList","@id":"https:\/\/www.conservatorialcoi.com\/ca\/informacio-academica\/ensenanza-profesional\/continguts-terminals-per-assignatures\/cant\/#breadcrumb","itemListElement":[{"@type":"ListItem","position":1,"name":"Portada","item":"https:\/\/www.conservatorialcoi.com\/ca\/"},{"@type":"ListItem","position":2,"name":"Informaci\u00f3 acad\u00e8mica","item":"https:\/\/www.conservatorialcoi.com\/ca\/informacio-academica\/"},{"@type":"ListItem","position":3,"name":"Ense\u00f1anza Profesional","item":"https:\/\/www.conservatorialcoi.com\/ca\/informacio-academica\/ensenanza-profesional\/"},{"@type":"ListItem","position":4,"name":"Continguts terminals per assignatures","item":"https:\/\/www.conservatorialcoi.com\/ca\/informacio-academica\/ensenanza-profesional\/continguts-terminals-per-assignatures\/"},{"@type":"ListItem","position":5,"name":"Cant"}]},{"@type":"WebSite","@id":"https:\/\/www.conservatorialcoi.com\/#website","url":"https:\/\/www.conservatorialcoi.com\/","name":"Conservatori Professional de M\u00fasica Juan Cant\u00f3 en Alcoi","description":"","potentialAction":[{"@type":"SearchAction","target":{"@type":"EntryPoint","urlTemplate":"https:\/\/www.conservatorialcoi.com\/?s={search_term_string}"},"query-input":{"@type":"PropertyValueSpecification","valueRequired":true,"valueName":"search_term_string"}}],"inLanguage":"ca"}]}},"_links":{"self":[{"href":"https:\/\/www.conservatorialcoi.com\/ca\/wp-json\/wp\/v2\/pages\/1404","targetHints":{"allow":["GET"]}}],"collection":[{"href":"https:\/\/www.conservatorialcoi.com\/ca\/wp-json\/wp\/v2\/pages"}],"about":[{"href":"https:\/\/www.conservatorialcoi.com\/ca\/wp-json\/wp\/v2\/types\/page"}],"author":[{"embeddable":true,"href":"https:\/\/www.conservatorialcoi.com\/ca\/wp-json\/wp\/v2\/users\/1"}],"replies":[{"embeddable":true,"href":"https:\/\/www.conservatorialcoi.com\/ca\/wp-json\/wp\/v2\/comments?post=1404"}],"version-history":[{"count":7,"href":"https:\/\/www.conservatorialcoi.com\/ca\/wp-json\/wp\/v2\/pages\/1404\/revisions"}],"predecessor-version":[{"id":8681,"href":"https:\/\/www.conservatorialcoi.com\/ca\/wp-json\/wp\/v2\/pages\/1404\/revisions\/8681"}],"up":[{"embeddable":true,"href":"https:\/\/www.conservatorialcoi.com\/ca\/wp-json\/wp\/v2\/pages\/1473"}],"wp:attachment":[{"href":"https:\/\/www.conservatorialcoi.com\/ca\/wp-json\/wp\/v2\/media?parent=1404"}],"curies":[{"name":"wp","href":"https:\/\/api.w.org\/{rel}","templated":true}]}}