{"id":1385,"date":"2019-02-28T09:46:49","date_gmt":"2019-02-28T09:46:49","guid":{"rendered":"https:\/\/www.conservatorialcoi.com\/\/faq\/"},"modified":"2019-05-22T22:20:44","modified_gmt":"2019-05-22T22:20:44","slug":"faq","status":"publish","type":"page","link":"https:\/\/www.conservatorialcoi.com\/ca\/faq\/","title":{"rendered":"FAQ"},"content":{"rendered":"<p>[et_pb_section admin_label=&#8221;section&#8221;]<br \/>\n[et_pb_row admin_label=&#8221;row&#8221;]<br \/>\n[et_pb_column type=&#8221;4_4&#8243;]<br \/>\n[et_pb_text admin_label=&#8221;Text&#8221;]<br \/>\n<strong>Selecci\u00f3 de continguts:<\/strong><\/p>\n<ul>\n<li><a href=\"http:\/\/www.ceice.gva.es\/va\/web\/ensenanzas-regimen-especial\/faq-preguntas-frecuentes2\" target=\"_blank\" rel=\"noopener noreferrer\">Promoci\u00f3.<\/a><\/li>\n<li><a href=\"http:\/\/www.ceice.gva.es\/es\/web\/ensenanzas-regimen-especial\/faq-preguntas-frecuentes2\" target=\"_blank\" rel=\"noopener noreferrer\">Organitzaci\u00f3 d&#8217;ensenyances.<\/a><\/li>\n<li><a href=\"http:\/\/www.ceice.gva.es\/va\/web\/ensenanzas-regimen-especial\/faq-preguntas-frecuentes2\" target=\"_blank\" rel=\"noopener noreferrer\">Ingr\u00e9s i acc\u00e9s.<\/a><\/li>\n<li><a href=\"http:\/\/www.ceice.gva.es\/va\/web\/ensenanzas-regimen-especial\/faq-preguntas-frecuentes2\" target=\"_blank\" rel=\"noopener noreferrer\">L\u00edmits de perman\u00e8ncia.<\/a><\/li>\n<li><a href=\"http:\/\/www.ceice.gva.es\/va\/web\/ensenanzas-regimen-especial\/ampliacion-de-matricula\" target=\"_blank\" rel=\"noopener noreferrer\">Ampliaci\u00f3 de matr\u00edcula.<\/a><\/li>\n<li><a href=\"http:\/\/www.ceice.gva.es\/va\/web\/ensenanzas-regimen-especial\/obtencion-directa-de-certificado\" target=\"_blank\" rel=\"noopener noreferrer\">Obtenci\u00f3 directa del certificat.<\/a><\/li>\n<li><a href=\"http:\/\/www.ceice.gva.es\/va\/web\/ensenanzas-regimen-especial\/convalidaciones\" target=\"_blank\" rel=\"noopener noreferrer\">Convalidacions.<\/a><\/li>\n<li><a href=\"http:\/\/www.ceice.gva.es\/va\/web\/ensenanzas-regimen-especial\/docencia\" target=\"_blank\" rel=\"noopener noreferrer\">Doc\u00e8ncia.<\/a><\/li>\n<li><a href=\"http:\/\/www.ceice.gva.es\/va\/web\/ensenanzas-regimen-especial\/equivalencias1\" target=\"_blank\" rel=\"noopener noreferrer\">Equival\u00e9ncies.<\/a><\/li>\n<\/ul>\n<p>[\/et_pb_text]<br \/>\n[\/et_pb_column]<br \/>\n[\/et_pb_row]<br \/>\n[\/et_pb_section]<\/p>\n","protected":false},"excerpt":{"rendered":"<p>[et_pb_section admin_label=&#8221;section&#8221;] [et_pb_row admin_label=&#8221;row&#8221;] [et_pb_column type=&#8221;4_4&#8243;] [et_pb_text admin_label=&#8221;Text&#8221;] Selecci\u00f3 de continguts: Promoci\u00f3. Organitzaci\u00f3 d&#8217;ensenyances. Ingr\u00e9s i acc\u00e9s. L\u00edmits de perman\u00e8ncia. Ampliaci\u00f3 de matr\u00edcula. Obtenci\u00f3 directa del certificat. Convalidacions. Doc\u00e8ncia. Equival\u00e9ncies. [\/et_pb_text] [\/et_pb_column] [\/et_pb_row] [\/et_pb_section]<\/p>\n","protected":false},"author":1,"featured_media":0,"parent":0,"menu_order":11,"comment_status":"closed","ping_status":"closed","template":"","meta":{"footnotes":""},"class_list":["post-1385","page","type-page","status-publish","hentry"],"yoast_head":"<!-- This site is optimized with the Yoast SEO plugin v27.3 - https:\/\/yoast.com\/product\/yoast-seo-wordpress\/ -->\n<title>FAQ - Conservatori Professional de M\u00fasica Juan Cant\u00f3 en Alcoi<\/title>\n<meta name=\"robots\" content=\"index, follow, max-snippet:-1, max-image-preview:large, max-video-preview:-1\" \/>\n<link rel=\"canonical\" href=\"https:\/\/www.conservatorialcoi.com\/ca\/faq\/\" \/>\n<meta property=\"og:locale\" content=\"ca_ES\" \/>\n<meta property=\"og:type\" content=\"article\" \/>\n<meta property=\"og:title\" content=\"FAQ - Conservatori Professional de M\u00fasica Juan Cant\u00f3 en Alcoi\" \/>\n<meta property=\"og:description\" content=\"[et_pb_section admin_label=&#8221;section&#8221;] [et_pb_row admin_label=&#8221;row&#8221;] [et_pb_column type=&#8221;4_4&#8243;] [et_pb_text admin_label=&#8221;Text&#8221;] Selecci\u00f3 de continguts: Promoci\u00f3. Organitzaci\u00f3 d&#8217;ensenyances. Ingr\u00e9s i acc\u00e9s. L\u00edmits de perman\u00e8ncia. Ampliaci\u00f3 de matr\u00edcula. Obtenci\u00f3 directa del certificat. Convalidacions. Doc\u00e8ncia. Equival\u00e9ncies. [\/et_pb_text] [\/et_pb_column] [\/et_pb_row] [\/et_pb_section]\" \/>\n<meta property=\"og:url\" content=\"https:\/\/www.conservatorialcoi.com\/ca\/faq\/\" \/>\n<meta property=\"og:site_name\" content=\"Conservatori Professional de M\u00fasica Juan Cant\u00f3 en Alcoi\" \/>\n<meta property=\"article:modified_time\" content=\"2019-05-22T22:20:44+00:00\" \/>\n<meta name=\"twitter:card\" content=\"summary_large_image\" \/>\n<script type=\"application\/ld+json\" class=\"yoast-schema-graph\">{\"@context\":\"https:\\\/\\\/schema.org\",\"@graph\":[{\"@type\":\"WebPage\",\"@id\":\"https:\\\/\\\/www.conservatorialcoi.com\\\/ca\\\/faq\\\/\",\"url\":\"https:\\\/\\\/www.conservatorialcoi.com\\\/ca\\\/faq\\\/\",\"name\":\"FAQ - Conservatori Professional de M\u00fasica Juan Cant\u00f3 en Alcoi\",\"isPartOf\":{\"@id\":\"https:\\\/\\\/www.conservatorialcoi.com\\\/#website\"},\"datePublished\":\"2019-02-28T09:46:49+00:00\",\"dateModified\":\"2019-05-22T22:20:44+00:00\",\"breadcrumb\":{\"@id\":\"https:\\\/\\\/www.conservatorialcoi.com\\\/ca\\\/faq\\\/#breadcrumb\"},\"inLanguage\":\"ca\",\"potentialAction\":[{\"@type\":\"ReadAction\",\"target\":[\"https:\\\/\\\/www.conservatorialcoi.com\\\/ca\\\/faq\\\/\"]}]},{\"@type\":\"BreadcrumbList\",\"@id\":\"https:\\\/\\\/www.conservatorialcoi.com\\\/ca\\\/faq\\\/#breadcrumb\",\"itemListElement\":[{\"@type\":\"ListItem\",\"position\":1,\"name\":\"Portada\",\"item\":\"https:\\\/\\\/www.conservatorialcoi.com\\\/ca\\\/\"},{\"@type\":\"ListItem\",\"position\":2,\"name\":\"FAQ\"}]},{\"@type\":\"WebSite\",\"@id\":\"https:\\\/\\\/www.conservatorialcoi.com\\\/#website\",\"url\":\"https:\\\/\\\/www.conservatorialcoi.com\\\/\",\"name\":\"Conservatori Professional de M\u00fasica Juan Cant\u00f3 en Alcoi\",\"description\":\"\",\"potentialAction\":[{\"@type\":\"SearchAction\",\"target\":{\"@type\":\"EntryPoint\",\"urlTemplate\":\"https:\\\/\\\/www.conservatorialcoi.com\\\/?s={search_term_string}\"},\"query-input\":{\"@type\":\"PropertyValueSpecification\",\"valueRequired\":true,\"valueName\":\"search_term_string\"}}],\"inLanguage\":\"ca\"}]}<\/script>\n<!-- \/ Yoast SEO plugin. -->","yoast_head_json":{"title":"FAQ - Conservatori Professional de M\u00fasica Juan Cant\u00f3 en Alcoi","robots":{"index":"index","follow":"follow","max-snippet":"max-snippet:-1","max-image-preview":"max-image-preview:large","max-video-preview":"max-video-preview:-1"},"canonical":"https:\/\/www.conservatorialcoi.com\/ca\/faq\/","og_locale":"ca_ES","og_type":"article","og_title":"FAQ - Conservatori Professional de M\u00fasica Juan Cant\u00f3 en Alcoi","og_description":"[et_pb_section admin_label=&#8221;section&#8221;] [et_pb_row admin_label=&#8221;row&#8221;] [et_pb_column type=&#8221;4_4&#8243;] [et_pb_text admin_label=&#8221;Text&#8221;] Selecci\u00f3 de continguts: Promoci\u00f3. Organitzaci\u00f3 d&#8217;ensenyances. Ingr\u00e9s i acc\u00e9s. L\u00edmits de perman\u00e8ncia. Ampliaci\u00f3 de matr\u00edcula. Obtenci\u00f3 directa del certificat. Convalidacions. Doc\u00e8ncia. Equival\u00e9ncies. [\/et_pb_text] [\/et_pb_column] [\/et_pb_row] [\/et_pb_section]","og_url":"https:\/\/www.conservatorialcoi.com\/ca\/faq\/","og_site_name":"Conservatori Professional de M\u00fasica Juan Cant\u00f3 en Alcoi","article_modified_time":"2019-05-22T22:20:44+00:00","twitter_card":"summary_large_image","schema":{"@context":"https:\/\/schema.org","@graph":[{"@type":"WebPage","@id":"https:\/\/www.conservatorialcoi.com\/ca\/faq\/","url":"https:\/\/www.conservatorialcoi.com\/ca\/faq\/","name":"FAQ - Conservatori Professional de M\u00fasica Juan Cant\u00f3 en Alcoi","isPartOf":{"@id":"https:\/\/www.conservatorialcoi.com\/#website"},"datePublished":"2019-02-28T09:46:49+00:00","dateModified":"2019-05-22T22:20:44+00:00","breadcrumb":{"@id":"https:\/\/www.conservatorialcoi.com\/ca\/faq\/#breadcrumb"},"inLanguage":"ca","potentialAction":[{"@type":"ReadAction","target":["https:\/\/www.conservatorialcoi.com\/ca\/faq\/"]}]},{"@type":"BreadcrumbList","@id":"https:\/\/www.conservatorialcoi.com\/ca\/faq\/#breadcrumb","itemListElement":[{"@type":"ListItem","position":1,"name":"Portada","item":"https:\/\/www.conservatorialcoi.com\/ca\/"},{"@type":"ListItem","position":2,"name":"FAQ"}]},{"@type":"WebSite","@id":"https:\/\/www.conservatorialcoi.com\/#website","url":"https:\/\/www.conservatorialcoi.com\/","name":"Conservatori Professional de M\u00fasica Juan Cant\u00f3 en Alcoi","description":"","potentialAction":[{"@type":"SearchAction","target":{"@type":"EntryPoint","urlTemplate":"https:\/\/www.conservatorialcoi.com\/?s={search_term_string}"},"query-input":{"@type":"PropertyValueSpecification","valueRequired":true,"valueName":"search_term_string"}}],"inLanguage":"ca"}]}},"_links":{"self":[{"href":"https:\/\/www.conservatorialcoi.com\/ca\/wp-json\/wp\/v2\/pages\/1385","targetHints":{"allow":["GET"]}}],"collection":[{"href":"https:\/\/www.conservatorialcoi.com\/ca\/wp-json\/wp\/v2\/pages"}],"about":[{"href":"https:\/\/www.conservatorialcoi.com\/ca\/wp-json\/wp\/v2\/types\/page"}],"author":[{"embeddable":true,"href":"https:\/\/www.conservatorialcoi.com\/ca\/wp-json\/wp\/v2\/users\/1"}],"replies":[{"embeddable":true,"href":"https:\/\/www.conservatorialcoi.com\/ca\/wp-json\/wp\/v2\/comments?post=1385"}],"version-history":[{"count":4,"href":"https:\/\/www.conservatorialcoi.com\/ca\/wp-json\/wp\/v2\/pages\/1385\/revisions"}],"predecessor-version":[{"id":2346,"href":"https:\/\/www.conservatorialcoi.com\/ca\/wp-json\/wp\/v2\/pages\/1385\/revisions\/2346"}],"wp:attachment":[{"href":"https:\/\/www.conservatorialcoi.com\/ca\/wp-json\/wp\/v2\/media?parent=1385"}],"curies":[{"name":"wp","href":"https:\/\/api.w.org\/{rel}","templated":true}]}}