{"id":1324,"date":"2019-02-27T16:18:05","date_gmt":"2019-02-27T16:18:05","guid":{"rendered":"https:\/\/www.conservatorialcoi.com\/\/informacion-academica\/ensenanza-elemental\/contenidos-terminales-por-asignaturas\/violoncel\/"},"modified":"2026-05-06T08:10:09","modified_gmt":"2026-05-06T08:10:09","slug":"violoncel","status":"publish","type":"page","link":"https:\/\/www.conservatorialcoi.com\/ca\/informacio-academica\/ensenanza-elemental\/contenidos-terminales-por-asignaturas\/violoncel\/","title":{"rendered":"Violoncello"},"content":{"rendered":"<p><span style=\"color: #ff0000;\">Orde realitzaci\u00f3 de les proves per a tots els cursos:<\/span><\/p>\n<p>La prova constar\u00e0 de dos apartats: pr\u00e0ctica instrumental i llenguatge musical, organitzats del mode<\/p>\n<p>seg\u00fcent:<\/p>\n<p><strong>a) Pr\u00e0ctica instrumental.<\/strong><\/p>\n<p>Es compondr\u00e0 dels seg\u00fcents subapartats:<\/p>\n<p>a.1) Interpretaci\u00f3.<\/p>\n<p>La persona aspirant haur\u00e0 de presentar un programa de tres obres o moviments de diferent estil, amb un nivell igual o superior a l\u2019establit com a final del curs precedent al qual opta.<\/p>\n<p>El tribunal determinar\u00e0 quines obres, parts o fragments s\u2019interpretaran.<\/p>\n<p>Es valorar\u00e0 la interpretaci\u00f3 de mem\u00f2ria.<\/p>\n<p>a.2) Lectura a primera vista.<\/p>\n<p>Consistir\u00e0 en la interpretaci\u00f3 a primera vista d\u2019un fragment el contingut del qual no ser\u00e0 superior al nivell fixat per a la finalitzaci\u00f3 del curs precedent al sol\u00b7licitat.<\/p>\n<p><strong>b) Llenguatge musical.<\/strong><\/p>\n<p>Inclour\u00e0 exercicis de lectura r\u00edtmica, lectura mel\u00f2dica, teoria de la m\u00fasica i dictat musical, ajustats als continguts finals del curs precedent al qual opta la persona aspirant.<\/p>\n<table style=\"width: 100%;\" border=\"1\" cellpadding=\"8\">\n<tbody>\n<tr>\n<td style=\"text-align: center;\"><strong>DEPARTAMENT<\/strong><\/td>\n<td style=\"text-align: center;\"><strong>ESPECIALITAT<\/strong><\/td>\n<td style=\"text-align: center;\"><strong>CURS<\/strong><\/td>\n<\/tr>\n<tr>\n<td style=\"text-align: center;\">Corda<\/td>\n<td style=\"text-align: center;\">Violoncello<\/td>\n<td style=\"text-align: center;\">ACC\u00c9S 2\u00b0 E.E.<\/td>\n<\/tr>\n<\/tbody>\n<\/table>\n<p><u><strong>PROVA A: <\/strong>Pr\u00e0ctica instrumental<\/u><\/p>\n<p><strong>OBRES ORIENTATIVES:<\/strong><\/p>\n<ul>\n<li>M\u00e8tode Suzuki 1r llibre : leccs. 12, \u201cRigadoon\u201d, i 13 \u201cEtude\u201d<\/li>\n<li>M\u00e8tode Suzuki 2n llibre : lecc. 3 \u201cMinuet\u201d de Bach<\/li>\n<\/ul>\n<p><strong>CONTINGUT<\/strong><\/p>\n<ul>\n<li>Cops d&#8217;arc: detach\u00e9, legato, (fins a 4 notes) picchecato (fins a dues notes) i staccato.<\/li>\n<li>Primera posici\u00f3 de masteler, en la seva postura tancada i iniciaci\u00f3 a la posici\u00f3 oberta (superior i inferior)<\/li>\n<li>Escales amb extensi\u00f3 d&#8217;una octava.<\/li>\n<\/ul>\n<p><strong>CRITERIS D&#8217;AVALUACI\u00d3:<\/strong><\/p>\n<ul>\n<li>Es valorar\u00e0 especialment la correcta afinaci\u00f3 i mesura r\u00edtmica dels valors emprats.<\/li>\n<li>Igualment, la continu\u00eftat mel\u00f2dica i expressiva de les frases musicals.<\/li>\n<\/ul>\n<p>&nbsp;<\/p>\n<p><u>Lectura d&#8217;una obra a <strong>primera vista<\/strong> amb les seg\u00fcents caracter\u00edstiques:<\/u><\/p>\n<p><strong>CONTINGUTS:<\/strong><\/p>\n<ul>\n<li>Tonalitats: Do M, Sol M.<\/li>\n<li>Valors r\u00edtmics: redones, blanques, negres<\/li>\n<li>Compassos: 2\/4, 3\/4, 4\/4<\/li>\n<li>Canvi de posici\u00f3: sense canvis de posici\u00f3<\/li>\n<li>Extensi\u00f3: 12 compassos<strong>.<\/strong><\/li>\n<\/ul>\n<p><strong>CRITERIS D&#8217;AVALUACI\u00d3<\/strong><\/p>\n<ul>\n<li>Es valorar\u00e0 especialment la correcta afinaci\u00f3 i mesura r\u00edtmica dels valors utilitzats.<\/li>\n<li>Igualment, la continu\u00eftat mel\u00f2dica i expressiva de les frases musicals.<\/li>\n<\/ul>\n<p>&nbsp;<\/p>\n<p><u><strong>PROVA B:<\/strong> (veure prova de llenguatge musical).<\/u><\/p>\n<table style=\"width: 100%;\" border=\"1\" cellpadding=\"8\">\n<tbody>\n<tr>\n<td style=\"text-align: center;\"><strong>DEPARTAMENT<\/strong><\/td>\n<td style=\"text-align: center;\"><strong>ESPECIALITAT<\/strong><\/td>\n<td style=\"text-align: center;\"><strong>CURS<\/strong><\/td>\n<\/tr>\n<tr>\n<td style=\"text-align: center;\">Corda<\/td>\n<td style=\"text-align: center;\">Violoncello<\/td>\n<td style=\"text-align: center;\">ACC\u00c9S 3\u00b0 E.E.<\/td>\n<\/tr>\n<\/tbody>\n<\/table>\n<p><u><strong>PROVA A: <\/strong>Pr\u00e0ctica instrumental<\/u><\/p>\n<p><strong>OBRES ORIENTATIVES:<\/strong><\/p>\n<ul>\n<li>M\u00e8tode Suzuki 2n llibre : leccs. 12, \u201cGavotte\u201d de Gossec, i 13 \u201cBourr\u00e9\u201d de Haendel<\/li>\n<li>M\u00e8tode Suzuki 3r llibre : \u201cBerceuse\u201d de Schubert<\/li>\n<li>Rick Mooney: Position pieces. 1a i 2a leccs<\/li>\n<\/ul>\n<p><strong>CONTINGUT<\/strong><\/p>\n<ul>\n<li>Cops d&#8217;arc: detach\u00e9, legato, (fins a 8 notes) picchecato (fins a dues notes) i staccato i portato.<\/li>\n<li>Primera posici\u00f3 de masteler, en la seva postura tancada i iniciaci\u00f3 a la posici\u00f3 oberta (superior i inferior)<\/li>\n<li>Segona posici\u00f3 de masteler en postura tancada i oberta.<\/li>\n<li>Escales amb extensi\u00f3 de dues octaves.<\/li>\n<\/ul>\n<p><strong>CRITERIS D&#8217;AVALUACI\u00d3:<\/strong><\/p>\n<ul>\n<li>Es valorar\u00e0 especialment la correcta afinaci\u00f3 i mesura r\u00edtmica dels valors utilitzats.<\/li>\n<li>Igualment, la continu\u00eftat mel\u00f2dica i expressiva de les frases musicals, amb inclusi\u00f3 de canvi a 2a posici\u00f3.<\/li>\n<\/ul>\n<p>&nbsp;<\/p>\n<p><u>Lectura d&#8217;una obra a <strong>primera vista<\/strong> amb les seg\u00fcents caracter\u00edstiques:<\/u><\/p>\n<p><strong>CONTINGUTS:<\/strong><\/p>\n<ul>\n<li>Tonalitats: Do M, Sol M, ReM<\/li>\n<li>Valors r\u00edtmics: redones, blanques, blanques amb puntillo, negres i corxeres<\/li>\n<li>Compassos: 2\/4, 3\/4, 4\/4<\/li>\n<li>Canvi de posici\u00f3: 2a posici\u00f3<\/li>\n<li>Extensi\u00f3: 14 compassos.<\/li>\n<\/ul>\n<p><strong>CRITERIS D&#8217;AVALUACI\u00d3<\/strong><\/p>\n<ul>\n<li>Es valorar\u00e0 especialment la correcta afinaci\u00f3 i mesura r\u00edtmica dels valors utilitzats.<\/li>\n<li>Igualment, la continu\u00eftat mel\u00f2dica i expressiva de les frases musicals amb inclusi\u00f3 a la 2a posici\u00f3.<\/li>\n<\/ul>\n<p><u><strong>PROVA B:<\/strong> (veure prova de llenguatge musical).<\/u><\/p>\n<table style=\"width: 100%;\" border=\"1\" cellpadding=\"8\">\n<tbody>\n<tr>\n<td style=\"text-align: center;\"><strong>DEPARTAMENT<\/strong><\/td>\n<td style=\"text-align: center;\"><strong>ESPECIALITAT<\/strong><\/td>\n<td style=\"text-align: center;\"><strong>CURS<\/strong><\/td>\n<\/tr>\n<tr>\n<td style=\"text-align: center;\">Corda<\/td>\n<td style=\"text-align: center;\">Violoncello<\/td>\n<td style=\"text-align: center;\">ACC\u00c9S 4\u00b0 E.E.<\/td>\n<\/tr>\n<\/tbody>\n<\/table>\n<p><u><strong>PROVA A: <\/strong>Pr\u00e0ctica instrumental<\/u><\/p>\n<p><strong>OBRES ORIENTATIVES:<\/strong><\/p>\n<ul>\n<li>M\u00e8tode Suzuki 3r llibre: leccs. 2, \u201cGavotte\u201d de Lully, i 4 \u201cScherzo\u201d de Webster<\/li>\n<li>M\u00e8tode Friss 2n llibre: 4a<\/li>\n<li>Rick Mooney; Position pieces, 4a i 5a leccs.<\/li>\n<\/ul>\n<p><strong>CONTINGUT<\/strong><\/p>\n<ul>\n<li>Cops d&#8217;arc: detach\u00e9, legato, (fins a 8 notes) picchecato (fins a dues notes) i staccato i portato.<\/li>\n<li>Primera posici\u00f3 de masteler, en la seva postura tancada i iniciaci\u00f3 a la posici\u00f3 oberta (superior i inferior)<\/li>\n<li>Segona posici\u00f3 de masteler en postura tancada i oberta, i 4a posici\u00f3 tancada.<\/li>\n<li>Escales amb extensi\u00f3 de dues octaves.<\/li>\n<\/ul>\n<p><strong>CRITERIS D&#8217;AVALUACI\u00d3:<\/strong><\/p>\n<ul>\n<li>Es valorar\u00e0 especialment la correcta afinaci\u00f3 i mesura r\u00edtmica dels valors utilitzats.<\/li>\n<li>Igualment, la continu\u00eftat mel\u00f2dica i expressiva de les frases musicals, amb inclusi\u00f3 de canvi a 2a i 4a posicions.<\/li>\n<\/ul>\n<p>&nbsp;<\/p>\n<p><u>Lectura d&#8217;una obra a <strong>primera vista<\/strong> amb les seg\u00fcents caracter\u00edstiques:<\/u><\/p>\n<p><strong>CONTINGUTS:<\/strong><\/p>\n<ul>\n<li>Tonalitats: Do M, Sol M, Re M, Fa M<\/li>\n<li>Valors r\u00edtmics: redones, blanques, blanques amb puntillo, negres i corxeres<\/li>\n<li>Compassos: 2\/4, 3\/4, 4\/4, 6\/8<\/li>\n<li>Canvi de posici\u00f3: 2a i 4a posicions<\/li>\n<li>Extensi\u00f3: 20 compassos.<\/li>\n<\/ul>\n<p><strong>CRITERIS D&#8217;AVALUACI\u00d3<\/strong><\/p>\n<ul>\n<li>Es valorar\u00e0 especialment la correcta afinaci\u00f3 i mesura r\u00edtmica dels valors utilitzats.<\/li>\n<li>Igualment, la continu\u00eftat mel\u00f2dica i expressiva de les frases musicals amb inclusi\u00f3 de la 2a i 4a posicions. Aix\u00ed mateix el grau de maduresa i comprensi\u00f3 musical en la interpretaci\u00f3.<\/li>\n<\/ul>\n<p>&nbsp;<\/p>\n<p><u><strong>PROVA B:<\/strong> (veure prova de llenguatge musical).<\/u><\/p>\n","protected":false},"excerpt":{"rendered":"<p>Orde realitzaci\u00f3 de les proves per a tots els cursos: La prova constar\u00e0 de dos apartats: pr\u00e0ctica instrumental i llenguatge musical, organitzats del mode seg\u00fcent: a) Pr\u00e0ctica instrumental. Es compondr\u00e0 dels seg\u00fcents subapartats: a.1) Interpretaci\u00f3. La persona aspirant haur\u00e0 de presentar un programa de tres obres o moviments de diferent estil, amb un nivell igual [&hellip;]<\/p>\n","protected":false},"author":1,"featured_media":0,"parent":1201,"menu_order":17,"comment_status":"closed","ping_status":"closed","template":"","meta":{"footnotes":""},"class_list":["post-1324","page","type-page","status-publish","hentry"],"yoast_head":"<!-- This site is optimized with the Yoast SEO plugin v27.3 - https:\/\/yoast.com\/product\/yoast-seo-wordpress\/ -->\n<title>Violoncello - Conservatori Professional de M\u00fasica Juan Cant\u00f3 en Alcoi<\/title>\n<meta name=\"robots\" content=\"index, follow, max-snippet:-1, max-image-preview:large, max-video-preview:-1\" \/>\n<link rel=\"canonical\" href=\"https:\/\/www.conservatorialcoi.com\/ca\/informacio-academica\/ensenanza-elemental\/contenidos-terminales-por-asignaturas\/violoncel\/\" \/>\n<meta property=\"og:locale\" content=\"ca_ES\" \/>\n<meta property=\"og:type\" content=\"article\" \/>\n<meta property=\"og:title\" content=\"Violoncello - Conservatori Professional de M\u00fasica Juan Cant\u00f3 en Alcoi\" \/>\n<meta property=\"og:description\" content=\"Orde realitzaci\u00f3 de les proves per a tots els cursos: La prova constar\u00e0 de dos apartats: pr\u00e0ctica instrumental i llenguatge musical, organitzats del mode seg\u00fcent: a) Pr\u00e0ctica instrumental. Es compondr\u00e0 dels seg\u00fcents subapartats: a.1) Interpretaci\u00f3. La persona aspirant haur\u00e0 de presentar un programa de tres obres o moviments de diferent estil, amb un nivell igual [&hellip;]\" \/>\n<meta property=\"og:url\" content=\"https:\/\/www.conservatorialcoi.com\/ca\/informacio-academica\/ensenanza-elemental\/contenidos-terminales-por-asignaturas\/violoncel\/\" \/>\n<meta property=\"og:site_name\" content=\"Conservatori Professional de M\u00fasica Juan Cant\u00f3 en Alcoi\" \/>\n<meta property=\"article:modified_time\" content=\"2026-05-06T08:10:09+00:00\" \/>\n<meta name=\"twitter:card\" content=\"summary_large_image\" \/>\n<meta name=\"twitter:label1\" content=\"Temps estimat de lectura\" \/>\n\t<meta name=\"twitter:data1\" content=\"4 minuts\" \/>\n<script type=\"application\/ld+json\" class=\"yoast-schema-graph\">{\"@context\":\"https:\\\/\\\/schema.org\",\"@graph\":[{\"@type\":\"WebPage\",\"@id\":\"https:\\\/\\\/www.conservatorialcoi.com\\\/ca\\\/informacio-academica\\\/ensenanza-elemental\\\/contenidos-terminales-por-asignaturas\\\/violoncel\\\/\",\"url\":\"https:\\\/\\\/www.conservatorialcoi.com\\\/ca\\\/informacio-academica\\\/ensenanza-elemental\\\/contenidos-terminales-por-asignaturas\\\/violoncel\\\/\",\"name\":\"Violoncello - Conservatori Professional de M\u00fasica Juan Cant\u00f3 en Alcoi\",\"isPartOf\":{\"@id\":\"https:\\\/\\\/www.conservatorialcoi.com\\\/#website\"},\"datePublished\":\"2019-02-27T16:18:05+00:00\",\"dateModified\":\"2026-05-06T08:10:09+00:00\",\"breadcrumb\":{\"@id\":\"https:\\\/\\\/www.conservatorialcoi.com\\\/ca\\\/informacio-academica\\\/ensenanza-elemental\\\/contenidos-terminales-por-asignaturas\\\/violoncel\\\/#breadcrumb\"},\"inLanguage\":\"ca\",\"potentialAction\":[{\"@type\":\"ReadAction\",\"target\":[\"https:\\\/\\\/www.conservatorialcoi.com\\\/ca\\\/informacio-academica\\\/ensenanza-elemental\\\/contenidos-terminales-por-asignaturas\\\/violoncel\\\/\"]}]},{\"@type\":\"BreadcrumbList\",\"@id\":\"https:\\\/\\\/www.conservatorialcoi.com\\\/ca\\\/informacio-academica\\\/ensenanza-elemental\\\/contenidos-terminales-por-asignaturas\\\/violoncel\\\/#breadcrumb\",\"itemListElement\":[{\"@type\":\"ListItem\",\"position\":1,\"name\":\"Portada\",\"item\":\"https:\\\/\\\/www.conservatorialcoi.com\\\/ca\\\/\"},{\"@type\":\"ListItem\",\"position\":2,\"name\":\"Informaci\u00f3 acad\u00e8mica\",\"item\":\"https:\\\/\\\/www.conservatorialcoi.com\\\/ca\\\/informacio-academica\\\/\"},{\"@type\":\"ListItem\",\"position\":3,\"name\":\"Ensenyaments Elementals\",\"item\":\"https:\\\/\\\/www.conservatorialcoi.com\\\/ca\\\/informacio-academica\\\/ensenanza-elemental\\\/\"},{\"@type\":\"ListItem\",\"position\":4,\"name\":\"Continguts terminals per assignatures\",\"item\":\"https:\\\/\\\/www.conservatorialcoi.com\\\/ca\\\/informacio-academica\\\/ensenanza-elemental\\\/contenidos-terminales-por-asignaturas\\\/\"},{\"@type\":\"ListItem\",\"position\":5,\"name\":\"Violoncello\"}]},{\"@type\":\"WebSite\",\"@id\":\"https:\\\/\\\/www.conservatorialcoi.com\\\/#website\",\"url\":\"https:\\\/\\\/www.conservatorialcoi.com\\\/\",\"name\":\"Conservatori Professional de M\u00fasica Juan Cant\u00f3 en Alcoi\",\"description\":\"\",\"potentialAction\":[{\"@type\":\"SearchAction\",\"target\":{\"@type\":\"EntryPoint\",\"urlTemplate\":\"https:\\\/\\\/www.conservatorialcoi.com\\\/?s={search_term_string}\"},\"query-input\":{\"@type\":\"PropertyValueSpecification\",\"valueRequired\":true,\"valueName\":\"search_term_string\"}}],\"inLanguage\":\"ca\"}]}<\/script>\n<!-- \/ Yoast SEO plugin. -->","yoast_head_json":{"title":"Violoncello - Conservatori Professional de M\u00fasica Juan Cant\u00f3 en Alcoi","robots":{"index":"index","follow":"follow","max-snippet":"max-snippet:-1","max-image-preview":"max-image-preview:large","max-video-preview":"max-video-preview:-1"},"canonical":"https:\/\/www.conservatorialcoi.com\/ca\/informacio-academica\/ensenanza-elemental\/contenidos-terminales-por-asignaturas\/violoncel\/","og_locale":"ca_ES","og_type":"article","og_title":"Violoncello - Conservatori Professional de M\u00fasica Juan Cant\u00f3 en Alcoi","og_description":"Orde realitzaci\u00f3 de les proves per a tots els cursos: La prova constar\u00e0 de dos apartats: pr\u00e0ctica instrumental i llenguatge musical, organitzats del mode seg\u00fcent: a) Pr\u00e0ctica instrumental. Es compondr\u00e0 dels seg\u00fcents subapartats: a.1) Interpretaci\u00f3. La persona aspirant haur\u00e0 de presentar un programa de tres obres o moviments de diferent estil, amb un nivell igual [&hellip;]","og_url":"https:\/\/www.conservatorialcoi.com\/ca\/informacio-academica\/ensenanza-elemental\/contenidos-terminales-por-asignaturas\/violoncel\/","og_site_name":"Conservatori Professional de M\u00fasica Juan Cant\u00f3 en Alcoi","article_modified_time":"2026-05-06T08:10:09+00:00","twitter_card":"summary_large_image","twitter_misc":{"Temps estimat de lectura":"4 minuts"},"schema":{"@context":"https:\/\/schema.org","@graph":[{"@type":"WebPage","@id":"https:\/\/www.conservatorialcoi.com\/ca\/informacio-academica\/ensenanza-elemental\/contenidos-terminales-por-asignaturas\/violoncel\/","url":"https:\/\/www.conservatorialcoi.com\/ca\/informacio-academica\/ensenanza-elemental\/contenidos-terminales-por-asignaturas\/violoncel\/","name":"Violoncello - Conservatori Professional de M\u00fasica Juan Cant\u00f3 en Alcoi","isPartOf":{"@id":"https:\/\/www.conservatorialcoi.com\/#website"},"datePublished":"2019-02-27T16:18:05+00:00","dateModified":"2026-05-06T08:10:09+00:00","breadcrumb":{"@id":"https:\/\/www.conservatorialcoi.com\/ca\/informacio-academica\/ensenanza-elemental\/contenidos-terminales-por-asignaturas\/violoncel\/#breadcrumb"},"inLanguage":"ca","potentialAction":[{"@type":"ReadAction","target":["https:\/\/www.conservatorialcoi.com\/ca\/informacio-academica\/ensenanza-elemental\/contenidos-terminales-por-asignaturas\/violoncel\/"]}]},{"@type":"BreadcrumbList","@id":"https:\/\/www.conservatorialcoi.com\/ca\/informacio-academica\/ensenanza-elemental\/contenidos-terminales-por-asignaturas\/violoncel\/#breadcrumb","itemListElement":[{"@type":"ListItem","position":1,"name":"Portada","item":"https:\/\/www.conservatorialcoi.com\/ca\/"},{"@type":"ListItem","position":2,"name":"Informaci\u00f3 acad\u00e8mica","item":"https:\/\/www.conservatorialcoi.com\/ca\/informacio-academica\/"},{"@type":"ListItem","position":3,"name":"Ensenyaments Elementals","item":"https:\/\/www.conservatorialcoi.com\/ca\/informacio-academica\/ensenanza-elemental\/"},{"@type":"ListItem","position":4,"name":"Continguts terminals per assignatures","item":"https:\/\/www.conservatorialcoi.com\/ca\/informacio-academica\/ensenanza-elemental\/contenidos-terminales-por-asignaturas\/"},{"@type":"ListItem","position":5,"name":"Violoncello"}]},{"@type":"WebSite","@id":"https:\/\/www.conservatorialcoi.com\/#website","url":"https:\/\/www.conservatorialcoi.com\/","name":"Conservatori Professional de M\u00fasica Juan Cant\u00f3 en Alcoi","description":"","potentialAction":[{"@type":"SearchAction","target":{"@type":"EntryPoint","urlTemplate":"https:\/\/www.conservatorialcoi.com\/?s={search_term_string}"},"query-input":{"@type":"PropertyValueSpecification","valueRequired":true,"valueName":"search_term_string"}}],"inLanguage":"ca"}]}},"_links":{"self":[{"href":"https:\/\/www.conservatorialcoi.com\/ca\/wp-json\/wp\/v2\/pages\/1324","targetHints":{"allow":["GET"]}}],"collection":[{"href":"https:\/\/www.conservatorialcoi.com\/ca\/wp-json\/wp\/v2\/pages"}],"about":[{"href":"https:\/\/www.conservatorialcoi.com\/ca\/wp-json\/wp\/v2\/types\/page"}],"author":[{"embeddable":true,"href":"https:\/\/www.conservatorialcoi.com\/ca\/wp-json\/wp\/v2\/users\/1"}],"replies":[{"embeddable":true,"href":"https:\/\/www.conservatorialcoi.com\/ca\/wp-json\/wp\/v2\/comments?post=1324"}],"version-history":[{"count":5,"href":"https:\/\/www.conservatorialcoi.com\/ca\/wp-json\/wp\/v2\/pages\/1324\/revisions"}],"predecessor-version":[{"id":11868,"href":"https:\/\/www.conservatorialcoi.com\/ca\/wp-json\/wp\/v2\/pages\/1324\/revisions\/11868"}],"up":[{"embeddable":true,"href":"https:\/\/www.conservatorialcoi.com\/ca\/wp-json\/wp\/v2\/pages\/1201"}],"wp:attachment":[{"href":"https:\/\/www.conservatorialcoi.com\/ca\/wp-json\/wp\/v2\/media?parent=1324"}],"curies":[{"name":"wp","href":"https:\/\/api.w.org\/{rel}","templated":true}]}}