{"id":1322,"date":"2019-02-27T16:15:54","date_gmt":"2019-02-27T16:15:54","guid":{"rendered":"https:\/\/www.conservatorialcoi.com\/\/informacion-academica\/ensenanza-elemental\/contenidos-terminales-por-asignaturas\/violi\/"},"modified":"2024-07-01T15:13:58","modified_gmt":"2024-07-01T15:13:58","slug":"violi","status":"publish","type":"page","link":"https:\/\/www.conservatorialcoi.com\/ca\/informacio-academica\/ensenanza-elemental\/contenidos-terminales-por-asignaturas\/violi\/","title":{"rendered":"Viol\u00ed"},"content":{"rendered":"<table style=\"width: 100%;\" border=\"1\" cellpadding=\"8\">\n<tbody>\n<tr>\n<td style=\"text-align: center;\"><strong>DEPARTAMENT<\/strong><\/td>\n<td style=\"text-align: center;\"><strong>ESPECIALITAT<\/strong><\/td>\n<td style=\"text-align: center;\"><strong>CURS<\/strong><\/td>\n<\/tr>\n<tr>\n<td style=\"text-align: center;\">Corda<\/td>\n<td style=\"text-align: center;\">Viol\u00ed<\/td>\n<td style=\"text-align: center;\">ACC\u00c9S 2\u00b0 E.E.<\/td>\n<\/tr>\n<\/tbody>\n<\/table>\n<p><u><strong>PROVA A:<\/strong> (veure prova de llenguatge musical).<\/u><\/p>\n<p><u><strong>PROVA B: <\/strong><\/u><u>Lectura d&#8217;una obra a <strong>primera vista<\/strong> amb les seg\u00fcents caracter\u00edstiques:<\/u><\/p>\n<p><strong>CONTINGUTS:<\/strong><\/p>\n<ul>\n<li>Fragment: fins a 20 compassos.<\/li>\n<li>Tonalitat: que contingui \u00fanicament 1a i 2a formacions.<\/li>\n<li>Amb alteracions accidentals, sempre que respectin el criteri anterior respecte a les formacions.<\/li>\n<li>Compassos: 2\/4, 4\/4.<\/li>\n<li>Figures: redona, blanca, negra, i els seus respectius silencis.<\/li>\n<li>Din\u00e0miques: p, f.<\/li>\n<li>Frasejo: notes lligades i soltes.<\/li>\n<li>Temps de preparaci\u00f3: 10 minuts.<\/li>\n<\/ul>\n<p><strong>CRITERIS D&#8217;AVALUACI\u00d3:<\/strong><\/p>\n<ul>\n<li>Posici\u00f3 correcta del cos i de tots dos bra\u00e7os en tocar.<\/li>\n<li>Col\u00b7locaci\u00f3 dels dits amb ordre i criteri.<\/li>\n<li>Coordinaci\u00f3 de tots dos bra\u00e7os i grau de relaxaci\u00f3 en la resoluci\u00f3 dels diferents passatges.<\/li>\n<li>Distribuci\u00f3 correcta de l&#8217;arc.<\/li>\n<li>Utilitzaci\u00f3 dels reflexos necessaris per a corregir l&#8217;afinaci\u00f3 i la qualitat del so.<\/li>\n<\/ul>\n<p>&nbsp;<\/p>\n<p><u>Interpretaci\u00f3 d&#8217;una obra, estudi o fragment d&#8217;una llista de <strong>tres<\/strong>.<\/u><\/p>\n<p><strong>CONTINGUTS:<\/strong><\/p>\n<ul>\n<li>Utilitzaci\u00f3 de les dues primeres formacions.<\/li>\n<li>Amb alteracions accidentals, sempre que respectin el criteri anterior respecte a les formacions.<\/li>\n<li>Figures: redona, blanca, negra, corxera, i els seus respectius silencis.<\/li>\n<li>Utilitzaci\u00f3 de tot l&#8217;arc i diferents longituds d&#8217;aquest.<\/li>\n<li>Din\u00e0miques: p, f.<\/li>\n<li>Frasejo: notes lligades i soltes.<\/li>\n<li>Compassos: 2\/4, 3\/4, 4\/4<\/li>\n<\/ul>\n<p><strong>CRITERIS D&#8217;AVALUACI\u00d3:<\/strong><\/p>\n<ul>\n<li>Posici\u00f3 correcta del cos i de tots dos bra\u00e7os en tocar.<\/li>\n<li>Col\u00b7locaci\u00f3 dels dits amb ordre i criteri.<\/li>\n<li>Coordinaci\u00f3 de tots dos bra\u00e7os i grau de relaxaci\u00f3 en la resoluci\u00f3 dels diferents passatges.<\/li>\n<li>Distribuci\u00f3 correcta de l&#8217;arc.<\/li>\n<li>Utilitzaci\u00f3 dels reflexos necessaris per a corregir l&#8217;afinaci\u00f3 i la qualitat del so.<\/li>\n<\/ul>\n<p><strong>OBRES ORIENTATIVES:<\/strong><\/p>\n<ul>\n<li>Estudis 4, 5 i 6 de &#8220;El viol\u00ed&#8221; vol. 1 de M. Crickboom.<\/li>\n<li>Can\u00e7\u00f3, Duettino, La bona not\u00edcia, Volta al pa\u00eds i Canzonetta de &#8220;El viol\u00ed&#8221; vol.1 de M. Crickboom.<\/li>\n<li>Can\u00e7ons de la 1 a la 13 de &#8220;Suzuki violin school&#8221; vol.1.<\/li>\n<\/ul>\n<p>&nbsp;<\/p>\n<table style=\"width: 100%;\" border=\"1\" cellpadding=\"8\">\n<tbody>\n<tr>\n<td style=\"text-align: center;\"><strong>DEPARTAMENT<\/strong><\/td>\n<td style=\"text-align: center;\"><strong>ESPECIALITAT<\/strong><\/td>\n<td style=\"text-align: center;\"><strong>CURS<\/strong><\/td>\n<\/tr>\n<tr>\n<td style=\"text-align: center;\">Corda<\/td>\n<td style=\"text-align: center;\">Viol\u00ed<\/td>\n<td style=\"text-align: center;\">ACC\u00c9S 3\u00b0 E.E.<\/td>\n<\/tr>\n<\/tbody>\n<\/table>\n<p><u><strong>PROVA A:<\/strong> (veure prova de llenguatge musical).<\/u><\/p>\n<p><u><strong>PROVA B: <\/strong><\/u><u>Lectura d&#8217;una obra a <strong>primera vista<\/strong> amb les seg\u00fcents caracter\u00edstiques:<\/u><\/p>\n<p><strong>CONTINGUTS:<\/strong><\/p>\n<ul>\n<li>Fragment: fins a 20 compassos.<\/li>\n<li>Tonalitat: que contingui \u00fanicament 1a, 2a i 3a formacions.<\/li>\n<li>Amb alteracions accidentals, sempre que respectin el criteri anterior respecte a les formacions.<\/li>\n<li>Compassos: 2\/4, 3\/4, 4\/4.<\/li>\n<li>Figures: redona, blanca, negra, corxera i els seus respectius silencis.<\/li>\n<li>Din\u00e0miques: p, mf, f.<\/li>\n<li>Frasejo: notes lligades i soltes.<\/li>\n<li>Temps de preparaci\u00f3: 10 minuts.<\/li>\n<\/ul>\n<p><strong>CRITERIS D&#8217;AVALUACI\u00d3:<\/strong><\/p>\n<ul>\n<li>Posici\u00f3 correcta del cos i de tots dos bra\u00e7os en tocar.<\/li>\n<li>Col\u00b7locaci\u00f3 dels dits amb ordre i criteri.<\/li>\n<li>Coordinaci\u00f3 de tots dos bra\u00e7os i grau de relaxaci\u00f3 en la resoluci\u00f3 dels diferents passatges.<\/li>\n<li>Distribuci\u00f3 correcta de l&#8217;arc.<\/li>\n<li>Utilitzaci\u00f3 dels reflexos necessaris per a corregir l&#8217;afinaci\u00f3 i la qualitat del so.<\/li>\n<\/ul>\n<p>&nbsp;<\/p>\n<p><u> Interpretaci\u00f3 d&#8217;una obra, estudi o fragment d&#8217;una llista de <strong>tres<\/strong>.<\/u><\/p>\n<p>&nbsp;<\/p>\n<p><strong>CONTINGUTS:<\/strong><\/p>\n<ul>\n<li>Utilitzaci\u00f3 de les cinc formacions.<\/li>\n<li>Tonalitat: fins a tres alteracions.<\/li>\n<li>Amb alteracions accidentals.<\/li>\n<li>Cops d&#8217;arc: Legato i Detach\u00e9.<\/li>\n<li>Figures: redona, blanca, negra, corxera, semicorxera i els seus respectius silencis. Calder\u00f3n, tresillo, puntillos.<\/li>\n<li>Utilitzaci\u00f3 de tot l&#8217;arc i diferents longituds d&#8217;aquest.<\/li>\n<li>Din\u00e0miques: p, mf, f.<\/li>\n<li>Compassos: 2\/4, 3\/4, 4\/4.<\/li>\n<\/ul>\n<p><strong>CRITERIS D&#8217;AVALUACI\u00d3:<\/strong><\/p>\n<ul>\n<li>Posici\u00f3 correcta del cos i de tots dos bra\u00e7os en tocar.<\/li>\n<li>Col\u00b7locaci\u00f3 dels dits amb ordre i criteri.<\/li>\n<li>Coordinaci\u00f3 de tots dos bra\u00e7os i grau de relaxaci\u00f3 en la resoluci\u00f3 dels diferents passatges.<\/li>\n<li>Distribuci\u00f3 correcta de l&#8217;arc.<\/li>\n<li>Utilitzaci\u00f3 dels reflexos necessaris per a corregir l&#8217;afinaci\u00f3 i la qualitat del so.<\/li>\n<\/ul>\n<p><strong>OBRES ORIENTATIVES:<\/strong><\/p>\n<ul>\n<li>Estudis i can\u00e7ons de &#8220;El viol\u00ed&#8221; vol. 2 de M. Crickboom.<\/li>\n<li>Can\u00e7ons de la 14 a la 17 de &#8220;Suzuki violin school&#8221; vol.1.<\/li>\n<li>Can\u00e7ons de la 1 a la 8 de &#8220;Suzuki violin school&#8221; vol.2.<\/li>\n<li>1r i 2n moviments del &#8220;Concertino op. 11&#8221; de F. K\u00fcchler.<\/li>\n<\/ul>\n<p>&nbsp;<\/p>\n<table style=\"width: 100%;\" border=\"1\" cellpadding=\"8\">\n<tbody>\n<tr>\n<td style=\"text-align: center;\"><strong>DEPARTAMENT<\/strong><\/td>\n<td style=\"text-align: center;\"><strong>ESPECIALITAT<\/strong><\/td>\n<td style=\"text-align: center;\"><strong>CURS<\/strong><\/td>\n<\/tr>\n<tr>\n<td style=\"text-align: center;\">Corda<\/td>\n<td style=\"text-align: center;\">Viol\u00ed<\/td>\n<td style=\"text-align: center;\">ACC\u00c9S 4\u00b0 E.E.<\/td>\n<\/tr>\n<\/tbody>\n<\/table>\n<p><u><strong>PROVA A:<\/strong> (veure prova de llenguatge musical).<\/u><\/p>\n<p><u><strong>PROVA B: <\/strong><\/u><u>Lectura d&#8217;una obra a <strong>primera vista<\/strong> amb les seg\u00fcents caracter\u00edstiques:<\/u><\/p>\n<p><strong>CONTINGUTS:<\/strong><\/p>\n<ul>\n<li>Fragment: fins a 20 compassos.<\/li>\n<li>Tonalitat: que contingui qualsevol de les cinc formacions.<\/li>\n<li>Amb alteracions accidentals.<\/li>\n<li>Compassos: 2\/4, 3\/4, 4\/4 i 6\/8.<\/li>\n<li>Figures: redona, blanca, negra, corxera, semicorxera i els seus respectius silencis. Tresillos i calderones.<\/li>\n<li>Signes de repetici\u00f3.<\/li>\n<li>Din\u00e0miques: p, mf, f.<\/li>\n<li>Frasejo: notes lligades i soltes.<\/li>\n<li>Temps de preparaci\u00f3: 10 minuts.<\/li>\n<\/ul>\n<p><strong>CRITERIS D&#8217;AVALUACI\u00d3:<\/strong><\/p>\n<ul>\n<li>Posici\u00f3 correcta del cos i de tots dos bra\u00e7os en tocar.<\/li>\n<li>Col\u00b7locaci\u00f3 dels dits amb ordre i criteri.<\/li>\n<li>Coordinaci\u00f3 de tots dos bra\u00e7os i grau de relaxaci\u00f3 en la resoluci\u00f3 dels diferents passatges.<\/li>\n<li>Distribuci\u00f3 correcta de l&#8217;arc.<\/li>\n<li>Utilitzaci\u00f3 dels reflexos necessaris per a corregir l&#8217;afinaci\u00f3 i la qualitat del so.<\/li>\n<\/ul>\n<p>&nbsp;<\/p>\n<p><u> Interpretaci\u00f3 d&#8217;una obra, estudi o fragment d&#8217;una llista de <strong>tres<\/strong>.<\/u><\/p>\n<p>&nbsp;<\/p>\n<p><strong>CONTINGUTS:<\/strong><\/p>\n<ul>\n<li>Utilitzaci\u00f3 de les cinc formacions.<\/li>\n<li>Tonalitat: fins a quatre alteracions.<\/li>\n<li>Amb alteracions accidentals.<\/li>\n<li>Cops d&#8217;arc: Legato i Detach\u00e9.<\/li>\n<li>Figures: redona, blanca, negra, corxera, semicorxera i els seus respectius silencis. Calder\u00f3n, tresillo, puntillos.<\/li>\n<li>Utilitzaci\u00f3 de tot l&#8217;arc i diferents longituds d&#8217;aquest.<\/li>\n<li>Din\u00e0miques: p, mf, f, crescendos i diminuendos.<\/li>\n<li>Compassos: 2\/4, 3\/4, 4\/4 i 6\/8.<\/li>\n<li>Que contingui com a m\u00ednim un canvi a 3a posici\u00f3.<\/li>\n<\/ul>\n<p><strong>CRITERIS D&#8217;AVALUACI\u00d3:<\/strong><\/p>\n<ul>\n<li>Posici\u00f3 correcta del cos i de tots dos bra\u00e7os en tocar.<\/li>\n<li>Col\u00b7locaci\u00f3 dels dits amb ordre i criteri.<\/li>\n<li>Coordinaci\u00f3 de tots dos bra\u00e7os i grau de relaxaci\u00f3 en la resoluci\u00f3 dels diferents passatges.<\/li>\n<li>Distribuci\u00f3 correcta de l&#8217;arc.<\/li>\n<li>Utilitzaci\u00f3 dels reflexos necessaris per a corregir l&#8217;afinaci\u00f3 i la qualitat del so.<\/li>\n<li>Flu\u00efdesa i correcci\u00f3 en el canvi a tercera posici\u00f3.<\/li>\n<li>Interpretaci\u00f3 correcta amb sufici\u00e8ncia t\u00e8cnica, afinaci\u00f3, mesura i ritme exacte, sense equivocacions.<\/li>\n<\/ul>\n<p><strong>OBRES ORIENTATIVES:<\/strong><\/p>\n<ul>\n<li>Estudis i can\u00e7ons de &#8220;El viol\u00ed&#8221; vol. 3 de M. Crickboom.<\/li>\n<li>Can\u00e7ons de la 9 a la 12 de &#8220;Suzuki violin school&#8221; vol.2.<\/li>\n<li>Can\u00e7ons de la 1 a la 5 de &#8220;Suzuki violin school&#8221; vol.3.<\/li>\n<li>1r i 2n moviments del &#8220;Concerto op. 35&#8221; d&#8217;O. Rieding.<\/li>\n<li>Nota: Agregar algun canvi a 3a posici\u00f3 a qualsevol de les peces que es presentin.<\/li>\n<\/ul>\n","protected":false},"excerpt":{"rendered":"<p>DEPARTAMENT ESPECIALITAT CURS Corda Viol\u00ed ACC\u00c9S 2\u00b0 E.E. PROVA A: (veure prova de llenguatge musical). PROVA B: Lectura d&#8217;una obra a primera vista amb les seg\u00fcents caracter\u00edstiques: CONTINGUTS: Fragment: fins a 20 compassos. Tonalitat: que contingui \u00fanicament 1a i 2a formacions. Amb alteracions accidentals, sempre que respectin el criteri anterior respecte a les formacions. Compassos: [&hellip;]<\/p>\n","protected":false},"author":1,"featured_media":0,"parent":1201,"menu_order":10,"comment_status":"closed","ping_status":"closed","template":"","meta":{"footnotes":""},"class_list":["post-1322","page","type-page","status-publish","hentry"],"yoast_head":"<!-- This site is optimized with the Yoast SEO plugin v27.3 - https:\/\/yoast.com\/product\/yoast-seo-wordpress\/ -->\n<title>Viol\u00ed - Conservatori Professional de M\u00fasica Juan Cant\u00f3 en Alcoi<\/title>\n<meta name=\"robots\" content=\"index, follow, max-snippet:-1, max-image-preview:large, max-video-preview:-1\" \/>\n<link rel=\"canonical\" href=\"https:\/\/www.conservatorialcoi.com\/ca\/informacio-academica\/ensenanza-elemental\/contenidos-terminales-por-asignaturas\/violi\/\" \/>\n<meta property=\"og:locale\" content=\"ca_ES\" \/>\n<meta property=\"og:type\" content=\"article\" \/>\n<meta property=\"og:title\" content=\"Viol\u00ed - Conservatori Professional de M\u00fasica Juan Cant\u00f3 en Alcoi\" \/>\n<meta property=\"og:description\" content=\"DEPARTAMENT ESPECIALITAT CURS Corda Viol\u00ed ACC\u00c9S 2\u00b0 E.E. PROVA A: (veure prova de llenguatge musical). PROVA B: Lectura d&#8217;una obra a primera vista amb les seg\u00fcents caracter\u00edstiques: CONTINGUTS: Fragment: fins a 20 compassos. Tonalitat: que contingui \u00fanicament 1a i 2a formacions. Amb alteracions accidentals, sempre que respectin el criteri anterior respecte a les formacions. Compassos: [&hellip;]\" \/>\n<meta property=\"og:url\" content=\"https:\/\/www.conservatorialcoi.com\/ca\/informacio-academica\/ensenanza-elemental\/contenidos-terminales-por-asignaturas\/violi\/\" \/>\n<meta property=\"og:site_name\" content=\"Conservatori Professional de M\u00fasica Juan Cant\u00f3 en Alcoi\" \/>\n<meta property=\"article:modified_time\" content=\"2024-07-01T15:13:58+00:00\" \/>\n<meta name=\"twitter:card\" content=\"summary_large_image\" \/>\n<meta name=\"twitter:label1\" content=\"Temps estimat de lectura\" \/>\n\t<meta name=\"twitter:data1\" content=\"5 minuts\" \/>\n<script type=\"application\/ld+json\" class=\"yoast-schema-graph\">{\"@context\":\"https:\\\/\\\/schema.org\",\"@graph\":[{\"@type\":\"WebPage\",\"@id\":\"https:\\\/\\\/www.conservatorialcoi.com\\\/ca\\\/informacio-academica\\\/ensenanza-elemental\\\/contenidos-terminales-por-asignaturas\\\/violi\\\/\",\"url\":\"https:\\\/\\\/www.conservatorialcoi.com\\\/ca\\\/informacio-academica\\\/ensenanza-elemental\\\/contenidos-terminales-por-asignaturas\\\/violi\\\/\",\"name\":\"Viol\u00ed - Conservatori Professional de M\u00fasica Juan Cant\u00f3 en Alcoi\",\"isPartOf\":{\"@id\":\"https:\\\/\\\/www.conservatorialcoi.com\\\/#website\"},\"datePublished\":\"2019-02-27T16:15:54+00:00\",\"dateModified\":\"2024-07-01T15:13:58+00:00\",\"breadcrumb\":{\"@id\":\"https:\\\/\\\/www.conservatorialcoi.com\\\/ca\\\/informacio-academica\\\/ensenanza-elemental\\\/contenidos-terminales-por-asignaturas\\\/violi\\\/#breadcrumb\"},\"inLanguage\":\"ca\",\"potentialAction\":[{\"@type\":\"ReadAction\",\"target\":[\"https:\\\/\\\/www.conservatorialcoi.com\\\/ca\\\/informacio-academica\\\/ensenanza-elemental\\\/contenidos-terminales-por-asignaturas\\\/violi\\\/\"]}]},{\"@type\":\"BreadcrumbList\",\"@id\":\"https:\\\/\\\/www.conservatorialcoi.com\\\/ca\\\/informacio-academica\\\/ensenanza-elemental\\\/contenidos-terminales-por-asignaturas\\\/violi\\\/#breadcrumb\",\"itemListElement\":[{\"@type\":\"ListItem\",\"position\":1,\"name\":\"Portada\",\"item\":\"https:\\\/\\\/www.conservatorialcoi.com\\\/ca\\\/\"},{\"@type\":\"ListItem\",\"position\":2,\"name\":\"Informaci\u00f3 acad\u00e8mica\",\"item\":\"https:\\\/\\\/www.conservatorialcoi.com\\\/ca\\\/informacio-academica\\\/\"},{\"@type\":\"ListItem\",\"position\":3,\"name\":\"Ensenyaments Elementals\",\"item\":\"https:\\\/\\\/www.conservatorialcoi.com\\\/ca\\\/informacio-academica\\\/ensenanza-elemental\\\/\"},{\"@type\":\"ListItem\",\"position\":4,\"name\":\"Continguts terminals per assignatures\",\"item\":\"https:\\\/\\\/www.conservatorialcoi.com\\\/ca\\\/informacio-academica\\\/ensenanza-elemental\\\/contenidos-terminales-por-asignaturas\\\/\"},{\"@type\":\"ListItem\",\"position\":5,\"name\":\"Viol\u00ed\"}]},{\"@type\":\"WebSite\",\"@id\":\"https:\\\/\\\/www.conservatorialcoi.com\\\/#website\",\"url\":\"https:\\\/\\\/www.conservatorialcoi.com\\\/\",\"name\":\"Conservatori Professional de M\u00fasica Juan Cant\u00f3 en Alcoi\",\"description\":\"\",\"potentialAction\":[{\"@type\":\"SearchAction\",\"target\":{\"@type\":\"EntryPoint\",\"urlTemplate\":\"https:\\\/\\\/www.conservatorialcoi.com\\\/?s={search_term_string}\"},\"query-input\":{\"@type\":\"PropertyValueSpecification\",\"valueRequired\":true,\"valueName\":\"search_term_string\"}}],\"inLanguage\":\"ca\"}]}<\/script>\n<!-- \/ Yoast SEO plugin. -->","yoast_head_json":{"title":"Viol\u00ed - Conservatori Professional de M\u00fasica Juan Cant\u00f3 en Alcoi","robots":{"index":"index","follow":"follow","max-snippet":"max-snippet:-1","max-image-preview":"max-image-preview:large","max-video-preview":"max-video-preview:-1"},"canonical":"https:\/\/www.conservatorialcoi.com\/ca\/informacio-academica\/ensenanza-elemental\/contenidos-terminales-por-asignaturas\/violi\/","og_locale":"ca_ES","og_type":"article","og_title":"Viol\u00ed - Conservatori Professional de M\u00fasica Juan Cant\u00f3 en Alcoi","og_description":"DEPARTAMENT ESPECIALITAT CURS Corda Viol\u00ed ACC\u00c9S 2\u00b0 E.E. PROVA A: (veure prova de llenguatge musical). PROVA B: Lectura d&#8217;una obra a primera vista amb les seg\u00fcents caracter\u00edstiques: CONTINGUTS: Fragment: fins a 20 compassos. Tonalitat: que contingui \u00fanicament 1a i 2a formacions. Amb alteracions accidentals, sempre que respectin el criteri anterior respecte a les formacions. Compassos: [&hellip;]","og_url":"https:\/\/www.conservatorialcoi.com\/ca\/informacio-academica\/ensenanza-elemental\/contenidos-terminales-por-asignaturas\/violi\/","og_site_name":"Conservatori Professional de M\u00fasica Juan Cant\u00f3 en Alcoi","article_modified_time":"2024-07-01T15:13:58+00:00","twitter_card":"summary_large_image","twitter_misc":{"Temps estimat de lectura":"5 minuts"},"schema":{"@context":"https:\/\/schema.org","@graph":[{"@type":"WebPage","@id":"https:\/\/www.conservatorialcoi.com\/ca\/informacio-academica\/ensenanza-elemental\/contenidos-terminales-por-asignaturas\/violi\/","url":"https:\/\/www.conservatorialcoi.com\/ca\/informacio-academica\/ensenanza-elemental\/contenidos-terminales-por-asignaturas\/violi\/","name":"Viol\u00ed - Conservatori Professional de M\u00fasica Juan Cant\u00f3 en Alcoi","isPartOf":{"@id":"https:\/\/www.conservatorialcoi.com\/#website"},"datePublished":"2019-02-27T16:15:54+00:00","dateModified":"2024-07-01T15:13:58+00:00","breadcrumb":{"@id":"https:\/\/www.conservatorialcoi.com\/ca\/informacio-academica\/ensenanza-elemental\/contenidos-terminales-por-asignaturas\/violi\/#breadcrumb"},"inLanguage":"ca","potentialAction":[{"@type":"ReadAction","target":["https:\/\/www.conservatorialcoi.com\/ca\/informacio-academica\/ensenanza-elemental\/contenidos-terminales-por-asignaturas\/violi\/"]}]},{"@type":"BreadcrumbList","@id":"https:\/\/www.conservatorialcoi.com\/ca\/informacio-academica\/ensenanza-elemental\/contenidos-terminales-por-asignaturas\/violi\/#breadcrumb","itemListElement":[{"@type":"ListItem","position":1,"name":"Portada","item":"https:\/\/www.conservatorialcoi.com\/ca\/"},{"@type":"ListItem","position":2,"name":"Informaci\u00f3 acad\u00e8mica","item":"https:\/\/www.conservatorialcoi.com\/ca\/informacio-academica\/"},{"@type":"ListItem","position":3,"name":"Ensenyaments Elementals","item":"https:\/\/www.conservatorialcoi.com\/ca\/informacio-academica\/ensenanza-elemental\/"},{"@type":"ListItem","position":4,"name":"Continguts terminals per assignatures","item":"https:\/\/www.conservatorialcoi.com\/ca\/informacio-academica\/ensenanza-elemental\/contenidos-terminales-por-asignaturas\/"},{"@type":"ListItem","position":5,"name":"Viol\u00ed"}]},{"@type":"WebSite","@id":"https:\/\/www.conservatorialcoi.com\/#website","url":"https:\/\/www.conservatorialcoi.com\/","name":"Conservatori Professional de M\u00fasica Juan Cant\u00f3 en Alcoi","description":"","potentialAction":[{"@type":"SearchAction","target":{"@type":"EntryPoint","urlTemplate":"https:\/\/www.conservatorialcoi.com\/?s={search_term_string}"},"query-input":{"@type":"PropertyValueSpecification","valueRequired":true,"valueName":"search_term_string"}}],"inLanguage":"ca"}]}},"_links":{"self":[{"href":"https:\/\/www.conservatorialcoi.com\/ca\/wp-json\/wp\/v2\/pages\/1322","targetHints":{"allow":["GET"]}}],"collection":[{"href":"https:\/\/www.conservatorialcoi.com\/ca\/wp-json\/wp\/v2\/pages"}],"about":[{"href":"https:\/\/www.conservatorialcoi.com\/ca\/wp-json\/wp\/v2\/types\/page"}],"author":[{"embeddable":true,"href":"https:\/\/www.conservatorialcoi.com\/ca\/wp-json\/wp\/v2\/users\/1"}],"replies":[{"embeddable":true,"href":"https:\/\/www.conservatorialcoi.com\/ca\/wp-json\/wp\/v2\/comments?post=1322"}],"version-history":[{"count":3,"href":"https:\/\/www.conservatorialcoi.com\/ca\/wp-json\/wp\/v2\/pages\/1322\/revisions"}],"predecessor-version":[{"id":9081,"href":"https:\/\/www.conservatorialcoi.com\/ca\/wp-json\/wp\/v2\/pages\/1322\/revisions\/9081"}],"up":[{"embeddable":true,"href":"https:\/\/www.conservatorialcoi.com\/ca\/wp-json\/wp\/v2\/pages\/1201"}],"wp:attachment":[{"href":"https:\/\/www.conservatorialcoi.com\/ca\/wp-json\/wp\/v2\/media?parent=1322"}],"curies":[{"name":"wp","href":"https:\/\/api.w.org\/{rel}","templated":true}]}}