{"id":1320,"date":"2019-02-27T16:10:20","date_gmt":"2019-02-27T16:10:20","guid":{"rendered":"https:\/\/www.conservatorialcoi.com\/\/informacion-academica\/ensenanza-elemental\/contenidos-terminales-por-asignaturas\/viola\/"},"modified":"2026-05-09T18:09:10","modified_gmt":"2026-05-09T18:09:10","slug":"viola","status":"publish","type":"page","link":"https:\/\/www.conservatorialcoi.com\/ca\/informacio-academica\/ensenanza-elemental\/contenidos-terminales-por-asignaturas\/viola\/","title":{"rendered":"Viola"},"content":{"rendered":"<p><span style=\"color: #ff0000;\">Orde realitzaci\u00f3 de les proves per a tots els cursos:<\/span><\/p>\n<p>La prova constar\u00e0 de dos apartats: pr\u00e0ctica instrumental i llenguatge musical, organitzats del mode seg\u00fcent:<\/p>\n<p><strong>a) Pr\u00e0ctica instrumental.<\/strong><\/p>\n<p>Es compondr\u00e0 dels seg\u00fcents subapartats:<\/p>\n<p>a.1) Interpretaci\u00f3.<\/p>\n<p>La persona aspirant haur\u00e0 de presentar un programa de tres obres o moviments de diferent estil, amb un nivell igual o superior a l\u2019establit com a final del curs precedent al qual opta.<\/p>\n<p>El tribunal determinar\u00e0 quines obres, parts o fragments s\u2019interpretaran.<\/p>\n<p>Es valorar\u00e0 la interpretaci\u00f3 de mem\u00f2ria.<\/p>\n<p>a.2) Lectura a primera vista.<\/p>\n<p>Consistir\u00e0 en la interpretaci\u00f3 a primera vista d\u2019un fragment el contingut del qual no ser\u00e0 superior al nivell fixat per a la finalitzaci\u00f3 del curs precedent al sol\u00b7licitat.<\/p>\n<p><strong>b) Llenguatge musical.<\/strong><\/p>\n<p>Inclour\u00e0 exercicis de lectura r\u00edtmica, lectura mel\u00f2dica, teoria de la m\u00fasica i dictat musical, ajustats als continguts finals del curs precedent al qual opta la persona aspirant.<\/p>\n<table style=\"width: 100%;\" border=\"1\" cellpadding=\"8\">\n<tbody>\n<tr>\n<td style=\"text-align: center;\"><strong>DEPARTAMENT<\/strong><\/td>\n<td style=\"text-align: center;\"><strong>ESPECIALITAT<\/strong><\/td>\n<td style=\"text-align: center;\"><strong>CURS<\/strong><\/td>\n<\/tr>\n<tr>\n<td style=\"text-align: center;\">Corda<\/td>\n<td style=\"text-align: center;\">Viola<\/td>\n<td style=\"text-align: center;\">ACC\u00c9S 2\u00b0 E.E.<\/td>\n<\/tr>\n<\/tbody>\n<\/table>\n<p><u><strong>PROVA A: <\/strong>Pr\u00e0ctica instrumental<\/u><\/p>\n<p><strong>OBRES ORIENTATIVES:<\/strong><\/p>\n<ul>\n<li>LA MEVA AMIGA LA VIOLA<\/li>\n<li>SUZUKI VIOLA SCHOOL<\/li>\n<\/ul>\n<p><strong>CONTINGUTS:<\/strong><\/p>\n<ul>\n<li>Els continguts seran els mateixos que els de la lectura a primera vista, excepte en l&#8217;extensi\u00f3 que ser\u00e0 la pr\u00f2pia de l&#8217;obra orientativa.<\/li>\n<\/ul>\n<p><strong>CRITERIS D&#8217;AVALUACI\u00d3:<\/strong><\/p>\n<ul>\n<li>Seran els mateixos criteris que en la lectura a primera vista.<\/li>\n<\/ul>\n<p>&nbsp;<\/p>\n<p><u>Lectura d&#8217;una obra a <strong>primera vista<\/strong> amb les seg\u00fcents caracter\u00edstiques:<\/u><\/p>\n<p><strong>CONTINGUTS:<\/strong><\/p>\n<ul>\n<li>Extensi\u00f3 fins a 12 compassos<\/li>\n<li>Figures fins a: corxeres i el seu silenci.<\/li>\n<li>Alteracions fins a 2 sostinguts en l&#8217;armadura.<\/li>\n<li>Tessitura fins a la 1a posici\u00f3.<\/li>\n<li>Compassos: simples (4\/4, \u00be, 2\/4)<\/li>\n<li>Cops d&#8217;arc: detach\u00e9., pizzicato.<\/li>\n<li>Clau de Do.<\/li>\n<li>Ag\u00f2gica (Adagio).<\/li>\n<li>Din\u00e0mica (p i f)<\/li>\n<\/ul>\n<p>&nbsp;<\/p>\n<p><strong>CRITERIS D&#8217;AVALUACI\u00d3:<\/strong><\/p>\n<ul>\n<li>Col\u00b7locaci\u00f3 adequada de l&#8217;instrument amb una posici\u00f3 correcta del cos.<\/li>\n<li>Sonoritat, perpendicularitat de l&#8217;arc, posici\u00f3 i moviment de l&#8217;arc. \u00das de les diferents parts de l&#8217;arc.<\/li>\n<li>Afinaci\u00f3 durant la interpretaci\u00f3.<\/li>\n<\/ul>\n<p><u><strong>PROVA B:<\/strong> (veure prova de llenguatge musical).<\/u><\/p>\n<table style=\"width: 100%;\" border=\"1\" cellpadding=\"8\">\n<tbody>\n<tr>\n<td style=\"text-align: center;\"><strong>DEPARTAMENT<\/strong><\/td>\n<td style=\"text-align: center;\"><strong>ESPECIALITAT<\/strong><\/td>\n<td style=\"text-align: center;\"><strong>CURS<\/strong><\/td>\n<\/tr>\n<tr>\n<td style=\"text-align: center;\">Corda<\/td>\n<td style=\"text-align: center;\">Viola<\/td>\n<td style=\"text-align: center;\">ACC\u00c9S 3\u00b0 E.E.<\/td>\n<\/tr>\n<\/tbody>\n<\/table>\n<p><u><strong>PROVA A: <\/strong>Pr\u00e0ctica instrumental<\/u><\/p>\n<p><strong>OBRES ORIENTATIVES:<\/strong><\/p>\n<ul>\n<li>LA MEVA AMIGA LA VIOLA<\/li>\n<li>SUZUKI VIOLA SCHOOL<\/li>\n<li>ESTUDIS Op.45 de F. WOHLFAHRT<\/li>\n<\/ul>\n<p><strong>CONTINGUTS:<\/strong><\/p>\n<ul>\n<li>Els continguts seran els mateixos \u00a0que els de la lectura a primera vista, excepte en l&#8217;extensi\u00f3 que ser\u00e0 la pr\u00f2pia de l&#8217;obra orientativa.<\/li>\n<\/ul>\n<p><strong>CRITERIS D&#8217;AVALUACI\u00d3:<\/strong><\/p>\n<ul>\n<li>Seran els mateixos criteris que en la lectura a primera vista.<\/li>\n<\/ul>\n<p>&nbsp;<\/p>\n<p><u>Lectura d&#8217;una obra a <strong>primera vista<\/strong> amb les seg\u00fcents caracter\u00edstiques:<\/u><\/p>\n<p><strong>CONTINGUTS:<\/strong><\/p>\n<ul>\n<li>Extensi\u00f3 fins a 20 compassis Figures fins a: semicorxeres i el seu silenci.<\/li>\n<li>Alteracions fins a 2 alteracions en l&#8217;armadura.<\/li>\n<li>Tessitura fins a la 2a posici\u00f3.<\/li>\n<li>Compassos: (4\/4, \u00be, 2\/4,6\/8)<\/li>\n<li>Cops d&#8217;arc: detach\u00e9.legato i pizzicato<\/li>\n<li>Clau de Do.<\/li>\n<li>Ag\u00f2gica (Adagio, Andante,)<\/li>\n<li>Din\u00e0mica (p , mf i f)<\/li>\n<\/ul>\n<p>&nbsp;<\/p>\n<p><strong>CRITERIS D&#8217;AVALUACI\u00d3:<\/strong><\/p>\n<ul>\n<li>Col\u00b7locaci\u00f3 adequada de l&#8217;instrument amb una posici\u00f3 correcta del cos.<\/li>\n<li>Sonoritat, perpendicularitat de l&#8217;arc, posici\u00f3 i moviment de l&#8217;arc. \u00das de les diferents parts de l&#8217;arc.<\/li>\n<li>Afinaci\u00f3 durant la interpretaci\u00f3.<\/li>\n<\/ul>\n<p><u><strong>PROVA B:<\/strong> (veure prova de llenguatge musical).<\/u><\/p>\n<table style=\"width: 100%;\" border=\"1\" cellpadding=\"8\">\n<tbody>\n<tr>\n<td style=\"text-align: center;\"><strong>DEPARTAMENT<\/strong><\/td>\n<td style=\"text-align: center;\"><strong>ESPECIALITAT<\/strong><\/td>\n<td style=\"text-align: center;\"><strong>CURS<\/strong><\/td>\n<\/tr>\n<tr>\n<td style=\"text-align: center;\">Corda<\/td>\n<td style=\"text-align: center;\">Viola<\/td>\n<td style=\"text-align: center;\">ACC\u00c9S 4\u00b0 E.E.<\/td>\n<\/tr>\n<\/tbody>\n<\/table>\n<p><u><strong>PROVA A: <\/strong>Pr\u00e0ctica instrumental<\/u><\/p>\n<p><strong>OBRES ORIENTATIVES:<\/strong><\/p>\n<ul>\n<li>SUZUKI VIOLA SCHOOL<\/li>\n<li>ESTUDIS Op.45 de F. WOHLFAHRT<\/li>\n<li>INTRODUCING THE POSITIONS de S. H. WHISTLER<\/li>\n<li>SEVCIK Op 1 Part 1<\/li>\n<li>LA MEVA AMIGA LA VIOLA DOBLES ENTENIMENTADA<\/li>\n<\/ul>\n<p><strong>CONTINGUTS:<\/strong><\/p>\n<ul>\n<li>Els continguts seran els mateixos que els de la lectura a primera vista, excepte en l&#8217;extensi\u00f3 que ser\u00e0 la pr\u00f2pia de l&#8217;obra orientativa.<\/li>\n<\/ul>\n<p><strong>CRITERIS D&#8217;AVALUACI\u00d3:<\/strong><\/p>\n<ul>\n<li>Seran els mateixos criteris que en la lectura a primera vista.<\/li>\n<\/ul>\n<p>&nbsp;<\/p>\n<p><u>Lectura d&#8217;una obra a <strong>primera vista<\/strong> amb les seg\u00fcents caracter\u00edstiques:<\/u><\/p>\n<p><strong>CONTINGUTS:<\/strong><\/p>\n<ul>\n<li>Extensi\u00f3 fins a 25 compassos<\/li>\n<li>Figures fins a: notes amb puntillo, semicorxera i el seu silenci.<\/li>\n<li>Alteracions fins a 2 alteracions en l&#8217;armadura.<\/li>\n<li>Tessitura fins a la 4a posici\u00f3.<\/li>\n<li>Compassos: (4\/4, \u00be, 2\/4,6\/8)<\/li>\n<li>Cops d&#8217;arc: detach\u00e9, legato, stacatto i pizzicato<\/li>\n<li>Clau de Do.<\/li>\n<li>Ag\u00f2gica (Adagio, Andante,allegro, rit . ).<\/li>\n<li>Din\u00e0mica (p, mf i f) (accent &gt;) crescendo i diminuendo.<\/li>\n<\/ul>\n<p>&nbsp;<\/p>\n<p><strong>CRITERIS D&#8217;AVALUACI\u00d3:<\/strong><\/p>\n<ul>\n<li>Col\u00b7locaci\u00f3 adequada de l&#8217;instrument amb una posici\u00f3 correcta del cos.<\/li>\n<li>Sonoritat, perpendicularitat de l&#8217;arc, posici\u00f3 i moviment de l&#8217;arc. \u00das de les diferents parts de l&#8217;arc.<\/li>\n<li>Afinaci\u00f3 durant la interpretaci\u00f3.<\/li>\n<\/ul>\n<p>&nbsp;<\/p>\n<p><u><strong>PROVA B:<\/strong> (veure prova de llenguatge musical).<\/u><\/p>\n","protected":false},"excerpt":{"rendered":"<p>Orde realitzaci\u00f3 de les proves per a tots els cursos: La prova constar\u00e0 de dos apartats: pr\u00e0ctica instrumental i llenguatge musical, organitzats del mode seg\u00fcent: a) Pr\u00e0ctica instrumental. Es compondr\u00e0 dels seg\u00fcents subapartats: a.1) Interpretaci\u00f3. La persona aspirant haur\u00e0 de presentar un programa de tres obres o moviments de diferent estil, amb un nivell igual [&hellip;]<\/p>\n","protected":false},"author":1,"featured_media":0,"parent":1201,"menu_order":16,"comment_status":"closed","ping_status":"closed","template":"","meta":{"footnotes":""},"class_list":["post-1320","page","type-page","status-publish","hentry"],"yoast_head":"<!-- This site is optimized with the Yoast SEO plugin v27.3 - https:\/\/yoast.com\/product\/yoast-seo-wordpress\/ -->\n<title>Viola - Conservatori Professional de M\u00fasica Juan Cant\u00f3 en Alcoi<\/title>\n<meta name=\"robots\" content=\"index, follow, max-snippet:-1, max-image-preview:large, max-video-preview:-1\" \/>\n<link rel=\"canonical\" href=\"https:\/\/www.conservatorialcoi.com\/ca\/informacio-academica\/ensenanza-elemental\/contenidos-terminales-por-asignaturas\/viola\/\" \/>\n<meta property=\"og:locale\" content=\"ca_ES\" \/>\n<meta property=\"og:type\" content=\"article\" \/>\n<meta property=\"og:title\" content=\"Viola - Conservatori Professional de M\u00fasica Juan Cant\u00f3 en Alcoi\" \/>\n<meta property=\"og:description\" content=\"Orde realitzaci\u00f3 de les proves per a tots els cursos: La prova constar\u00e0 de dos apartats: pr\u00e0ctica instrumental i llenguatge musical, organitzats del mode seg\u00fcent: a) Pr\u00e0ctica instrumental. Es compondr\u00e0 dels seg\u00fcents subapartats: a.1) Interpretaci\u00f3. La persona aspirant haur\u00e0 de presentar un programa de tres obres o moviments de diferent estil, amb un nivell igual [&hellip;]\" \/>\n<meta property=\"og:url\" content=\"https:\/\/www.conservatorialcoi.com\/ca\/informacio-academica\/ensenanza-elemental\/contenidos-terminales-por-asignaturas\/viola\/\" \/>\n<meta property=\"og:site_name\" content=\"Conservatori Professional de M\u00fasica Juan Cant\u00f3 en Alcoi\" \/>\n<meta property=\"article:modified_time\" content=\"2026-05-09T18:09:10+00:00\" \/>\n<meta name=\"twitter:card\" content=\"summary_large_image\" \/>\n<meta name=\"twitter:label1\" content=\"Temps estimat de lectura\" \/>\n\t<meta name=\"twitter:data1\" content=\"3 minuts\" \/>\n<script type=\"application\/ld+json\" class=\"yoast-schema-graph\">{\"@context\":\"https:\\\/\\\/schema.org\",\"@graph\":[{\"@type\":\"WebPage\",\"@id\":\"https:\\\/\\\/www.conservatorialcoi.com\\\/ca\\\/informacio-academica\\\/ensenanza-elemental\\\/contenidos-terminales-por-asignaturas\\\/viola\\\/\",\"url\":\"https:\\\/\\\/www.conservatorialcoi.com\\\/ca\\\/informacio-academica\\\/ensenanza-elemental\\\/contenidos-terminales-por-asignaturas\\\/viola\\\/\",\"name\":\"Viola - Conservatori Professional de M\u00fasica Juan Cant\u00f3 en Alcoi\",\"isPartOf\":{\"@id\":\"https:\\\/\\\/www.conservatorialcoi.com\\\/#website\"},\"datePublished\":\"2019-02-27T16:10:20+00:00\",\"dateModified\":\"2026-05-09T18:09:10+00:00\",\"breadcrumb\":{\"@id\":\"https:\\\/\\\/www.conservatorialcoi.com\\\/ca\\\/informacio-academica\\\/ensenanza-elemental\\\/contenidos-terminales-por-asignaturas\\\/viola\\\/#breadcrumb\"},\"inLanguage\":\"ca\",\"potentialAction\":[{\"@type\":\"ReadAction\",\"target\":[\"https:\\\/\\\/www.conservatorialcoi.com\\\/ca\\\/informacio-academica\\\/ensenanza-elemental\\\/contenidos-terminales-por-asignaturas\\\/viola\\\/\"]}]},{\"@type\":\"BreadcrumbList\",\"@id\":\"https:\\\/\\\/www.conservatorialcoi.com\\\/ca\\\/informacio-academica\\\/ensenanza-elemental\\\/contenidos-terminales-por-asignaturas\\\/viola\\\/#breadcrumb\",\"itemListElement\":[{\"@type\":\"ListItem\",\"position\":1,\"name\":\"Portada\",\"item\":\"https:\\\/\\\/www.conservatorialcoi.com\\\/ca\\\/\"},{\"@type\":\"ListItem\",\"position\":2,\"name\":\"Informaci\u00f3 acad\u00e8mica\",\"item\":\"https:\\\/\\\/www.conservatorialcoi.com\\\/ca\\\/informacio-academica\\\/\"},{\"@type\":\"ListItem\",\"position\":3,\"name\":\"Ensenyaments Elementals\",\"item\":\"https:\\\/\\\/www.conservatorialcoi.com\\\/ca\\\/informacio-academica\\\/ensenanza-elemental\\\/\"},{\"@type\":\"ListItem\",\"position\":4,\"name\":\"Continguts terminals per assignatures\",\"item\":\"https:\\\/\\\/www.conservatorialcoi.com\\\/ca\\\/informacio-academica\\\/ensenanza-elemental\\\/contenidos-terminales-por-asignaturas\\\/\"},{\"@type\":\"ListItem\",\"position\":5,\"name\":\"Viola\"}]},{\"@type\":\"WebSite\",\"@id\":\"https:\\\/\\\/www.conservatorialcoi.com\\\/#website\",\"url\":\"https:\\\/\\\/www.conservatorialcoi.com\\\/\",\"name\":\"Conservatori Professional de M\u00fasica Juan Cant\u00f3 en Alcoi\",\"description\":\"\",\"potentialAction\":[{\"@type\":\"SearchAction\",\"target\":{\"@type\":\"EntryPoint\",\"urlTemplate\":\"https:\\\/\\\/www.conservatorialcoi.com\\\/?s={search_term_string}\"},\"query-input\":{\"@type\":\"PropertyValueSpecification\",\"valueRequired\":true,\"valueName\":\"search_term_string\"}}],\"inLanguage\":\"ca\"}]}<\/script>\n<!-- \/ Yoast SEO plugin. -->","yoast_head_json":{"title":"Viola - Conservatori Professional de M\u00fasica Juan Cant\u00f3 en Alcoi","robots":{"index":"index","follow":"follow","max-snippet":"max-snippet:-1","max-image-preview":"max-image-preview:large","max-video-preview":"max-video-preview:-1"},"canonical":"https:\/\/www.conservatorialcoi.com\/ca\/informacio-academica\/ensenanza-elemental\/contenidos-terminales-por-asignaturas\/viola\/","og_locale":"ca_ES","og_type":"article","og_title":"Viola - Conservatori Professional de M\u00fasica Juan Cant\u00f3 en Alcoi","og_description":"Orde realitzaci\u00f3 de les proves per a tots els cursos: La prova constar\u00e0 de dos apartats: pr\u00e0ctica instrumental i llenguatge musical, organitzats del mode seg\u00fcent: a) Pr\u00e0ctica instrumental. Es compondr\u00e0 dels seg\u00fcents subapartats: a.1) Interpretaci\u00f3. La persona aspirant haur\u00e0 de presentar un programa de tres obres o moviments de diferent estil, amb un nivell igual [&hellip;]","og_url":"https:\/\/www.conservatorialcoi.com\/ca\/informacio-academica\/ensenanza-elemental\/contenidos-terminales-por-asignaturas\/viola\/","og_site_name":"Conservatori Professional de M\u00fasica Juan Cant\u00f3 en Alcoi","article_modified_time":"2026-05-09T18:09:10+00:00","twitter_card":"summary_large_image","twitter_misc":{"Temps estimat de lectura":"3 minuts"},"schema":{"@context":"https:\/\/schema.org","@graph":[{"@type":"WebPage","@id":"https:\/\/www.conservatorialcoi.com\/ca\/informacio-academica\/ensenanza-elemental\/contenidos-terminales-por-asignaturas\/viola\/","url":"https:\/\/www.conservatorialcoi.com\/ca\/informacio-academica\/ensenanza-elemental\/contenidos-terminales-por-asignaturas\/viola\/","name":"Viola - Conservatori Professional de M\u00fasica Juan Cant\u00f3 en Alcoi","isPartOf":{"@id":"https:\/\/www.conservatorialcoi.com\/#website"},"datePublished":"2019-02-27T16:10:20+00:00","dateModified":"2026-05-09T18:09:10+00:00","breadcrumb":{"@id":"https:\/\/www.conservatorialcoi.com\/ca\/informacio-academica\/ensenanza-elemental\/contenidos-terminales-por-asignaturas\/viola\/#breadcrumb"},"inLanguage":"ca","potentialAction":[{"@type":"ReadAction","target":["https:\/\/www.conservatorialcoi.com\/ca\/informacio-academica\/ensenanza-elemental\/contenidos-terminales-por-asignaturas\/viola\/"]}]},{"@type":"BreadcrumbList","@id":"https:\/\/www.conservatorialcoi.com\/ca\/informacio-academica\/ensenanza-elemental\/contenidos-terminales-por-asignaturas\/viola\/#breadcrumb","itemListElement":[{"@type":"ListItem","position":1,"name":"Portada","item":"https:\/\/www.conservatorialcoi.com\/ca\/"},{"@type":"ListItem","position":2,"name":"Informaci\u00f3 acad\u00e8mica","item":"https:\/\/www.conservatorialcoi.com\/ca\/informacio-academica\/"},{"@type":"ListItem","position":3,"name":"Ensenyaments Elementals","item":"https:\/\/www.conservatorialcoi.com\/ca\/informacio-academica\/ensenanza-elemental\/"},{"@type":"ListItem","position":4,"name":"Continguts terminals per assignatures","item":"https:\/\/www.conservatorialcoi.com\/ca\/informacio-academica\/ensenanza-elemental\/contenidos-terminales-por-asignaturas\/"},{"@type":"ListItem","position":5,"name":"Viola"}]},{"@type":"WebSite","@id":"https:\/\/www.conservatorialcoi.com\/#website","url":"https:\/\/www.conservatorialcoi.com\/","name":"Conservatori Professional de M\u00fasica Juan Cant\u00f3 en Alcoi","description":"","potentialAction":[{"@type":"SearchAction","target":{"@type":"EntryPoint","urlTemplate":"https:\/\/www.conservatorialcoi.com\/?s={search_term_string}"},"query-input":{"@type":"PropertyValueSpecification","valueRequired":true,"valueName":"search_term_string"}}],"inLanguage":"ca"}]}},"_links":{"self":[{"href":"https:\/\/www.conservatorialcoi.com\/ca\/wp-json\/wp\/v2\/pages\/1320","targetHints":{"allow":["GET"]}}],"collection":[{"href":"https:\/\/www.conservatorialcoi.com\/ca\/wp-json\/wp\/v2\/pages"}],"about":[{"href":"https:\/\/www.conservatorialcoi.com\/ca\/wp-json\/wp\/v2\/types\/page"}],"author":[{"embeddable":true,"href":"https:\/\/www.conservatorialcoi.com\/ca\/wp-json\/wp\/v2\/users\/1"}],"replies":[{"embeddable":true,"href":"https:\/\/www.conservatorialcoi.com\/ca\/wp-json\/wp\/v2\/comments?post=1320"}],"version-history":[{"count":6,"href":"https:\/\/www.conservatorialcoi.com\/ca\/wp-json\/wp\/v2\/pages\/1320\/revisions"}],"predecessor-version":[{"id":12062,"href":"https:\/\/www.conservatorialcoi.com\/ca\/wp-json\/wp\/v2\/pages\/1320\/revisions\/12062"}],"up":[{"embeddable":true,"href":"https:\/\/www.conservatorialcoi.com\/ca\/wp-json\/wp\/v2\/pages\/1201"}],"wp:attachment":[{"href":"https:\/\/www.conservatorialcoi.com\/ca\/wp-json\/wp\/v2\/media?parent=1320"}],"curies":[{"name":"wp","href":"https:\/\/api.w.org\/{rel}","templated":true}]}}