{"id":1318,"date":"2019-02-27T16:05:42","date_gmt":"2019-02-27T16:05:42","guid":{"rendered":"https:\/\/www.conservatorialcoi.com\/\/informacion-academica\/ensenanza-elemental\/contenidos-terminales-por-asignaturas\/tuba-i-bombardi\/"},"modified":"2024-07-01T14:52:19","modified_gmt":"2024-07-01T14:52:19","slug":"tuba-i-bombardi","status":"publish","type":"page","link":"https:\/\/www.conservatorialcoi.com\/ca\/informacio-academica\/ensenanza-elemental\/contenidos-terminales-por-asignaturas\/tuba-i-bombardi\/","title":{"rendered":"Tuba i Bombard\u00ed"},"content":{"rendered":"<table style=\"width: 100%;\" border=\"1\" cellpadding=\"8\">\n<tbody>\n<tr>\n<td style=\"text-align: center;\"><strong>DEPARTAMENT<\/strong><\/td>\n<td style=\"text-align: center;\"><strong>ESPECIALITAT<\/strong><\/td>\n<td style=\"text-align: center;\"><strong>CURS<\/strong><\/td>\n<\/tr>\n<tr>\n<td style=\"text-align: center;\">Vent-Metall i percussi\u00f3<\/td>\n<td style=\"text-align: center;\">TENOR(BOMBARD\u00cd)<\/td>\n<td style=\"text-align: center;\">ACC\u00c9S 2\u00b0 E.E.<\/td>\n<\/tr>\n<\/tbody>\n<\/table>\n<p>&nbsp;<\/p>\n<p><u><strong>PROVA A:<\/strong> (veure prova de llenguatge musical).<\/u><\/p>\n<p><u> <strong>PROVA B: <\/strong><\/u><u>Lectura d&#8217;una obra a <strong>primera vista<\/strong> amb les seg\u00fcents caracter\u00edstiques:<\/u><\/p>\n<p><strong>CONTINGUTS:<\/strong><\/p>\n<ul>\n<li>Extensi\u00f3: Aproximadament fins a 20 compassos (amb alteracions accidentals).<\/li>\n<li>Tonalitats fins a 1 alteraci\u00f3.<\/li>\n<li>Compassos: 4\/4, 2\/4,3\/4,<\/li>\n<li>Figures r\u00edtmiques de nota i silenci: redona, blanca, negra,<\/li>\n<li>Articulaci\u00f3 i Accentuaci\u00f3: Lligat, Picat simple, Picat-Lligat,<\/li>\n<li>Din\u00e0miques de p, mf i f amb reguladors, crescendo i<\/li>\n<li>Ag\u00f3gica: Adagio, Andante,<\/li>\n<li>Registre: Domini de Ia emissi\u00f3 en un registre mitj\u00e0 d&#8217;octava i mitja.<\/li>\n<\/ul>\n<p><strong>CRITERIS D&#8217;AVALUACI\u00d3:<\/strong><\/p>\n<ul>\n<li>Adoptar una correcta posici\u00f3 del cos i instrument, aix\u00ed com una correcta posici\u00f3 de l&#8217;embocadura.<\/li>\n<li>Controlar l&#8217;aire mitjan\u00e7ant la respiraci\u00f3 diafragm\u00e0tica.<\/li>\n<li>Demostrar el domini en l&#8217;execuci\u00f3 sense deslligar els aspectes t\u00e8cnics dels musicals.<\/li>\n<li>Saber utilitzar amb precisi\u00f3 els reflexos necessaris per a corregir l&#8217;afinaci\u00f3 i la qualitat del so.<\/li>\n<li>Demostrar la comprensi\u00f3 i pr\u00e0ctica de les articulacions b\u00e0siques i els termes de ag\u00f3gica i din\u00e0mica.<\/li>\n<\/ul>\n<p>&nbsp;<\/p>\n<p><u>Interpretaci\u00f3 d&#8217;una obra, estudi o fragment d&#8217;una llista de <strong>tres<\/strong>.<\/u><\/p>\n<p><strong>CONTINGUTS:<\/strong><\/p>\n<ul>\n<li>El pianista acompanyant a elecci\u00f3 del l&#8217;aspirant.<\/li>\n<li>Tonalitats fins a 1 alteraci\u00f3. (Majors i menors).<\/li>\n<li>Compassos: 4\/4, 2\/4,3\/4<\/li>\n<li>Figures r\u00edtmiques de nota i silenci: rodona, blanca, negra,<\/li>\n<li>Articulaci\u00f3 i Accentuaci\u00f3: Lligat, Picat simple, Picat-Lligat,<\/li>\n<li>Din\u00e0miques de p, mf i f amb reguladors, crescendo i diminuendos.<\/li>\n<li>Ag\u00f3gica: Adagio, Andante,<\/li>\n<li>Registre: Domini de Ia emissi\u00f3 en un registre mitj\u00e0 d&#8217;octava i mitja.<\/li>\n<\/ul>\n<p>&nbsp;<\/p>\n<p><strong>CRITERIS D&#8217;AVALUACI\u00d3:<\/strong><\/p>\n<ul>\n<li>Adoptar una correcta posici\u00f3 del cos i instrument, aix\u00ed com una correcta posici\u00f3 de l&#8217;embocadura.<\/li>\n<li>Controlar l&#8217;aire mitjan\u00e7ant la respiraci\u00f3 diafragm\u00e0tica.<\/li>\n<li>Demostrar el domini en l&#8217;execuci\u00f3 sense deslligar els aspectes t\u00e8cnics de els musicals.<\/li>\n<li>Saber utilitzar amb precisi\u00f3 els reflexos necessaris per a corregir l&#8217;afinaci\u00f3 i la qualitat del so.<\/li>\n<li>Demostrar la comprensi\u00f3 i pr\u00e0ctica de les articulacions b\u00e0siques i els termes de ag\u00f3gica i din\u00e0mica.<\/li>\n<\/ul>\n<p>&nbsp;<\/p>\n<p><strong>OBRES ORIENTATIVES TUBA:<\/strong><\/p>\n<ul>\n<li>&#8211; Beginning Tuba Sols (CanadianBrass), Xerris Daellenbach.<\/li>\n<li>&#8211; Easy Tuba Sols (CanadianBrass),\u00a0 Xerris Daellenbach.<\/li>\n<li>&#8211; Beginning Tuba Sols CD, VVAA.<\/li>\n<li>&#8211; Easy Tuba Sols CD, VVAA.<\/li>\n<li>&#8211; Kendor Recital Sols (CD), VVAA.<\/li>\n<li>&#8211; Romantic Latin CD, VVAA.<\/li>\n<\/ul>\n<p>&nbsp;<\/p>\n<p><strong>OBRES ORIENTATIVES TUBA TENOR (BOMBARD\u00cd):<\/strong><\/p>\n<ul>\n<li>&#8211; Beginning Tuba Sols (CanadianBrass),\u00a0 Xerris Daellenbach.<\/li>\n<li>&#8211; Easy Tuba Sols (CanadianBrass), Xerris Daellenbach.<\/li>\n<li>&#8211; Beginning Tuba Sols CD, VVAA.<\/li>\n<li>&#8211; Easy Tuba Sols CD, VVAA.<\/li>\n<li>&#8211; Kendor Recital Sols (CD) , VVAA.<\/li>\n<li>&#8211; Romantic Latin CD, VVAA.<\/li>\n<\/ul>\n<p>&nbsp;<\/p>\n<table style=\"width: 100%;\" border=\"1\" cellpadding=\"8\">\n<tbody>\n<tr>\n<td style=\"text-align: center;\"><strong>DEPARTAMENT<\/strong><\/td>\n<td style=\"text-align: center;\"><strong>ESPECIALITAT<\/strong><\/td>\n<td style=\"text-align: center;\"><strong>CURS<\/strong><\/td>\n<\/tr>\n<tr>\n<td style=\"text-align: center;\">Vent-Metall i percussi\u00f3<\/td>\n<td style=\"text-align: center;\">TENOR(BOMBARD\u00cd)<\/td>\n<td style=\"text-align: center;\">ACC\u00c9S 3\u00b0 E.E.<\/td>\n<\/tr>\n<\/tbody>\n<\/table>\n<p><u><strong>PROVA A:<\/strong> (veure prova de llenguatge musical).<\/u><\/p>\n<p><u> <strong>PROVA B: <\/strong><\/u><u>Lectura d&#8217;una obra a <strong>primera vista<\/strong> amb les seg\u00fcents caracter\u00edstiques:<\/u><\/p>\n<p><strong>CONTINGUTS:<\/strong><\/p>\n<ul>\n<li>Extensi\u00f3: Aproximadament fins a 20 compassos (amb alteracions accidentals).<\/li>\n<li>Tonalitats fins a 2 alteracions (Majors i menors).<\/li>\n<li>Compassos: 4\/4, 2\/2, 2\/4,3\/4, 3\/8, 6\/8<\/li>\n<li>Figures r\u00edtmiques de nota i silenci: redona, blanca, negra, corxera, semicorxera, el \u201cpuntillo\u201d.<\/li>\n<li>Valoracions irregulars: Tresillos de corxera .<\/li>\n<li>Articulaci\u00f3 i Accentuaci\u00f3: Lligat, Picat simple, Picat-Lligat, Stacatto, Sforzando Tenuto.<\/li>\n<li>Din\u00e0miques de p, mf i f amb reguladors, crescendo i diminuendos.<\/li>\n<li>Ag\u00f3gica: Adagio, Andante, Moderato, Allegro.<\/li>\n<\/ul>\n<p>Registre: Domini de l&#8217;emissi\u00f3 de so amb diferents par\u00e0metres i en un registre de dues octaves.<\/p>\n<p><strong>CRITERIS D&#8217;AVALUACI\u00d3:<\/strong><\/p>\n<ul>\n<li>Adoptar una correcta posici\u00f3 del cos i instrument, aix\u00ed com una correcta posici\u00f3 de l&#8217;embocadura.<\/li>\n<li>Controlar l&#8217;aire mitjan\u00e7ant la respiraci\u00f3 diafragm\u00e0tica.<\/li>\n<li>Demostrar el domini en l&#8217;execuci\u00f3 sense deslligar els aspectes t\u00e8cnics dels musicals.<\/li>\n<li>Saber utilitzar amb precisi\u00f3 els reflexos necessaris per a corregir l&#8217;afinaci\u00f3 i la qualitat del so.<\/li>\n<li>Demostrar la comprensi\u00f3 i pr\u00e0ctica de les articulacions b\u00e0siques i els termes de ag\u00f3gica i din\u00e0mica.<\/li>\n<\/ul>\n<p>&nbsp;<\/p>\n<p><u>Interpretaci\u00f3 d&#8217;una obra, estudi o fragment d&#8217;una llista de <strong>tres<\/strong>.<\/u><\/p>\n<p><strong>CONTINGUTS:<\/strong><\/p>\n<ul>\n<li>El pianista acompanyant a elecci\u00f3 de l&#8217;aspirant.<\/li>\n<li>Tonalitats fins a 4 alteracions (Majors i menors).<\/li>\n<li>Compassos: 4\/4, 2\/2, 2\/4,3\/4, 3\/8, 6\/8.<\/li>\n<li>Figures r\u00edtmiques de nota i silenci: rodona, blanca, negra, corxera, semicorxera, el \u201cpuntillo\u201d.<\/li>\n<li>Valoracions irregulars: Tresillos de corxera.<\/li>\n<li>Articulaci\u00f3 i Accentuaci\u00f3: Lligat, Picat simple, Picat-Lligat, Stacatto, Sforzando i Tenuto.<\/li>\n<li>Din\u00e0miques de p, mf i f amb reguladors, crescendo i diminuendos.<\/li>\n<li>Ag\u00f3gica: Adagio, Andante, Moderato, Allegro.<\/li>\n<li>Registre: Domini de l&#8217;emissi\u00f3 de so amb diferents par\u00e0metres i en un registre de dues octaves.<\/li>\n<\/ul>\n<p>&nbsp;<\/p>\n<p><strong>CRITERIS D&#8217;AVALUACI\u00d3:<\/strong><\/p>\n<ul>\n<li>Adoptar una correcta posici\u00f3 del cos i instrument, aix\u00ed com una correcta posici\u00f3 de l&#8217;embocadura.<\/li>\n<li>Controlar l&#8217;aire mitjan\u00e7ant la respiraci\u00f3 diafragm\u00e0tica.<\/li>\n<li>Demostrar el domini en l&#8217;execuci\u00f3 sense deslligar els aspectes t\u00e8cnics de els musicals.<\/li>\n<li>Saber utilitzar amb precisi\u00f3 els reflexos necessaris per a corregir l&#8217;afinaci\u00f3 i la qualitat del so.<\/li>\n<li>Demostrar la comprensi\u00f3 i pr\u00e0ctica de les articulacions b\u00e0siques i els termes de ag\u00f3gica i din\u00e0mica.<\/li>\n<\/ul>\n<p>&nbsp;<\/p>\n<p><strong>OBRES ORIENTATIVES TUBA:<\/strong><\/p>\n<ul>\n<li>Classic Festival Sols Tuba vol 2n , VVAA.<\/li>\n<li>Adagi f\u00fcr Tuba &amp; Klavier\/*Orgel ,\u00a0 J.S. Bach.<\/li>\n<li>Rondo (from Violin Sonata in Eb Major Op 12, N\u00fam.3) for Euphonium or Tuba and Piano, Beethoven, arr. Robert Madeson.<\/li>\n<li>Etude Op. 10 N\u00fam.3 , F. Chopin, arr. A.L.C.<\/li>\n<li>Concerto2: Waignein\/ Schoonenbeeck ,\u00a0 (CD).<\/li>\n<li>Swing into Christmas , (CD).<\/li>\n<li>Celine Mandarine, (CD).<\/li>\n<li>Play Handel , (CD).<\/li>\n<\/ul>\n<p>&nbsp;<\/p>\n<p><strong>OBRES ORIENTATIVES TUBA TENOR (BOMBARD\u00cd):<\/strong><\/p>\n<ul>\n<li>Skilful Sols for Baritone or Euphonium (CD), VVAA\/Philip Sparke.<\/li>\n<li>Song for Ina for Euphonium and piano , Philip Sparke.<\/li>\n<li>Dansa Espanyola N\u00fam. 5 \u201cAndalusa\u201d, E. Granados.<\/li>\n<li>Classic Festival Sols Baritone B.C. vol2n, VVAA.<\/li>\n<li>Concerto2: Waignein\/ Schoonenbeeck, (CD).<\/li>\n<li>Swing into Christmas , (CD).<\/li>\n<li>Celine Mandarine, (CD).<\/li>\n<li>Play Handel , (CD).<\/li>\n<\/ul>\n<p>&nbsp;<\/p>\n<table style=\"width: 100%;\" border=\"1\" cellpadding=\"8\">\n<tbody>\n<tr>\n<td style=\"text-align: center;\"><strong>DEPARTAMENT<\/strong><\/td>\n<td style=\"text-align: center;\"><strong>ESPECIALITAT<\/strong><\/td>\n<td style=\"text-align: center;\"><strong>CURS<\/strong><\/td>\n<\/tr>\n<tr>\n<td style=\"text-align: center;\">Vent-Metall i percussi\u00f3<\/td>\n<td style=\"text-align: center;\">TENOR(BOMBARD\u00cd)<\/td>\n<td style=\"text-align: center;\">ACC\u00c9S 4\u00b0 E.E.<\/td>\n<\/tr>\n<\/tbody>\n<\/table>\n<p>&nbsp;<\/p>\n<p><u><strong>PROVA A:<\/strong> (veure prova de llenguatge musical).<\/u><\/p>\n<p><u> <strong>PROVA B: <\/strong><\/u><u>Lectura d&#8217;una obra a <strong>primera vista<\/strong> amb les seg\u00fcents caracter\u00edstiques:<\/u><\/p>\n<p><strong>CONTINGUTS:<\/strong><\/p>\n<ul>\n<li>Extensi\u00f3: Aproximadament fins a 20 compassos (amb alteracions accidentals).<\/li>\n<li>Tonalitats fins a 3 alteracions (Majors i menors).<\/li>\n<li>Compassos: 4\/4, 2\/2, 2\/4,3\/4, 3\/8, 6\/8, 9\/8 I 12\/8<\/li>\n<li>Figures r\u00edtmiques de nota i silenci: redona, blanca, negra, corxera, semicorxera, el \u201cpuntillo\u201d.<\/li>\n<li>Valoracions irregulars: Tresillos de corxera i semicorxera.<\/li>\n<li>Articulaci\u00f3 i Accentuaci\u00f3: Lligat, Picat simple, Picat-Lligat, Stacatto, Sforzando i Tenuto.<\/li>\n<li>Din\u00e0miques de pp p, mf i f ff amb reguladors, crescendo i diminuendos.<\/li>\n<li>Ag\u00f3gica: Lent, Adagio, Andante, Moderato, Allegretto, Allegro.<\/li>\n<li>Registre: Domini de l&#8217;emissi\u00f3 del so en tots els seus par\u00e0metres respecte al seu nivell i en l&#8217;\u00e0mbit de dues octaves i mitja.<\/li>\n<\/ul>\n<p>&nbsp;<\/p>\n<p><strong>CRITERIS D&#8217;AVALUACI\u00d3:<\/strong><\/p>\n<ul>\n<li>Adoptar una correcta posici\u00f3 del cos i instrument, aix\u00ed com una correcta posici\u00f3 de l&#8217;embocadura.<\/li>\n<li>Controlar l&#8217;aire mitjan\u00e7ant la respiraci\u00f3 diafragm\u00e0tica.<\/li>\n<li>Demostrar el domini en l&#8217;execuci\u00f3 sense deslligar els aspectes t\u00e8cnics de els musicals.<\/li>\n<li>Saber utilitzar amb precisi\u00f3 els reflexos necessaris per a corregir l&#8217;afinaci\u00f3 i la qualitat del so.<\/li>\n<li>Demostrar la comprensi\u00f3 i pr\u00e0ctica de les articulacions b\u00e0siques i els termes de ag\u00f3gica i din\u00e0mica.<\/li>\n<\/ul>\n<p>&nbsp;<\/p>\n<p><u>Interpretaci\u00f3 d&#8217;una obra, estudi o fragment d&#8217;una llista de <strong>tres<\/strong>.<\/u><\/p>\n<p><strong>CONTINGUTS:<\/strong><\/p>\n<ul>\n<li>El pianista acompanyant a elecci\u00f3 de l&#8217;aspirant.<\/li>\n<li>Tonalitats fins a 3 alteracions (Majors i menors).<\/li>\n<li>Compassos: 4\/4, 2\/2, 2\/4,3\/4, 3\/8, 6\/8, 9\/8 i 12\/ 8.<\/li>\n<li>Figures r\u00edtmiques de nota i silenci: rodona, blanca, negra, corxera, semicorxera, el \u201cpuntillo\u201d.<\/li>\n<li>Valoracions irregulars: Tresillos de corxera i semicorxera.<\/li>\n<li>Articulaci\u00f3 i Accentuaci\u00f3: Lligat, Picat simple, Picat-Lligat, Stacatto, Sforzando i Tenuto, Introducci\u00f3 al doble i triple picat.<\/li>\n<li>Din\u00e0miques de pp p, mf i f ff amb reguladors, crescendo i diminuendos.<\/li>\n<li>Ag\u00f3gica: Lent, Adagio, Andante, Moderato, Allegretto, Allegro.<\/li>\n<li>Registre: Domini de l&#8217;emissi\u00f3 del so en tots els seus par\u00e0metres respecte al seu nivell i en l&#8217;\u00e0mbit de dues octaves i mitja.<\/li>\n<\/ul>\n<p>&nbsp;<\/p>\n<p><strong>CRITERIS D&#8217;AVALUACI\u00d3:<\/strong><\/p>\n<ul>\n<li>Adoptar una correcta posici\u00f3 del cos i instrument, aix\u00ed com una correcta posici\u00f3 de l&#8217;embocadura.<\/li>\n<li>Controlar l&#8217;aire mitjan\u00e7ant la respiraci\u00f3 diafragm\u00e0tica.<\/li>\n<li>Demostrar el domini en l&#8217;execuci\u00f3 sense deslligar els aspectes t\u00e8cnics de els musicals.<\/li>\n<li>Saber utilitzar amb precisi\u00f3 els reflexos necessaris per a corregir l&#8217;afinaci\u00f3 i la qualitat del so.<\/li>\n<li>Demostrar la comprensi\u00f3 i pr\u00e0ctica de les articulacions b\u00e0siques i els termes de ag\u00f3gica i din\u00e0mica.<\/li>\n<\/ul>\n<p>&nbsp;<\/p>\n<p><strong>OBRES ORIENTATIVES TUBA:<\/strong><\/p>\n<ul>\n<li>Classic Festival Sols Tuba vol 2n , VVAA.<\/li>\n<li>Sonata n\u00fam. 5 , A. Vivaldi.<\/li>\n<li>Sonata &#8211; G.P. , Telemann.<\/li>\n<li>Album per a Tuba, VVAA\/J.Levedeb.<\/li>\n<li>Variacions sobre un tema de Robert Schumann ,\u00a0 William Davis.<\/li>\n<li>Sonata for Bass Tuba and Piano ,\u00a0 David Uber.<\/li>\n<li>Dansa Espanyola,\u00a0 \u00a0David Uber.<\/li>\n<li>Concerto in One Movement ,\u00a0 A. Lebedev.<\/li>\n<\/ul>\n<p>&nbsp;<\/p>\n<p><strong>OBRES ORIENTATIVES TUBA TENOR (BOMBARD\u00cd):<\/strong><\/p>\n<ul>\n<li>Sonata n\u00fam. 5 , .A. Vivaldi.<\/li>\n<li>Sonata &#8211; G.P, Telemann.<\/li>\n<li>Sechs Sonaten f\u00fcr violoncello und Cembalo. (Euphonium a duo) ,\u00a0 B. Marcello.<\/li>\n<li>Concertino , L. Blaauw<\/li>\n<li>Sounds from The Hudson , H. Clarke.<\/li>\n<li>Rhapsody for Euphonium , James Curnow.<\/li>\n<li>Errant et Allegro, J.ed. Barat.<\/li>\n<li>Fantasy for Euphonium and Piano ,\u00a0 Hoshina\/*Pakeyan<\/li>\n<\/ul>\n","protected":false},"excerpt":{"rendered":"<p>DEPARTAMENT ESPECIALITAT CURS Vent-Metall i percussi\u00f3 TENOR(BOMBARD\u00cd) ACC\u00c9S 2\u00b0 E.E. &nbsp; PROVA A: (veure prova de llenguatge musical). PROVA B: Lectura d&#8217;una obra a primera vista amb les seg\u00fcents caracter\u00edstiques: CONTINGUTS: Extensi\u00f3: Aproximadament fins a 20 compassos (amb alteracions accidentals). Tonalitats fins a 1 alteraci\u00f3. Compassos: 4\/4, 2\/4,3\/4, Figures r\u00edtmiques de nota i silenci: redona, [&hellip;]<\/p>\n","protected":false},"author":1,"featured_media":0,"parent":1201,"menu_order":9,"comment_status":"closed","ping_status":"closed","template":"","meta":{"footnotes":""},"class_list":["post-1318","page","type-page","status-publish","hentry"],"yoast_head":"<!-- This site is optimized with the Yoast SEO plugin v27.3 - https:\/\/yoast.com\/product\/yoast-seo-wordpress\/ -->\n<title>Tuba i Bombard\u00ed - Conservatori Professional de M\u00fasica Juan Cant\u00f3 en Alcoi<\/title>\n<meta name=\"robots\" content=\"index, follow, max-snippet:-1, max-image-preview:large, max-video-preview:-1\" \/>\n<link rel=\"canonical\" href=\"https:\/\/www.conservatorialcoi.com\/ca\/informacio-academica\/ensenanza-elemental\/contenidos-terminales-por-asignaturas\/tuba-i-bombardi\/\" \/>\n<meta property=\"og:locale\" content=\"ca_ES\" \/>\n<meta property=\"og:type\" content=\"article\" \/>\n<meta property=\"og:title\" content=\"Tuba i Bombard\u00ed - Conservatori Professional de M\u00fasica Juan Cant\u00f3 en Alcoi\" \/>\n<meta property=\"og:description\" content=\"DEPARTAMENT ESPECIALITAT CURS Vent-Metall i percussi\u00f3 TENOR(BOMBARD\u00cd) ACC\u00c9S 2\u00b0 E.E. &nbsp; PROVA A: (veure prova de llenguatge musical). PROVA B: Lectura d&#8217;una obra a primera vista amb les seg\u00fcents caracter\u00edstiques: CONTINGUTS: Extensi\u00f3: Aproximadament fins a 20 compassos (amb alteracions accidentals). Tonalitats fins a 1 alteraci\u00f3. Compassos: 4\/4, 2\/4,3\/4, Figures r\u00edtmiques de nota i silenci: redona, [&hellip;]\" \/>\n<meta property=\"og:url\" content=\"https:\/\/www.conservatorialcoi.com\/ca\/informacio-academica\/ensenanza-elemental\/contenidos-terminales-por-asignaturas\/tuba-i-bombardi\/\" \/>\n<meta property=\"og:site_name\" content=\"Conservatori Professional de M\u00fasica Juan Cant\u00f3 en Alcoi\" \/>\n<meta property=\"article:modified_time\" content=\"2024-07-01T14:52:19+00:00\" \/>\n<meta name=\"twitter:card\" content=\"summary_large_image\" \/>\n<meta name=\"twitter:label1\" content=\"Temps estimat de lectura\" \/>\n\t<meta name=\"twitter:data1\" content=\"6 minuts\" \/>\n<script type=\"application\/ld+json\" class=\"yoast-schema-graph\">{\"@context\":\"https:\\\/\\\/schema.org\",\"@graph\":[{\"@type\":\"WebPage\",\"@id\":\"https:\\\/\\\/www.conservatorialcoi.com\\\/ca\\\/informacio-academica\\\/ensenanza-elemental\\\/contenidos-terminales-por-asignaturas\\\/tuba-i-bombardi\\\/\",\"url\":\"https:\\\/\\\/www.conservatorialcoi.com\\\/ca\\\/informacio-academica\\\/ensenanza-elemental\\\/contenidos-terminales-por-asignaturas\\\/tuba-i-bombardi\\\/\",\"name\":\"Tuba i Bombard\u00ed - Conservatori Professional de M\u00fasica Juan Cant\u00f3 en Alcoi\",\"isPartOf\":{\"@id\":\"https:\\\/\\\/www.conservatorialcoi.com\\\/#website\"},\"datePublished\":\"2019-02-27T16:05:42+00:00\",\"dateModified\":\"2024-07-01T14:52:19+00:00\",\"breadcrumb\":{\"@id\":\"https:\\\/\\\/www.conservatorialcoi.com\\\/ca\\\/informacio-academica\\\/ensenanza-elemental\\\/contenidos-terminales-por-asignaturas\\\/tuba-i-bombardi\\\/#breadcrumb\"},\"inLanguage\":\"ca\",\"potentialAction\":[{\"@type\":\"ReadAction\",\"target\":[\"https:\\\/\\\/www.conservatorialcoi.com\\\/ca\\\/informacio-academica\\\/ensenanza-elemental\\\/contenidos-terminales-por-asignaturas\\\/tuba-i-bombardi\\\/\"]}]},{\"@type\":\"BreadcrumbList\",\"@id\":\"https:\\\/\\\/www.conservatorialcoi.com\\\/ca\\\/informacio-academica\\\/ensenanza-elemental\\\/contenidos-terminales-por-asignaturas\\\/tuba-i-bombardi\\\/#breadcrumb\",\"itemListElement\":[{\"@type\":\"ListItem\",\"position\":1,\"name\":\"Portada\",\"item\":\"https:\\\/\\\/www.conservatorialcoi.com\\\/ca\\\/\"},{\"@type\":\"ListItem\",\"position\":2,\"name\":\"Informaci\u00f3 acad\u00e8mica\",\"item\":\"https:\\\/\\\/www.conservatorialcoi.com\\\/ca\\\/informacio-academica\\\/\"},{\"@type\":\"ListItem\",\"position\":3,\"name\":\"Ensenyaments Elementals\",\"item\":\"https:\\\/\\\/www.conservatorialcoi.com\\\/ca\\\/informacio-academica\\\/ensenanza-elemental\\\/\"},{\"@type\":\"ListItem\",\"position\":4,\"name\":\"Continguts terminals per assignatures\",\"item\":\"https:\\\/\\\/www.conservatorialcoi.com\\\/ca\\\/informacio-academica\\\/ensenanza-elemental\\\/contenidos-terminales-por-asignaturas\\\/\"},{\"@type\":\"ListItem\",\"position\":5,\"name\":\"Tuba i Bombard\u00ed\"}]},{\"@type\":\"WebSite\",\"@id\":\"https:\\\/\\\/www.conservatorialcoi.com\\\/#website\",\"url\":\"https:\\\/\\\/www.conservatorialcoi.com\\\/\",\"name\":\"Conservatori Professional de M\u00fasica Juan Cant\u00f3 en Alcoi\",\"description\":\"\",\"potentialAction\":[{\"@type\":\"SearchAction\",\"target\":{\"@type\":\"EntryPoint\",\"urlTemplate\":\"https:\\\/\\\/www.conservatorialcoi.com\\\/?s={search_term_string}\"},\"query-input\":{\"@type\":\"PropertyValueSpecification\",\"valueRequired\":true,\"valueName\":\"search_term_string\"}}],\"inLanguage\":\"ca\"}]}<\/script>\n<!-- \/ Yoast SEO plugin. -->","yoast_head_json":{"title":"Tuba i Bombard\u00ed - Conservatori Professional de M\u00fasica Juan Cant\u00f3 en Alcoi","robots":{"index":"index","follow":"follow","max-snippet":"max-snippet:-1","max-image-preview":"max-image-preview:large","max-video-preview":"max-video-preview:-1"},"canonical":"https:\/\/www.conservatorialcoi.com\/ca\/informacio-academica\/ensenanza-elemental\/contenidos-terminales-por-asignaturas\/tuba-i-bombardi\/","og_locale":"ca_ES","og_type":"article","og_title":"Tuba i Bombard\u00ed - Conservatori Professional de M\u00fasica Juan Cant\u00f3 en Alcoi","og_description":"DEPARTAMENT ESPECIALITAT CURS Vent-Metall i percussi\u00f3 TENOR(BOMBARD\u00cd) ACC\u00c9S 2\u00b0 E.E. &nbsp; PROVA A: (veure prova de llenguatge musical). PROVA B: Lectura d&#8217;una obra a primera vista amb les seg\u00fcents caracter\u00edstiques: CONTINGUTS: Extensi\u00f3: Aproximadament fins a 20 compassos (amb alteracions accidentals). Tonalitats fins a 1 alteraci\u00f3. Compassos: 4\/4, 2\/4,3\/4, Figures r\u00edtmiques de nota i silenci: redona, [&hellip;]","og_url":"https:\/\/www.conservatorialcoi.com\/ca\/informacio-academica\/ensenanza-elemental\/contenidos-terminales-por-asignaturas\/tuba-i-bombardi\/","og_site_name":"Conservatori Professional de M\u00fasica Juan Cant\u00f3 en Alcoi","article_modified_time":"2024-07-01T14:52:19+00:00","twitter_card":"summary_large_image","twitter_misc":{"Temps estimat de lectura":"6 minuts"},"schema":{"@context":"https:\/\/schema.org","@graph":[{"@type":"WebPage","@id":"https:\/\/www.conservatorialcoi.com\/ca\/informacio-academica\/ensenanza-elemental\/contenidos-terminales-por-asignaturas\/tuba-i-bombardi\/","url":"https:\/\/www.conservatorialcoi.com\/ca\/informacio-academica\/ensenanza-elemental\/contenidos-terminales-por-asignaturas\/tuba-i-bombardi\/","name":"Tuba i Bombard\u00ed - Conservatori Professional de M\u00fasica Juan Cant\u00f3 en Alcoi","isPartOf":{"@id":"https:\/\/www.conservatorialcoi.com\/#website"},"datePublished":"2019-02-27T16:05:42+00:00","dateModified":"2024-07-01T14:52:19+00:00","breadcrumb":{"@id":"https:\/\/www.conservatorialcoi.com\/ca\/informacio-academica\/ensenanza-elemental\/contenidos-terminales-por-asignaturas\/tuba-i-bombardi\/#breadcrumb"},"inLanguage":"ca","potentialAction":[{"@type":"ReadAction","target":["https:\/\/www.conservatorialcoi.com\/ca\/informacio-academica\/ensenanza-elemental\/contenidos-terminales-por-asignaturas\/tuba-i-bombardi\/"]}]},{"@type":"BreadcrumbList","@id":"https:\/\/www.conservatorialcoi.com\/ca\/informacio-academica\/ensenanza-elemental\/contenidos-terminales-por-asignaturas\/tuba-i-bombardi\/#breadcrumb","itemListElement":[{"@type":"ListItem","position":1,"name":"Portada","item":"https:\/\/www.conservatorialcoi.com\/ca\/"},{"@type":"ListItem","position":2,"name":"Informaci\u00f3 acad\u00e8mica","item":"https:\/\/www.conservatorialcoi.com\/ca\/informacio-academica\/"},{"@type":"ListItem","position":3,"name":"Ensenyaments Elementals","item":"https:\/\/www.conservatorialcoi.com\/ca\/informacio-academica\/ensenanza-elemental\/"},{"@type":"ListItem","position":4,"name":"Continguts terminals per assignatures","item":"https:\/\/www.conservatorialcoi.com\/ca\/informacio-academica\/ensenanza-elemental\/contenidos-terminales-por-asignaturas\/"},{"@type":"ListItem","position":5,"name":"Tuba i Bombard\u00ed"}]},{"@type":"WebSite","@id":"https:\/\/www.conservatorialcoi.com\/#website","url":"https:\/\/www.conservatorialcoi.com\/","name":"Conservatori Professional de M\u00fasica Juan Cant\u00f3 en Alcoi","description":"","potentialAction":[{"@type":"SearchAction","target":{"@type":"EntryPoint","urlTemplate":"https:\/\/www.conservatorialcoi.com\/?s={search_term_string}"},"query-input":{"@type":"PropertyValueSpecification","valueRequired":true,"valueName":"search_term_string"}}],"inLanguage":"ca"}]}},"_links":{"self":[{"href":"https:\/\/www.conservatorialcoi.com\/ca\/wp-json\/wp\/v2\/pages\/1318","targetHints":{"allow":["GET"]}}],"collection":[{"href":"https:\/\/www.conservatorialcoi.com\/ca\/wp-json\/wp\/v2\/pages"}],"about":[{"href":"https:\/\/www.conservatorialcoi.com\/ca\/wp-json\/wp\/v2\/types\/page"}],"author":[{"embeddable":true,"href":"https:\/\/www.conservatorialcoi.com\/ca\/wp-json\/wp\/v2\/users\/1"}],"replies":[{"embeddable":true,"href":"https:\/\/www.conservatorialcoi.com\/ca\/wp-json\/wp\/v2\/comments?post=1318"}],"version-history":[{"count":4,"href":"https:\/\/www.conservatorialcoi.com\/ca\/wp-json\/wp\/v2\/pages\/1318\/revisions"}],"predecessor-version":[{"id":9075,"href":"https:\/\/www.conservatorialcoi.com\/ca\/wp-json\/wp\/v2\/pages\/1318\/revisions\/9075"}],"up":[{"embeddable":true,"href":"https:\/\/www.conservatorialcoi.com\/ca\/wp-json\/wp\/v2\/pages\/1201"}],"wp:attachment":[{"href":"https:\/\/www.conservatorialcoi.com\/ca\/wp-json\/wp\/v2\/media?parent=1318"}],"curies":[{"name":"wp","href":"https:\/\/api.w.org\/{rel}","templated":true}]}}