{"id":1301,"date":"2019-02-27T15:32:44","date_gmt":"2019-02-27T15:32:44","guid":{"rendered":"https:\/\/www.conservatorialcoi.com\/\/informacion-academica\/ensenanza-elemental\/contenidos-terminales-por-asignaturas\/oboe\/"},"modified":"2026-05-06T06:56:16","modified_gmt":"2026-05-06T06:56:16","slug":"oboe","status":"publish","type":"page","link":"https:\/\/www.conservatorialcoi.com\/ca\/informacio-academica\/ensenanza-elemental\/contenidos-terminales-por-asignaturas\/oboe\/","title":{"rendered":"Obo\u00e9"},"content":{"rendered":"<h2>Obo\u00e8<\/h2>\n<p><span style=\"color: #ff0000;\">Orde realitzaci\u00f3 de les proves per a tots els cursos:<\/span><\/p>\n<p>La prova constar\u00e0 de dos apartats: pr\u00e0ctica instrumental i llenguatge musical, organitzats del mode<\/p>\n<p>seg\u00fcent:<\/p>\n<p><strong>a) Pr\u00e0ctica instrumental.<\/strong><\/p>\n<p>Es compondr\u00e0 dels seg\u00fcents subapartats:<\/p>\n<p>a.1) Interpretaci\u00f3.<\/p>\n<p>La persona aspirant haur\u00e0 de presentar un programa de tres obres o moviments de diferent estil, amb un nivell igual o superior a l\u2019establit com a final del curs precedent al qual opta.<\/p>\n<p>El tribunal determinar\u00e0 quines obres, parts o fragments s\u2019interpretaran.<\/p>\n<p>Es valorar\u00e0 la interpretaci\u00f3 de mem\u00f2ria.<\/p>\n<p>a.2) Lectura a primera vista.<\/p>\n<p>Consistir\u00e0 en la interpretaci\u00f3 a primera vista d\u2019un fragment el contingut del qual no ser\u00e0 superior al nivell fixat per a la finalitzaci\u00f3 del curs precedent al sol\u00b7licitat.<\/p>\n<p><strong>b) Llenguatge musical.<\/strong><\/p>\n<p>Inclour\u00e0 exercicis de lectura r\u00edtmica, lectura mel\u00f2dica, teoria de la m\u00fasica i dictat musical, ajustats als continguts finals del curs precedent al qual opta la persona aspirant.<\/p>\n<h3>ACC\u00c9S 2\u00b0 E.E.<\/h3>\n<p><strong>PROVA A<\/strong>: Pr\u00e0ctica instrumental<\/p>\n<p><strong>OBRES ORIENTATIVES:<\/strong><\/p>\n<ul>\n<li>MELODIA L.v. Beethoven (Apr\u00e8n tocant l&#8217;obo\u00e8)<\/li>\n<li>VALS F. Schubert (Apr\u00e8n tocant l&#8217;obo\u00e8)<\/li>\n<\/ul>\n<p><strong>CONTINGUTS:<\/strong><\/p>\n<ul>\n<li>LONGITUD<br \/>\nM\u00ednim 12 compassos<\/li>\n<li>TONALITAT<br \/>\n1 alteraci\u00f3<\/li>\n<li>\u00c0MBIT<br \/>\nLliure<\/li>\n<li>COMPASSOS<br \/>\n2\/4, 3\/4, 4\/4<\/li>\n<li>FORMA<br \/>\nLliure<\/li>\n<li>FIGURES<br \/>\nFins a negres i corxeres amb els seus silencis<\/li>\n<li>AG\u00d2GICAS<br \/>\nLliure<\/li>\n<li>ARTICULACIONS<br \/>\nPicat i legatto<\/li>\n<li>DIN\u00c0MICA<br \/>\nFins a f<\/li>\n<\/ul>\n<p>&nbsp;<\/p>\n<p>Lectura d&#8217;una obra a <strong>primera vista<\/strong> amb les seg\u00fcents caracter\u00edstiques:<\/p>\n<p><strong>CONTINGUTS:<\/strong><\/p>\n<ul>\n<li>LONGITUD<br \/>\nFins a 8 compassos<\/li>\n<li>TONALITAT<br \/>\nFins a 1 alteraci\u00f3<\/li>\n<li>\u00c0MBIT<br \/>\nDo greu a sol agut<\/li>\n<li>COMPASSOS<br \/>\n2\/4, 3 \/ 4,4 \/ 4<\/li>\n<li>FORMA<br \/>\nLliure<\/li>\n<li>FIGURES<br \/>\nFins a negres i corxeres amb els seus silencis<\/li>\n<li>AG\u00d2GICAS<br \/>\nFins a negra = 70<\/li>\n<li>ARTICULACIONS<br \/>\nPicat i legatto<\/li>\n<li>DIN\u00c0MICA<br \/>\nmf, f<\/li>\n<\/ul>\n<p>&nbsp;<\/p>\n<p><strong>PROVA B<\/strong>: (Veure prova de Llenguatge Musical)<\/p>\n<h3>ACC\u00c9S 3\u00b0 E.E.<\/h3>\n<p><strong> PROVA A<\/strong>: Pr\u00e0ctica instrumental<\/p>\n<p><strong>OBRES ORIENTATIVES:<\/strong><\/p>\n<ul>\n<li>PIECE G. PIERN\u00c9<\/li>\n<li>SCHERZO J.S. BACH<\/li>\n<\/ul>\n<p><strong>CONTINGUTS:<\/strong><\/p>\n<ul>\n<li>LONGITUD<br \/>\nM\u00ednim 20 compassos<\/li>\n<li>TONALITAT<br \/>\nFins a 2 alteracions<\/li>\n<li>\u00c0MBIT<br \/>\nLliure<\/li>\n<li>COMPASSOS<br \/>\n2\/4, 3\/4, 4 \/ 4,3 \/ 8<\/li>\n<li>FORMA<br \/>\nLliure<\/li>\n<li>FIGURES<br \/>\nFins a semicorxeres amb els seus respectius silencis<\/li>\n<li>AG\u00d2GICAS<br \/>\nLliure<\/li>\n<li>ARTICULACIONS<br \/>\nPicat simple, picat amb puntillo, stacatto i legatto<\/li>\n<li>DIN\u00c0MICA<br \/>\nf i p<\/li>\n<\/ul>\n<p>&nbsp;<\/p>\n<p>Lectura d&#8217;una obra a <strong>primera vista<\/strong> amb les seg\u00fcents caracter\u00edstiques:<\/p>\n<p><strong>CONTINGUTS:<\/strong><\/p>\n<ul>\n<li>LONGITUD<br \/>\nFins a 16 compassos<\/li>\n<li>TONALITAT<br \/>\nFins a 2 alteracions<\/li>\n<li>\u00c0MBIT<br \/>\nLliure<\/li>\n<li>COMPASSOS<br \/>\n2\/4, 3\/4, 4 \/ 4,3 \/ 8<\/li>\n<li>FORMA<br \/>\nLliure<\/li>\n<li>FIGURES<br \/>\nFins a semicorxeres amb els seus respectius silencis<\/li>\n<li>AG\u00d2GICAS<br \/>\nFins a negra = 80<\/li>\n<li>ARTICULACIONS<br \/>\nPicat, legatto i accent<\/li>\n<li>DIN\u00c0MICA<br \/>\nF i p<\/li>\n<\/ul>\n<p>&nbsp;<\/p>\n<p><strong>PROVA B<\/strong>: (Veure prova de Llenguatge Musical)<\/p>\n<h3>ACC\u00c9S 4\u00b0 E.E.<\/h3>\n<p><strong> PROVA A<\/strong>: Pr\u00e0ctica instrumental<\/p>\n<p><strong>OBRES ORIENTATIVES:<\/strong><\/p>\n<ul>\n<li>LLARG I ALLEGRETO B. MARCELLO<\/li>\n<li>PE\u00c7A N\u00fam. 5 CESSAR FRANCK<\/li>\n<\/ul>\n<p><strong>CONTINGUTS:<\/strong><\/p>\n<ul>\n<li>LONGITUD<br \/>\nM\u00ednim 24 compassos<\/li>\n<li>TONALITAT<br \/>\nFins a 3 alteracions<\/li>\n<li>\u00c0MBIT<br \/>\nLliure<\/li>\n<li>COMPASSOS<br \/>\n2\/4, 3\/4, 4 \/ 4,3 \/ 8,6 \/ 8<\/li>\n<li>FORMA<br \/>\nLliure<\/li>\n<li>FIGURESSincopas<\/li>\n<li>AG\u00d2GICAS<br \/>\nLliure<\/li>\n<li>ARTICULACIONS<br \/>\nLliure<\/li>\n<li>DIN\u00c0MICA<br \/>\npp a ff<\/li>\n<\/ul>\n<p>&nbsp;<\/p>\n<p>Lectura d&#8217;una obra a <strong>primera vista<\/strong> amb les seg\u00fcents caracter\u00edstiques:<\/p>\n<p><strong>CONTINGUTS:<\/strong><\/p>\n<ul>\n<li>LONGITUD<br \/>\nFins a 25 compassos<\/li>\n<li>TONALITAT<br \/>\nFins a 3 alteracions<\/li>\n<li>\u00c0MBIT<br \/>\nLliure<\/li>\n<li>COMPASSOS<br \/>\n2\/4, 3\/4, 4 \/ 4,3 \/ 8,6 \/ 8<\/li>\n<li>FORMA<br \/>\nLliure<\/li>\n<li>FIGURES<br \/>\nFins a semicorxeres amb els seus respectius silencis i sincopas<\/li>\n<li>AG\u00d2GICAS<br \/>\nFins a negra = 90<\/li>\n<li>ARTICULACIONS<br \/>\nTotes<\/li>\n<li>DIN\u00c0MICA<br \/>\npp a ff<\/li>\n<\/ul>\n<p>&nbsp;<\/p>\n<p><strong>PROVA B<\/strong>: (Veure prova de Llenguatge Musical)<\/p>\n<p>&nbsp;<\/p>\n","protected":false},"excerpt":{"rendered":"<p>Obo\u00e8 Orde realitzaci\u00f3 de les proves per a tots els cursos: La prova constar\u00e0 de dos apartats: pr\u00e0ctica instrumental i llenguatge musical, organitzats del mode seg\u00fcent: a) Pr\u00e0ctica instrumental. Es compondr\u00e0 dels seg\u00fcents subapartats: a.1) Interpretaci\u00f3. La persona aspirant haur\u00e0 de presentar un programa de tres obres o moviments de diferent estil, amb un nivell [&hellip;]<\/p>\n","protected":false},"author":1,"featured_media":0,"parent":1201,"menu_order":15,"comment_status":"closed","ping_status":"closed","template":"","meta":{"footnotes":""},"class_list":["post-1301","page","type-page","status-publish","hentry"],"yoast_head":"<!-- This site is optimized with the Yoast SEO plugin v27.3 - https:\/\/yoast.com\/product\/yoast-seo-wordpress\/ -->\n<title>Obo\u00e9 - Conservatori Professional de M\u00fasica Juan Cant\u00f3 en Alcoi<\/title>\n<meta name=\"robots\" content=\"index, follow, max-snippet:-1, max-image-preview:large, max-video-preview:-1\" \/>\n<link rel=\"canonical\" href=\"https:\/\/www.conservatorialcoi.com\/ca\/informacio-academica\/ensenanza-elemental\/contenidos-terminales-por-asignaturas\/oboe\/\" \/>\n<meta property=\"og:locale\" content=\"ca_ES\" \/>\n<meta property=\"og:type\" content=\"article\" \/>\n<meta property=\"og:title\" content=\"Obo\u00e9 - Conservatori Professional de M\u00fasica Juan Cant\u00f3 en Alcoi\" \/>\n<meta property=\"og:description\" content=\"Obo\u00e8 Orde realitzaci\u00f3 de les proves per a tots els cursos: La prova constar\u00e0 de dos apartats: pr\u00e0ctica instrumental i llenguatge musical, organitzats del mode seg\u00fcent: a) Pr\u00e0ctica instrumental. Es compondr\u00e0 dels seg\u00fcents subapartats: a.1) Interpretaci\u00f3. La persona aspirant haur\u00e0 de presentar un programa de tres obres o moviments de diferent estil, amb un nivell [&hellip;]\" \/>\n<meta property=\"og:url\" content=\"https:\/\/www.conservatorialcoi.com\/ca\/informacio-academica\/ensenanza-elemental\/contenidos-terminales-por-asignaturas\/oboe\/\" \/>\n<meta property=\"og:site_name\" content=\"Conservatori Professional de M\u00fasica Juan Cant\u00f3 en Alcoi\" \/>\n<meta property=\"article:modified_time\" content=\"2026-05-06T06:56:16+00:00\" \/>\n<meta name=\"twitter:card\" content=\"summary_large_image\" \/>\n<meta name=\"twitter:label1\" content=\"Temps estimat de lectura\" \/>\n\t<meta name=\"twitter:data1\" content=\"3 minuts\" \/>\n<script type=\"application\/ld+json\" class=\"yoast-schema-graph\">{\"@context\":\"https:\\\/\\\/schema.org\",\"@graph\":[{\"@type\":\"WebPage\",\"@id\":\"https:\\\/\\\/www.conservatorialcoi.com\\\/ca\\\/informacio-academica\\\/ensenanza-elemental\\\/contenidos-terminales-por-asignaturas\\\/oboe\\\/\",\"url\":\"https:\\\/\\\/www.conservatorialcoi.com\\\/ca\\\/informacio-academica\\\/ensenanza-elemental\\\/contenidos-terminales-por-asignaturas\\\/oboe\\\/\",\"name\":\"Obo\u00e9 - Conservatori Professional de M\u00fasica Juan Cant\u00f3 en Alcoi\",\"isPartOf\":{\"@id\":\"https:\\\/\\\/www.conservatorialcoi.com\\\/#website\"},\"datePublished\":\"2019-02-27T15:32:44+00:00\",\"dateModified\":\"2026-05-06T06:56:16+00:00\",\"breadcrumb\":{\"@id\":\"https:\\\/\\\/www.conservatorialcoi.com\\\/ca\\\/informacio-academica\\\/ensenanza-elemental\\\/contenidos-terminales-por-asignaturas\\\/oboe\\\/#breadcrumb\"},\"inLanguage\":\"ca\",\"potentialAction\":[{\"@type\":\"ReadAction\",\"target\":[\"https:\\\/\\\/www.conservatorialcoi.com\\\/ca\\\/informacio-academica\\\/ensenanza-elemental\\\/contenidos-terminales-por-asignaturas\\\/oboe\\\/\"]}]},{\"@type\":\"BreadcrumbList\",\"@id\":\"https:\\\/\\\/www.conservatorialcoi.com\\\/ca\\\/informacio-academica\\\/ensenanza-elemental\\\/contenidos-terminales-por-asignaturas\\\/oboe\\\/#breadcrumb\",\"itemListElement\":[{\"@type\":\"ListItem\",\"position\":1,\"name\":\"Portada\",\"item\":\"https:\\\/\\\/www.conservatorialcoi.com\\\/ca\\\/\"},{\"@type\":\"ListItem\",\"position\":2,\"name\":\"Informaci\u00f3 acad\u00e8mica\",\"item\":\"https:\\\/\\\/www.conservatorialcoi.com\\\/ca\\\/informacio-academica\\\/\"},{\"@type\":\"ListItem\",\"position\":3,\"name\":\"Ensenyaments Elementals\",\"item\":\"https:\\\/\\\/www.conservatorialcoi.com\\\/ca\\\/informacio-academica\\\/ensenanza-elemental\\\/\"},{\"@type\":\"ListItem\",\"position\":4,\"name\":\"Continguts terminals per assignatures\",\"item\":\"https:\\\/\\\/www.conservatorialcoi.com\\\/ca\\\/informacio-academica\\\/ensenanza-elemental\\\/contenidos-terminales-por-asignaturas\\\/\"},{\"@type\":\"ListItem\",\"position\":5,\"name\":\"Obo\u00e9\"}]},{\"@type\":\"WebSite\",\"@id\":\"https:\\\/\\\/www.conservatorialcoi.com\\\/#website\",\"url\":\"https:\\\/\\\/www.conservatorialcoi.com\\\/\",\"name\":\"Conservatori Professional de M\u00fasica Juan Cant\u00f3 en Alcoi\",\"description\":\"\",\"potentialAction\":[{\"@type\":\"SearchAction\",\"target\":{\"@type\":\"EntryPoint\",\"urlTemplate\":\"https:\\\/\\\/www.conservatorialcoi.com\\\/?s={search_term_string}\"},\"query-input\":{\"@type\":\"PropertyValueSpecification\",\"valueRequired\":true,\"valueName\":\"search_term_string\"}}],\"inLanguage\":\"ca\"}]}<\/script>\n<!-- \/ Yoast SEO plugin. -->","yoast_head_json":{"title":"Obo\u00e9 - Conservatori Professional de M\u00fasica Juan Cant\u00f3 en Alcoi","robots":{"index":"index","follow":"follow","max-snippet":"max-snippet:-1","max-image-preview":"max-image-preview:large","max-video-preview":"max-video-preview:-1"},"canonical":"https:\/\/www.conservatorialcoi.com\/ca\/informacio-academica\/ensenanza-elemental\/contenidos-terminales-por-asignaturas\/oboe\/","og_locale":"ca_ES","og_type":"article","og_title":"Obo\u00e9 - Conservatori Professional de M\u00fasica Juan Cant\u00f3 en Alcoi","og_description":"Obo\u00e8 Orde realitzaci\u00f3 de les proves per a tots els cursos: La prova constar\u00e0 de dos apartats: pr\u00e0ctica instrumental i llenguatge musical, organitzats del mode seg\u00fcent: a) Pr\u00e0ctica instrumental. Es compondr\u00e0 dels seg\u00fcents subapartats: a.1) Interpretaci\u00f3. La persona aspirant haur\u00e0 de presentar un programa de tres obres o moviments de diferent estil, amb un nivell [&hellip;]","og_url":"https:\/\/www.conservatorialcoi.com\/ca\/informacio-academica\/ensenanza-elemental\/contenidos-terminales-por-asignaturas\/oboe\/","og_site_name":"Conservatori Professional de M\u00fasica Juan Cant\u00f3 en Alcoi","article_modified_time":"2026-05-06T06:56:16+00:00","twitter_card":"summary_large_image","twitter_misc":{"Temps estimat de lectura":"3 minuts"},"schema":{"@context":"https:\/\/schema.org","@graph":[{"@type":"WebPage","@id":"https:\/\/www.conservatorialcoi.com\/ca\/informacio-academica\/ensenanza-elemental\/contenidos-terminales-por-asignaturas\/oboe\/","url":"https:\/\/www.conservatorialcoi.com\/ca\/informacio-academica\/ensenanza-elemental\/contenidos-terminales-por-asignaturas\/oboe\/","name":"Obo\u00e9 - Conservatori Professional de M\u00fasica Juan Cant\u00f3 en Alcoi","isPartOf":{"@id":"https:\/\/www.conservatorialcoi.com\/#website"},"datePublished":"2019-02-27T15:32:44+00:00","dateModified":"2026-05-06T06:56:16+00:00","breadcrumb":{"@id":"https:\/\/www.conservatorialcoi.com\/ca\/informacio-academica\/ensenanza-elemental\/contenidos-terminales-por-asignaturas\/oboe\/#breadcrumb"},"inLanguage":"ca","potentialAction":[{"@type":"ReadAction","target":["https:\/\/www.conservatorialcoi.com\/ca\/informacio-academica\/ensenanza-elemental\/contenidos-terminales-por-asignaturas\/oboe\/"]}]},{"@type":"BreadcrumbList","@id":"https:\/\/www.conservatorialcoi.com\/ca\/informacio-academica\/ensenanza-elemental\/contenidos-terminales-por-asignaturas\/oboe\/#breadcrumb","itemListElement":[{"@type":"ListItem","position":1,"name":"Portada","item":"https:\/\/www.conservatorialcoi.com\/ca\/"},{"@type":"ListItem","position":2,"name":"Informaci\u00f3 acad\u00e8mica","item":"https:\/\/www.conservatorialcoi.com\/ca\/informacio-academica\/"},{"@type":"ListItem","position":3,"name":"Ensenyaments Elementals","item":"https:\/\/www.conservatorialcoi.com\/ca\/informacio-academica\/ensenanza-elemental\/"},{"@type":"ListItem","position":4,"name":"Continguts terminals per assignatures","item":"https:\/\/www.conservatorialcoi.com\/ca\/informacio-academica\/ensenanza-elemental\/contenidos-terminales-por-asignaturas\/"},{"@type":"ListItem","position":5,"name":"Obo\u00e9"}]},{"@type":"WebSite","@id":"https:\/\/www.conservatorialcoi.com\/#website","url":"https:\/\/www.conservatorialcoi.com\/","name":"Conservatori Professional de M\u00fasica Juan Cant\u00f3 en Alcoi","description":"","potentialAction":[{"@type":"SearchAction","target":{"@type":"EntryPoint","urlTemplate":"https:\/\/www.conservatorialcoi.com\/?s={search_term_string}"},"query-input":{"@type":"PropertyValueSpecification","valueRequired":true,"valueName":"search_term_string"}}],"inLanguage":"ca"}]}},"_links":{"self":[{"href":"https:\/\/www.conservatorialcoi.com\/ca\/wp-json\/wp\/v2\/pages\/1301","targetHints":{"allow":["GET"]}}],"collection":[{"href":"https:\/\/www.conservatorialcoi.com\/ca\/wp-json\/wp\/v2\/pages"}],"about":[{"href":"https:\/\/www.conservatorialcoi.com\/ca\/wp-json\/wp\/v2\/types\/page"}],"author":[{"embeddable":true,"href":"https:\/\/www.conservatorialcoi.com\/ca\/wp-json\/wp\/v2\/users\/1"}],"replies":[{"embeddable":true,"href":"https:\/\/www.conservatorialcoi.com\/ca\/wp-json\/wp\/v2\/comments?post=1301"}],"version-history":[{"count":3,"href":"https:\/\/www.conservatorialcoi.com\/ca\/wp-json\/wp\/v2\/pages\/1301\/revisions"}],"predecessor-version":[{"id":9061,"href":"https:\/\/www.conservatorialcoi.com\/ca\/wp-json\/wp\/v2\/pages\/1301\/revisions\/9061"}],"up":[{"embeddable":true,"href":"https:\/\/www.conservatorialcoi.com\/ca\/wp-json\/wp\/v2\/pages\/1201"}],"wp:attachment":[{"href":"https:\/\/www.conservatorialcoi.com\/ca\/wp-json\/wp\/v2\/media?parent=1301"}],"curies":[{"name":"wp","href":"https:\/\/api.w.org\/{rel}","templated":true}]}}