{"id":1291,"date":"2019-02-27T15:21:51","date_gmt":"2019-02-27T15:21:51","guid":{"rendered":"https:\/\/www.conservatorialcoi.com\/\/informacion-academica\/ensenanza-elemental\/contenidos-terminales-por-asignaturas\/fagot\/"},"modified":"2024-07-01T13:50:18","modified_gmt":"2024-07-01T13:50:18","slug":"fagot","status":"publish","type":"page","link":"https:\/\/www.conservatorialcoi.com\/ca\/informacio-academica\/ensenanza-elemental\/contenidos-terminales-por-asignaturas\/fagot\/","title":{"rendered":"Fagot"},"content":{"rendered":"<h2>Fagot<\/h2>\n<h3>ACC\u00c9S 2\u00b0 E.E.<\/h3>\n<p><strong>PROVA A<\/strong>: (Veure prova de Llenguatge Musical)<\/p>\n<p><strong>PROVA B<\/strong>: Lectura d&#8217;una obra a <strong>primera vista<\/strong> amb les seg\u00fcents caracter\u00edstiques:<\/p>\n<p><strong>CONTINGUTS:<\/strong><\/p>\n<ul>\n<li>LONGITUD<br \/>\nFins a 8 compassos<\/li>\n<li>TONALITAT<br \/>\nFins a 1 alteraci\u00f3<\/li>\n<li>\u00c0MBIT<br \/>\nDo greu a si mitj\u00e0<\/li>\n<li>COMPASSOS<br \/>\n2\/4, 3 \/ 4,4 \/ 4<\/li>\n<li>FORMA<br \/>\nLliure<\/li>\n<li>FIGURES<br \/>\nFins a negres i corxeres amb els seus silencis<\/li>\n<li>AG\u00d2GICAS<br \/>\nFins a negra = 70<\/li>\n<li>ARTICULACIONS<br \/>\nPicat i legatto<\/li>\n<li>DIN\u00c0MICA<br \/>\nFins a f<\/li>\n<\/ul>\n<p>&nbsp;<\/p>\n<p>Interpretaci\u00f3 d&#8217;una obra, estudi o fragment d&#8217;una llista de tres.<\/p>\n<p><strong>CONTINGUTS:<\/strong><\/p>\n<ul>\n<li>LONGITUD<br \/>\nM\u00ednim 12 compassos<\/li>\n<li>TONALITAT<br \/>\n1 alteraci\u00f3<\/li>\n<li>\u00c0MBIT<br \/>\nLliure<\/li>\n<li>COMPASSOS<br \/>\n2\/4, 3\/4, 4\/4<\/li>\n<li>FORMA<br \/>\nLliure<\/li>\n<li>FIGURES<br \/>\nFins a negres i corxeres amb els seus silencis<\/li>\n<li>AG\u00d2GICAS<br \/>\nLliure<\/li>\n<li>ARTICULACIONS<br \/>\nPicat i legatto<\/li>\n<li>DIN\u00c0MICA<br \/>\nFins a f<\/li>\n<\/ul>\n<p><strong>OBRES ORIENTATIVES:<\/strong><\/p>\n<ul>\n<li>PETITA CANCION D\u2019ANTAN<\/li>\n<li>LLIBRE DE WEISENRBORN (VOLUM I)<\/li>\n<\/ul>\n<p>&nbsp;<\/p>\n<h3>ACC\u00c9S 3\u00b0 E.E.<\/h3>\n<p><strong> PROVA A<\/strong>: (Veure prova de Llenguatge Musical)<\/p>\n<p><strong>PROVA B<\/strong>: Lectura d&#8217;una obra a <strong>primera vista<\/strong> amb les seg\u00fcents caracter\u00edstiques:<\/p>\n<p><strong>CONTINGUTS:<\/strong><\/p>\n<ul>\n<li>LONGITUD<br \/>\nFins a 16 compassos<\/li>\n<li>TONALITAT<br \/>\nFins a 2 alteracions<\/li>\n<li>\u00c0MBIT<br \/>\nLliure<\/li>\n<li>COMPASSOS<br \/>\n2\/4, 3\/4, 4 \/ 4,3 \/ 8<\/li>\n<li>FORMA<br \/>\nLliure<\/li>\n<li>FIGURES<br \/>\nFins a semicorxeres amb els seus respectius silencis<\/li>\n<li>AG\u00d2GICAS<br \/>\nFins a negra = 80<\/li>\n<li>ARTICULACIONS<br \/>\nPicat, legatto i accent<\/li>\n<li>DIN\u00c0MICA<br \/>\nF i p<\/li>\n<\/ul>\n<p>&nbsp;<\/p>\n<p>Interpretaci\u00f3 d&#8217;una obra, estudi o fragment d&#8217;una llista de tres.<\/p>\n<p><strong>CONTINGUTS:<\/strong><\/p>\n<ul>\n<li>LONGITUD<br \/>\nM\u00ednim 20 compassos<\/li>\n<li>TONALITAT<br \/>\nFins a 2 alteracions<\/li>\n<li>\u00c0MBIT<br \/>\nLliure<\/li>\n<li>COMPASSOS<br \/>\n2\/4, 3\/4, 4 \/ 4,3 \/ 8<\/li>\n<li>FORMA<br \/>\nLliure<\/li>\n<li>FIGURES<br \/>\nFins a semicorxeres amb els seus respectius silencis<\/li>\n<li>AG\u00d2GICAS<br \/>\nLliure<\/li>\n<li>ARTICULACIONS<br \/>\nPicat simple, picat amb puntillo, stacatto i legatto<\/li>\n<li>DIN\u00c0MICA<br \/>\nf i p<\/li>\n<\/ul>\n<p>&nbsp;<\/p>\n<p><strong>OBRES ORIENTATIVES:<\/strong><\/p>\n<ul>\n<li>VIELLE CHANSON A BOIRE GOOSENS<\/li>\n<li>LLIBRE DE WEISENRBORN VOLUM II<\/li>\n<\/ul>\n<p>&nbsp;<\/p>\n<h3>ACC\u00c9S 4\u00b0 E.E.<\/h3>\n<p><strong> PROVA A<\/strong>: (Veure prova de Llenguatge Musical)<\/p>\n<p><strong>PROVA B<\/strong>: Lectura d&#8217;una obra a <strong>primera vista<\/strong> amb les seg\u00fcents caracter\u00edstiques:<\/p>\n<p><strong>CONTINGUTS:<\/strong><\/p>\n<ul>\n<li>LONGITUD<br \/>\nFins a 25 compassos<\/li>\n<li>TONALITAT<br \/>\nFins a 3 alteracions<\/li>\n<li>\u00c0MBIT<br \/>\nLliure<\/li>\n<li>COMPASSOS<br \/>\n2\/4, 3\/4, 4 \/ 4,3 \/ 8,6 \/ 8<\/li>\n<li>FORMA<br \/>\nLliure<\/li>\n<li>FIGURES<br \/>\nFins a semicorxeres amb els seus respectius silencis. sincopas<\/li>\n<li>AG\u00d2GICAS<br \/>\nFins a negra = 90<\/li>\n<li>ARTICULACIONS<br \/>\nTotes<\/li>\n<li>DIN\u00c0MICA<br \/>\npp a ff<\/li>\n<\/ul>\n<p>&nbsp;<\/p>\n<p>Interpretaci\u00f3 d&#8217;una obra, estudi o fragment d&#8217;una llista de tres.<\/p>\n<p><strong>CONTINGUTS:<\/strong><\/p>\n<ul>\n<li>LONGITUD<br \/>\nM\u00ednim 24 compassos<\/li>\n<li>TONALITAT<br \/>\nFins a 3 alteracions<\/li>\n<li>\u00c0MBIT<br \/>\nLliure<\/li>\n<li>COMPASSOS<br \/>\n2\/4, 3\/4, 4 \/ 4,3 \/ 8,6 \/ 8<\/li>\n<li>FORMA<br \/>\nLliure<\/li>\n<li>FIGURES<br \/>\nSincopas<\/li>\n<li>AG\u00d2GICAS<br \/>\nLliure<\/li>\n<li>ARTICULACIONS<br \/>\nLliure<\/li>\n<li>DIN\u00c0MICA<br \/>\npp a ff<\/li>\n<\/ul>\n<p>&nbsp;<\/p>\n<p><strong> OBRES ORIENTATIVES:<\/strong><\/p>\n<ul>\n<li>SONATA DO MAJOR B. MARCELLO<\/li>\n<li>LLIBRE DE WEISENRBORN VOLUM II<\/li>\n<\/ul>\n<p>&nbsp;<\/p>\n<p>&nbsp;<\/p>\n","protected":false},"excerpt":{"rendered":"<p>Fagot ACC\u00c9S 2\u00b0 E.E. PROVA A: (Veure prova de Llenguatge Musical) PROVA B: Lectura d&#8217;una obra a primera vista amb les seg\u00fcents caracter\u00edstiques: CONTINGUTS: LONGITUD Fins a 8 compassos TONALITAT Fins a 1 alteraci\u00f3 \u00c0MBIT Do greu a si mitj\u00e0 COMPASSOS 2\/4, 3 \/ 4,4 \/ 4 FORMA Lliure FIGURES Fins a negres i corxeres [&hellip;]<\/p>\n","protected":false},"author":1,"featured_media":0,"parent":1201,"menu_order":13,"comment_status":"closed","ping_status":"closed","template":"","meta":{"footnotes":""},"class_list":["post-1291","page","type-page","status-publish","hentry"],"yoast_head":"<!-- This site is optimized with the Yoast SEO plugin v27.3 - https:\/\/yoast.com\/product\/yoast-seo-wordpress\/ -->\n<title>Fagot - Conservatori Professional de M\u00fasica Juan Cant\u00f3 en Alcoi<\/title>\n<meta name=\"robots\" content=\"index, follow, max-snippet:-1, max-image-preview:large, max-video-preview:-1\" \/>\n<link rel=\"canonical\" href=\"https:\/\/www.conservatorialcoi.com\/ca\/informacio-academica\/ensenanza-elemental\/contenidos-terminales-por-asignaturas\/fagot\/\" \/>\n<meta property=\"og:locale\" content=\"ca_ES\" \/>\n<meta property=\"og:type\" content=\"article\" \/>\n<meta property=\"og:title\" content=\"Fagot - Conservatori Professional de M\u00fasica Juan Cant\u00f3 en Alcoi\" \/>\n<meta property=\"og:description\" content=\"Fagot ACC\u00c9S 2\u00b0 E.E. PROVA A: (Veure prova de Llenguatge Musical) PROVA B: Lectura d&#8217;una obra a primera vista amb les seg\u00fcents caracter\u00edstiques: CONTINGUTS: LONGITUD Fins a 8 compassos TONALITAT Fins a 1 alteraci\u00f3 \u00c0MBIT Do greu a si mitj\u00e0 COMPASSOS 2\/4, 3 \/ 4,4 \/ 4 FORMA Lliure FIGURES Fins a negres i corxeres [&hellip;]\" \/>\n<meta property=\"og:url\" content=\"https:\/\/www.conservatorialcoi.com\/ca\/informacio-academica\/ensenanza-elemental\/contenidos-terminales-por-asignaturas\/fagot\/\" \/>\n<meta property=\"og:site_name\" content=\"Conservatori Professional de M\u00fasica Juan Cant\u00f3 en Alcoi\" \/>\n<meta property=\"article:modified_time\" content=\"2024-07-01T13:50:18+00:00\" \/>\n<meta name=\"twitter:card\" content=\"summary_large_image\" \/>\n<meta name=\"twitter:label1\" content=\"Temps estimat de lectura\" \/>\n\t<meta name=\"twitter:data1\" content=\"2 minuts\" \/>\n<script type=\"application\/ld+json\" class=\"yoast-schema-graph\">{\"@context\":\"https:\\\/\\\/schema.org\",\"@graph\":[{\"@type\":\"WebPage\",\"@id\":\"https:\\\/\\\/www.conservatorialcoi.com\\\/ca\\\/informacio-academica\\\/ensenanza-elemental\\\/contenidos-terminales-por-asignaturas\\\/fagot\\\/\",\"url\":\"https:\\\/\\\/www.conservatorialcoi.com\\\/ca\\\/informacio-academica\\\/ensenanza-elemental\\\/contenidos-terminales-por-asignaturas\\\/fagot\\\/\",\"name\":\"Fagot - Conservatori Professional de M\u00fasica Juan Cant\u00f3 en Alcoi\",\"isPartOf\":{\"@id\":\"https:\\\/\\\/www.conservatorialcoi.com\\\/#website\"},\"datePublished\":\"2019-02-27T15:21:51+00:00\",\"dateModified\":\"2024-07-01T13:50:18+00:00\",\"breadcrumb\":{\"@id\":\"https:\\\/\\\/www.conservatorialcoi.com\\\/ca\\\/informacio-academica\\\/ensenanza-elemental\\\/contenidos-terminales-por-asignaturas\\\/fagot\\\/#breadcrumb\"},\"inLanguage\":\"ca\",\"potentialAction\":[{\"@type\":\"ReadAction\",\"target\":[\"https:\\\/\\\/www.conservatorialcoi.com\\\/ca\\\/informacio-academica\\\/ensenanza-elemental\\\/contenidos-terminales-por-asignaturas\\\/fagot\\\/\"]}]},{\"@type\":\"BreadcrumbList\",\"@id\":\"https:\\\/\\\/www.conservatorialcoi.com\\\/ca\\\/informacio-academica\\\/ensenanza-elemental\\\/contenidos-terminales-por-asignaturas\\\/fagot\\\/#breadcrumb\",\"itemListElement\":[{\"@type\":\"ListItem\",\"position\":1,\"name\":\"Portada\",\"item\":\"https:\\\/\\\/www.conservatorialcoi.com\\\/ca\\\/\"},{\"@type\":\"ListItem\",\"position\":2,\"name\":\"Informaci\u00f3 acad\u00e8mica\",\"item\":\"https:\\\/\\\/www.conservatorialcoi.com\\\/ca\\\/informacio-academica\\\/\"},{\"@type\":\"ListItem\",\"position\":3,\"name\":\"Ensenyaments Elementals\",\"item\":\"https:\\\/\\\/www.conservatorialcoi.com\\\/ca\\\/informacio-academica\\\/ensenanza-elemental\\\/\"},{\"@type\":\"ListItem\",\"position\":4,\"name\":\"Continguts terminals per assignatures\",\"item\":\"https:\\\/\\\/www.conservatorialcoi.com\\\/ca\\\/informacio-academica\\\/ensenanza-elemental\\\/contenidos-terminales-por-asignaturas\\\/\"},{\"@type\":\"ListItem\",\"position\":5,\"name\":\"Fagot\"}]},{\"@type\":\"WebSite\",\"@id\":\"https:\\\/\\\/www.conservatorialcoi.com\\\/#website\",\"url\":\"https:\\\/\\\/www.conservatorialcoi.com\\\/\",\"name\":\"Conservatori Professional de M\u00fasica Juan Cant\u00f3 en Alcoi\",\"description\":\"\",\"potentialAction\":[{\"@type\":\"SearchAction\",\"target\":{\"@type\":\"EntryPoint\",\"urlTemplate\":\"https:\\\/\\\/www.conservatorialcoi.com\\\/?s={search_term_string}\"},\"query-input\":{\"@type\":\"PropertyValueSpecification\",\"valueRequired\":true,\"valueName\":\"search_term_string\"}}],\"inLanguage\":\"ca\"}]}<\/script>\n<!-- \/ Yoast SEO plugin. -->","yoast_head_json":{"title":"Fagot - Conservatori Professional de M\u00fasica Juan Cant\u00f3 en Alcoi","robots":{"index":"index","follow":"follow","max-snippet":"max-snippet:-1","max-image-preview":"max-image-preview:large","max-video-preview":"max-video-preview:-1"},"canonical":"https:\/\/www.conservatorialcoi.com\/ca\/informacio-academica\/ensenanza-elemental\/contenidos-terminales-por-asignaturas\/fagot\/","og_locale":"ca_ES","og_type":"article","og_title":"Fagot - Conservatori Professional de M\u00fasica Juan Cant\u00f3 en Alcoi","og_description":"Fagot ACC\u00c9S 2\u00b0 E.E. PROVA A: (Veure prova de Llenguatge Musical) PROVA B: Lectura d&#8217;una obra a primera vista amb les seg\u00fcents caracter\u00edstiques: CONTINGUTS: LONGITUD Fins a 8 compassos TONALITAT Fins a 1 alteraci\u00f3 \u00c0MBIT Do greu a si mitj\u00e0 COMPASSOS 2\/4, 3 \/ 4,4 \/ 4 FORMA Lliure FIGURES Fins a negres i corxeres [&hellip;]","og_url":"https:\/\/www.conservatorialcoi.com\/ca\/informacio-academica\/ensenanza-elemental\/contenidos-terminales-por-asignaturas\/fagot\/","og_site_name":"Conservatori Professional de M\u00fasica Juan Cant\u00f3 en Alcoi","article_modified_time":"2024-07-01T13:50:18+00:00","twitter_card":"summary_large_image","twitter_misc":{"Temps estimat de lectura":"2 minuts"},"schema":{"@context":"https:\/\/schema.org","@graph":[{"@type":"WebPage","@id":"https:\/\/www.conservatorialcoi.com\/ca\/informacio-academica\/ensenanza-elemental\/contenidos-terminales-por-asignaturas\/fagot\/","url":"https:\/\/www.conservatorialcoi.com\/ca\/informacio-academica\/ensenanza-elemental\/contenidos-terminales-por-asignaturas\/fagot\/","name":"Fagot - Conservatori Professional de M\u00fasica Juan Cant\u00f3 en Alcoi","isPartOf":{"@id":"https:\/\/www.conservatorialcoi.com\/#website"},"datePublished":"2019-02-27T15:21:51+00:00","dateModified":"2024-07-01T13:50:18+00:00","breadcrumb":{"@id":"https:\/\/www.conservatorialcoi.com\/ca\/informacio-academica\/ensenanza-elemental\/contenidos-terminales-por-asignaturas\/fagot\/#breadcrumb"},"inLanguage":"ca","potentialAction":[{"@type":"ReadAction","target":["https:\/\/www.conservatorialcoi.com\/ca\/informacio-academica\/ensenanza-elemental\/contenidos-terminales-por-asignaturas\/fagot\/"]}]},{"@type":"BreadcrumbList","@id":"https:\/\/www.conservatorialcoi.com\/ca\/informacio-academica\/ensenanza-elemental\/contenidos-terminales-por-asignaturas\/fagot\/#breadcrumb","itemListElement":[{"@type":"ListItem","position":1,"name":"Portada","item":"https:\/\/www.conservatorialcoi.com\/ca\/"},{"@type":"ListItem","position":2,"name":"Informaci\u00f3 acad\u00e8mica","item":"https:\/\/www.conservatorialcoi.com\/ca\/informacio-academica\/"},{"@type":"ListItem","position":3,"name":"Ensenyaments Elementals","item":"https:\/\/www.conservatorialcoi.com\/ca\/informacio-academica\/ensenanza-elemental\/"},{"@type":"ListItem","position":4,"name":"Continguts terminals per assignatures","item":"https:\/\/www.conservatorialcoi.com\/ca\/informacio-academica\/ensenanza-elemental\/contenidos-terminales-por-asignaturas\/"},{"@type":"ListItem","position":5,"name":"Fagot"}]},{"@type":"WebSite","@id":"https:\/\/www.conservatorialcoi.com\/#website","url":"https:\/\/www.conservatorialcoi.com\/","name":"Conservatori Professional de M\u00fasica Juan Cant\u00f3 en Alcoi","description":"","potentialAction":[{"@type":"SearchAction","target":{"@type":"EntryPoint","urlTemplate":"https:\/\/www.conservatorialcoi.com\/?s={search_term_string}"},"query-input":{"@type":"PropertyValueSpecification","valueRequired":true,"valueName":"search_term_string"}}],"inLanguage":"ca"}]}},"_links":{"self":[{"href":"https:\/\/www.conservatorialcoi.com\/ca\/wp-json\/wp\/v2\/pages\/1291","targetHints":{"allow":["GET"]}}],"collection":[{"href":"https:\/\/www.conservatorialcoi.com\/ca\/wp-json\/wp\/v2\/pages"}],"about":[{"href":"https:\/\/www.conservatorialcoi.com\/ca\/wp-json\/wp\/v2\/types\/page"}],"author":[{"embeddable":true,"href":"https:\/\/www.conservatorialcoi.com\/ca\/wp-json\/wp\/v2\/users\/1"}],"replies":[{"embeddable":true,"href":"https:\/\/www.conservatorialcoi.com\/ca\/wp-json\/wp\/v2\/comments?post=1291"}],"version-history":[{"count":2,"href":"https:\/\/www.conservatorialcoi.com\/ca\/wp-json\/wp\/v2\/pages\/1291\/revisions"}],"predecessor-version":[{"id":9052,"href":"https:\/\/www.conservatorialcoi.com\/ca\/wp-json\/wp\/v2\/pages\/1291\/revisions\/9052"}],"up":[{"embeddable":true,"href":"https:\/\/www.conservatorialcoi.com\/ca\/wp-json\/wp\/v2\/pages\/1201"}],"wp:attachment":[{"href":"https:\/\/www.conservatorialcoi.com\/ca\/wp-json\/wp\/v2\/media?parent=1291"}],"curies":[{"name":"wp","href":"https:\/\/api.w.org\/{rel}","templated":true}]}}