{"id":1284,"date":"2019-02-27T15:11:30","date_gmt":"2019-02-27T15:11:30","guid":{"rendered":"https:\/\/www.conservatorialcoi.com\/\/informacion-academica\/ensenanza-elemental\/contenidos-terminales-por-asignaturas\/contrabaix\/"},"modified":"2026-05-06T06:07:37","modified_gmt":"2026-05-06T06:07:37","slug":"contrabaix","status":"publish","type":"page","link":"https:\/\/www.conservatorialcoi.com\/ca\/informacio-academica\/ensenanza-elemental\/contenidos-terminales-por-asignaturas\/contrabaix\/","title":{"rendered":"Contrabaix"},"content":{"rendered":"<h2>Contrabaix<\/h2>\n<p><span style=\"color: #ff0000;\">Orde realitzaci\u00f3 de les proves per a tots els cursos:<\/span><\/p>\n<p>La prova constar\u00e0 de dos apartats: pr\u00e0ctica instrumental i llenguatge musical, organitzats del mode<\/p>\n<p>seg\u00fcent:<\/p>\n<p><strong>a) Pr\u00e0ctica instrumental.<\/strong><\/p>\n<p>Es compondr\u00e0 dels seg\u00fcents subapartats:<\/p>\n<p>a.1) Interpretaci\u00f3.<\/p>\n<p>La persona aspirant haur\u00e0 de presentar un programa de tres obres o moviments de diferent estil, amb un nivell igual o superior a l\u2019establit com a final del curs precedent al qual opta.<\/p>\n<p>El tribunal determinar\u00e0 quines obres, parts o fragments s\u2019interpretaran.<\/p>\n<p>Es valorar\u00e0 la interpretaci\u00f3 de mem\u00f2ria.<\/p>\n<p>a.2) Lectura a primera vista.<\/p>\n<p>Consistir\u00e0 en la interpretaci\u00f3 a primera vista d\u2019un fragment el contingut del qual no ser\u00e0 superior al nivell fixat per a la finalitzaci\u00f3 del curs precedent al sol\u00b7licitat.<\/p>\n<p><strong>b) Llenguatge musical.<\/strong><\/p>\n<p>Inclour\u00e0 exercicis de lectura r\u00edtmica, lectura mel\u00f2dica, teoria de la m\u00fasica i dictat musical, ajustats als continguts finals del curs precedent al qual opta la persona aspirant.<\/p>\n<h3>ACC\u00c9S 2\u00b0 E.E.<\/h3>\n<p><strong>PROVA A<\/strong>: Pr\u00e0ctica instrumental.<\/p>\n<p><strong>OBRES ORIENTATIVES:<\/strong><\/p>\n<ul>\n<li>NELSON, S. i ELLIOT, C. &#8216;Right from the Start&#8217; per a contrabaix i piano:<br \/>\nObres: Holiday, The centipede, Fiddler s fancy.<\/li>\n<\/ul>\n<p><strong>CONTINGUTS:<\/strong><\/p>\n<ul>\n<li>Producci\u00f3 del so: cordes a l&#8217;aire, usant tot l&#8217;arc i diferents longituds d&#8217;aquest.<\/li>\n<li>Posici\u00f3 de l&#8217;instrument i de l&#8217;arc.<\/li>\n<li>Cops d&#8217;arc b\u00e0sics: tot l&#8217;arc i meitats, amb diverses combinacions.<\/li>\n<li>Posicions: 1a posici\u00f3.<\/li>\n<\/ul>\n<p><strong>CRITERIS D&#8217;AVALUACI\u00d3:<\/strong><\/p>\n<ul>\n<li>Interpretar fragments musicals usant la mesura i l&#8217;entonaci\u00f3 adequades.<\/li>\n<li>Demostrar seguretat i precisi\u00f3 en l&#8217;\u00fas de la terminologia adequada.<\/li>\n<\/ul>\n<p>&nbsp;<\/p>\n<p>Lectura d\u2019un obra a primera vista amb les seg\u00fcents caracter\u00edstiques:<\/p>\n<p><strong>CONTINGUTS:<\/strong><\/p>\n<ul>\n<li>Figures: blanca, negra.<\/li>\n<li>Compassos: 2\/4, 3\/4 i 4\/4. Entre 10 i 20 compassos.<\/li>\n<\/ul>\n<p><strong>CRITERIS D&#8217;AVALUACI\u00d3<\/strong><\/p>\n<ul>\n<li>Interpretar amb flu\u00efdesa fragments d&#8217;obres a primera vista.<\/li>\n<li>Interpretar fragments musicals usant la mesura adequada.<\/li>\n<li>Demostrar seguretat i precisi\u00f3 en l&#8217;\u00fas de la terminologia adequada.<\/li>\n<\/ul>\n<p>&nbsp;<\/p>\n<p><strong>PROVA B<\/strong>: (Veure prova de Llenguatge Musical)<\/p>\n<h3>ACC\u00c9S 3\u00b0 E.E.<\/h3>\n<p><strong>PROVA A<\/strong>: Pr\u00e0ctica instrumental.<\/p>\n<p><strong>OBRES ORIENTATIVES:<\/strong><\/p>\n<ul>\n<li>VANCE, G. &#8216;Repertori Progressiu&#8217; per a contrabaix i piano (vol.1). Obres:<br \/>\nLavender s blue, Abschied, Music box.<\/li>\n<\/ul>\n<p><strong>CONTINGUTS:<\/strong><\/p>\n<ul>\n<li>Producci\u00f3 del so: cordes a l&#8217;aire, usant tot l&#8217;arc i diferents<br \/>\nlongituds d&#8217;aquest.<\/li>\n<li>Posici\u00f3 de l&#8217;instrument i de l&#8217;arc: control corporal.<\/li>\n<li>Cops d&#8217;arc b\u00e0sics: tot l&#8217;arc i meitats, amb diverses combinacions,<br \/>\nlegato, staccato.<\/li>\n<li>Posicions: 1a, 2a i 3a posicions; canvis de posici\u00f3.<\/li>\n<li>Coordinaci\u00f3 del moviment horitzontal del bra\u00e7 dret i de la m\u00e0<br \/>\nesquerra.<\/li>\n<\/ul>\n<p><strong>CRITERIS D&#8217;AVALUACI\u00d3:<\/strong><\/p>\n<ul>\n<li>Interpretar fragments musicals usant la mesura i l&#8217;entonaci\u00f3 adequades.<\/li>\n<li>Demostrar seguretat i precisi\u00f3 en l&#8217;\u00fas de la terminologia adequada.<\/li>\n<\/ul>\n<p>Lectura d\u2019un obra a primera vista amb les seg\u00fcents caracter\u00edstiques:<\/p>\n<p><strong>CONTINGUTS:<\/strong><\/p>\n<ul>\n<li>Figures: redona, blanca, negra, corxera.<\/li>\n<li>Compassos: 2\/4, 3\/4, 4\/4 i 6\/8. Entre 10 i 20 compassos<\/li>\n<\/ul>\n<p><strong>CRITERIS D&#8217;AVALUACI\u00d3:<\/strong><\/p>\n<ul>\n<li>Interpretar amb flu\u00efdesa fragments d&#8217;obres a primera vista.<\/li>\n<li>Interpretar fragments musicals usant la mesura i l&#8217;entonaci\u00f3 adequades.<\/li>\n<li>Demostrar seguretat i precisi\u00f3 en l&#8217;\u00fas de la terminologia adequada.<\/li>\n<\/ul>\n<p>&nbsp;<\/p>\n<p><strong>PROVA B<\/strong>: (Veure prova de Llenguatge Musical)<\/p>\n<h3>ACC\u00c9S 4\u00b0 E.E.<\/h3>\n<p><strong>PROVA A<\/strong>: Pr\u00e0ctica instrumental.<\/p>\n<p><strong>OBRES ORIENTATIVES:<\/strong><\/p>\n<ul>\n<li>VANCE, G. &#8216;Repertori Progressiu&#8217; per a contrabaix i piano (vol.1). Obres: The<br \/>\nhappy bass player, The happy farmer, Go away old man<\/li>\n<\/ul>\n<p><strong>CONTINGUTS:<\/strong><\/p>\n<ul>\n<li>Producci\u00f3 del so: cordes a l&#8217;aire, usant tot l&#8217;arc i diferents<br \/>\nlongituds d&#8217;aquest.<\/li>\n<li>Posici\u00f3 de l&#8217;instrument i de l&#8217;arc: control corporal.<\/li>\n<li>Cops d&#8217;arc b\u00e0sics: tot, mitj\u00e0 amb diverses combinacions, legato, staccato,<br \/>\nd\u00e9tach\u00e9, martel\u00e9.<\/li>\n<li>Posicions: 1a, 2a, 3a, i 4a posicions; canvis de posici\u00f3.<\/li>\n<li>Moviment horitzontal del bra\u00e7 dret i de la m\u00e0 esquerra: flu\u00efdesa i<br \/>\ncoordinaci\u00f3.<\/li>\n<\/ul>\n<p><strong>CRITERIS D&#8217;AVALUACI\u00d3:<\/strong><\/p>\n<ul>\n<li>Interpretar fragments musicals usant la mesura, l&#8217;entonaci\u00f3, l&#8217;articulaci\u00f3, i el<br \/>\nfrasejo adequats.<\/li>\n<li>Interpretar obres d&#8217;estils diferents.<\/li>\n<li>Demostrar seguretat i precisi\u00f3 en l&#8217;\u00fas de la terminologia adequada per a comunicar<br \/>\nals altres opinions personals sobre les obres estudiades en aquest nivell.<\/li>\n<\/ul>\n<p>&nbsp;<\/p>\n<p>Lectura d\u2019un obra a primera vista amb les seg\u00fcents caracter\u00edstiques:<\/p>\n<p><strong>CONTINGUTS:<\/strong><\/p>\n<ul>\n<li>Figures: redona, blanca, negra, corxera, semicorxera.<\/li>\n<li>Din\u00e0mica pp, p, mf, i f, ff.<\/li>\n<li>Compassos: 2\/2, 2\/4, 3\/4, 4\/4, 6\/8. Entre 15 i 25 compassos<\/li>\n<\/ul>\n<p><strong>CRITERIS D&#8217;AVALUACI\u00d3:<\/strong><\/p>\n<ul>\n<li>Interpretar amb flu\u00efdesa fragments d&#8217;obres a primera vista.<\/li>\n<li>Interpretar fragments musicals usant la mesura, l&#8217;entonaci\u00f3, l&#8217;articulaci\u00f3,<br \/>\ni el frasejo adequats.<\/li>\n<li>Interpretar obres d&#8217;estils diferents.<\/li>\n<li>Demostrar seguretat i precisi\u00f3 en l&#8217;\u00fas de la terminologia adequada per a<br \/>\ncomunicar als altres opinions personals sobre les obres estudiades en aquest<br \/>\nnivell.<\/li>\n<\/ul>\n<p>&nbsp;<\/p>\n<p><strong>PROVA B<\/strong>: (Veure prova de Llenguatge Musical)<\/p>\n","protected":false},"excerpt":{"rendered":"<p>Contrabaix Orde realitzaci\u00f3 de les proves per a tots els cursos: La prova constar\u00e0 de dos apartats: pr\u00e0ctica instrumental i llenguatge musical, organitzats del mode seg\u00fcent: a) Pr\u00e0ctica instrumental. Es compondr\u00e0 dels seg\u00fcents subapartats: a.1) Interpretaci\u00f3. La persona aspirant haur\u00e0 de presentar un programa de tres obres o moviments de diferent estil, amb un nivell [&hellip;]<\/p>\n","protected":false},"author":1,"featured_media":0,"parent":1201,"menu_order":12,"comment_status":"closed","ping_status":"closed","template":"","meta":{"footnotes":""},"class_list":["post-1284","page","type-page","status-publish","hentry"],"yoast_head":"<!-- This site is optimized with the Yoast SEO plugin v27.3 - https:\/\/yoast.com\/product\/yoast-seo-wordpress\/ -->\n<title>Contrabaix - Conservatori Professional de M\u00fasica Juan Cant\u00f3 en Alcoi<\/title>\n<meta name=\"robots\" content=\"index, follow, max-snippet:-1, max-image-preview:large, max-video-preview:-1\" \/>\n<link rel=\"canonical\" href=\"https:\/\/www.conservatorialcoi.com\/ca\/informacio-academica\/ensenanza-elemental\/contenidos-terminales-por-asignaturas\/contrabaix\/\" \/>\n<meta property=\"og:locale\" content=\"ca_ES\" \/>\n<meta property=\"og:type\" content=\"article\" \/>\n<meta property=\"og:title\" content=\"Contrabaix - Conservatori Professional de M\u00fasica Juan Cant\u00f3 en Alcoi\" \/>\n<meta property=\"og:description\" content=\"Contrabaix Orde realitzaci\u00f3 de les proves per a tots els cursos: La prova constar\u00e0 de dos apartats: pr\u00e0ctica instrumental i llenguatge musical, organitzats del mode seg\u00fcent: a) Pr\u00e0ctica instrumental. Es compondr\u00e0 dels seg\u00fcents subapartats: a.1) Interpretaci\u00f3. La persona aspirant haur\u00e0 de presentar un programa de tres obres o moviments de diferent estil, amb un nivell [&hellip;]\" \/>\n<meta property=\"og:url\" content=\"https:\/\/www.conservatorialcoi.com\/ca\/informacio-academica\/ensenanza-elemental\/contenidos-terminales-por-asignaturas\/contrabaix\/\" \/>\n<meta property=\"og:site_name\" content=\"Conservatori Professional de M\u00fasica Juan Cant\u00f3 en Alcoi\" \/>\n<meta property=\"article:modified_time\" content=\"2026-05-06T06:07:37+00:00\" \/>\n<meta name=\"twitter:card\" content=\"summary_large_image\" \/>\n<meta name=\"twitter:label1\" content=\"Temps estimat de lectura\" \/>\n\t<meta name=\"twitter:data1\" content=\"4 minuts\" \/>\n<script type=\"application\/ld+json\" class=\"yoast-schema-graph\">{\"@context\":\"https:\\\/\\\/schema.org\",\"@graph\":[{\"@type\":\"WebPage\",\"@id\":\"https:\\\/\\\/www.conservatorialcoi.com\\\/ca\\\/informacio-academica\\\/ensenanza-elemental\\\/contenidos-terminales-por-asignaturas\\\/contrabaix\\\/\",\"url\":\"https:\\\/\\\/www.conservatorialcoi.com\\\/ca\\\/informacio-academica\\\/ensenanza-elemental\\\/contenidos-terminales-por-asignaturas\\\/contrabaix\\\/\",\"name\":\"Contrabaix - Conservatori Professional de M\u00fasica Juan Cant\u00f3 en Alcoi\",\"isPartOf\":{\"@id\":\"https:\\\/\\\/www.conservatorialcoi.com\\\/#website\"},\"datePublished\":\"2019-02-27T15:11:30+00:00\",\"dateModified\":\"2026-05-06T06:07:37+00:00\",\"breadcrumb\":{\"@id\":\"https:\\\/\\\/www.conservatorialcoi.com\\\/ca\\\/informacio-academica\\\/ensenanza-elemental\\\/contenidos-terminales-por-asignaturas\\\/contrabaix\\\/#breadcrumb\"},\"inLanguage\":\"ca\",\"potentialAction\":[{\"@type\":\"ReadAction\",\"target\":[\"https:\\\/\\\/www.conservatorialcoi.com\\\/ca\\\/informacio-academica\\\/ensenanza-elemental\\\/contenidos-terminales-por-asignaturas\\\/contrabaix\\\/\"]}]},{\"@type\":\"BreadcrumbList\",\"@id\":\"https:\\\/\\\/www.conservatorialcoi.com\\\/ca\\\/informacio-academica\\\/ensenanza-elemental\\\/contenidos-terminales-por-asignaturas\\\/contrabaix\\\/#breadcrumb\",\"itemListElement\":[{\"@type\":\"ListItem\",\"position\":1,\"name\":\"Portada\",\"item\":\"https:\\\/\\\/www.conservatorialcoi.com\\\/ca\\\/\"},{\"@type\":\"ListItem\",\"position\":2,\"name\":\"Informaci\u00f3 acad\u00e8mica\",\"item\":\"https:\\\/\\\/www.conservatorialcoi.com\\\/ca\\\/informacio-academica\\\/\"},{\"@type\":\"ListItem\",\"position\":3,\"name\":\"Ensenyaments Elementals\",\"item\":\"https:\\\/\\\/www.conservatorialcoi.com\\\/ca\\\/informacio-academica\\\/ensenanza-elemental\\\/\"},{\"@type\":\"ListItem\",\"position\":4,\"name\":\"Continguts terminals per assignatures\",\"item\":\"https:\\\/\\\/www.conservatorialcoi.com\\\/ca\\\/informacio-academica\\\/ensenanza-elemental\\\/contenidos-terminales-por-asignaturas\\\/\"},{\"@type\":\"ListItem\",\"position\":5,\"name\":\"Contrabaix\"}]},{\"@type\":\"WebSite\",\"@id\":\"https:\\\/\\\/www.conservatorialcoi.com\\\/#website\",\"url\":\"https:\\\/\\\/www.conservatorialcoi.com\\\/\",\"name\":\"Conservatori Professional de M\u00fasica Juan Cant\u00f3 en Alcoi\",\"description\":\"\",\"potentialAction\":[{\"@type\":\"SearchAction\",\"target\":{\"@type\":\"EntryPoint\",\"urlTemplate\":\"https:\\\/\\\/www.conservatorialcoi.com\\\/?s={search_term_string}\"},\"query-input\":{\"@type\":\"PropertyValueSpecification\",\"valueRequired\":true,\"valueName\":\"search_term_string\"}}],\"inLanguage\":\"ca\"}]}<\/script>\n<!-- \/ Yoast SEO plugin. -->","yoast_head_json":{"title":"Contrabaix - Conservatori Professional de M\u00fasica Juan Cant\u00f3 en Alcoi","robots":{"index":"index","follow":"follow","max-snippet":"max-snippet:-1","max-image-preview":"max-image-preview:large","max-video-preview":"max-video-preview:-1"},"canonical":"https:\/\/www.conservatorialcoi.com\/ca\/informacio-academica\/ensenanza-elemental\/contenidos-terminales-por-asignaturas\/contrabaix\/","og_locale":"ca_ES","og_type":"article","og_title":"Contrabaix - Conservatori Professional de M\u00fasica Juan Cant\u00f3 en Alcoi","og_description":"Contrabaix Orde realitzaci\u00f3 de les proves per a tots els cursos: La prova constar\u00e0 de dos apartats: pr\u00e0ctica instrumental i llenguatge musical, organitzats del mode seg\u00fcent: a) Pr\u00e0ctica instrumental. Es compondr\u00e0 dels seg\u00fcents subapartats: a.1) Interpretaci\u00f3. La persona aspirant haur\u00e0 de presentar un programa de tres obres o moviments de diferent estil, amb un nivell [&hellip;]","og_url":"https:\/\/www.conservatorialcoi.com\/ca\/informacio-academica\/ensenanza-elemental\/contenidos-terminales-por-asignaturas\/contrabaix\/","og_site_name":"Conservatori Professional de M\u00fasica Juan Cant\u00f3 en Alcoi","article_modified_time":"2026-05-06T06:07:37+00:00","twitter_card":"summary_large_image","twitter_misc":{"Temps estimat de lectura":"4 minuts"},"schema":{"@context":"https:\/\/schema.org","@graph":[{"@type":"WebPage","@id":"https:\/\/www.conservatorialcoi.com\/ca\/informacio-academica\/ensenanza-elemental\/contenidos-terminales-por-asignaturas\/contrabaix\/","url":"https:\/\/www.conservatorialcoi.com\/ca\/informacio-academica\/ensenanza-elemental\/contenidos-terminales-por-asignaturas\/contrabaix\/","name":"Contrabaix - Conservatori Professional de M\u00fasica Juan Cant\u00f3 en Alcoi","isPartOf":{"@id":"https:\/\/www.conservatorialcoi.com\/#website"},"datePublished":"2019-02-27T15:11:30+00:00","dateModified":"2026-05-06T06:07:37+00:00","breadcrumb":{"@id":"https:\/\/www.conservatorialcoi.com\/ca\/informacio-academica\/ensenanza-elemental\/contenidos-terminales-por-asignaturas\/contrabaix\/#breadcrumb"},"inLanguage":"ca","potentialAction":[{"@type":"ReadAction","target":["https:\/\/www.conservatorialcoi.com\/ca\/informacio-academica\/ensenanza-elemental\/contenidos-terminales-por-asignaturas\/contrabaix\/"]}]},{"@type":"BreadcrumbList","@id":"https:\/\/www.conservatorialcoi.com\/ca\/informacio-academica\/ensenanza-elemental\/contenidos-terminales-por-asignaturas\/contrabaix\/#breadcrumb","itemListElement":[{"@type":"ListItem","position":1,"name":"Portada","item":"https:\/\/www.conservatorialcoi.com\/ca\/"},{"@type":"ListItem","position":2,"name":"Informaci\u00f3 acad\u00e8mica","item":"https:\/\/www.conservatorialcoi.com\/ca\/informacio-academica\/"},{"@type":"ListItem","position":3,"name":"Ensenyaments Elementals","item":"https:\/\/www.conservatorialcoi.com\/ca\/informacio-academica\/ensenanza-elemental\/"},{"@type":"ListItem","position":4,"name":"Continguts terminals per assignatures","item":"https:\/\/www.conservatorialcoi.com\/ca\/informacio-academica\/ensenanza-elemental\/contenidos-terminales-por-asignaturas\/"},{"@type":"ListItem","position":5,"name":"Contrabaix"}]},{"@type":"WebSite","@id":"https:\/\/www.conservatorialcoi.com\/#website","url":"https:\/\/www.conservatorialcoi.com\/","name":"Conservatori Professional de M\u00fasica Juan Cant\u00f3 en Alcoi","description":"","potentialAction":[{"@type":"SearchAction","target":{"@type":"EntryPoint","urlTemplate":"https:\/\/www.conservatorialcoi.com\/?s={search_term_string}"},"query-input":{"@type":"PropertyValueSpecification","valueRequired":true,"valueName":"search_term_string"}}],"inLanguage":"ca"}]}},"_links":{"self":[{"href":"https:\/\/www.conservatorialcoi.com\/ca\/wp-json\/wp\/v2\/pages\/1284","targetHints":{"allow":["GET"]}}],"collection":[{"href":"https:\/\/www.conservatorialcoi.com\/ca\/wp-json\/wp\/v2\/pages"}],"about":[{"href":"https:\/\/www.conservatorialcoi.com\/ca\/wp-json\/wp\/v2\/types\/page"}],"author":[{"embeddable":true,"href":"https:\/\/www.conservatorialcoi.com\/ca\/wp-json\/wp\/v2\/users\/1"}],"replies":[{"embeddable":true,"href":"https:\/\/www.conservatorialcoi.com\/ca\/wp-json\/wp\/v2\/comments?post=1284"}],"version-history":[{"count":6,"href":"https:\/\/www.conservatorialcoi.com\/ca\/wp-json\/wp\/v2\/pages\/1284\/revisions"}],"predecessor-version":[{"id":11849,"href":"https:\/\/www.conservatorialcoi.com\/ca\/wp-json\/wp\/v2\/pages\/1284\/revisions\/11849"}],"up":[{"embeddable":true,"href":"https:\/\/www.conservatorialcoi.com\/ca\/wp-json\/wp\/v2\/pages\/1201"}],"wp:attachment":[{"href":"https:\/\/www.conservatorialcoi.com\/ca\/wp-json\/wp\/v2\/media?parent=1284"}],"curies":[{"name":"wp","href":"https:\/\/api.w.org\/{rel}","templated":true}]}}