{"id":1283,"date":"2019-02-27T15:04:38","date_gmt":"2019-02-27T15:04:38","guid":{"rendered":"https:\/\/www.conservatorialcoi.com\/\/informacion-academica\/ensenanza-elemental\/contenidos-terminales-por-asignaturas\/clarinet\/"},"modified":"2024-07-01T11:33:15","modified_gmt":"2024-07-01T11:33:15","slug":"clarinet","status":"publish","type":"page","link":"https:\/\/www.conservatorialcoi.com\/ca\/informacio-academica\/ensenanza-elemental\/contenidos-terminales-por-asignaturas\/clarinet\/","title":{"rendered":"Clarinet"},"content":{"rendered":"<p>[et_pb_section bb_built=&#8221;1&#8243; admin_label=&#8221;section&#8221; _builder_version=&#8221;3.0.47&#8243;][et_pb_row admin_label=&#8221;row&#8221; _builder_version=&#8221;3.0.47&#8243; background_size=&#8221;initial&#8221; background_position=&#8221;top_left&#8221; background_repeat=&#8221;repeat&#8221;][et_pb_column type=&#8221;4_4&#8243;][et_pb_text admin_label=&#8221;Text&#8221; _builder_version=&#8221;3.0.51&#8243; background_size=&#8221;initial&#8221; background_position=&#8221;top_left&#8221; background_repeat=&#8221;repeat&#8221; background_layout=&#8221;light&#8221; text_orientation=&#8221;left&#8221; border_style=&#8221;solid&#8221;]<\/p>\n<h2>clarinet<\/h2>\n<h3>ACC\u00c9S 2n E.E.<\/h3>\n<p><strong>PROVA A<\/strong>: (Veure prova de Llenguatge Musical)<\/p>\n<p><strong>PROVA B: <\/strong>Lectura d&#8217;un obra a primera vista amb les seg\u00fcents caracter\u00edstiques:<br \/>\n<strong>CONTINGUTS I CRITERIS D&#8217;AVALUACI\u00d3:<\/strong><\/p>\n<p>\u2022\u00a0 \u00a0El tempo ser\u00e0 moderato o si \u00e9s el cas, similars.<br \/>\n\u2022\u00a0 \u00a0En qualsevol cas, la dificultat proposta per als diferents par\u00e0metres musicals en els punts anteriors podr\u00e0 ser superada en els continguts de les obres presentades, sempre que el \/ la alumne \/ a els afronte amb \u00e8xit, en el cas, la valoraci\u00f3 ser\u00e0 positiva. per\u00f2 aquesta dificultat no ser\u00e0 excusa per justificar una mala interpretaci\u00f3.<\/p>\n<p>Interpretaci\u00f3 d&#8217;una obra, estudi o fragment d&#8217;una llista de tres.<\/p>\n<p><strong>CRITERIS D&#8217;AVALUACI\u00d3<\/strong>:<\/p>\n<p>\u2022\u00a0 \u00a0Es valorar\u00e0 la dificultat proposta en les obres presentades, sempre que el \/ la alumne \/ a les afronti amb \u00e8xit, en el cas, la valoraci\u00f3 ser\u00e0 positiva. Per\u00f2 aquesta valoraci\u00f3 ser\u00e0 negativa, si l&#8217;obra resulta estar per damunt de les possibilitats del \/ la alumne \/ a, donant lloc a una mala interpretaci\u00f3.<br \/>\n<strong>OBRES ORIENTATIVES:<\/strong><\/p>\n<p>\u2022\u00a0 \u00a0Keith Ramon Cole: Granit. (P. Wastall: Apr\u00e8n tocant el clarinet, ed. Mundim\u00fasica edicions).<br \/>\n\u2022\u00a0 \u00a0C. W. Gluck: Cor de &#8220;Paris i Elena&#8221;. (P. Wastall: Apr\u00e8n tocant el clarinet, ed.<br \/>\nmundim\u00fasica edicions).<br \/>\n\u2022\u00a0 \u00a0Robert Schumann: Can\u00e7\u00f3 xiuxiuejant, del &#8220;\u00c0lbum de la Joventut&#8221; op. 68. (P. Wastall:<br \/>\n\u2022\u00a0 \u00a0Apr\u00e8n tocant el clarinet, ed. mundim\u00fasica edicions).<\/p>\n<h3>ACC\u00c9S 3r E.E.<\/h3>\n<p><strong>PROVA A:<\/strong> (Veure prova de Llenguatge Musical).<\/p>\n<p><strong>PROVA B<\/strong>: Lectura d&#8217;un obra a primera vista amb les seg\u00fcents caracter\u00edstiques:<\/p>\n<p><strong>CONTINGUTS I CRITERIS D&#8217;AVALUACI\u00d3:<\/strong><\/p>\n<p>\u2022\u00a0 \u00a0El tempo ser\u00e0 entre andante i allegretto o si \u00e9s el cas, similars.<br \/>\n\u2022\u00a0 \u00a0En qualsevol cas, la dificultat proposta per als diferents par\u00e0metres musicals en els punts anteriors podr\u00e0 ser superada en els continguts de les obres presentades, sempre que el \/ la alumne \/ a els afronti amb \u00e8xit, en el cas, la valoraci\u00f3 ser\u00e0 positiva. per\u00f2 aquesta dificultat no ser\u00e0 excusa per justificar una mala interpretaci\u00f3.<\/p>\n<p>Interpretaci\u00f3 d&#8217;una obra, estudi o fragment d&#8217;una llista de tres.<\/p>\n<p><strong>CRITERIS D&#8217;AVALUACI\u00d3:<\/strong><\/p>\n<p>\u2022\u00a0 \u00a0Es valorar\u00e0 la dificultat proposta en les obres presentades, sempre que el \/ la alumne \/ a les afronte amb \u00e8xit, en el cas, la valoraci\u00f3 ser\u00e0 positiva. Per\u00f2 aquesta valoraci\u00f3 ser\u00e0 negativa, si l&#8217;obra resulta estar per damunt de les possibilitats del \/ la alumne \/ a, donant lloc a una mala interpretaci\u00f3.<br \/>\n<strong>OBRES ORIENTATIVES:<\/strong><\/p>\n<p>\u2022\u00a0 \u00a0Istv\u00e1n Szel\u00e9nyi: Una vella hist\u00f2ria. (P. Wastall: Apr\u00e8n tocant el clarinet, ed.<br \/>\nmundim\u00fasica edicions).<br \/>\n\u2022\u00a0 \u00a0Joseph Haydn: Dansa alemanya. (P. Wastall: Apr\u00e8n tocant el clarinet, ed. Mundim\u00fasica edicions).<br \/>\n\u2022\u00a0 \u00a0Peter Wastall: Mitjanit a Tobago. (P. Wastall: Apr\u00e8n tocant el clarinet, ed.<br \/>\nmundim\u00fasica edicions).<br \/>\n\u2022\u00a0 \u00a0G. F. H\u00e4ndel: Sarabande: Llarg. (\u00c0lbum II, no II, ed. Dowani).<\/p>\n<h3>ACCESO 4t E.E.<\/h3>\n<p><strong>PROVA A<\/strong>: (Veure prova de Llenguatge Musical)<\/p>\n<p><strong>PROVA <\/strong>B: Lectura d&#8217;una obra a primera vista amb els seg\u00fcents caracter\u00edstiques:<\/p>\n<p><strong>CONTINGUTS I CRITERIS D&#8217;AVALUACI\u00d3:<\/strong><\/p>\n<p>\u2022\u00a0 \u00a0Els compassos que figuraran seran a els simples: 2\/4, 3\/4 i 4\/4, i a els Compostos: 6\/8, 9\/8 i 12\/8. Tamb\u00e9 podran utilitzar-se compassos amb denominadors diferents a 4 en simples i a 8 en compostos.<br \/>\n\u2022\u00a0 \u00a0El tempo ser\u00e0 entre adago i allegro o si \u00e9s el cas similars.<br \/>\n\u2022\u00a0 \u00c9s tindr\u00e0 en compte\u00a0 un bon domini del concepte de pols, dins\u00a0 dels compassos proposats, fins i tot con los de subdivisi\u00f3 tern\u00e0ria i denominadors diferents a 4 i a 8.<br \/>\n\u2022 \u00c9s valorar\u00e0 un domini dels volums, dins de de la din\u00e0mica proposta, amb utilitzaci\u00f3 del crescendo, de l&#8217;diminuendo i dels reguladors, aixi com de les articulacions ja a un nivell m\u00e9s elaborat.<br \/>\n\u2022En quansevol cas, la dificultat proposta per els diferents parametres musicals a els punts anteriors podr\u00e0 ser superada a els continguts de les obres presentades, sempre que el \/ la alumne \/ a a els afronte amb \u00e8xit, al cas, la valoraci\u00f3 ser\u00e0 positiva. Per\u00f3 aquesta dificultat no ser\u00e0 excusa per justificar una mala interpretaci\u00f3.<\/p>\n<p>Interpretaci\u00f3 d&#8217;una obra, estudi o fragment d&#8217;una llista de tres.<\/p>\n<p><strong>CRITERIS D&#8217;AVALUACI\u00d3:<\/strong><\/p>\n<p>\u2022\u00a0 \u00a0\u00c9s valorar\u00e0 un domini dels volums aix\u00ed com els dinamiques en progressio per mitj\u00e0 de crescendi, diminuendi i reguladors, aixi com articulacions variades, ha a un nivell m\u00e9s elaborat, amb signes com:&gt;, &#8211; ,. , etc.<br \/>\n\u2022\u00a0 \u00a0\u00c9s valorar\u00e1 la dificultat proposta en obres presentades, sempre que el \/ la alumne \/ a els afronte amb \u00e8xit, al cas, la valoraci\u00f3 ser\u00e0 positiva. Per\u00f2 aquesta valoraci\u00f3 ser\u00e0 negativa, si l&#8217;obra resulta estar per damunt de les possibilitats del \/ de la alumne \/ a, donant lloc a una mala interpretaci\u00f3.<br \/>\n<strong>OBRES ORIENTATIVES<\/strong>:<\/p>\n<p>\u2022\u00a0 \u00a0L. van Beethoven: Minuet i trio. (P. Wastall: Apr\u00e8n tocant el clarinet, ed.<br \/>\nmundim\u00fasica edicions).<br \/>\n\u2022\u00a0 \u00a0G. P. Telemann: Llarg de la &#8220;Sonatina no 3&#8221;. (P. Wastall: Apr\u00e8n tocant el clarinet, ed. mundim\u00fasica edicions).<br \/>\n\u2022\u00a0 \u00a0C. M. von Weber: \u00c0ria de &#8220;Der Freisch\u00fctz&#8221;. (P. Wastall: Apr\u00e8n tocant el clarinet, ed. mundim\u00fasica edicions).<br \/>\n\u2022\u00a0 \u00a0Gerald Finzi: Carol, de &#8220;Cinc Bagatelas&#8221;. (P. Wastall: Apr\u00e8n tocant el clarinet, ed. mundim\u00fasica edicions).<br \/>\n\u2022\u00a0 \u00a0JS Bach: Adagio de la &#8220;Cantata no 156&#8221;. (\u00c0lbum III, no I, ed. Dowani).<br \/>\n\u2022\u00a0 \u00a0D. Milhaud: Caprice. (Ed. International Music Company, New York).<\/p>\n<p>&nbsp;<\/p>\n<p>&nbsp;<\/p>\n<p>&nbsp;<\/p>\n<p>&nbsp;<\/p>\n<p>[\/et_pb_text][\/et_pb_column][\/et_pb_row][\/et_pb_section]<\/p>\n","protected":false},"excerpt":{"rendered":"<p>[et_pb_section bb_built=&#8221;1&#8243; admin_label=&#8221;section&#8221; _builder_version=&#8221;3.0.47&#8243;][et_pb_row admin_label=&#8221;row&#8221; _builder_version=&#8221;3.0.47&#8243; background_size=&#8221;initial&#8221; background_position=&#8221;top_left&#8221; background_repeat=&#8221;repeat&#8221;][et_pb_column type=&#8221;4_4&#8243;][et_pb_text admin_label=&#8221;Text&#8221; _builder_version=&#8221;3.0.51&#8243; background_size=&#8221;initial&#8221; background_position=&#8221;top_left&#8221; background_repeat=&#8221;repeat&#8221; background_layout=&#8221;light&#8221; text_orientation=&#8221;left&#8221; border_style=&#8221;solid&#8221;] clarinet ACC\u00c9S 2n E.E. PROVA A: (Veure prova de Llenguatge Musical) PROVA B: Lectura d&#8217;un obra a primera vista amb les seg\u00fcents caracter\u00edstiques: CONTINGUTS I CRITERIS D&#8217;AVALUACI\u00d3: \u2022\u00a0 \u00a0El tempo ser\u00e0 moderato o si \u00e9s el cas, [&hellip;]<\/p>\n","protected":false},"author":1,"featured_media":0,"parent":1201,"menu_order":11,"comment_status":"closed","ping_status":"closed","template":"","meta":{"footnotes":""},"class_list":["post-1283","page","type-page","status-publish","hentry"],"yoast_head":"<!-- This site is optimized with the Yoast SEO plugin v27.3 - https:\/\/yoast.com\/product\/yoast-seo-wordpress\/ -->\n<title>Clarinet - Conservatori Professional de M\u00fasica Juan Cant\u00f3 en Alcoi<\/title>\n<meta name=\"robots\" content=\"index, follow, max-snippet:-1, max-image-preview:large, max-video-preview:-1\" \/>\n<link rel=\"canonical\" href=\"https:\/\/www.conservatorialcoi.com\/ca\/informacio-academica\/ensenanza-elemental\/contenidos-terminales-por-asignaturas\/clarinet\/\" \/>\n<meta property=\"og:locale\" content=\"ca_ES\" \/>\n<meta property=\"og:type\" content=\"article\" \/>\n<meta property=\"og:title\" content=\"Clarinet - Conservatori Professional de M\u00fasica Juan Cant\u00f3 en Alcoi\" \/>\n<meta property=\"og:description\" content=\"[et_pb_section bb_built=&#8221;1&#8243; admin_label=&#8221;section&#8221; _builder_version=&#8221;3.0.47&#8243;][et_pb_row admin_label=&#8221;row&#8221; _builder_version=&#8221;3.0.47&#8243; background_size=&#8221;initial&#8221; background_position=&#8221;top_left&#8221; background_repeat=&#8221;repeat&#8221;][et_pb_column type=&#8221;4_4&#8243;][et_pb_text admin_label=&#8221;Text&#8221; _builder_version=&#8221;3.0.51&#8243; background_size=&#8221;initial&#8221; background_position=&#8221;top_left&#8221; background_repeat=&#8221;repeat&#8221; background_layout=&#8221;light&#8221; text_orientation=&#8221;left&#8221; border_style=&#8221;solid&#8221;] clarinet ACC\u00c9S 2n E.E. PROVA A: (Veure prova de Llenguatge Musical) PROVA B: Lectura d&#8217;un obra a primera vista amb les seg\u00fcents caracter\u00edstiques: CONTINGUTS I CRITERIS D&#8217;AVALUACI\u00d3: \u2022\u00a0 \u00a0El tempo ser\u00e0 moderato o si \u00e9s el cas, [&hellip;]\" \/>\n<meta property=\"og:url\" content=\"https:\/\/www.conservatorialcoi.com\/ca\/informacio-academica\/ensenanza-elemental\/contenidos-terminales-por-asignaturas\/clarinet\/\" \/>\n<meta property=\"og:site_name\" content=\"Conservatori Professional de M\u00fasica Juan Cant\u00f3 en Alcoi\" \/>\n<meta property=\"article:modified_time\" content=\"2024-07-01T11:33:15+00:00\" \/>\n<meta name=\"twitter:card\" content=\"summary_large_image\" \/>\n<meta name=\"twitter:label1\" content=\"Temps estimat de lectura\" \/>\n\t<meta name=\"twitter:data1\" content=\"4 minuts\" \/>\n<script type=\"application\/ld+json\" class=\"yoast-schema-graph\">{\"@context\":\"https:\\\/\\\/schema.org\",\"@graph\":[{\"@type\":\"WebPage\",\"@id\":\"https:\\\/\\\/www.conservatorialcoi.com\\\/ca\\\/informacio-academica\\\/ensenanza-elemental\\\/contenidos-terminales-por-asignaturas\\\/clarinet\\\/\",\"url\":\"https:\\\/\\\/www.conservatorialcoi.com\\\/ca\\\/informacio-academica\\\/ensenanza-elemental\\\/contenidos-terminales-por-asignaturas\\\/clarinet\\\/\",\"name\":\"Clarinet - Conservatori Professional de M\u00fasica Juan Cant\u00f3 en Alcoi\",\"isPartOf\":{\"@id\":\"https:\\\/\\\/www.conservatorialcoi.com\\\/#website\"},\"datePublished\":\"2019-02-27T15:04:38+00:00\",\"dateModified\":\"2024-07-01T11:33:15+00:00\",\"breadcrumb\":{\"@id\":\"https:\\\/\\\/www.conservatorialcoi.com\\\/ca\\\/informacio-academica\\\/ensenanza-elemental\\\/contenidos-terminales-por-asignaturas\\\/clarinet\\\/#breadcrumb\"},\"inLanguage\":\"ca\",\"potentialAction\":[{\"@type\":\"ReadAction\",\"target\":[\"https:\\\/\\\/www.conservatorialcoi.com\\\/ca\\\/informacio-academica\\\/ensenanza-elemental\\\/contenidos-terminales-por-asignaturas\\\/clarinet\\\/\"]}]},{\"@type\":\"BreadcrumbList\",\"@id\":\"https:\\\/\\\/www.conservatorialcoi.com\\\/ca\\\/informacio-academica\\\/ensenanza-elemental\\\/contenidos-terminales-por-asignaturas\\\/clarinet\\\/#breadcrumb\",\"itemListElement\":[{\"@type\":\"ListItem\",\"position\":1,\"name\":\"Portada\",\"item\":\"https:\\\/\\\/www.conservatorialcoi.com\\\/ca\\\/\"},{\"@type\":\"ListItem\",\"position\":2,\"name\":\"Informaci\u00f3 acad\u00e8mica\",\"item\":\"https:\\\/\\\/www.conservatorialcoi.com\\\/ca\\\/informacio-academica\\\/\"},{\"@type\":\"ListItem\",\"position\":3,\"name\":\"Ensenyaments Elementals\",\"item\":\"https:\\\/\\\/www.conservatorialcoi.com\\\/ca\\\/informacio-academica\\\/ensenanza-elemental\\\/\"},{\"@type\":\"ListItem\",\"position\":4,\"name\":\"Continguts terminals per assignatures\",\"item\":\"https:\\\/\\\/www.conservatorialcoi.com\\\/ca\\\/informacio-academica\\\/ensenanza-elemental\\\/contenidos-terminales-por-asignaturas\\\/\"},{\"@type\":\"ListItem\",\"position\":5,\"name\":\"Clarinet\"}]},{\"@type\":\"WebSite\",\"@id\":\"https:\\\/\\\/www.conservatorialcoi.com\\\/#website\",\"url\":\"https:\\\/\\\/www.conservatorialcoi.com\\\/\",\"name\":\"Conservatori Professional de M\u00fasica Juan Cant\u00f3 en Alcoi\",\"description\":\"\",\"potentialAction\":[{\"@type\":\"SearchAction\",\"target\":{\"@type\":\"EntryPoint\",\"urlTemplate\":\"https:\\\/\\\/www.conservatorialcoi.com\\\/?s={search_term_string}\"},\"query-input\":{\"@type\":\"PropertyValueSpecification\",\"valueRequired\":true,\"valueName\":\"search_term_string\"}}],\"inLanguage\":\"ca\"}]}<\/script>\n<!-- \/ Yoast SEO plugin. -->","yoast_head_json":{"title":"Clarinet - Conservatori Professional de M\u00fasica Juan Cant\u00f3 en Alcoi","robots":{"index":"index","follow":"follow","max-snippet":"max-snippet:-1","max-image-preview":"max-image-preview:large","max-video-preview":"max-video-preview:-1"},"canonical":"https:\/\/www.conservatorialcoi.com\/ca\/informacio-academica\/ensenanza-elemental\/contenidos-terminales-por-asignaturas\/clarinet\/","og_locale":"ca_ES","og_type":"article","og_title":"Clarinet - Conservatori Professional de M\u00fasica Juan Cant\u00f3 en Alcoi","og_description":"[et_pb_section bb_built=&#8221;1&#8243; admin_label=&#8221;section&#8221; _builder_version=&#8221;3.0.47&#8243;][et_pb_row admin_label=&#8221;row&#8221; _builder_version=&#8221;3.0.47&#8243; background_size=&#8221;initial&#8221; background_position=&#8221;top_left&#8221; background_repeat=&#8221;repeat&#8221;][et_pb_column type=&#8221;4_4&#8243;][et_pb_text admin_label=&#8221;Text&#8221; _builder_version=&#8221;3.0.51&#8243; background_size=&#8221;initial&#8221; background_position=&#8221;top_left&#8221; background_repeat=&#8221;repeat&#8221; background_layout=&#8221;light&#8221; text_orientation=&#8221;left&#8221; border_style=&#8221;solid&#8221;] clarinet ACC\u00c9S 2n E.E. PROVA A: (Veure prova de Llenguatge Musical) PROVA B: Lectura d&#8217;un obra a primera vista amb les seg\u00fcents caracter\u00edstiques: CONTINGUTS I CRITERIS D&#8217;AVALUACI\u00d3: \u2022\u00a0 \u00a0El tempo ser\u00e0 moderato o si \u00e9s el cas, [&hellip;]","og_url":"https:\/\/www.conservatorialcoi.com\/ca\/informacio-academica\/ensenanza-elemental\/contenidos-terminales-por-asignaturas\/clarinet\/","og_site_name":"Conservatori Professional de M\u00fasica Juan Cant\u00f3 en Alcoi","article_modified_time":"2024-07-01T11:33:15+00:00","twitter_card":"summary_large_image","twitter_misc":{"Temps estimat de lectura":"4 minuts"},"schema":{"@context":"https:\/\/schema.org","@graph":[{"@type":"WebPage","@id":"https:\/\/www.conservatorialcoi.com\/ca\/informacio-academica\/ensenanza-elemental\/contenidos-terminales-por-asignaturas\/clarinet\/","url":"https:\/\/www.conservatorialcoi.com\/ca\/informacio-academica\/ensenanza-elemental\/contenidos-terminales-por-asignaturas\/clarinet\/","name":"Clarinet - Conservatori Professional de M\u00fasica Juan Cant\u00f3 en Alcoi","isPartOf":{"@id":"https:\/\/www.conservatorialcoi.com\/#website"},"datePublished":"2019-02-27T15:04:38+00:00","dateModified":"2024-07-01T11:33:15+00:00","breadcrumb":{"@id":"https:\/\/www.conservatorialcoi.com\/ca\/informacio-academica\/ensenanza-elemental\/contenidos-terminales-por-asignaturas\/clarinet\/#breadcrumb"},"inLanguage":"ca","potentialAction":[{"@type":"ReadAction","target":["https:\/\/www.conservatorialcoi.com\/ca\/informacio-academica\/ensenanza-elemental\/contenidos-terminales-por-asignaturas\/clarinet\/"]}]},{"@type":"BreadcrumbList","@id":"https:\/\/www.conservatorialcoi.com\/ca\/informacio-academica\/ensenanza-elemental\/contenidos-terminales-por-asignaturas\/clarinet\/#breadcrumb","itemListElement":[{"@type":"ListItem","position":1,"name":"Portada","item":"https:\/\/www.conservatorialcoi.com\/ca\/"},{"@type":"ListItem","position":2,"name":"Informaci\u00f3 acad\u00e8mica","item":"https:\/\/www.conservatorialcoi.com\/ca\/informacio-academica\/"},{"@type":"ListItem","position":3,"name":"Ensenyaments Elementals","item":"https:\/\/www.conservatorialcoi.com\/ca\/informacio-academica\/ensenanza-elemental\/"},{"@type":"ListItem","position":4,"name":"Continguts terminals per assignatures","item":"https:\/\/www.conservatorialcoi.com\/ca\/informacio-academica\/ensenanza-elemental\/contenidos-terminales-por-asignaturas\/"},{"@type":"ListItem","position":5,"name":"Clarinet"}]},{"@type":"WebSite","@id":"https:\/\/www.conservatorialcoi.com\/#website","url":"https:\/\/www.conservatorialcoi.com\/","name":"Conservatori Professional de M\u00fasica Juan Cant\u00f3 en Alcoi","description":"","potentialAction":[{"@type":"SearchAction","target":{"@type":"EntryPoint","urlTemplate":"https:\/\/www.conservatorialcoi.com\/?s={search_term_string}"},"query-input":{"@type":"PropertyValueSpecification","valueRequired":true,"valueName":"search_term_string"}}],"inLanguage":"ca"}]}},"_links":{"self":[{"href":"https:\/\/www.conservatorialcoi.com\/ca\/wp-json\/wp\/v2\/pages\/1283","targetHints":{"allow":["GET"]}}],"collection":[{"href":"https:\/\/www.conservatorialcoi.com\/ca\/wp-json\/wp\/v2\/pages"}],"about":[{"href":"https:\/\/www.conservatorialcoi.com\/ca\/wp-json\/wp\/v2\/types\/page"}],"author":[{"embeddable":true,"href":"https:\/\/www.conservatorialcoi.com\/ca\/wp-json\/wp\/v2\/users\/1"}],"replies":[{"embeddable":true,"href":"https:\/\/www.conservatorialcoi.com\/ca\/wp-json\/wp\/v2\/comments?post=1283"}],"version-history":[{"count":18,"href":"https:\/\/www.conservatorialcoi.com\/ca\/wp-json\/wp\/v2\/pages\/1283\/revisions"}],"predecessor-version":[{"id":9041,"href":"https:\/\/www.conservatorialcoi.com\/ca\/wp-json\/wp\/v2\/pages\/1283\/revisions\/9041"}],"up":[{"embeddable":true,"href":"https:\/\/www.conservatorialcoi.com\/ca\/wp-json\/wp\/v2\/pages\/1201"}],"wp:attachment":[{"href":"https:\/\/www.conservatorialcoi.com\/ca\/wp-json\/wp\/v2\/media?parent=1283"}],"curies":[{"name":"wp","href":"https:\/\/api.w.org\/{rel}","templated":true}]}}