{"id":1235,"date":"2018-09-12T07:04:38","date_gmt":"2018-09-12T07:04:38","guid":{"rendered":"https:\/\/www.conservatorialcoi.com\/\/secretaria\/convalidaciones\/"},"modified":"2022-10-11T18:14:22","modified_gmt":"2022-10-11T18:14:22","slug":"convalidaciones","status":"publish","type":"page","link":"https:\/\/www.conservatorialcoi.com\/ca\/secretaria\/convalidaciones\/","title":{"rendered":"Convalidacions"},"content":{"rendered":"<p>[et_pb_section bb_built=&#8221;1&#8243; admin_label=&#8221;section&#8221; _builder_version=&#8221;3.0.47&#8243;][et_pb_row admin_label=&#8221;row&#8221; _builder_version=&#8221;3.0.47&#8243; background_size=&#8221;initial&#8221; background_position=&#8221;top_left&#8221; background_repeat=&#8221;repeat&#8221;][et_pb_column type=&#8221;4_4&#8243;][et_pb_text admin_label=&#8221;Texto&#8221; _builder_version=&#8221;3.0.51&#8243; background_layout=&#8221;light&#8221; text_orientation=&#8221;left&#8221; border_style=&#8221;solid&#8221;]<\/p>\n<h2 style=\"text-align: center;\">Convalidacions i execciones entre els ensenyaments generals.<\/h2>\n<h3 style=\"text-align: center;\">(ESO i Batxillerat) i el Conservatori<\/h3>\n<p>&nbsp;<\/p>\n<p>En aquesta secci\u00f3 trobareu informaci\u00f3 sobre les possibles convalidacions a sol\u00b7licitar entre assignatures cursades en el Conservatori i determinades assignatures del curr\u00edculum d&#8217;ESO i Batxillerat.<\/p>\n<p>Termini de presentaci\u00f3 : fins al dia <strong>31 d&#8217;octubre<\/strong> de l&#8217;*any en curs.<\/p>\n<ul>\n<li><a href=\"http:\/\/www.ceice.gva.es\/web\/ensenanzas-regimen-especial\/convalidaciones\">Convalidacions.<\/a><\/li>\n<li><a href=\"https:\/\/www.gva.es\/es\/inicio\/procedimientos?id_proc=15490\">Detall de procediments.<\/a><\/li>\n<li><a href=\"http:\/\/www.ceice.gva.es\/es\/web\/ordenacion-academica\/secundaria\/normativa\/procedimientos\" target=\"_blank\" rel=\"noopener noreferrer\">Procediments de convalidaci\u00f3 de mat\u00e8ties.<\/a><\/li>\n<li><a href=\"https:\/\/www.gva.es\/downloads\/publicados\/IN\/18541_BI.pdf\">Annex X-Sol-licitud per a la convalidaci\u00f3 d&#8217;assignatures dels Ensenyaments Professionals de M\u00fasica amb mat\u00e8ries de Batxillerat.<\/a><\/li>\n<li><a href=\"https:\/\/www.boe.es\/buscar\/pdf\/2009\/BOE-A-2009-3424-consolidado.pdf\">BOE-Reial Decret 242\/2009 pel qual s&#8217;estableixen convalidacions entre els Ensenyaments Professionals de M\u00fasica i Dansa i l&#8217;Educaci\u00f3 Secund\u00e0ria obligat\u00f2ria i el Batxillerat.<\/a><br \/>\n<h2 class=\"portlet-title-text\"><\/h2>\n<\/li>\n<\/ul>\n<p>&nbsp;<\/p>\n<p>&nbsp;<\/p>\n<p>[\/et_pb_text][\/et_pb_column][\/et_pb_row][\/et_pb_section]<\/p>\n","protected":false},"excerpt":{"rendered":"<p>[et_pb_section bb_built=&#8221;1&#8243; admin_label=&#8221;section&#8221; _builder_version=&#8221;3.0.47&#8243;][et_pb_row admin_label=&#8221;row&#8221; _builder_version=&#8221;3.0.47&#8243; background_size=&#8221;initial&#8221; background_position=&#8221;top_left&#8221; background_repeat=&#8221;repeat&#8221;][et_pb_column type=&#8221;4_4&#8243;][et_pb_text admin_label=&#8221;Texto&#8221; _builder_version=&#8221;3.0.51&#8243; background_layout=&#8221;light&#8221; text_orientation=&#8221;left&#8221; border_style=&#8221;solid&#8221;] Convalidacions i execciones entre els ensenyaments generals. (ESO i Batxillerat) i el Conservatori &nbsp; En aquesta secci\u00f3 trobareu informaci\u00f3 sobre les possibles convalidacions a sol\u00b7licitar entre assignatures cursades en el Conservatori i determinades assignatures del curr\u00edculum d&#8217;ESO i Batxillerat. Termini [&hellip;]<\/p>\n","protected":false},"author":1,"featured_media":0,"parent":1197,"menu_order":0,"comment_status":"closed","ping_status":"closed","template":"","meta":{"footnotes":""},"class_list":["post-1235","page","type-page","status-publish","hentry"],"yoast_head":"<!-- This site is optimized with the Yoast SEO plugin v27.3 - https:\/\/yoast.com\/product\/yoast-seo-wordpress\/ -->\n<title>Convalidacions - Conservatori Professional de M\u00fasica Juan Cant\u00f3 en Alcoi<\/title>\n<meta name=\"robots\" content=\"index, follow, max-snippet:-1, max-image-preview:large, max-video-preview:-1\" \/>\n<link rel=\"canonical\" href=\"https:\/\/www.conservatorialcoi.com\/ca\/secretaria\/convalidaciones\/\" \/>\n<meta property=\"og:locale\" content=\"ca_ES\" \/>\n<meta property=\"og:type\" content=\"article\" \/>\n<meta property=\"og:title\" content=\"Convalidacions - Conservatori Professional de M\u00fasica Juan Cant\u00f3 en Alcoi\" \/>\n<meta property=\"og:description\" content=\"[et_pb_section bb_built=&#8221;1&#8243; admin_label=&#8221;section&#8221; _builder_version=&#8221;3.0.47&#8243;][et_pb_row admin_label=&#8221;row&#8221; _builder_version=&#8221;3.0.47&#8243; background_size=&#8221;initial&#8221; background_position=&#8221;top_left&#8221; background_repeat=&#8221;repeat&#8221;][et_pb_column type=&#8221;4_4&#8243;][et_pb_text admin_label=&#8221;Texto&#8221; _builder_version=&#8221;3.0.51&#8243; background_layout=&#8221;light&#8221; text_orientation=&#8221;left&#8221; border_style=&#8221;solid&#8221;] Convalidacions i execciones entre els ensenyaments generals. (ESO i Batxillerat) i el Conservatori &nbsp; En aquesta secci\u00f3 trobareu informaci\u00f3 sobre les possibles convalidacions a sol\u00b7licitar entre assignatures cursades en el Conservatori i determinades assignatures del curr\u00edculum d&#8217;ESO i Batxillerat. Termini [&hellip;]\" \/>\n<meta property=\"og:url\" content=\"https:\/\/www.conservatorialcoi.com\/ca\/secretaria\/convalidaciones\/\" \/>\n<meta property=\"og:site_name\" content=\"Conservatori Professional de M\u00fasica Juan Cant\u00f3 en Alcoi\" \/>\n<meta property=\"article:modified_time\" content=\"2022-10-11T18:14:22+00:00\" \/>\n<meta name=\"twitter:card\" content=\"summary_large_image\" \/>\n<meta name=\"twitter:label1\" content=\"Temps estimat de lectura\" \/>\n\t<meta name=\"twitter:data1\" content=\"1 minut\" \/>\n<script type=\"application\/ld+json\" class=\"yoast-schema-graph\">{\"@context\":\"https:\\\/\\\/schema.org\",\"@graph\":[{\"@type\":\"WebPage\",\"@id\":\"https:\\\/\\\/www.conservatorialcoi.com\\\/ca\\\/secretaria\\\/convalidaciones\\\/\",\"url\":\"https:\\\/\\\/www.conservatorialcoi.com\\\/ca\\\/secretaria\\\/convalidaciones\\\/\",\"name\":\"Convalidacions - Conservatori Professional de M\u00fasica Juan Cant\u00f3 en Alcoi\",\"isPartOf\":{\"@id\":\"https:\\\/\\\/www.conservatorialcoi.com\\\/#website\"},\"datePublished\":\"2018-09-12T07:04:38+00:00\",\"dateModified\":\"2022-10-11T18:14:22+00:00\",\"breadcrumb\":{\"@id\":\"https:\\\/\\\/www.conservatorialcoi.com\\\/ca\\\/secretaria\\\/convalidaciones\\\/#breadcrumb\"},\"inLanguage\":\"ca\",\"potentialAction\":[{\"@type\":\"ReadAction\",\"target\":[\"https:\\\/\\\/www.conservatorialcoi.com\\\/ca\\\/secretaria\\\/convalidaciones\\\/\"]}]},{\"@type\":\"BreadcrumbList\",\"@id\":\"https:\\\/\\\/www.conservatorialcoi.com\\\/ca\\\/secretaria\\\/convalidaciones\\\/#breadcrumb\",\"itemListElement\":[{\"@type\":\"ListItem\",\"position\":1,\"name\":\"Portada\",\"item\":\"https:\\\/\\\/www.conservatorialcoi.com\\\/ca\\\/\"},{\"@type\":\"ListItem\",\"position\":2,\"name\":\"Secretar\u00eda\",\"item\":\"https:\\\/\\\/www.conservatorialcoi.com\\\/ca\\\/secretaria\\\/\"},{\"@type\":\"ListItem\",\"position\":3,\"name\":\"Convalidacions\"}]},{\"@type\":\"WebSite\",\"@id\":\"https:\\\/\\\/www.conservatorialcoi.com\\\/#website\",\"url\":\"https:\\\/\\\/www.conservatorialcoi.com\\\/\",\"name\":\"Conservatori Professional de M\u00fasica Juan Cant\u00f3 en Alcoi\",\"description\":\"\",\"potentialAction\":[{\"@type\":\"SearchAction\",\"target\":{\"@type\":\"EntryPoint\",\"urlTemplate\":\"https:\\\/\\\/www.conservatorialcoi.com\\\/?s={search_term_string}\"},\"query-input\":{\"@type\":\"PropertyValueSpecification\",\"valueRequired\":true,\"valueName\":\"search_term_string\"}}],\"inLanguage\":\"ca\"}]}<\/script>\n<!-- \/ Yoast SEO plugin. -->","yoast_head_json":{"title":"Convalidacions - Conservatori Professional de M\u00fasica Juan Cant\u00f3 en Alcoi","robots":{"index":"index","follow":"follow","max-snippet":"max-snippet:-1","max-image-preview":"max-image-preview:large","max-video-preview":"max-video-preview:-1"},"canonical":"https:\/\/www.conservatorialcoi.com\/ca\/secretaria\/convalidaciones\/","og_locale":"ca_ES","og_type":"article","og_title":"Convalidacions - Conservatori Professional de M\u00fasica Juan Cant\u00f3 en Alcoi","og_description":"[et_pb_section bb_built=&#8221;1&#8243; admin_label=&#8221;section&#8221; _builder_version=&#8221;3.0.47&#8243;][et_pb_row admin_label=&#8221;row&#8221; _builder_version=&#8221;3.0.47&#8243; background_size=&#8221;initial&#8221; background_position=&#8221;top_left&#8221; background_repeat=&#8221;repeat&#8221;][et_pb_column type=&#8221;4_4&#8243;][et_pb_text admin_label=&#8221;Texto&#8221; _builder_version=&#8221;3.0.51&#8243; background_layout=&#8221;light&#8221; text_orientation=&#8221;left&#8221; border_style=&#8221;solid&#8221;] Convalidacions i execciones entre els ensenyaments generals. (ESO i Batxillerat) i el Conservatori &nbsp; En aquesta secci\u00f3 trobareu informaci\u00f3 sobre les possibles convalidacions a sol\u00b7licitar entre assignatures cursades en el Conservatori i determinades assignatures del curr\u00edculum d&#8217;ESO i Batxillerat. Termini [&hellip;]","og_url":"https:\/\/www.conservatorialcoi.com\/ca\/secretaria\/convalidaciones\/","og_site_name":"Conservatori Professional de M\u00fasica Juan Cant\u00f3 en Alcoi","article_modified_time":"2022-10-11T18:14:22+00:00","twitter_card":"summary_large_image","twitter_misc":{"Temps estimat de lectura":"1 minut"},"schema":{"@context":"https:\/\/schema.org","@graph":[{"@type":"WebPage","@id":"https:\/\/www.conservatorialcoi.com\/ca\/secretaria\/convalidaciones\/","url":"https:\/\/www.conservatorialcoi.com\/ca\/secretaria\/convalidaciones\/","name":"Convalidacions - Conservatori Professional de M\u00fasica Juan Cant\u00f3 en Alcoi","isPartOf":{"@id":"https:\/\/www.conservatorialcoi.com\/#website"},"datePublished":"2018-09-12T07:04:38+00:00","dateModified":"2022-10-11T18:14:22+00:00","breadcrumb":{"@id":"https:\/\/www.conservatorialcoi.com\/ca\/secretaria\/convalidaciones\/#breadcrumb"},"inLanguage":"ca","potentialAction":[{"@type":"ReadAction","target":["https:\/\/www.conservatorialcoi.com\/ca\/secretaria\/convalidaciones\/"]}]},{"@type":"BreadcrumbList","@id":"https:\/\/www.conservatorialcoi.com\/ca\/secretaria\/convalidaciones\/#breadcrumb","itemListElement":[{"@type":"ListItem","position":1,"name":"Portada","item":"https:\/\/www.conservatorialcoi.com\/ca\/"},{"@type":"ListItem","position":2,"name":"Secretar\u00eda","item":"https:\/\/www.conservatorialcoi.com\/ca\/secretaria\/"},{"@type":"ListItem","position":3,"name":"Convalidacions"}]},{"@type":"WebSite","@id":"https:\/\/www.conservatorialcoi.com\/#website","url":"https:\/\/www.conservatorialcoi.com\/","name":"Conservatori Professional de M\u00fasica Juan Cant\u00f3 en Alcoi","description":"","potentialAction":[{"@type":"SearchAction","target":{"@type":"EntryPoint","urlTemplate":"https:\/\/www.conservatorialcoi.com\/?s={search_term_string}"},"query-input":{"@type":"PropertyValueSpecification","valueRequired":true,"valueName":"search_term_string"}}],"inLanguage":"ca"}]}},"_links":{"self":[{"href":"https:\/\/www.conservatorialcoi.com\/ca\/wp-json\/wp\/v2\/pages\/1235","targetHints":{"allow":["GET"]}}],"collection":[{"href":"https:\/\/www.conservatorialcoi.com\/ca\/wp-json\/wp\/v2\/pages"}],"about":[{"href":"https:\/\/www.conservatorialcoi.com\/ca\/wp-json\/wp\/v2\/types\/page"}],"author":[{"embeddable":true,"href":"https:\/\/www.conservatorialcoi.com\/ca\/wp-json\/wp\/v2\/users\/1"}],"replies":[{"embeddable":true,"href":"https:\/\/www.conservatorialcoi.com\/ca\/wp-json\/wp\/v2\/comments?post=1235"}],"version-history":[{"count":18,"href":"https:\/\/www.conservatorialcoi.com\/ca\/wp-json\/wp\/v2\/pages\/1235\/revisions"}],"predecessor-version":[{"id":7175,"href":"https:\/\/www.conservatorialcoi.com\/ca\/wp-json\/wp\/v2\/pages\/1235\/revisions\/7175"}],"up":[{"embeddable":true,"href":"https:\/\/www.conservatorialcoi.com\/ca\/wp-json\/wp\/v2\/pages\/1197"}],"wp:attachment":[{"href":"https:\/\/www.conservatorialcoi.com\/ca\/wp-json\/wp\/v2\/media?parent=1235"}],"curies":[{"name":"wp","href":"https:\/\/api.w.org\/{rel}","templated":true}]}}