{"id":1211,"date":"2019-02-15T08:47:13","date_gmt":"2019-02-15T08:47:13","guid":{"rendered":"https:\/\/www.conservatorialcoi.com\/\/informacion-academica\/ensenanza-elemental\/contenidos-terminales-por-asignaturas\/trompeta\/"},"modified":"2026-05-06T07:43:58","modified_gmt":"2026-05-06T07:43:58","slug":"trompeta","status":"publish","type":"page","link":"https:\/\/www.conservatorialcoi.com\/ca\/informacio-academica\/ensenanza-elemental\/contenidos-terminales-por-asignaturas\/trompeta\/","title":{"rendered":"Trompeta"},"content":{"rendered":"<p>[et_pb_section bb_built=&#8221;1&#8243; admin_label=&#8221;section&#8221;][et_pb_row admin_label=&#8221;row&#8221; background_position=&#8221;top_left&#8221; background_repeat=&#8221;repeat&#8221; background_size=&#8221;initial&#8221;][et_pb_column type=&#8221;4_4&#8243;][et_pb_text admin_label=&#8221;Texto&#8221; _builder_version=&#8221;3.0.51&#8243; background_layout=&#8221;light&#8221; text_orientation=&#8221;left&#8221; border_style=&#8221;solid&#8221;]<\/p>\n<p><span style=\"color: #ff0000;\">Orde realitzaci\u00f3 de les proves per a tots els cursos:<\/span><\/p>\n<p>La prova constar\u00e0 de dos apartats: pr\u00e0ctica instrumental i llenguatge musical, organitzats del mode<\/p>\n<p>seg\u00fcent:<\/p>\n<p><strong>a) Pr\u00e0ctica instrumental.<\/strong><\/p>\n<p>Es compondr\u00e0 dels seg\u00fcents subapartats:<\/p>\n<p>a.1) Interpretaci\u00f3.<\/p>\n<p>La persona aspirant haur\u00e0 de presentar un programa de tres obres o moviments de diferent estil, amb un nivell igual o superior a l\u2019establit com a final del curs precedent al qual opta.<\/p>\n<p>El tribunal determinar\u00e0 quines obres, parts o fragments s\u2019interpretaran.<\/p>\n<p>Es valorar\u00e0 la interpretaci\u00f3 de mem\u00f2ria.<\/p>\n<p>a.2) Lectura a primera vista.<\/p>\n<p>Consistir\u00e0 en la interpretaci\u00f3 a primera vista d\u2019un fragment el contingut del qual no ser\u00e0 superior al nivell fixat per a la finalitzaci\u00f3 del curs precedent al sol\u00b7licitat.<\/p>\n<p><strong>b) Llenguatge musical.<\/strong><\/p>\n<p>Inclour\u00e0 exercicis de lectura r\u00edtmica, lectura mel\u00f2dica, teoria de la m\u00fasica i dictat musical, ajustats als continguts finals del curs precedent al qual opta la persona aspirant.<\/p>\n<table style=\"width: 100%;\" border=\"1\" cellpadding=\"8\">\n<tbody>\n<tr>\n<td style=\"text-align: center;\"><strong>DEPARTAMENT<\/strong><\/td>\n<td style=\"text-align: center;\"><strong>ESPECIALITAT<\/strong><\/td>\n<td style=\"text-align: center;\"><strong>CURS<\/strong><\/td>\n<\/tr>\n<tr>\n<td style=\"text-align: center;\">Vent-Metall i percussi\u00f3<\/td>\n<td style=\"text-align: center;\">Trompeta<\/td>\n<td style=\"text-align: center;\">ACC\u00c9S 2\u00b0 E.E.<\/td>\n<\/tr>\n<\/tbody>\n<\/table>\n<p><u><strong>PROVA A: <\/strong>Pr\u00e0ctica instrumental<\/u><\/p>\n<p><strong>OBRES ORIENTATIVES:<\/strong><\/p>\n<ul>\n<li>Au Chateau,\u00a0 deW. Dorsslaer<\/li>\n<li>Premier , L. Picavais<\/li>\n<li>El Trompetista Principiant, Kezdok Szamara N\u00fameros 1, 2 i 3.<\/li>\n<li>Premier, Armant Ghi<\/li>\n<\/ul>\n<p><strong>CONTINGUTS:<\/strong><\/p>\n<ul>\n<li>El pianista acompanyant a elecci\u00f3 del<\/li>\n<li>Tonalitats fins a 1 alteraci\u00f3. (Majors i menors).<\/li>\n<li>Compassos: 4\/4, 2\/4,3\/4<\/li>\n<li>Figures r\u00edtmiques de nota i silenci: redona, blanca, negra,<\/li>\n<li>Articulaci\u00f3 i Accentuaci\u00f3: Lligat, Picat simple, Picat-Lligat,<\/li>\n<li>Din\u00e0miques de p, mf i f amb reguladors, crescendo i diminuendos.<\/li>\n<li>Ag\u00f3gica: Adagio, Andante,<\/li>\n<li>Registre: LA 2 a l&#8217; MI 4.<\/li>\n<li>Embocadura:<\/li>\n<\/ul>\n<ul>\n<li>Controlar l&#8217;aire mitjan\u00e7ant la respiraci\u00f3 diafragm\u00e0tica.<\/li>\n<li>Demostrar el domini en l&#8217;execuci\u00f3 sense deslligar els aspectes t\u00e8cnics de els<\/li>\n<li>Saber utilitzar amb precisi\u00f3 els reflexos necessaris per a corregir l&#8217;afinaci\u00f3 i la qualitat del so.<\/li>\n<li>Demostrar la comprensi\u00f3 i pr\u00e0ctica de les articulacions b\u00e0siques i els termes de ag\u00f3gica i din\u00e0mica.<\/li>\n<\/ul>\n<p><u>Lectura d&#8217;una obra a <strong>primera vista<\/strong> amb les seg\u00fcents caracter\u00edstiques:<\/u><\/p>\n<p><strong>CONTINGUTS:<\/strong><\/p>\n<ul>\n<li>Extensi\u00f3: Aproximadament fins a 20 compassos (amb alteracions accidentals).<\/li>\n<li>Tonalitats fins a 1 alteraci\u00f3.<\/li>\n<li>Compassos: 4\/4, 2\/4,3\/4,<\/li>\n<li>Figures r\u00edtmiques de nota i silenci: redona, blanca, negra,<\/li>\n<li>Articulaci\u00f3 i Accentuaci\u00f3: Lligat, Picat simple, Picat-Lligat,<\/li>\n<li>Din\u00e0miques de p, mf i f amb reguladors, crescendo i<\/li>\n<li>Ag\u00f3gica: Adagio, Andante,<\/li>\n<li>Registre: LA 2 a l&#8217; MI 4.<\/li>\n<\/ul>\n<p><strong>CRITERIS D&#8217;AVALUACI\u00d3:<\/strong><\/p>\n<ul>\n<li>Adoptar una correcta posici\u00f3 del cos i instrument, aix\u00ed com una correcta posici\u00f3 de l&#8217;embocadura.<\/li>\n<li>Controlar l&#8217;aire mitjan\u00e7ant la respiraci\u00f3 diafragm\u00e0tica.<\/li>\n<li>Demostrar el domini en l&#8217;execuci\u00f3 sense deslligar els aspectes t\u00e8cnics dels musicals.<\/li>\n<li>Saber utilitzar amb precisi\u00f3 els reflexos necessaris per a corregir l&#8217;afinaci\u00f3 i la qualitat del so.<\/li>\n<li>Demostrar la comprensi\u00f3 i pr\u00e0ctica de les articulacions b\u00e0siques i els termes de ag\u00f3gica i din\u00e0mica.<\/li>\n<\/ul>\n<p><u><strong>PROVA B:<\/strong> (veure prova de llenguatge musical).<\/u><\/p>\n<table style=\"width: 100%;\" border=\"1\" cellpadding=\"8\">\n<tbody>\n<tr>\n<td style=\"text-align: center;\"><strong>DEPARTAMENT<\/strong><\/td>\n<td style=\"text-align: center;\"><strong>ESPECIALITAT<\/strong><\/td>\n<td style=\"text-align: center;\"><strong>CURS<\/strong><\/td>\n<\/tr>\n<tr>\n<td style=\"text-align: center;\">Vent-Metall i percussi\u00f3<\/td>\n<td style=\"text-align: center;\">Trompeta<\/td>\n<td style=\"text-align: center;\">ACC\u00c9S 3\u00b0 E.E.<\/td>\n<\/tr>\n<\/tbody>\n<\/table>\n<p><u><strong>PROVA A: <\/strong>Pr\u00e0ctica instrumental<\/u><\/p>\n<p><strong>OBRES ORIENTATIVES:<\/strong><\/p>\n<ul>\n<li>Vers L\u2019avenirs, L. Picavais<\/li>\n<li>El Trompetista , Kezdok Szmara. N\u00famero 4, 5 , 6 i 8.<\/li>\n<li>Pirouette, .P. Bigot.<\/li>\n<li>A Fabulous Day, Armant Ghidoni<\/li>\n<\/ul>\n<p><strong>CONTINGUTS:<\/strong><\/p>\n<ul>\n<li>El pianista acompanyant a elecci\u00f3 de l&#8217;aspirant.<\/li>\n<li>Tonalitats fins a 2 alteracions (Majors i menors).<\/li>\n<li>Compassos: 4\/4, 2\/2, 2\/4,3\/4, 3\/8, 6\/8.<\/li>\n<li>Figures r\u00edtmiques de nota i silenci: redona, blanca, negra, corxera, semicorxera, el \u201cpuntillo\u201d.<\/li>\n<li>Valoracions irregulars: Tresillos de corxera.<\/li>\n<li>Articulaci\u00f3 i Accentuaci\u00f3: Lligat, Picat simple, Picat-Lligat, Stacatto, Sforzando i Tenuto.<\/li>\n<li>Din\u00e0miques de p, mf i f amb reguladors, crescendo i diminuendos.<\/li>\n<li>Ag\u00f3gica: Adagio, Andante, Moderato, Allegro.<\/li>\n<li>Registre:FA# 2 al SOL 4<\/li>\n<li>.Embocadura:<\/li>\n<\/ul>\n<ul>\n<li>Controlar l&#8217;aire mitjan\u00e7ant la respiraci\u00f3 diafragm\u00e0tica.<\/li>\n<li>Demostrar el domini en l&#8217;execuci\u00f3 sense deslligar els aspectes t\u00e8cnics de els<\/li>\n<li>Saber utilitzar amb precisi\u00f3 els reflexos necessaris per a corregir l&#8217;afinaci\u00f3 i la qualitat del so.<\/li>\n<li>Demostrar la comprensi\u00f3 i pr\u00e0ctica de les articulacions b\u00e0siques i els termes de ag\u00f3gica i din\u00e0mica.<\/li>\n<\/ul>\n<p>&nbsp;<\/p>\n<p><u>Lectura d&#8217;una obra a <strong>primera vista<\/strong> amb les seg\u00fcents caracter\u00edstiques:<\/u><\/p>\n<p><strong>CONTINGUTS:<\/strong><\/p>\n<ul>\n<li>Extensi\u00f3: Aproximadament fins a 20 compassos (amb alteracions accidentals).<\/li>\n<li>Tonalitats fins a 2 alteracions (Majors i menors).<\/li>\n<li>Compassos: 4\/4, 2\/2, 2\/4,3\/4, 3\/8, 6\/8<\/li>\n<li>Figures r\u00edtmiques de nota i silenci: redona, blanca, negra, corxera, semicorxera, el \u201cpuntillo\u201d.<\/li>\n<li>Valoracions irregulars: Tresillos de corxera .<\/li>\n<li>Articulaci\u00f3 i Accentuaci\u00f3: Lligat, Picat simple, Picat-Lligat, Stacatto, Sforzando Tenuto.<\/li>\n<li>Din\u00e0miques de p, mf i f amb reguladors, crescendo i diminuendos.<\/li>\n<li>Ag\u00f3gica: Adagio, Andante, Moderato, Allegro.<\/li>\n<li>Registre: FA# 2 al SOL 4.<\/li>\n<\/ul>\n<p><strong>CRITERIS D&#8217;AVALUACI\u00d3:<\/strong><\/p>\n<ul>\n<li>Adoptar una correcta posici\u00f3 del cos i instrument, aix\u00ed com una correcta posici\u00f3 de l&#8217;embocadura.<\/li>\n<li>Controlar l&#8217;aire mitjan\u00e7ant la respiraci\u00f3 diafragm\u00e0tica.<\/li>\n<li>Demostrar el domini en l&#8217;execuci\u00f3 sense deslligar els aspectes t\u00e8cnics dels musicals.<\/li>\n<li>Saber utilitzar amb precisi\u00f3 els reflexos necessaris per a corregir l&#8217;afinaci\u00f3 i la qualitat del so.<\/li>\n<li>Demostrar la comprensi\u00f3 i pr\u00e0ctica de les articulacions b\u00e0siques i els termes de ag\u00f3gica i din\u00e0mica.<\/li>\n<\/ul>\n<p><u><strong>PROVA B:<\/strong> (veure prova de llenguatge musical).<\/u><\/p>\n<table style=\"width: 100%;\" border=\"1\" cellpadding=\"8\">\n<tbody>\n<tr>\n<td style=\"text-align: center;\"><strong>DEPARTAMENT<\/strong><\/td>\n<td style=\"text-align: center;\"><strong>ESPECIALITAT<\/strong><\/td>\n<td style=\"text-align: center;\"><strong>CURS<\/strong><\/td>\n<\/tr>\n<tr>\n<td style=\"text-align: center;\">Vent-Metall i percussi\u00f3<\/td>\n<td style=\"text-align: center;\">Trompeta<\/td>\n<td style=\"text-align: center;\">ACC\u00c9S 4\u00b0 E.E.<\/td>\n<\/tr>\n<\/tbody>\n<\/table>\n<p><u><strong>PROVA A: <\/strong>Pr\u00e0ctica instrumental<\/u><\/p>\n<p><strong>OBRES ORIENTATIVES:<\/strong><\/p>\n<ul>\n<li>Sonata n\u00fam, J. Hook<\/li>\n<li>\u00a0Minute, F. Constant<\/li>\n<li>\u00c0ria \u201cBist du Bei Mir\u201d, Bach\/Fitzgerald<\/li>\n<li>Errant et Allegro , E. Braudier<\/li>\n<li>Corindon, Empereur de, C.H. Joubert<\/li>\n<li>Four Little ,\u00a0 G. Jacob<\/li>\n<li>Siciliene, G. Faur\u00e9<\/li>\n<\/ul>\n<p><strong>CONTINGUTS:<\/strong><\/p>\n<ul>\n<li>El pianista acompanyant a elecci\u00f3 de l&#8217;aspirant.<\/li>\n<li>Tonalitats fins a 3 alteracions (Majors i menors).<\/li>\n<li>Compassos: 4\/4, 2\/2, 2\/4,3\/4, 3\/8, 6\/8, 9\/8 i 12\/ 8.<\/li>\n<li>Figures r\u00edtmiques de nota i silenci: rodona, blanca, negra, corxera, semicorxera, el \u201cpuntillo\u201d.<\/li>\n<li>Valoracions irregulars: Tresillos de corxera i semicorxera.<\/li>\n<li>Articulaci\u00f3 i Accentuaci\u00f3: Lligat, Picat simple, Picat-Lligat, Stacatto, Sforzando i Tenuto, Introducci\u00f3 al doble i triple picat.<\/li>\n<li>Din\u00e0miques de pp p, mf i f ff amb reguladors, crescendo i diminuendos.<\/li>\n<li>Ag\u00f3gica: Lent, Adagio, Andante, Moderato, Allegretto, Allegro.<\/li>\n<li>Registre: FA# 2 al LA 4.<\/li>\n<li>Embocadura:<\/li>\n<\/ul>\n<ul>\n<li>Controlar l&#8217;aire mitjan\u00e7ant la respiraci\u00f3 diafragm\u00e0tica.<\/li>\n<li>Demostrar el domini en l&#8217;execuci\u00f3 sense deslligar els aspectes t\u00e8cnics de els<\/li>\n<li>Saber utilitzar amb precisi\u00f3 els reflexos necessaris per a corregir l&#8217;afinaci\u00f3 i la qualitat del so.<\/li>\n<li>Demostrar la comprensi\u00f3 i pr\u00e0ctica de les articulacions b\u00e0siques i els termes de ag\u00f3gica i din\u00e0mica.<\/li>\n<\/ul>\n<p>&nbsp;<\/p>\n<p><u>Lectura d&#8217;una obra a <\/u><u>primera vista amb les seg\u00fcents caracter\u00edstiques:<\/u><\/p>\n<p><strong>CONTINGUTS:<\/strong><\/p>\n<ul>\n<li>Extensi\u00f3: Aproximadament fins a 20 compassos (amb alteracions accidentals).<\/li>\n<li>Tonalitats fins a 3 alteracions (Majors i menors).<\/li>\n<li>Compassos: 4\/4, 2\/2, 2\/4,3\/4, 3\/8, 6\/8, 9\/8 I 12\/8<\/li>\n<li>Figures r\u00edtmiques de nota i silenci: redona, blanca, negra, corxera, semicorxera, el \u201cpuntillo\u201d.<\/li>\n<li>Valoracions irregulars: Tresillos de corxera i semicorxera.<\/li>\n<li>Articulaci\u00f3 i Accentuaci\u00f3: Lligat, Picat simple, Picat-Lligat, Stacatto, Sforzando i Tenuto.<\/li>\n<li>Din\u00e0miques de pp p, mf i f ff amb reguladors, crescendo i diminuendos.<\/li>\n<li>Ag\u00f3gica: Lent, Adagio, Andante, Moderato, Allegretto, Allegro.<\/li>\n<li>Registre: FA# 2 al LA 4.<\/li>\n<\/ul>\n<p><strong>CRITERIS D&#8217;AVALUACI\u00d3:<\/strong><\/p>\n<ul>\n<li>Adoptar una correcta posici\u00f3 del cos i instrument, aix\u00ed com una correcta posici\u00f3 de la<\/li>\n<li>Controlar l&#8217;aire mitjan\u00e7ant la respiraci\u00f3 diafragm\u00e0tica.<\/li>\n<li>Demostrar el domini en l&#8217;execuci\u00f3 sense deslligar els aspectes t\u00e8cnics de els<\/li>\n<li>Saber utilitzar amb precisi\u00f3 els reflexos necessaris per a corregir l&#8217;afinaci\u00f3 i la qualitat del<\/li>\n<li>Demostrar la comprensi\u00f3 i pr\u00e0ctica de les articulacions b\u00e0siques i els termes de ag\u00f3gica i din\u00e0mica.<\/li>\n<\/ul>\n<p><u><strong>PROVA B:<\/strong> (veure prova de llenguatge musical).<\/u><\/p>\n<p>[\/et_pb_text][\/et_pb_column][\/et_pb_row][\/et_pb_section]<\/p>\n","protected":false},"excerpt":{"rendered":"<p>[et_pb_section bb_built=&#8221;1&#8243; admin_label=&#8221;section&#8221;][et_pb_row admin_label=&#8221;row&#8221; background_position=&#8221;top_left&#8221; background_repeat=&#8221;repeat&#8221; background_size=&#8221;initial&#8221;][et_pb_column type=&#8221;4_4&#8243;][et_pb_text admin_label=&#8221;Texto&#8221; _builder_version=&#8221;3.0.51&#8243; background_layout=&#8221;light&#8221; text_orientation=&#8221;left&#8221; border_style=&#8221;solid&#8221;] Orde realitzaci\u00f3 de les proves per a tots els cursos: La prova constar\u00e0 de dos apartats: pr\u00e0ctica instrumental i llenguatge musical, organitzats del mode seg\u00fcent: a) Pr\u00e0ctica instrumental. Es compondr\u00e0 dels seg\u00fcents subapartats: a.1) Interpretaci\u00f3. La persona aspirant haur\u00e0 de presentar un [&hellip;]<\/p>\n","protected":false},"author":1,"featured_media":0,"parent":1201,"menu_order":7,"comment_status":"closed","ping_status":"closed","template":"","meta":{"footnotes":""},"class_list":["post-1211","page","type-page","status-publish","hentry"],"yoast_head":"<!-- This site is optimized with the Yoast SEO plugin v27.3 - https:\/\/yoast.com\/product\/yoast-seo-wordpress\/ -->\n<title>Trompeta - Conservatori Professional de M\u00fasica Juan Cant\u00f3 en Alcoi<\/title>\n<meta name=\"robots\" content=\"index, follow, max-snippet:-1, max-image-preview:large, max-video-preview:-1\" \/>\n<link rel=\"canonical\" href=\"https:\/\/www.conservatorialcoi.com\/ca\/informacio-academica\/ensenanza-elemental\/contenidos-terminales-por-asignaturas\/trompeta\/\" \/>\n<meta property=\"og:locale\" content=\"ca_ES\" \/>\n<meta property=\"og:type\" content=\"article\" \/>\n<meta property=\"og:title\" content=\"Trompeta - Conservatori Professional de M\u00fasica Juan Cant\u00f3 en Alcoi\" \/>\n<meta property=\"og:description\" content=\"[et_pb_section bb_built=&#8221;1&#8243; admin_label=&#8221;section&#8221;][et_pb_row admin_label=&#8221;row&#8221; background_position=&#8221;top_left&#8221; background_repeat=&#8221;repeat&#8221; background_size=&#8221;initial&#8221;][et_pb_column type=&#8221;4_4&#8243;][et_pb_text admin_label=&#8221;Texto&#8221; _builder_version=&#8221;3.0.51&#8243; background_layout=&#8221;light&#8221; text_orientation=&#8221;left&#8221; border_style=&#8221;solid&#8221;] Orde realitzaci\u00f3 de les proves per a tots els cursos: La prova constar\u00e0 de dos apartats: pr\u00e0ctica instrumental i llenguatge musical, organitzats del mode seg\u00fcent: a) Pr\u00e0ctica instrumental. Es compondr\u00e0 dels seg\u00fcents subapartats: a.1) Interpretaci\u00f3. La persona aspirant haur\u00e0 de presentar un [&hellip;]\" \/>\n<meta property=\"og:url\" content=\"https:\/\/www.conservatorialcoi.com\/ca\/informacio-academica\/ensenanza-elemental\/contenidos-terminales-por-asignaturas\/trompeta\/\" \/>\n<meta property=\"og:site_name\" content=\"Conservatori Professional de M\u00fasica Juan Cant\u00f3 en Alcoi\" \/>\n<meta property=\"article:modified_time\" content=\"2026-05-06T07:43:58+00:00\" \/>\n<meta name=\"twitter:card\" content=\"summary_large_image\" \/>\n<meta name=\"twitter:label1\" content=\"Temps estimat de lectura\" \/>\n\t<meta name=\"twitter:data1\" content=\"5 minuts\" \/>\n<script type=\"application\/ld+json\" class=\"yoast-schema-graph\">{\"@context\":\"https:\\\/\\\/schema.org\",\"@graph\":[{\"@type\":\"WebPage\",\"@id\":\"https:\\\/\\\/www.conservatorialcoi.com\\\/ca\\\/informacio-academica\\\/ensenanza-elemental\\\/contenidos-terminales-por-asignaturas\\\/trompeta\\\/\",\"url\":\"https:\\\/\\\/www.conservatorialcoi.com\\\/ca\\\/informacio-academica\\\/ensenanza-elemental\\\/contenidos-terminales-por-asignaturas\\\/trompeta\\\/\",\"name\":\"Trompeta - Conservatori Professional de M\u00fasica Juan Cant\u00f3 en Alcoi\",\"isPartOf\":{\"@id\":\"https:\\\/\\\/www.conservatorialcoi.com\\\/#website\"},\"datePublished\":\"2019-02-15T08:47:13+00:00\",\"dateModified\":\"2026-05-06T07:43:58+00:00\",\"breadcrumb\":{\"@id\":\"https:\\\/\\\/www.conservatorialcoi.com\\\/ca\\\/informacio-academica\\\/ensenanza-elemental\\\/contenidos-terminales-por-asignaturas\\\/trompeta\\\/#breadcrumb\"},\"inLanguage\":\"ca\",\"potentialAction\":[{\"@type\":\"ReadAction\",\"target\":[\"https:\\\/\\\/www.conservatorialcoi.com\\\/ca\\\/informacio-academica\\\/ensenanza-elemental\\\/contenidos-terminales-por-asignaturas\\\/trompeta\\\/\"]}]},{\"@type\":\"BreadcrumbList\",\"@id\":\"https:\\\/\\\/www.conservatorialcoi.com\\\/ca\\\/informacio-academica\\\/ensenanza-elemental\\\/contenidos-terminales-por-asignaturas\\\/trompeta\\\/#breadcrumb\",\"itemListElement\":[{\"@type\":\"ListItem\",\"position\":1,\"name\":\"Portada\",\"item\":\"https:\\\/\\\/www.conservatorialcoi.com\\\/ca\\\/\"},{\"@type\":\"ListItem\",\"position\":2,\"name\":\"Informaci\u00f3 acad\u00e8mica\",\"item\":\"https:\\\/\\\/www.conservatorialcoi.com\\\/ca\\\/informacio-academica\\\/\"},{\"@type\":\"ListItem\",\"position\":3,\"name\":\"Ensenyaments Elementals\",\"item\":\"https:\\\/\\\/www.conservatorialcoi.com\\\/ca\\\/informacio-academica\\\/ensenanza-elemental\\\/\"},{\"@type\":\"ListItem\",\"position\":4,\"name\":\"Continguts terminals per assignatures\",\"item\":\"https:\\\/\\\/www.conservatorialcoi.com\\\/ca\\\/informacio-academica\\\/ensenanza-elemental\\\/contenidos-terminales-por-asignaturas\\\/\"},{\"@type\":\"ListItem\",\"position\":5,\"name\":\"Trompeta\"}]},{\"@type\":\"WebSite\",\"@id\":\"https:\\\/\\\/www.conservatorialcoi.com\\\/#website\",\"url\":\"https:\\\/\\\/www.conservatorialcoi.com\\\/\",\"name\":\"Conservatori Professional de M\u00fasica Juan Cant\u00f3 en Alcoi\",\"description\":\"\",\"potentialAction\":[{\"@type\":\"SearchAction\",\"target\":{\"@type\":\"EntryPoint\",\"urlTemplate\":\"https:\\\/\\\/www.conservatorialcoi.com\\\/?s={search_term_string}\"},\"query-input\":{\"@type\":\"PropertyValueSpecification\",\"valueRequired\":true,\"valueName\":\"search_term_string\"}}],\"inLanguage\":\"ca\"}]}<\/script>\n<!-- \/ Yoast SEO plugin. -->","yoast_head_json":{"title":"Trompeta - Conservatori Professional de M\u00fasica Juan Cant\u00f3 en Alcoi","robots":{"index":"index","follow":"follow","max-snippet":"max-snippet:-1","max-image-preview":"max-image-preview:large","max-video-preview":"max-video-preview:-1"},"canonical":"https:\/\/www.conservatorialcoi.com\/ca\/informacio-academica\/ensenanza-elemental\/contenidos-terminales-por-asignaturas\/trompeta\/","og_locale":"ca_ES","og_type":"article","og_title":"Trompeta - Conservatori Professional de M\u00fasica Juan Cant\u00f3 en Alcoi","og_description":"[et_pb_section bb_built=&#8221;1&#8243; admin_label=&#8221;section&#8221;][et_pb_row admin_label=&#8221;row&#8221; background_position=&#8221;top_left&#8221; background_repeat=&#8221;repeat&#8221; background_size=&#8221;initial&#8221;][et_pb_column type=&#8221;4_4&#8243;][et_pb_text admin_label=&#8221;Texto&#8221; _builder_version=&#8221;3.0.51&#8243; background_layout=&#8221;light&#8221; text_orientation=&#8221;left&#8221; border_style=&#8221;solid&#8221;] Orde realitzaci\u00f3 de les proves per a tots els cursos: La prova constar\u00e0 de dos apartats: pr\u00e0ctica instrumental i llenguatge musical, organitzats del mode seg\u00fcent: a) Pr\u00e0ctica instrumental. Es compondr\u00e0 dels seg\u00fcents subapartats: a.1) Interpretaci\u00f3. La persona aspirant haur\u00e0 de presentar un [&hellip;]","og_url":"https:\/\/www.conservatorialcoi.com\/ca\/informacio-academica\/ensenanza-elemental\/contenidos-terminales-por-asignaturas\/trompeta\/","og_site_name":"Conservatori Professional de M\u00fasica Juan Cant\u00f3 en Alcoi","article_modified_time":"2026-05-06T07:43:58+00:00","twitter_card":"summary_large_image","twitter_misc":{"Temps estimat de lectura":"5 minuts"},"schema":{"@context":"https:\/\/schema.org","@graph":[{"@type":"WebPage","@id":"https:\/\/www.conservatorialcoi.com\/ca\/informacio-academica\/ensenanza-elemental\/contenidos-terminales-por-asignaturas\/trompeta\/","url":"https:\/\/www.conservatorialcoi.com\/ca\/informacio-academica\/ensenanza-elemental\/contenidos-terminales-por-asignaturas\/trompeta\/","name":"Trompeta - Conservatori Professional de M\u00fasica Juan Cant\u00f3 en Alcoi","isPartOf":{"@id":"https:\/\/www.conservatorialcoi.com\/#website"},"datePublished":"2019-02-15T08:47:13+00:00","dateModified":"2026-05-06T07:43:58+00:00","breadcrumb":{"@id":"https:\/\/www.conservatorialcoi.com\/ca\/informacio-academica\/ensenanza-elemental\/contenidos-terminales-por-asignaturas\/trompeta\/#breadcrumb"},"inLanguage":"ca","potentialAction":[{"@type":"ReadAction","target":["https:\/\/www.conservatorialcoi.com\/ca\/informacio-academica\/ensenanza-elemental\/contenidos-terminales-por-asignaturas\/trompeta\/"]}]},{"@type":"BreadcrumbList","@id":"https:\/\/www.conservatorialcoi.com\/ca\/informacio-academica\/ensenanza-elemental\/contenidos-terminales-por-asignaturas\/trompeta\/#breadcrumb","itemListElement":[{"@type":"ListItem","position":1,"name":"Portada","item":"https:\/\/www.conservatorialcoi.com\/ca\/"},{"@type":"ListItem","position":2,"name":"Informaci\u00f3 acad\u00e8mica","item":"https:\/\/www.conservatorialcoi.com\/ca\/informacio-academica\/"},{"@type":"ListItem","position":3,"name":"Ensenyaments Elementals","item":"https:\/\/www.conservatorialcoi.com\/ca\/informacio-academica\/ensenanza-elemental\/"},{"@type":"ListItem","position":4,"name":"Continguts terminals per assignatures","item":"https:\/\/www.conservatorialcoi.com\/ca\/informacio-academica\/ensenanza-elemental\/contenidos-terminales-por-asignaturas\/"},{"@type":"ListItem","position":5,"name":"Trompeta"}]},{"@type":"WebSite","@id":"https:\/\/www.conservatorialcoi.com\/#website","url":"https:\/\/www.conservatorialcoi.com\/","name":"Conservatori Professional de M\u00fasica Juan Cant\u00f3 en Alcoi","description":"","potentialAction":[{"@type":"SearchAction","target":{"@type":"EntryPoint","urlTemplate":"https:\/\/www.conservatorialcoi.com\/?s={search_term_string}"},"query-input":{"@type":"PropertyValueSpecification","valueRequired":true,"valueName":"search_term_string"}}],"inLanguage":"ca"}]}},"_links":{"self":[{"href":"https:\/\/www.conservatorialcoi.com\/ca\/wp-json\/wp\/v2\/pages\/1211","targetHints":{"allow":["GET"]}}],"collection":[{"href":"https:\/\/www.conservatorialcoi.com\/ca\/wp-json\/wp\/v2\/pages"}],"about":[{"href":"https:\/\/www.conservatorialcoi.com\/ca\/wp-json\/wp\/v2\/types\/page"}],"author":[{"embeddable":true,"href":"https:\/\/www.conservatorialcoi.com\/ca\/wp-json\/wp\/v2\/users\/1"}],"replies":[{"embeddable":true,"href":"https:\/\/www.conservatorialcoi.com\/ca\/wp-json\/wp\/v2\/comments?post=1211"}],"version-history":[{"count":7,"href":"https:\/\/www.conservatorialcoi.com\/ca\/wp-json\/wp\/v2\/pages\/1211\/revisions"}],"predecessor-version":[{"id":11863,"href":"https:\/\/www.conservatorialcoi.com\/ca\/wp-json\/wp\/v2\/pages\/1211\/revisions\/11863"}],"up":[{"embeddable":true,"href":"https:\/\/www.conservatorialcoi.com\/ca\/wp-json\/wp\/v2\/pages\/1201"}],"wp:attachment":[{"href":"https:\/\/www.conservatorialcoi.com\/ca\/wp-json\/wp\/v2\/media?parent=1211"}],"curies":[{"name":"wp","href":"https:\/\/api.w.org\/{rel}","templated":true}]}}