{"id":1209,"date":"2019-02-15T08:08:46","date_gmt":"2019-02-15T08:08:46","guid":{"rendered":"https:\/\/www.conservatorialcoi.com\/\/informacion-academica\/ensenanza-elemental\/contenidos-terminales-por-asignaturas\/saxofon\/"},"modified":"2026-05-06T07:21:09","modified_gmt":"2026-05-06T07:21:09","slug":"saxofon","status":"publish","type":"page","link":"https:\/\/www.conservatorialcoi.com\/ca\/informacio-academica\/ensenanza-elemental\/contenidos-terminales-por-asignaturas\/saxofon\/","title":{"rendered":"Saxof\u00f3n"},"content":{"rendered":"<p>[et_pb_section bb_built=&#8221;1&#8243; admin_label=&#8221;section&#8221; _builder_version=&#8221;3.0.47&#8243;][et_pb_row admin_label=&#8221;row&#8221; _builder_version=&#8221;3.0.47&#8243; background_size=&#8221;initial&#8221; background_position=&#8221;top_left&#8221; background_repeat=&#8221;repeat&#8221;][et_pb_column type=&#8221;4_4&#8243;][et_pb_text admin_label=&#8221;Texto&#8221; _builder_version=&#8221;3.0.51&#8243; background_layout=&#8221;light&#8221; text_orientation=&#8221;left&#8221; border_style=&#8221;solid&#8221;]<\/p>\n<p><span style=\"color: #ff0000;\">Orde realitzaci\u00f3 de les proves per a tots els cursos:<\/span><\/p>\n<p>La prova constar\u00e0 de dos apartats: pr\u00e0ctica instrumental i llenguatge musical, organitzats del mode<\/p>\n<p>seg\u00fcent:<\/p>\n<p><strong>a) Pr\u00e0ctica instrumental.<\/strong><\/p>\n<p>Es compondr\u00e0 dels seg\u00fcents subapartats:<\/p>\n<p>a.1) Interpretaci\u00f3.<\/p>\n<p>La persona aspirant haur\u00e0 de presentar un programa de tres obres o moviments de diferent estil, amb un nivell igual o superior a l\u2019establit com a final del curs precedent al qual opta.<\/p>\n<p>El tribunal determinar\u00e0 quines obres, parts o fragments s\u2019interpretaran.<\/p>\n<p>Es valorar\u00e0 la interpretaci\u00f3 de mem\u00f2ria.<\/p>\n<p>a.2) Lectura a primera vista.<\/p>\n<p>Consistir\u00e0 en la interpretaci\u00f3 a primera vista d\u2019un fragment el contingut del qual no ser\u00e0 superior al nivell fixat per a la finalitzaci\u00f3 del curs precedent al sol\u00b7licitat.<\/p>\n<p><strong>b) Llenguatge musical.<\/strong><\/p>\n<p>Inclour\u00e0 exercicis de lectura r\u00edtmica, lectura mel\u00f2dica, teoria de la m\u00fasica i dictat musical, ajustats als continguts finals del curs precedent al qual opta la persona aspirant.<\/p>\n<table style=\"width: 100%;\" border=\"1\" cellpadding=\"8\">\n<tbody>\n<tr>\n<td style=\"text-align: center;\"><strong>DEPARTAMENT<\/strong><\/td>\n<td style=\"text-align: center;\"><strong>ESPECIALITAT<\/strong><\/td>\n<td style=\"text-align: center;\"><strong>CURS<\/strong><\/td>\n<\/tr>\n<tr>\n<td style=\"text-align: center;\">Vent-Fusta<\/td>\n<td style=\"text-align: center;\">Saxofon<\/td>\n<td style=\"text-align: center;\">ACC\u00c9S 2\u00b0 E.E.<\/td>\n<\/tr>\n<\/tbody>\n<\/table>\n<p><u><strong>PROVA A: <\/strong>Pr\u00e0ctica instrumental<\/u><\/p>\n<p><strong>OBRES ORIENTATIVES:<\/strong><\/p>\n<p><strong><em>Saxofon Mib<\/em><\/strong><\/p>\n<ul>\n<li>From Haven High, M. Praetorius (Ed. Belwin\/Mills)<\/li>\n<li>La Sauge, A. Ameller (Ed. Lemoine)<\/li>\n<li>Coconotes, J. Naulais (Ed. Billaudot)<\/li>\n<\/ul>\n<p><strong>Saxofon Sib<\/strong><\/p>\n<ul>\n<li>La Sauge, A. Ameller (Ed. Lemoine)<\/li>\n<li>Le Berger R\u00eave (Ed. Leduc)<\/li>\n<\/ul>\n<p><strong>CONTINGUTS:<\/strong><\/p>\n<p>Interpretaci\u00f3 d&#8217;una obra, estudi o fragment d&#8217;una llista de tres a triar pel tribunal i es valorar\u00e0 la interpretaci\u00f3 de mem\u00f2ria, d&#8217;un nivell similar al llistat d&#8217;Obres orientatives.<\/p>\n<p><strong>CRITERIS D&#8217;AVALUACI\u00d3:<\/strong><\/p>\n<ul>\n<li>L&#8217;execuci\u00f3 precisa dels diferents recursos t\u00e8cnics de l&#8217;instrument.<\/li>\n<li>La utilitzaci\u00f3 natural dels diferents elements interpretatius referents a expressi\u00f3 i tempo.<\/li>\n<li>La resoluci\u00f3 de problemes de digitaci\u00f3 plantejats en el repertori.<\/li>\n<li>El domini de recursos necessaris per a la memoritzaci\u00f3.<\/li>\n<li>La capacitat comunicativa i sensibilitat art\u00edstica en les interpretacions.<\/li>\n<\/ul>\n<p>&nbsp;<\/p>\n<p><u>Lectura d&#8217;una obra a <strong>pri<\/strong><strong>m<\/strong><strong>era<\/strong> <strong>vista<\/strong>\u00a0amb les seg\u00fcents caracter\u00edstiques: <\/u><\/p>\n<p><strong>CONTINGUTS:<\/strong><\/p>\n<ul>\n<li>La primera vista comprendr\u00e0 una extensi\u00f3 m\u00e0xima de 16 compassos.<\/li>\n<li>Estar\u00e0 escrita en una tonalitat o modalitat que no excedir\u00e0 d&#8217;una alteraci\u00f3.<\/li>\n<li>La pe\u00e7a estar\u00e0 realitzada en un dels compassos simples de 2\/4, 3\/4 o 4\/4.<\/li>\n<li>Es desenvolupar\u00e0 en una extensi\u00f3 m\u00e0xima de Do greu a Fa agut. Podr\u00e0 contenir els seg\u00fcents signes de frasejo: lligadures, picats.<\/li>\n<li>Podr\u00e0 contenir una gamma de din\u00e0miques p i f.<\/li>\n<li>Les figures r\u00edtmiques comprendran des de la redona fins a la semicorxera.<\/li>\n<\/ul>\n<p><strong>CRITERIS D&#8217;AVALUACI\u00d3:<\/strong><\/p>\n<ul>\n<li>Adoptar una correcta posici\u00f3 del cos, instrument i embocadura.<\/li>\n<li>Utilitzar la respiraci\u00f3 diafragm\u00e0tica.<\/li>\n<li>Demostrar aspectes t\u00e8cnics i musicals.<\/li>\n<li>Qualitat de so i afinaci\u00f3.<\/li>\n<li>Demostrar la pr\u00e0ctica en les articulacions, ag\u00f3gica i din\u00e0miques<\/li>\n<\/ul>\n<p><u><strong>PROVA B:<\/strong> (veure prova de llenguatge musical).<\/u><\/p>\n<table style=\"width: 100%;\" border=\"1\" cellpadding=\"8\">\n<tbody>\n<tr>\n<td style=\"text-align: center;\"><strong>DEPARTAMENT<\/strong><\/td>\n<td style=\"text-align: center;\"><strong>ESPECIALITAT<\/strong><\/td>\n<td style=\"text-align: center;\"><strong>CURS<\/strong><\/td>\n<\/tr>\n<tr>\n<td style=\"text-align: center;\">Vent-Fusta<\/td>\n<td style=\"text-align: center;\">Saxofon<\/td>\n<td style=\"text-align: center;\">ACC\u00c9S 3\u00b0 E.E.<\/td>\n<\/tr>\n<\/tbody>\n<\/table>\n<p><u><strong>PROVA A: <\/strong>Pr\u00e0ctica instrumental<\/u><\/p>\n<p><strong>OBRES ORIENTATIVES:<\/strong><\/p>\n<p><strong>Saxofon MIb<\/strong><\/p>\n<ul>\n<li>R\u00eaves D`enfants ,\u00a0 Bozza (Ed. Leduc)<\/li>\n<li>Cantil\u00e8ne,\u00a0 Marc-Carles (Ed. Leduc)<\/li>\n<li>Saxophonissimo, A.S. Dervaux (Ed. Leduc)<\/li>\n<li>Gavotte des Damoiselles, E. Bozza (Ed. Leduc)<\/li>\n<li>Parade des petits soldats, M. Carles (Ed. Leduc)<\/li>\n<li>Coral y Ballet, P. Rougeron (Ed. Billaudot)<\/li>\n<li>Le Bourgeois, J.B. Lully (Ed. Piezas Cl\u00e1sicas de M. Mule)<\/li>\n<\/ul>\n<p><strong>Saxofon Sib<\/strong><\/p>\n<ul>\n<li>Old French Song, P.I. Tchaikovsky<\/li>\n<li>Andante et Allegretto, R. Gaudron (Ed. Billaudot)<\/li>\n<\/ul>\n<p><strong>CONTINGUTS:<\/strong><\/p>\n<p>Interpretaci\u00f3 d&#8217;una obra, estudi o fragment d&#8217;una llista de tres a triar pel tribunal i es valorar\u00e0 la interpretaci\u00f3 de mem\u00f2ria, d&#8217;un nivell similar al llistat d&#8217;obres orientatives.<\/p>\n<p><strong>CRITERIS D&#8217;AVALUACI\u00d3:<\/strong><\/p>\n<ul>\n<li>L&#8217;execuci\u00f3 precisa dels diferents recursos t\u00e8cnics de l&#8217;instrument.<\/li>\n<li>La utilitzaci\u00f3 natural dels diferents elements interpretatius referents a expressi\u00f3 i tempo.<\/li>\n<li>La resoluci\u00f3 de problemes de digitaci\u00f3 plantejats en el repertori.<\/li>\n<li>El domini de recursos necessaris per a la memoritzaci\u00f3.<\/li>\n<li>La capacitat comunicativa i sensibilitat art\u00edstica en les interpretacions.<\/li>\n<\/ul>\n<p>&nbsp;<\/p>\n<p><u>Lectura d&#8217;una obra a <strong>pri<\/strong><strong>m<\/strong><strong>era<\/strong> <strong>vista<\/strong>\u00a0amb les seg\u00fcents caracter\u00edstiques:<\/u><\/p>\n<p><strong>CONTINGUTS:<\/strong><\/p>\n<ul>\n<li>La primera vista comprendr\u00e0 una extensi\u00f3 m\u00e0xima de 16 compassos.<\/li>\n<li>Estar\u00e0 escrita en una tonalitat o modalitat que no excedir\u00e0 de dues alteracions.<\/li>\n<li>La pe\u00e7a estar\u00e0 realitzada en un dels compassos simples de 2\/4, 3\/4 o 4\/4.<\/li>\n<li>Es desenvolupar\u00e0 en una extensi\u00f3 m\u00e0xima de Sib greu a Fa#agut.<\/li>\n<li>Podr\u00e0 contenir els seg\u00fcents signes de frasejo: lligadures, picats, picats-lligats.<\/li>\n<li>Podr\u00e0 contenir una gamma de din\u00e0miques p,mf i f, aix\u00ed com modificacions din\u00e0miques progressives com a crescendo i diminuendo.<\/li>\n<li>Podr\u00e0 contenir el calder\u00f3n, com a signe de modificaci\u00f3 temporal.<\/li>\n<li>Les figures r\u00edtmiques comprendran des de la rodona fins a la semicorxera<\/li>\n<li>Podr\u00e0 contenir el ritardando o rallentando com a elements de modificaci\u00f3 ag\u00f3gica.<\/li>\n<\/ul>\n<p><strong>CRITERIS D&#8217;AVALUACI\u00d3:<\/strong><\/p>\n<ul>\n<li>Adoptar una correcta posici\u00f3 del cos, instrument i embocadura.<\/li>\n<li>Utilitzar la respiraci\u00f3 diafragm\u00e0tica.<\/li>\n<li>Demostrar aspectes t\u00e8cnics i musicals.<\/li>\n<li>Qualitat de so i afinaci\u00f3.<\/li>\n<li>Demostrar la pr\u00e0ctica en les articulacions, ag\u00f3gica i din\u00e0miques<\/li>\n<\/ul>\n<p>&nbsp;<\/p>\n<p><u><strong>PROVA B:<\/strong> (veure prova de llenguatge musical).<\/u><\/p>\n<table style=\"width: 100%;\" border=\"1\" cellpadding=\"8\">\n<tbody>\n<tr>\n<td style=\"text-align: center;\"><strong>DEPARTAMENT<\/strong><\/td>\n<td style=\"text-align: center;\"><strong>ESPECIALITAT<\/strong><\/td>\n<td style=\"text-align: center;\"><strong>CURS<\/strong><\/td>\n<\/tr>\n<tr>\n<td style=\"text-align: center;\">Vent-Fusta<\/td>\n<td style=\"text-align: center;\">Saxofon<\/td>\n<td style=\"text-align: center;\">ACC\u00c9S 4\u00b0 E.E.<\/td>\n<\/tr>\n<\/tbody>\n<\/table>\n<p><u><strong>PROVA A: <\/strong>Pr\u00e0ctica instrumental<\/u><\/p>\n<p><strong>OBRES ORIENTATIVES:<\/strong><\/p>\n<p><strong>Saxofon Mib<\/strong><\/p>\n<ul>\n<li>Chanson a Bercer, Bozza (Ed. Leduc)<\/li>\n<li>Celine Mandarine,\u00a0 Alain Crepin (Ed. Lemoine)<\/li>\n<li>El peque\u00f1o Negro, Cl. Debussy (Ed. Impromptu)<\/li>\n<li>Kansas City, J. Naulais (Ed. Billaudot)<\/li>\n<li>Piezas Cl\u00e1sicas Celebres, M. Mule (Volumen I) (Ed. Leduc)<\/li>\n<li>Cinq pieces, J. Absil (Ed. Lemoine)<\/li>\n<li>Green Apple, A. Crepin (Ed. Andel)<\/li>\n<li>Gavotte des Damoiselles, E. Bozza (Ed. Leduc)<\/li>\n<li>Suite Breve, Marc Bethomieu (Ed. Lemoine)<\/li>\n<\/ul>\n<p><strong>Saxofon Sib<\/strong><\/p>\n<ul>\n<li>Barcarole, E. Coriolis (Ed. Billaudot)<\/li>\n<li>Feuille d&#8217;Album, R. Clerisse (Ed. Braun)<\/li>\n<li>Bedinage, M. Delgiudice (Ed. Leduc)<\/li>\n<li>Serenade Impromptu, R. Druet (Ed. Billaudot)<\/li>\n<li>Cinq pieces, J. Absil (Ed. Lemoine)<\/li>\n<\/ul>\n<p><strong>CONTINGUTS:<\/strong><\/p>\n<p>Interpretaci\u00f3 d&#8217;una obra, estudi o fragment d&#8217;una llista de tres a triar pel tribunal i es valorar\u00e0 la interpretaci\u00f3 de mem\u00f2ria, d&#8217;un nivell similar al llistat d&#8217;obres orientatives.<\/p>\n<p><strong>CRITERIS D&#8217;AVALUACI\u00d3:<\/strong><\/p>\n<ul>\n<li>L&#8217;execuci\u00f3 precisa dels diferents recursos t\u00e8cnics de l&#8217;instrument.<\/li>\n<li>La utilitzaci\u00f3 natural dels diferents elements interpretatius referents a expressi\u00f3 i tempo.<\/li>\n<li>La resoluci\u00f3 de problemes de digitaci\u00f3 plantejats en el repertori.<\/li>\n<li>El domini de recursos necessaris per a la memoritzaci\u00f3.<\/li>\n<li>La capacitat comunicativa i sensibilitat art\u00edstica en les interpretacions.<\/li>\n<\/ul>\n<p>&nbsp;<\/p>\n<p><u>Lectura d&#8217;una obra a <strong>pri<\/strong><strong>m<\/strong><strong>era<\/strong> <strong>vista<\/strong>\u00a0amb les seg\u00fcents caracter\u00edstiques:<\/u><\/p>\n<p><strong>CONTINGUTS:<\/strong><\/p>\n<ul>\n<li>La primera vista comprendr\u00e0 una extensi\u00f3 m\u00e0xima de 16 compassos.<\/li>\n<li>Estar\u00e0 escrita en una tonalitat o modalitat que no excedir\u00e0 de tres alteracions.\u00a0 La pe\u00e7a estar\u00e0 realitzada en un dels compassos simples de 2\/4,\u00a0 3\/4, 4\/4 i 6\/8.<\/li>\n<li>Es desenvolupar\u00e0 en una extensi\u00f3 m\u00e0xima de de Sib greu a Fa#agut.<\/li>\n<li>Podr\u00e0 contenir els seg\u00fcents signes de frasejo: lligadures, picats, picats-lligats i accents.\u00a0 Podr\u00e0 contenir el calder\u00f3n, com a signe de modificaci\u00f3 temporal.<\/li>\n<li>Les figures r\u00edtmiques comprendran des de la rodona fins a la semicorxera, tamb\u00e9 podran apar\u00e8ixer els tresillos de corxera.<\/li>\n<li>Podr\u00e0 contenir una gamma de din\u00e0miques des de p al f, aix\u00ed com modificacions din\u00e0miques progressives com a crescendo i diminuendo.<\/li>\n<li>Podr\u00e0 contenir el calder\u00f3n, com a signe de modificaci\u00f3 temporal.<\/li>\n<li>Podr\u00e0 contenir el ritardando o rallentando com a elements de modificaci\u00f3 ag\u00f3gica.<\/li>\n<\/ul>\n<p><strong>CRITERIS D&#8217;AVALUACI\u00d3:<\/strong><\/p>\n<ul>\n<li>Adoptar una correcta posici\u00f3 del cos, instrument i embocadura.<\/li>\n<li>Utilitzar la respiraci\u00f3 diafragm\u00e0tica.<\/li>\n<li>Demostrar aspectes t\u00e8cnics i musicals.<\/li>\n<li>Qualitat de so i afinaci\u00f3.<\/li>\n<li>Demostrar la pr\u00e0ctica en les articulacions, ag\u00f3gica i din\u00e0miques<\/li>\n<\/ul>\n<p><u><strong>PROVA B:<\/strong> (veure prova de llenguatge musical).<\/u><\/p>\n<p>&nbsp;<\/p>\n<p><strong>RELACI\u00d3 D&#8217;OBRES ORIENTATIVES\u00a0 PER A l&#8217;OBTENCI\u00d3 DIRECTA DEL CERTIFICAT D&#8217;ENSENYAMENTS ELEMENTALS\u00a0<\/strong><\/p>\n<p>L&#8217;alumne presentar\u00e0\u00a0sis obres al tribunal, d&#8217;entre aquest llistat o de nivell similar, i interpretar\u00e0 tres obres. Es valorar\u00e0 la interpretaci\u00f3 de mem\u00f2ria i la dificultat de les obres.<\/p>\n<p><strong>Saxof\u00f3n mib<\/strong><\/p>\n<p>-Celine Mandarine, A. Crepin (Ed. Leduc)<\/p>\n<p>-Mar\u00e9es, Alain crepin (Ed. Billaudot)<\/p>\n<p>-Baghira, Ferrer Ferr\u00e1n (Ed. Impromptu)<\/p>\n<p>-Chanson et passepied, Jeanine Rueff (Ed. Leduc)<\/p>\n<p>-Aria, E. Bozza (Ed. Leduc)<\/p>\n<p>-Adagio et Arabesque, R. Berthelot (Ed. Leduc)<\/p>\n<p>-De l\u2019un a l\u2019autre, G.Finzi (Ed. Leduc)<\/p>\n<p>-Romance et Badinerie, P. Proust (Ed. Billaudot)<\/p>\n<p>-Color\u00edn, colorado, J. F. Mu\u00f1oz ( Ed. Piles)<\/p>\n<p><strong>Saxof\u00f3n sib<\/strong><\/p>\n<p>-Songe de Copelius, F. Schmitt (Ed.Lemoine)<\/p>\n<p>-Mar\u00e9es, Alain crepin (Ed. Billaudot)<\/p>\n<p>-Diptique, R. Ares (Ed. Piles)<\/p>\n<p>-Color\u00edn, colorado, J. F. Mu\u00f1oz ( Ed. Piles)<\/p>\n<p>-A la D\u00e9couverte, (Vol.1) (Arreglo de J.M. Londeix)(Ed.Lemoine)<\/p>\n<p class=\"\">-Chant Corse, H Tomasi (Ed. Leduc)<\/p>\n<p>&nbsp;<\/p>\n<p>[\/et_pb_text][\/et_pb_column][\/et_pb_row][\/et_pb_section]<\/p>\n","protected":false},"excerpt":{"rendered":"<p>[et_pb_section bb_built=&#8221;1&#8243; admin_label=&#8221;section&#8221; _builder_version=&#8221;3.0.47&#8243;][et_pb_row admin_label=&#8221;row&#8221; _builder_version=&#8221;3.0.47&#8243; background_size=&#8221;initial&#8221; background_position=&#8221;top_left&#8221; background_repeat=&#8221;repeat&#8221;][et_pb_column type=&#8221;4_4&#8243;][et_pb_text admin_label=&#8221;Texto&#8221; _builder_version=&#8221;3.0.51&#8243; background_layout=&#8221;light&#8221; text_orientation=&#8221;left&#8221; border_style=&#8221;solid&#8221;] Orde realitzaci\u00f3 de les proves per a tots els cursos: La prova constar\u00e0 de dos apartats: pr\u00e0ctica instrumental i llenguatge musical, organitzats del mode seg\u00fcent: a) Pr\u00e0ctica instrumental. Es compondr\u00e0 dels seg\u00fcents subapartats: a.1) Interpretaci\u00f3. La persona aspirant haur\u00e0 de [&hellip;]<\/p>\n","protected":false},"author":1,"featured_media":0,"parent":1201,"menu_order":5,"comment_status":"closed","ping_status":"closed","template":"","meta":{"footnotes":""},"class_list":["post-1209","page","type-page","status-publish","hentry"],"yoast_head":"<!-- This site is optimized with the Yoast SEO plugin v27.3 - https:\/\/yoast.com\/product\/yoast-seo-wordpress\/ -->\n<title>Saxof\u00f3n - Conservatori Professional de M\u00fasica Juan Cant\u00f3 en Alcoi<\/title>\n<meta name=\"robots\" content=\"index, follow, max-snippet:-1, max-image-preview:large, max-video-preview:-1\" \/>\n<link rel=\"canonical\" href=\"https:\/\/www.conservatorialcoi.com\/ca\/informacio-academica\/ensenanza-elemental\/contenidos-terminales-por-asignaturas\/saxofon\/\" \/>\n<meta property=\"og:locale\" content=\"ca_ES\" \/>\n<meta property=\"og:type\" content=\"article\" \/>\n<meta property=\"og:title\" content=\"Saxof\u00f3n - Conservatori Professional de M\u00fasica Juan Cant\u00f3 en Alcoi\" \/>\n<meta property=\"og:description\" content=\"[et_pb_section bb_built=&#8221;1&#8243; admin_label=&#8221;section&#8221; _builder_version=&#8221;3.0.47&#8243;][et_pb_row admin_label=&#8221;row&#8221; _builder_version=&#8221;3.0.47&#8243; background_size=&#8221;initial&#8221; background_position=&#8221;top_left&#8221; background_repeat=&#8221;repeat&#8221;][et_pb_column type=&#8221;4_4&#8243;][et_pb_text admin_label=&#8221;Texto&#8221; _builder_version=&#8221;3.0.51&#8243; background_layout=&#8221;light&#8221; text_orientation=&#8221;left&#8221; border_style=&#8221;solid&#8221;] Orde realitzaci\u00f3 de les proves per a tots els cursos: La prova constar\u00e0 de dos apartats: pr\u00e0ctica instrumental i llenguatge musical, organitzats del mode seg\u00fcent: a) Pr\u00e0ctica instrumental. Es compondr\u00e0 dels seg\u00fcents subapartats: a.1) Interpretaci\u00f3. La persona aspirant haur\u00e0 de [&hellip;]\" \/>\n<meta property=\"og:url\" content=\"https:\/\/www.conservatorialcoi.com\/ca\/informacio-academica\/ensenanza-elemental\/contenidos-terminales-por-asignaturas\/saxofon\/\" \/>\n<meta property=\"og:site_name\" content=\"Conservatori Professional de M\u00fasica Juan Cant\u00f3 en Alcoi\" \/>\n<meta property=\"article:modified_time\" content=\"2026-05-06T07:21:09+00:00\" \/>\n<meta name=\"twitter:card\" content=\"summary_large_image\" \/>\n<meta name=\"twitter:label1\" content=\"Temps estimat de lectura\" \/>\n\t<meta name=\"twitter:data1\" content=\"6 minuts\" \/>\n<script type=\"application\/ld+json\" class=\"yoast-schema-graph\">{\"@context\":\"https:\\\/\\\/schema.org\",\"@graph\":[{\"@type\":\"WebPage\",\"@id\":\"https:\\\/\\\/www.conservatorialcoi.com\\\/ca\\\/informacio-academica\\\/ensenanza-elemental\\\/contenidos-terminales-por-asignaturas\\\/saxofon\\\/\",\"url\":\"https:\\\/\\\/www.conservatorialcoi.com\\\/ca\\\/informacio-academica\\\/ensenanza-elemental\\\/contenidos-terminales-por-asignaturas\\\/saxofon\\\/\",\"name\":\"Saxof\u00f3n - Conservatori Professional de M\u00fasica Juan Cant\u00f3 en Alcoi\",\"isPartOf\":{\"@id\":\"https:\\\/\\\/www.conservatorialcoi.com\\\/#website\"},\"datePublished\":\"2019-02-15T08:08:46+00:00\",\"dateModified\":\"2026-05-06T07:21:09+00:00\",\"breadcrumb\":{\"@id\":\"https:\\\/\\\/www.conservatorialcoi.com\\\/ca\\\/informacio-academica\\\/ensenanza-elemental\\\/contenidos-terminales-por-asignaturas\\\/saxofon\\\/#breadcrumb\"},\"inLanguage\":\"ca\",\"potentialAction\":[{\"@type\":\"ReadAction\",\"target\":[\"https:\\\/\\\/www.conservatorialcoi.com\\\/ca\\\/informacio-academica\\\/ensenanza-elemental\\\/contenidos-terminales-por-asignaturas\\\/saxofon\\\/\"]}]},{\"@type\":\"BreadcrumbList\",\"@id\":\"https:\\\/\\\/www.conservatorialcoi.com\\\/ca\\\/informacio-academica\\\/ensenanza-elemental\\\/contenidos-terminales-por-asignaturas\\\/saxofon\\\/#breadcrumb\",\"itemListElement\":[{\"@type\":\"ListItem\",\"position\":1,\"name\":\"Portada\",\"item\":\"https:\\\/\\\/www.conservatorialcoi.com\\\/ca\\\/\"},{\"@type\":\"ListItem\",\"position\":2,\"name\":\"Informaci\u00f3 acad\u00e8mica\",\"item\":\"https:\\\/\\\/www.conservatorialcoi.com\\\/ca\\\/informacio-academica\\\/\"},{\"@type\":\"ListItem\",\"position\":3,\"name\":\"Ensenyaments Elementals\",\"item\":\"https:\\\/\\\/www.conservatorialcoi.com\\\/ca\\\/informacio-academica\\\/ensenanza-elemental\\\/\"},{\"@type\":\"ListItem\",\"position\":4,\"name\":\"Continguts terminals per assignatures\",\"item\":\"https:\\\/\\\/www.conservatorialcoi.com\\\/ca\\\/informacio-academica\\\/ensenanza-elemental\\\/contenidos-terminales-por-asignaturas\\\/\"},{\"@type\":\"ListItem\",\"position\":5,\"name\":\"Saxof\u00f3n\"}]},{\"@type\":\"WebSite\",\"@id\":\"https:\\\/\\\/www.conservatorialcoi.com\\\/#website\",\"url\":\"https:\\\/\\\/www.conservatorialcoi.com\\\/\",\"name\":\"Conservatori Professional de M\u00fasica Juan Cant\u00f3 en Alcoi\",\"description\":\"\",\"potentialAction\":[{\"@type\":\"SearchAction\",\"target\":{\"@type\":\"EntryPoint\",\"urlTemplate\":\"https:\\\/\\\/www.conservatorialcoi.com\\\/?s={search_term_string}\"},\"query-input\":{\"@type\":\"PropertyValueSpecification\",\"valueRequired\":true,\"valueName\":\"search_term_string\"}}],\"inLanguage\":\"ca\"}]}<\/script>\n<!-- \/ Yoast SEO plugin. -->","yoast_head_json":{"title":"Saxof\u00f3n - Conservatori Professional de M\u00fasica Juan Cant\u00f3 en Alcoi","robots":{"index":"index","follow":"follow","max-snippet":"max-snippet:-1","max-image-preview":"max-image-preview:large","max-video-preview":"max-video-preview:-1"},"canonical":"https:\/\/www.conservatorialcoi.com\/ca\/informacio-academica\/ensenanza-elemental\/contenidos-terminales-por-asignaturas\/saxofon\/","og_locale":"ca_ES","og_type":"article","og_title":"Saxof\u00f3n - Conservatori Professional de M\u00fasica Juan Cant\u00f3 en Alcoi","og_description":"[et_pb_section bb_built=&#8221;1&#8243; admin_label=&#8221;section&#8221; _builder_version=&#8221;3.0.47&#8243;][et_pb_row admin_label=&#8221;row&#8221; _builder_version=&#8221;3.0.47&#8243; background_size=&#8221;initial&#8221; background_position=&#8221;top_left&#8221; background_repeat=&#8221;repeat&#8221;][et_pb_column type=&#8221;4_4&#8243;][et_pb_text admin_label=&#8221;Texto&#8221; _builder_version=&#8221;3.0.51&#8243; background_layout=&#8221;light&#8221; text_orientation=&#8221;left&#8221; border_style=&#8221;solid&#8221;] Orde realitzaci\u00f3 de les proves per a tots els cursos: La prova constar\u00e0 de dos apartats: pr\u00e0ctica instrumental i llenguatge musical, organitzats del mode seg\u00fcent: a) Pr\u00e0ctica instrumental. Es compondr\u00e0 dels seg\u00fcents subapartats: a.1) Interpretaci\u00f3. La persona aspirant haur\u00e0 de [&hellip;]","og_url":"https:\/\/www.conservatorialcoi.com\/ca\/informacio-academica\/ensenanza-elemental\/contenidos-terminales-por-asignaturas\/saxofon\/","og_site_name":"Conservatori Professional de M\u00fasica Juan Cant\u00f3 en Alcoi","article_modified_time":"2026-05-06T07:21:09+00:00","twitter_card":"summary_large_image","twitter_misc":{"Temps estimat de lectura":"6 minuts"},"schema":{"@context":"https:\/\/schema.org","@graph":[{"@type":"WebPage","@id":"https:\/\/www.conservatorialcoi.com\/ca\/informacio-academica\/ensenanza-elemental\/contenidos-terminales-por-asignaturas\/saxofon\/","url":"https:\/\/www.conservatorialcoi.com\/ca\/informacio-academica\/ensenanza-elemental\/contenidos-terminales-por-asignaturas\/saxofon\/","name":"Saxof\u00f3n - Conservatori Professional de M\u00fasica Juan Cant\u00f3 en Alcoi","isPartOf":{"@id":"https:\/\/www.conservatorialcoi.com\/#website"},"datePublished":"2019-02-15T08:08:46+00:00","dateModified":"2026-05-06T07:21:09+00:00","breadcrumb":{"@id":"https:\/\/www.conservatorialcoi.com\/ca\/informacio-academica\/ensenanza-elemental\/contenidos-terminales-por-asignaturas\/saxofon\/#breadcrumb"},"inLanguage":"ca","potentialAction":[{"@type":"ReadAction","target":["https:\/\/www.conservatorialcoi.com\/ca\/informacio-academica\/ensenanza-elemental\/contenidos-terminales-por-asignaturas\/saxofon\/"]}]},{"@type":"BreadcrumbList","@id":"https:\/\/www.conservatorialcoi.com\/ca\/informacio-academica\/ensenanza-elemental\/contenidos-terminales-por-asignaturas\/saxofon\/#breadcrumb","itemListElement":[{"@type":"ListItem","position":1,"name":"Portada","item":"https:\/\/www.conservatorialcoi.com\/ca\/"},{"@type":"ListItem","position":2,"name":"Informaci\u00f3 acad\u00e8mica","item":"https:\/\/www.conservatorialcoi.com\/ca\/informacio-academica\/"},{"@type":"ListItem","position":3,"name":"Ensenyaments Elementals","item":"https:\/\/www.conservatorialcoi.com\/ca\/informacio-academica\/ensenanza-elemental\/"},{"@type":"ListItem","position":4,"name":"Continguts terminals per assignatures","item":"https:\/\/www.conservatorialcoi.com\/ca\/informacio-academica\/ensenanza-elemental\/contenidos-terminales-por-asignaturas\/"},{"@type":"ListItem","position":5,"name":"Saxof\u00f3n"}]},{"@type":"WebSite","@id":"https:\/\/www.conservatorialcoi.com\/#website","url":"https:\/\/www.conservatorialcoi.com\/","name":"Conservatori Professional de M\u00fasica Juan Cant\u00f3 en Alcoi","description":"","potentialAction":[{"@type":"SearchAction","target":{"@type":"EntryPoint","urlTemplate":"https:\/\/www.conservatorialcoi.com\/?s={search_term_string}"},"query-input":{"@type":"PropertyValueSpecification","valueRequired":true,"valueName":"search_term_string"}}],"inLanguage":"ca"}]}},"_links":{"self":[{"href":"https:\/\/www.conservatorialcoi.com\/ca\/wp-json\/wp\/v2\/pages\/1209","targetHints":{"allow":["GET"]}}],"collection":[{"href":"https:\/\/www.conservatorialcoi.com\/ca\/wp-json\/wp\/v2\/pages"}],"about":[{"href":"https:\/\/www.conservatorialcoi.com\/ca\/wp-json\/wp\/v2\/types\/page"}],"author":[{"embeddable":true,"href":"https:\/\/www.conservatorialcoi.com\/ca\/wp-json\/wp\/v2\/users\/1"}],"replies":[{"embeddable":true,"href":"https:\/\/www.conservatorialcoi.com\/ca\/wp-json\/wp\/v2\/comments?post=1209"}],"version-history":[{"count":17,"href":"https:\/\/www.conservatorialcoi.com\/ca\/wp-json\/wp\/v2\/pages\/1209\/revisions"}],"predecessor-version":[{"id":11860,"href":"https:\/\/www.conservatorialcoi.com\/ca\/wp-json\/wp\/v2\/pages\/1209\/revisions\/11860"}],"up":[{"embeddable":true,"href":"https:\/\/www.conservatorialcoi.com\/ca\/wp-json\/wp\/v2\/pages\/1201"}],"wp:attachment":[{"href":"https:\/\/www.conservatorialcoi.com\/ca\/wp-json\/wp\/v2\/media?parent=1209"}],"curies":[{"name":"wp","href":"https:\/\/api.w.org\/{rel}","templated":true}]}}