{"id":1205,"date":"2019-02-14T10:54:07","date_gmt":"2019-02-14T10:54:07","guid":{"rendered":"https:\/\/www.conservatorialcoi.com\/\/informacion-academica\/ensenanza-elemental\/contenidos-terminales-por-asignaturas\/guitarra\/"},"modified":"2024-07-01T14:01:56","modified_gmt":"2024-07-01T14:01:56","slug":"guitarra","status":"publish","type":"page","link":"https:\/\/www.conservatorialcoi.com\/ca\/informacio-academica\/ensenanza-elemental\/contenidos-terminales-por-asignaturas\/guitarra\/","title":{"rendered":"Guitarra"},"content":{"rendered":"<h2>Guitarra<\/h2>\n<h3>ACC\u00c9S 2\u00b0 E.E.<\/h3>\n<p><strong>PROVA A<\/strong>: (Veure prova de Llenguatge Musical)<\/p>\n<p><strong>PROVA B<\/strong>: Lectura d&#8217;una obra a <strong>primera vista<\/strong> amb les seg\u00fcents caracter\u00edstiques:<\/p>\n<p><strong>CONTINGUTS:<\/strong><\/p>\n<ul>\n<li>Fragment d&#8217;un m\u00e0xim de 16 compassos proposat pel tribunal de nivell corresponent al curs PRIMER.<\/li>\n<li>Una sola alteraci\u00f3 en l&#8217;armadura.<\/li>\n<li>Extensi\u00f3 des del meu greu fins a l&#8217;agut (V trast).<\/li>\n<li>Alteracions accidentals en do, fa i sol.<\/li>\n<li>M\u00e0xim tres notes simult\u00e0nies per terceres, sextes, octaves o desenes.<\/li>\n<\/ul>\n<p><strong>CRITERIS D&#8217;AVALUACI\u00d3:<\/strong><\/p>\n<ul>\n<li>Interpretar amb flu\u00efdesa fragments d&#8217;obres musicals a primera vista. Aquest criteri li servir\u00e0 al professor\/a per a comprovar la capacitat de lectura i el domini de l&#8217;instrument, d&#8217;acord amb els continguts propis del nivell.<\/li>\n<li>Interpretar fragments musicals utilitzant la mesura, articulaci\u00f3 i frasejo adequat. Aquest criteri d&#8217;avaluaci\u00f3 pret\u00e9n comprovar la correcta assimilaci\u00f3 i aplicaci\u00f3 dels citats principis de llenguatge musical de acord amb el nivell corresponent.<\/li>\n<\/ul>\n<p>&nbsp;<\/p>\n<p>Interpretaci\u00f3 d&#8217;una obra, estudi o fragment d&#8217;una llista de tres.<\/p>\n<p><strong>CONTINGUTS:<\/strong><\/p>\n<ul>\n<li>Diferents combinacions dels dits polze, \u00edndex, mitj\u00e0 i anul\u00b7lar de la m\u00e0 dreta tant de forma simult\u00e0nia com alterna.<\/li>\n<li>Acords de tres sons.<\/li>\n<li>Escales amb notes naturals i amb un m\u00e0xim de tres sostinguts o un bemoll.<\/li>\n<li>Arpegis simples amb quatre dits.<\/li>\n<li>Interv\u00e0l\u00b7liques consecutives o simult\u00e0nies de terceres, sextes, octaves i desenes.<\/li>\n<li>Motricitat independent dels dits 1 i 4 en notes agudes de primera<br \/>\nposici\u00f3 mentre es mant\u00e9 fix el 2 o 3 en baixos.<\/li>\n<\/ul>\n<p><strong>CRITERIS D&#8217;AVALUACI\u00d3:<\/strong><\/p>\n<ul>\n<li>Interpretar amb flu\u00efdesa fragments d&#8217;obres musicals a primera vista. Aquest criteri li servir\u00e0 al professor\/a per a comprovar la capacitat de lectura i el domini de l&#8217;Instrument, d&#8217;acord amb els continguts propis del nivell.<\/li>\n<li>Interpretar fragments musicals utilitzant la mesura, articulaci\u00f3 i frasejo adequat. Aquest criteri d&#8217;avaluaci\u00f3 pret\u00e9n comprovar la correcta assimilaci\u00f3 i aplicaci\u00f3 dels citats principis de llenguatge musical de acord amb el nivell corresponent.<\/li>\n<\/ul>\n<p><strong>OBRES ORIENTATIVES:<\/strong><\/p>\n<ul>\n<li>Estudi, A. Cano (M\u00e8tode Koyama pag. 30)<\/li>\n<li>Estudis no 43 i 46 , M.A. Mur (peces f\u00e0cils vol 1o).<\/li>\n<li>Estudi Andantino, M. Carcassi ( M\u00e8tode Koyama pag. 33)<\/li>\n<li>Estudis 2,3,11,12,13, F. Carulli \u2013 M\u00e8tode complet:<\/li>\n<li>Cinc lli\u00e7ons de pr\u00e0ctica de notes simultaneges Sr. Aigualit \u2013 M\u00e8tode.<\/li>\n<li>Estudis no 1, 2, 3, 13, M. Giuliani \u2013 Paill\u00f3n op 30.<\/li>\n<li>Uns altres de similars caracter\u00edstiques.<\/li>\n<\/ul>\n<p>&nbsp;<\/p>\n<h3>ACC\u00c9S 3\u00b0 E.E.<\/h3>\n<p><strong>PROVA A<\/strong>: (Veure prova de Llenguatge Musical)<\/p>\n<p><strong>PROVA B<\/strong>: Lectura d&#8217;una obra a <strong>primera vista<\/strong> amb les seg\u00fcents caracter\u00edstiques:<\/p>\n<p><strong>CONTINGUTS:<\/strong><\/p>\n<ul>\n<li>Fragment d&#8217;un m\u00e0xim de16 compassos proposat pel tribunal de nivell corresponent al curs SEGON<\/li>\n<li>Fins a tres sostinguts o un bemoll en l&#8217;armadura<\/li>\n<li>Extensi\u00f3 des del meu greu fins a do agut (VIII trast).<\/li>\n<li>Alteracions accidentals.<\/li>\n<li>Acords de quatre sons.<\/li>\n<li>Cejilla i mitjana cejilla de dificultat adequada.<\/li>\n<li>Lligats ascendents i descendents.<\/li>\n<li>Arpegis de dificultat adequada.<\/li>\n<\/ul>\n<p><strong>CRITERIS D&#8217;AVALUACI\u00d3:<\/strong><\/p>\n<ul>\n<li>Interpretar amb flu\u00efdesa fragments d&#8217;obres musicals a primera vista. Aquest criteri li servir\u00e0 al professor per a comprovar la capacitat de lectura i el domini de l&#8217;Instrument, d&#8217;acord amb els continguts propis del nivell.<\/li>\n<li>Interpretar fragments musicals utilitzant la mesura, articulaci\u00f3 i frasejo adequat. Aquest criteri d&#8217;avaluaci\u00f3 pret\u00e9n comprovar la correcta assimilaci\u00f3 i aplicaci\u00f3 dels citats principis de llenguatge musical de acord amb el nivell corresponent.<\/li>\n<\/ul>\n<p>&nbsp;<\/p>\n<p>Interpretaci\u00f3 d&#8217;una obra, estudi o fragment d&#8217;una llista de tres.<\/p>\n<p><strong>CONTINGUTS:<\/strong><\/p>\n<ul>\n<li>Extensi\u00f3 des del meu greu fins a sol sobreagut (XV trast).<\/li>\n<li>Alteracions accidentals.<\/li>\n<li>Acords de quatre sons.<\/li>\n<li>Cejilla i mitjana cejilla de dificultat adequada.<\/li>\n<li>Lligats ascendents i descendents.<\/li>\n<li>Arpegis de dificultat adequada.<\/li>\n<li>Contrapunts de dificultat adequada<\/li>\n<li>Ressaltat d&#8217;una l\u00ednia mel\u00f2dica sobre el seu acompanyament.<\/li>\n<\/ul>\n<p><strong>CRITERIS DE EVALUACION:<\/strong><\/p>\n<ul>\n<li>Interpretar amb flu\u00efdesa fragments d&#8217;obres musicals a primera vista. Aquest criteri li servir\u00e0 al professor\/a per a comprovar la capacitat de lectura i el domini de l&#8217;Instrument, d&#8217;acord amb els continguts propis del nivell.<\/li>\n<li>Interpretar fragments musicals utilitzant la mesura, articulaci\u00f3 i frasejo adequat. Aquest criteri d&#8217;avaluaci\u00f3 pret\u00e9n comprovar la correcta assimilaci\u00f3 i aplicaci\u00f3 dels citats principis de llenguatge musical de acord amb el nivell corresponent.<\/li>\n<\/ul>\n<p><strong>OBRES ORIENTATIVES:<\/strong><\/p>\n<ul>\n<li>F. Carulli: M\u00e8tode complet: lli\u00e7ons 14 a 21.<\/li>\n<li>M. Giuliani: \u201cLe Papillon op. 30 no 1 al 15.<\/li>\n<li>F.Sor: op 60 no 6,7,8,11,13 a 19.<\/li>\n<li>Tema popular Greensleeves.<\/li>\n<li>Fred Noad Guitar Antologi- Renaixement: Spagnoleta i Wilson Wilde.<\/li>\n<li>Autors varis: Les meves primeres peces del Renaixement ( Ed. Ricordi), no 9 a 18.<\/li>\n<li>A. Le Roy, Preludi i Chanson.<\/li>\n<li>J.S. Bach: Transcripcions del llibre d&#8217;Ana Magdalena Bach.<\/li>\n<li>Frederic Noad guitar antologi-Barroc: An\u00f2nim: Sarabande en sol i Minuet.<\/li>\n<li>Carulli: Divertissement<\/li>\n<li>J. K. Mertz: Romanza..<\/li>\n<li>M. Carcassi: Aires d&#8217;execuci\u00f3 brillant i f\u00e0cil, no 1 i 4. Siciliana.<\/li>\n<li>Carl Henze: Nocturn.<\/li>\n<li>J.K. Mertz, nocturn op.4 no2.<\/li>\n<li>M. Carcassi, Sis capritxos. No 3<\/li>\n<li>Obres similars<\/li>\n<\/ul>\n<p>&nbsp;<\/p>\n<h3>ACC\u00c9S 4\u00b0 E.E.<\/h3>\n<p><strong>PROVA A<\/strong>: (Veure prova de Llenguatge Musical)<\/p>\n<p><strong>PROVA B<\/strong>: Lectura d&#8217;una obra a <strong>primera vista<\/strong> amb les seg\u00fcents caracter\u00edstiques:<\/p>\n<p><strong>CONTINGUTS:<\/strong><\/p>\n<ul>\n<li>Fragment d&#8217;un m\u00e0xim de16 compassos proposat pel tribunal de nivell corresponent al curs TERCER<\/li>\n<li>Fins a quatre sostinguts o tres bemolls.<\/li>\n<li>Posicions I a VII.<\/li>\n<li>Alteracions accidentals.<\/li>\n<li>Acords de quatre sons.<\/li>\n<li>Cejilla i mitjana cejilla de dificultat adequada.<\/li>\n<li>Lligats ascendents i descendents.<\/li>\n<li>Lligats ascendents i descendents sobre cejilla.<\/li>\n<li>Arpegis de dificultat adequada.<\/li>\n<li>Contrapunts de dificultat adequada<\/li>\n<li>Ressaltat d&#8217;una l\u00ednia mel\u00f2dica sobre el seu acompanyament.<\/li>\n<\/ul>\n<p><strong>CRITERIS D&#8217;AVALUACI\u00d3:<\/strong><\/p>\n<ul>\n<li>Interpretar amb flu\u00efdesa fragments d&#8217;obres musicals a primera vista. Aquest criteri li servir\u00e0 al professor\/a per a comprovar la capacitat de lectura i el domini de l&#8217;Instrument, d&#8217;acord amb els continguts propis del nivell.<\/li>\n<li>Interpretar fragments musicals utilitzan la mesura, articulaci\u00f3 i frasejo adequat. Aquest criteri d&#8217;avaluaci\u00f3 pret\u00e9n comprovar la correcta assimilaci\u00f3 i aplicaci\u00f3 dels citats principis de llenguatge musical de acord amb el nivell corresponent.<\/li>\n<\/ul>\n<p>&nbsp;<\/p>\n<p>Interpretaci\u00f3 d&#8217;una obra, estudi o fragment d&#8217;una llista de tres.<\/p>\n<p><strong>CONTINGUTS:<\/strong><\/p>\n<ul>\n<li>Apagat de baixos durant l&#8217;execuci\u00f3.<\/li>\n<li>Acords de quatre sons.<\/li>\n<li>Cejilla i mitjana cejilla de dificultat adequada.<\/li>\n<li>Lligats ascendents i descendents.<\/li>\n<li>Lligats ascendents i descendents sobre cejilla.<\/li>\n<li>Arpegis de dificultat adequada.<\/li>\n<li>Contrapunts de dificultat adequada<\/li>\n<li>Ressaltat d&#8217;una l\u00ednia mel\u00f2dica sobre el seu acompanyament.<\/li>\n<\/ul>\n<p><strong>CRITERIS D&#8217;AVALUACI\u00d3:<\/strong><\/p>\n<ul>\n<li>Interpretar amb flu\u00efdesa fragments d&#8217;obres musicals a primera vista. Aquest criteri li servir\u00e0 al professor\/a per a comprovar la capacitat de lectura i el domini de l&#8217;Instrument, d&#8217;acord amb els continguts propis del nivell.<\/li>\n<li>Interpretar fragments musicals utilitzan la mesura, articulaci\u00f3 i frasejo adequat. Aquest criteri d&#8217;avaluaci\u00f3 pret\u00e9n comprovar la correcta assimilaci\u00f3 i aplicaci\u00f3 dels citats principis de llenguatge musical de acord amb el nivell corresponent.<\/li>\n<\/ul>\n<p>&nbsp;<\/p>\n<p><strong>OBRES ORIENTATIVES:<\/strong><\/p>\n<ul>\n<li>M. Giuliani: \u201cLe Papillon op. 30 no 16 al 30. M.<\/li>\n<li>F. Carulli: Preludis no 6 a 15.<\/li>\n<li>F. Sor, estudis op.60, no: 20, 22 i 24. F. Sor, estudis op.44, no:12, 15, 17, 20 i 22. F. Sor, estudis op.35, no: 4 i 5.<\/li>\n<li>Adrien le Roy: Prelude e Chanson.<\/li>\n<li>Fred Noad Guitar Antologi: Alman i Cobbler. L. Narv\u00e1ez.<\/li>\n<li>J.S. Bach: Transcripcions del llibre d&#8217;Ana Magdalena Bach.<\/li>\n<li>F. Noad Guitar Antologi-Barroc:Adam Falckenhagen: vivace.<\/li>\n<li>M. Carcassi: aires d&#8217;execuci\u00f3 brillant i f\u00e0cil no 3 \u201cAir Montagnard\u201d.<br \/>\nGragnani: Sonatina.<\/li>\n<li>F. Carulli: Rond\u00f3 de la sonata op.41. F. Carulli: Rond\u00f3 en do M (M\u00e8tode<br \/>\ncomplet de guitarra, facsimil, pag 31).<\/li>\n<li>Fernando Sor: Romanesca.<\/li>\n<li>N. Paganini: sonatina op. 25.<\/li>\n<li>L. Walker: Kleine Romanze.<\/li>\n<li>J.S. Sagregas: Larghetto.<\/li>\n<li>J. Ferrer: Tango no 3. Obres similars.<\/li>\n<\/ul>\n<p>&nbsp;<\/p>\n<p>&nbsp;<\/p>\n","protected":false},"excerpt":{"rendered":"<p>Guitarra ACC\u00c9S 2\u00b0 E.E. PROVA A: (Veure prova de Llenguatge Musical) PROVA B: Lectura d&#8217;una obra a primera vista amb les seg\u00fcents caracter\u00edstiques: CONTINGUTS: Fragment d&#8217;un m\u00e0xim de 16 compassos proposat pel tribunal de nivell corresponent al curs PRIMER. Una sola alteraci\u00f3 en l&#8217;armadura. Extensi\u00f3 des del meu greu fins a l&#8217;agut (V trast). Alteracions [&hellip;]<\/p>\n","protected":false},"author":1,"featured_media":0,"parent":1201,"menu_order":1,"comment_status":"closed","ping_status":"closed","template":"","meta":{"footnotes":""},"class_list":["post-1205","page","type-page","status-publish","hentry"],"yoast_head":"<!-- This site is optimized with the Yoast SEO plugin v27.3 - https:\/\/yoast.com\/product\/yoast-seo-wordpress\/ -->\n<title>Guitarra - Conservatori Professional de M\u00fasica Juan Cant\u00f3 en Alcoi<\/title>\n<meta name=\"robots\" content=\"index, follow, max-snippet:-1, max-image-preview:large, max-video-preview:-1\" \/>\n<link rel=\"canonical\" href=\"https:\/\/www.conservatorialcoi.com\/ca\/informacio-academica\/ensenanza-elemental\/contenidos-terminales-por-asignaturas\/guitarra\/\" \/>\n<meta property=\"og:locale\" content=\"ca_ES\" \/>\n<meta property=\"og:type\" content=\"article\" \/>\n<meta property=\"og:title\" content=\"Guitarra - Conservatori Professional de M\u00fasica Juan Cant\u00f3 en Alcoi\" \/>\n<meta property=\"og:description\" content=\"Guitarra ACC\u00c9S 2\u00b0 E.E. PROVA A: (Veure prova de Llenguatge Musical) PROVA B: Lectura d&#8217;una obra a primera vista amb les seg\u00fcents caracter\u00edstiques: CONTINGUTS: Fragment d&#8217;un m\u00e0xim de 16 compassos proposat pel tribunal de nivell corresponent al curs PRIMER. Una sola alteraci\u00f3 en l&#8217;armadura. Extensi\u00f3 des del meu greu fins a l&#8217;agut (V trast). Alteracions [&hellip;]\" \/>\n<meta property=\"og:url\" content=\"https:\/\/www.conservatorialcoi.com\/ca\/informacio-academica\/ensenanza-elemental\/contenidos-terminales-por-asignaturas\/guitarra\/\" \/>\n<meta property=\"og:site_name\" content=\"Conservatori Professional de M\u00fasica Juan Cant\u00f3 en Alcoi\" \/>\n<meta property=\"article:modified_time\" content=\"2024-07-01T14:01:56+00:00\" \/>\n<meta name=\"twitter:card\" content=\"summary_large_image\" \/>\n<meta name=\"twitter:label1\" content=\"Temps estimat de lectura\" \/>\n\t<meta name=\"twitter:data1\" content=\"6 minuts\" \/>\n<script type=\"application\/ld+json\" class=\"yoast-schema-graph\">{\"@context\":\"https:\\\/\\\/schema.org\",\"@graph\":[{\"@type\":\"WebPage\",\"@id\":\"https:\\\/\\\/www.conservatorialcoi.com\\\/ca\\\/informacio-academica\\\/ensenanza-elemental\\\/contenidos-terminales-por-asignaturas\\\/guitarra\\\/\",\"url\":\"https:\\\/\\\/www.conservatorialcoi.com\\\/ca\\\/informacio-academica\\\/ensenanza-elemental\\\/contenidos-terminales-por-asignaturas\\\/guitarra\\\/\",\"name\":\"Guitarra - Conservatori Professional de M\u00fasica Juan Cant\u00f3 en Alcoi\",\"isPartOf\":{\"@id\":\"https:\\\/\\\/www.conservatorialcoi.com\\\/#website\"},\"datePublished\":\"2019-02-14T10:54:07+00:00\",\"dateModified\":\"2024-07-01T14:01:56+00:00\",\"breadcrumb\":{\"@id\":\"https:\\\/\\\/www.conservatorialcoi.com\\\/ca\\\/informacio-academica\\\/ensenanza-elemental\\\/contenidos-terminales-por-asignaturas\\\/guitarra\\\/#breadcrumb\"},\"inLanguage\":\"ca\",\"potentialAction\":[{\"@type\":\"ReadAction\",\"target\":[\"https:\\\/\\\/www.conservatorialcoi.com\\\/ca\\\/informacio-academica\\\/ensenanza-elemental\\\/contenidos-terminales-por-asignaturas\\\/guitarra\\\/\"]}]},{\"@type\":\"BreadcrumbList\",\"@id\":\"https:\\\/\\\/www.conservatorialcoi.com\\\/ca\\\/informacio-academica\\\/ensenanza-elemental\\\/contenidos-terminales-por-asignaturas\\\/guitarra\\\/#breadcrumb\",\"itemListElement\":[{\"@type\":\"ListItem\",\"position\":1,\"name\":\"Portada\",\"item\":\"https:\\\/\\\/www.conservatorialcoi.com\\\/ca\\\/\"},{\"@type\":\"ListItem\",\"position\":2,\"name\":\"Informaci\u00f3 acad\u00e8mica\",\"item\":\"https:\\\/\\\/www.conservatorialcoi.com\\\/ca\\\/informacio-academica\\\/\"},{\"@type\":\"ListItem\",\"position\":3,\"name\":\"Ensenyaments Elementals\",\"item\":\"https:\\\/\\\/www.conservatorialcoi.com\\\/ca\\\/informacio-academica\\\/ensenanza-elemental\\\/\"},{\"@type\":\"ListItem\",\"position\":4,\"name\":\"Continguts terminals per assignatures\",\"item\":\"https:\\\/\\\/www.conservatorialcoi.com\\\/ca\\\/informacio-academica\\\/ensenanza-elemental\\\/contenidos-terminales-por-asignaturas\\\/\"},{\"@type\":\"ListItem\",\"position\":5,\"name\":\"Guitarra\"}]},{\"@type\":\"WebSite\",\"@id\":\"https:\\\/\\\/www.conservatorialcoi.com\\\/#website\",\"url\":\"https:\\\/\\\/www.conservatorialcoi.com\\\/\",\"name\":\"Conservatori Professional de M\u00fasica Juan Cant\u00f3 en Alcoi\",\"description\":\"\",\"potentialAction\":[{\"@type\":\"SearchAction\",\"target\":{\"@type\":\"EntryPoint\",\"urlTemplate\":\"https:\\\/\\\/www.conservatorialcoi.com\\\/?s={search_term_string}\"},\"query-input\":{\"@type\":\"PropertyValueSpecification\",\"valueRequired\":true,\"valueName\":\"search_term_string\"}}],\"inLanguage\":\"ca\"}]}<\/script>\n<!-- \/ Yoast SEO plugin. -->","yoast_head_json":{"title":"Guitarra - Conservatori Professional de M\u00fasica Juan Cant\u00f3 en Alcoi","robots":{"index":"index","follow":"follow","max-snippet":"max-snippet:-1","max-image-preview":"max-image-preview:large","max-video-preview":"max-video-preview:-1"},"canonical":"https:\/\/www.conservatorialcoi.com\/ca\/informacio-academica\/ensenanza-elemental\/contenidos-terminales-por-asignaturas\/guitarra\/","og_locale":"ca_ES","og_type":"article","og_title":"Guitarra - Conservatori Professional de M\u00fasica Juan Cant\u00f3 en Alcoi","og_description":"Guitarra ACC\u00c9S 2\u00b0 E.E. PROVA A: (Veure prova de Llenguatge Musical) PROVA B: Lectura d&#8217;una obra a primera vista amb les seg\u00fcents caracter\u00edstiques: CONTINGUTS: Fragment d&#8217;un m\u00e0xim de 16 compassos proposat pel tribunal de nivell corresponent al curs PRIMER. Una sola alteraci\u00f3 en l&#8217;armadura. Extensi\u00f3 des del meu greu fins a l&#8217;agut (V trast). Alteracions [&hellip;]","og_url":"https:\/\/www.conservatorialcoi.com\/ca\/informacio-academica\/ensenanza-elemental\/contenidos-terminales-por-asignaturas\/guitarra\/","og_site_name":"Conservatori Professional de M\u00fasica Juan Cant\u00f3 en Alcoi","article_modified_time":"2024-07-01T14:01:56+00:00","twitter_card":"summary_large_image","twitter_misc":{"Temps estimat de lectura":"6 minuts"},"schema":{"@context":"https:\/\/schema.org","@graph":[{"@type":"WebPage","@id":"https:\/\/www.conservatorialcoi.com\/ca\/informacio-academica\/ensenanza-elemental\/contenidos-terminales-por-asignaturas\/guitarra\/","url":"https:\/\/www.conservatorialcoi.com\/ca\/informacio-academica\/ensenanza-elemental\/contenidos-terminales-por-asignaturas\/guitarra\/","name":"Guitarra - Conservatori Professional de M\u00fasica Juan Cant\u00f3 en Alcoi","isPartOf":{"@id":"https:\/\/www.conservatorialcoi.com\/#website"},"datePublished":"2019-02-14T10:54:07+00:00","dateModified":"2024-07-01T14:01:56+00:00","breadcrumb":{"@id":"https:\/\/www.conservatorialcoi.com\/ca\/informacio-academica\/ensenanza-elemental\/contenidos-terminales-por-asignaturas\/guitarra\/#breadcrumb"},"inLanguage":"ca","potentialAction":[{"@type":"ReadAction","target":["https:\/\/www.conservatorialcoi.com\/ca\/informacio-academica\/ensenanza-elemental\/contenidos-terminales-por-asignaturas\/guitarra\/"]}]},{"@type":"BreadcrumbList","@id":"https:\/\/www.conservatorialcoi.com\/ca\/informacio-academica\/ensenanza-elemental\/contenidos-terminales-por-asignaturas\/guitarra\/#breadcrumb","itemListElement":[{"@type":"ListItem","position":1,"name":"Portada","item":"https:\/\/www.conservatorialcoi.com\/ca\/"},{"@type":"ListItem","position":2,"name":"Informaci\u00f3 acad\u00e8mica","item":"https:\/\/www.conservatorialcoi.com\/ca\/informacio-academica\/"},{"@type":"ListItem","position":3,"name":"Ensenyaments Elementals","item":"https:\/\/www.conservatorialcoi.com\/ca\/informacio-academica\/ensenanza-elemental\/"},{"@type":"ListItem","position":4,"name":"Continguts terminals per assignatures","item":"https:\/\/www.conservatorialcoi.com\/ca\/informacio-academica\/ensenanza-elemental\/contenidos-terminales-por-asignaturas\/"},{"@type":"ListItem","position":5,"name":"Guitarra"}]},{"@type":"WebSite","@id":"https:\/\/www.conservatorialcoi.com\/#website","url":"https:\/\/www.conservatorialcoi.com\/","name":"Conservatori Professional de M\u00fasica Juan Cant\u00f3 en Alcoi","description":"","potentialAction":[{"@type":"SearchAction","target":{"@type":"EntryPoint","urlTemplate":"https:\/\/www.conservatorialcoi.com\/?s={search_term_string}"},"query-input":{"@type":"PropertyValueSpecification","valueRequired":true,"valueName":"search_term_string"}}],"inLanguage":"ca"}]}},"_links":{"self":[{"href":"https:\/\/www.conservatorialcoi.com\/ca\/wp-json\/wp\/v2\/pages\/1205","targetHints":{"allow":["GET"]}}],"collection":[{"href":"https:\/\/www.conservatorialcoi.com\/ca\/wp-json\/wp\/v2\/pages"}],"about":[{"href":"https:\/\/www.conservatorialcoi.com\/ca\/wp-json\/wp\/v2\/types\/page"}],"author":[{"embeddable":true,"href":"https:\/\/www.conservatorialcoi.com\/ca\/wp-json\/wp\/v2\/users\/1"}],"replies":[{"embeddable":true,"href":"https:\/\/www.conservatorialcoi.com\/ca\/wp-json\/wp\/v2\/comments?post=1205"}],"version-history":[{"count":7,"href":"https:\/\/www.conservatorialcoi.com\/ca\/wp-json\/wp\/v2\/pages\/1205\/revisions"}],"predecessor-version":[{"id":9056,"href":"https:\/\/www.conservatorialcoi.com\/ca\/wp-json\/wp\/v2\/pages\/1205\/revisions\/9056"}],"up":[{"embeddable":true,"href":"https:\/\/www.conservatorialcoi.com\/ca\/wp-json\/wp\/v2\/pages\/1201"}],"wp:attachment":[{"href":"https:\/\/www.conservatorialcoi.com\/ca\/wp-json\/wp\/v2\/media?parent=1205"}],"curies":[{"name":"wp","href":"https:\/\/api.w.org\/{rel}","templated":true}]}}