{"id":1204,"date":"2019-02-14T10:48:22","date_gmt":"2019-02-14T10:48:22","guid":{"rendered":"https:\/\/www.conservatorialcoi.com\/\/informacion-academica\/ensenanza-elemental\/contenidos-terminales-por-asignaturas\/dulzaina\/"},"modified":"2026-05-09T17:56:36","modified_gmt":"2026-05-09T17:56:36","slug":"dulzaina","status":"publish","type":"page","link":"https:\/\/www.conservatorialcoi.com\/ca\/informacio-academica\/ensenanza-elemental\/contenidos-terminales-por-asignaturas\/dulzaina\/","title":{"rendered":"Dol\u00e7aina"},"content":{"rendered":"<p><span style=\"color: #ff0000;\">Orde realitzaci\u00f3 de les proves per a tots els cursos:<\/span><\/p>\n<p>La prova constar\u00e0 de dos apartats: pr\u00e0ctica instrumental i llenguatge musical, organitzats del mode<\/p>\n<p>seg\u00fcent:<\/p>\n<p><strong>a) Pr\u00e0ctica instrumental.<\/strong><\/p>\n<p>Es compondr\u00e0 dels seg\u00fcents subapartats:<\/p>\n<p>a.1) Interpretaci\u00f3.<\/p>\n<p>La persona aspirant haur\u00e0 de presentar un programa de tres obres o moviments de diferent estil, amb un nivell igual o superior a l\u2019establit com a final del curs precedent al qual opta.<\/p>\n<p>El tribunal determinar\u00e0 quines obres, parts o fragments s\u2019interpretaran.<\/p>\n<p>Es valorar\u00e0 la interpretaci\u00f3 de mem\u00f2ria.<\/p>\n<p>a.2) Lectura a primera vista.<\/p>\n<p>Consistir\u00e0 en la interpretaci\u00f3 a primera vista d\u2019un fragment el contingut del qual no ser\u00e0 superior al nivell fixat per a la finalitzaci\u00f3 del curs precedent al sol\u00b7licitat.<\/p>\n<p><strong>b) Llenguatge musical.<\/strong><\/p>\n<p>Inclour\u00e0 exercicis de lectura r\u00edtmica, lectura mel\u00f2dica, teoria de la m\u00fasica i dictat musical, ajustats als continguts finals del curs precedent al qual opta la persona aspirant.<\/p>\n<h3>ACC\u00c9S 2\u00b0 E.E.<\/h3>\n<p><strong>PROVA A<\/strong>: Pr\u00e0ctica instrumental.<\/p>\n<p><strong>CAN\u00c7ONS ORIENTATIVES:<\/strong><\/p>\n<ul>\n<li>La lluna, la pruna.<\/li>\n<li>A la vora del riu mare.<\/li>\n<li>La meua xiqueta \u00e9s l\u2019estima.<\/li>\n<li>La Reina estava malalta<\/li>\n<li>Els Catalinetes.<\/li>\n<li>Mon pari no te nas.<\/li>\n<li>Ramonet<\/li>\n<li>Dianes<\/li>\n<li>Ja veu Cento.<\/li>\n<li>Pepe Tono.<\/li>\n<\/ul>\n<p><strong>CONTINGUTS:<\/strong><\/p>\n<ul>\n<li>Tonalitats: Sol M, Mi m i Re M<\/li>\n<li>Compassos: 2\/4, 4\/4 i 3\/4.<\/li>\n<li>Figures r\u00edtmiques de nota i silenci: rodona, blanca, negra, corxera i semicorxera i negra i corxera amb puntillo.<\/li>\n<li>Registre: re (sota la 1a l\u00ednia), la meva, fa#, sol, la, si, do, i re agut (4a l\u00ednia).<\/li>\n<li>Articulaci\u00f3: picat concret i els combinacions senzilles de lligats.<\/li>\n<li>Expressi\u00f3: comprensi\u00f3 de la frase musical utilitzant els punts d&#8217;inspiraci\u00f3 per a definir-la.<\/li>\n<li>Formes: Adaptacions de can\u00e7ons populars. Jocs cantats. Exercicis t\u00e8cnics de respiraci\u00f3. Cercavila-diana b\u00e0sic. Introducci\u00f3 de la jota adaptada.<\/li>\n<\/ul>\n<p><strong>CRITERIS D&#8217;AVALUACI\u00d3:<\/strong><\/p>\n<ul>\n<li>Vigilar la posici\u00f3 del cos i subjecci\u00f3 de la dol\u00e7aina.<\/li>\n<li>Comprovar que l&#8217;alumne\/a coneix totes les posicions digitals treballades en aquest nivell.<\/li>\n<li>Vigilar el proc\u00e9s respiratori perqu\u00e8 no s&#8217;assimilin tensions innecess\u00e0ries.<\/li>\n<li>Vigilar cont\u00ednuament la posici\u00f3 dels llavis i la seva col\u00b7locaci\u00f3 en la canya (embocadura).<\/li>\n<li>Interpretar exercicis i tocates espec\u00edfics per a valorar la coordinaci\u00f3 de la llengua i els dits en l&#8217;emissi\u00f3 de les notes. Utilitzar combinacions senzilles de picat \/ lligat (articulaci\u00f3).<\/li>\n<li>Comprovar que l&#8217;alumne\/a sigui conscient de l&#8217;afinaci\u00f3 i intenta corregir-la, nom\u00e9s en la primera octava i amb intervals senzills.<\/li>\n<li>Utilitzar els punts d&#8217;inspiraci\u00f3 per a definir la frase musical, estiguin assenyalats o no.<\/li>\n<\/ul>\n<p>&nbsp;<\/p>\n<p>Lectura d&#8217;una obra a primera vista amb les seg\u00fcent caracter\u00edstiques:<\/p>\n<p><strong>CONTINGUTS:<\/strong><\/p>\n<ul>\n<li>Durada: fins a 16 compassos (50\u2019\u2019 aprox.)<\/li>\n<li>Tonalitats: Sol M i Re M<\/li>\n<li>Compassos: 2\/4, 4\/4.<\/li>\n<li>Figures r\u00edtmiques de nota i silenci: rodona, blanca, negra, corxera i semicorxera.<\/li>\n<li>Registre: re (sota la 1a l\u00ednia), la meva, fa#, sol, la, si, do, i re agut (4a l\u00ednia).<\/li>\n<\/ul>\n<p><strong>CRITERIS D&#8217;AVALUACI\u00d3:<\/strong><\/p>\n<ul>\n<li>Controlar una posici\u00f3 acceptable del cos i l&#8217;embocadura.<\/li>\n<li>Vigilar el proc\u00e9s respiratori perqu\u00e8 no s&#8217;assimilin tensions innecess\u00e0ries.<\/li>\n<li>Comprovar que l&#8217;alumne\/a coneix totes les posicions digitals del nivell.<\/li>\n<li>Comprovar que l&#8217;alumne\/a sigui conscient de l&#8217;afinaci\u00f3 i intenta corregir-la, nom\u00e9s en la primera octava i amb intervals senzills.<\/li>\n<li>Utilitzar els punts d&#8217;inspiraci\u00f3 per a definir la frase musical, estiguin assenyalats o no.<\/li>\n<\/ul>\n<p>&nbsp;<\/p>\n<p><strong>PROVA B<\/strong>: (Veure prova de Llenguatge Musical)<\/p>\n<h3>ACC\u00c9S 3\u00b0 E.E.<\/h3>\n<p><strong>PROVA A<\/strong>: Pr\u00e0ctica instrumental.<\/p>\n<p><strong>CAN\u00c7ONS ORIENTATIVES:<\/strong><\/p>\n<ul>\n<li>Plou i fa sol<\/li>\n<li>Can\u00e7\u00f3 dels aletes<\/li>\n<li>El tio Caliu<\/li>\n<li>Camina Maria.<\/li>\n<li>Arr\u00f2s amb enceba<\/li>\n<li>Cercavila Villagordo<\/li>\n<li>Bra\u00e7al Cercavila<\/li>\n<li>Dans\u00e0 I Alcoir<\/li>\n<li>Dansa de la magrana<\/li>\n<li>Xiri-*ben-*sona marxa mora<\/li>\n<li>El tio Pep<\/li>\n<li>Process\u00f3 2 Val\u00e8ncia<\/li>\n<\/ul>\n<p><strong>CONTINGUTS:<\/strong><\/p>\n<ul>\n<li>Tonalitats: Sol M, Mi m i Re M<\/li>\n<li>Compassos: 2\/4, 4\/4 i 3\/4.<\/li>\n<li>Figures r\u00edtmiques de nota i silenci: rodona, blanca, negra, corxera i semicorxera i negra i corxera amb puntillo.<\/li>\n<li>Registre: re (sota la 1a l\u00ednia), re#, el meu, fa#, sol, la, si, do, do# i re agut (4a l\u00ednia).<\/li>\n<li>Articulaci\u00f3: picat concret i els combinacions senzilles de lligats.<\/li>\n<li>Expressi\u00f3: comprensi\u00f3 de la frase musical utilitzant els punts d&#8217;inspiraci\u00f3 per a definir-la.<\/li>\n<li>Formes: Adaptacions de can\u00e7ons populars. Jocs cantats. Cercavila 2\/4. Exercicis t\u00e8cnics de respiraci\u00f3, afinaci\u00f3 i articulaci\u00f3. Danses rituals: magrana, corpus, ball els espies, pastoretes. Danses populars (ball de pla\u00e7a). Process\u00f3 tern\u00e0ria. Process\u00f3 bin\u00e0ria.<br \/>\nHavanera. Ritme de Marxa mora. Ritme de Nans i gegants.<\/li>\n<\/ul>\n<p><strong>CRITERIS D&#8217;AVALUACI\u00d3:<\/strong><\/p>\n<ul>\n<li>Vigilar la posici\u00f3 del cos i subjecci\u00f3 de la dol\u00e7aina.<\/li>\n<li>Comprovar que l&#8217;alumne\/a coneix totes les posicions digitals treballades en aquest nivell.<\/li>\n<li>Vigilar el proc\u00e9s respiratori perqu\u00e8 no s&#8217;assimilin tensions innecess\u00e0ries.<\/li>\n<li>Vigilar cont\u00ednuament la posici\u00f3 dels llavis i la seva col\u00b7locaci\u00f3 en la canya (embocadura).<\/li>\n<li>Interpretar exercicis i tocates espec\u00edfics per a valorar la coordinaci\u00f3 de la llengua i els dits en l&#8217;emissi\u00f3 de les notes. Utilitzar combinacions senzilles de picat \/ lligat (articulaci\u00f3).<\/li>\n<li>Comprovar que l&#8217;alumne\/a sigui conscient de l&#8217;afinaci\u00f3 i intenta corregir-la, nom\u00e9s en la primera octava i amb intervals senzills.<\/li>\n<li>Utilitzar els punts d&#8217;inspiraci\u00f3 per a definir la frase musical, estiguin assenyalats o no.<\/li>\n<\/ul>\n<p>&nbsp;<\/p>\n<p>Lectura d&#8217;una obra a primera vista amb les seg\u00fcent caracter\u00edstiques:<\/p>\n<p><strong>CONTINGUTS:<\/strong><\/p>\n<ul>\n<li>Durada: fins a 32 compassos (60\u2019\u2019 aprox.)<\/li>\n<li>Tonalitats: Sol M i Re M<\/li>\n<li>Compassos: 2\/4, 3\/4, 4\/4.<\/li>\n<li>Figures r\u00edtmiques de nota i silenci: rodona, blanca, negra, corxera i semicorxera i negra i<br \/>\ncorxera amb puntillo.<\/li>\n<li>Registre: re (sota la 1a l\u00ednia), re#, el meu, fa#, sol, la, si, do, do# i re agut (4a l\u00ednia).<\/li>\n<\/ul>\n<p><strong>CRITERIS D&#8217;AVALUACI\u00d3:<\/strong><\/p>\n<ul>\n<li>Controlar una posici\u00f3 acceptable del cos i l&#8217;embocadura.<\/li>\n<li>Vigilar el proc\u00e9s respiratori perqu\u00e8 no s&#8217;assimilin tensions innecess\u00e0ries.<\/li>\n<li>Comprovar que l&#8217;alumne\/a coneix totes les posicions digitals del nivell.<\/li>\n<li>Comprovar que l&#8217;alumne\/a sigui conscient de l&#8217;afinaci\u00f3 i intenta corregir-la, nom\u00e9s en la primera octava i amb intervals senzills.<\/li>\n<li>Utilitzar els punts d&#8217;inspiraci\u00f3 per a definir la frase musical, estiguin assenyalats o no<\/li>\n<\/ul>\n<p>&nbsp;<\/p>\n<p><strong>PROVA B<\/strong>: (Veure prova de Llenguatge Musical)<\/p>\n<h3>ACC\u00c9S 4\u00b0 E.E.<\/h3>\n<p><strong>PROVA A<\/strong>: Pr\u00e0ctica instrumental.<\/p>\n<p><strong>CAN\u00c7ONS\/OBRES ORIENTATIVES:<\/strong><\/p>\n<ul>\n<li>Jota de Vinar\u00f2s<\/li>\n<li>Els tres roses<\/li>\n<li>El noi de la mare<\/li>\n<li>Dans\u00e0 II d\u2019Alcoi<\/li>\n<li>El Sequiol<\/li>\n<li>Ball de Arquets corpus<\/li>\n<li>Ball de nanos d\u2019Alcoi<\/li>\n<li>Toc de Cavalcada<\/li>\n<li>L\u2019O bastonets Algemes\u00ed<\/li>\n<li>Jotes del Riuirau 1<\/li>\n<li>Beuna<\/li>\n<li>Tanina<\/li>\n<\/ul>\n<p><strong>CONTINGUTS:<\/strong><\/p>\n<ul>\n<li>Tonalitats: Sol M, Mi m i Re M<\/li>\n<li>Compassos: 2\/4, 4\/4 i 3\/4.<\/li>\n<li>Figures r\u00edtmiques de nota i silenci: rodona, blanca, negra, corxera i semicorxera i negra i corxera amb puntillo.<\/li>\n<li>Registre: re (sota la 1a l\u00ednia), re#, el meu, fa#, sol, la, si, do, do#, re\u2019, el meu\u2019, fa#\u2019, sol\u2019.<\/li>\n<li>Articulaci\u00f3: picat concret i els combinacions senzilles de lligats. Stacatto i Portato.<\/li>\n<li>Expressi\u00f3: comprensi\u00f3 de la frase musical utilitzant els punts d&#8217;inspiraci\u00f3 per a definir-la.<\/li>\n<li>Formes: Adaptacions de can\u00e7ons populars. Exercicis t\u00e8cnics de respiraci\u00f3, afinaci\u00f3 i articulaci\u00f3. Cercavila 3\/4. Cercavila pasdoble. Estudis a dues veus. Exercicis t\u00e8cnics de aguts. Danses rituals: bastonets, gitanetes, prim de figueroles, pastorets, carxofa, arquets,<br \/>\nturcs i nanos. Danses populars (ball de pla\u00e7a) a temps i amb aguts. Cercavila ritual: sants de la pedra, plega i ritme de cavalcada Process\u00f3 tern\u00e0ria. Process\u00f3 bin\u00e0ria. Jota. Polca. Ritme de masurca. Ritme de bolero.<\/li>\n<\/ul>\n<p><strong>CRITERIS D&#8217;AVALUACI\u00d3:<\/strong><\/p>\n<ul>\n<li>Vigilar la posici\u00f3 del cos i subjecci\u00f3 de la dol\u00e7aina.<\/li>\n<li>Comprovar que l&#8217;alumne\/a coneix totes les posicions digitals treballades en aquest nivell.<\/li>\n<li>Vigilar el proc\u00e9s respiratori perqu\u00e8 no s&#8217;assimilin tensions innecess\u00e0ries.<\/li>\n<li>Vigilar cont\u00ednuament la posici\u00f3 dels llavis i la seva col\u00b7locaci\u00f3 en la canya (embocadura).<\/li>\n<li>Interpretar exercicis i tocates espec\u00edfics per a valorar la coordinaci\u00f3 de la llengua i els dits<br \/>\nen l&#8217;emissi\u00f3 de les notes. Utilitzar combinacions senzilles de picat \/ lligat (articulaci\u00f3).<\/li>\n<li>Comprovar que l&#8217;alumne\/a sigui conscient de l&#8217;afinaci\u00f3 i intenta corregir-la, nom\u00e9s en la primera octava i amb intervals senzills.<\/li>\n<li>Utilitzar els punts d&#8217;inspiraci\u00f3 per a definir la frase musical, estiguin assenyalats o no.<\/li>\n<\/ul>\n<p>&nbsp;<\/p>\n<p>Lectura d&#8217;una obra a primera vista amb les seg\u00fcent caracter\u00edstiques:<\/p>\n<p><strong>CONTINGUTS:<\/strong><\/p>\n<ul>\n<li>Durada: fins a 32 compassos (60\u2019\u2019 aprox.)<\/li>\n<li>Tonalitats: Sol M, La meva m i Re M<\/li>\n<li>Compassos: 2\/4, 3\/4, 4\/4.<\/li>\n<li>Figures r\u00edtmiques de nota i silenci: rodona, blanca, negra, corxera i semicorxera i negra i corxera amb puntillo.<\/li>\n<li>Registre: re (sota la 1a l\u00ednia), re#, el meu, fa#, sol, la, si, do, do# re\u2019, el meu\u2019, fa#\u2019, sol\u2019.<\/li>\n<\/ul>\n<p><strong>CRITERIS D&#8217;AVALUACI\u00d3:<\/strong><\/p>\n<ul>\n<li>Controlar una posici\u00f3 acceptable del cos i l&#8217;embocadura.<\/li>\n<li>Vigilar el proc\u00e9s respiratori perqu\u00e8 no s&#8217;assimilin tensions innecess\u00e0ries.<\/li>\n<li>Comprovar que l&#8217;alumne\/a coneix totes les posicions digitals del nivell.<\/li>\n<li>Comprovar que l&#8217;alumne\/a sigui conscient de l&#8217;afinaci\u00f3 i intenta corregir-la.<\/li>\n<li>Utilitzar els punts d&#8217;inspiraci\u00f3 per a definir la frase musical, estiguin assenyalats o no.<\/li>\n<\/ul>\n<p>&nbsp;<\/p>\n<p><strong>PROVA B<\/strong>: (Veure prova de Llenguatge Musical)<\/p>\n","protected":false},"excerpt":{"rendered":"<p>Orde realitzaci\u00f3 de les proves per a tots els cursos: La prova constar\u00e0 de dos apartats: pr\u00e0ctica instrumental i llenguatge musical, organitzats del mode seg\u00fcent: a) Pr\u00e0ctica instrumental. Es compondr\u00e0 dels seg\u00fcents subapartats: a.1) Interpretaci\u00f3. La persona aspirant haur\u00e0 de presentar un programa de tres obres o moviments de diferent estil, amb un nivell igual [&hellip;]<\/p>\n","protected":false},"author":1,"featured_media":0,"parent":1201,"menu_order":0,"comment_status":"closed","ping_status":"closed","template":"","meta":{"footnotes":""},"class_list":["post-1204","page","type-page","status-publish","hentry"],"yoast_head":"<!-- This site is optimized with the Yoast SEO plugin v27.3 - https:\/\/yoast.com\/product\/yoast-seo-wordpress\/ -->\n<title>Dol\u00e7aina - Conservatori Professional de M\u00fasica Juan Cant\u00f3 en Alcoi<\/title>\n<meta name=\"robots\" content=\"index, follow, max-snippet:-1, max-image-preview:large, max-video-preview:-1\" \/>\n<link rel=\"canonical\" href=\"https:\/\/www.conservatorialcoi.com\/ca\/informacio-academica\/ensenanza-elemental\/contenidos-terminales-por-asignaturas\/dulzaina\/\" \/>\n<meta property=\"og:locale\" content=\"ca_ES\" \/>\n<meta property=\"og:type\" content=\"article\" \/>\n<meta property=\"og:title\" content=\"Dol\u00e7aina - Conservatori Professional de M\u00fasica Juan Cant\u00f3 en Alcoi\" \/>\n<meta property=\"og:description\" content=\"Orde realitzaci\u00f3 de les proves per a tots els cursos: La prova constar\u00e0 de dos apartats: pr\u00e0ctica instrumental i llenguatge musical, organitzats del mode seg\u00fcent: a) Pr\u00e0ctica instrumental. Es compondr\u00e0 dels seg\u00fcents subapartats: a.1) Interpretaci\u00f3. La persona aspirant haur\u00e0 de presentar un programa de tres obres o moviments de diferent estil, amb un nivell igual [&hellip;]\" \/>\n<meta property=\"og:url\" content=\"https:\/\/www.conservatorialcoi.com\/ca\/informacio-academica\/ensenanza-elemental\/contenidos-terminales-por-asignaturas\/dulzaina\/\" \/>\n<meta property=\"og:site_name\" content=\"Conservatori Professional de M\u00fasica Juan Cant\u00f3 en Alcoi\" \/>\n<meta property=\"article:modified_time\" content=\"2026-05-09T17:56:36+00:00\" \/>\n<meta name=\"twitter:card\" content=\"summary_large_image\" \/>\n<meta name=\"twitter:label1\" content=\"Temps estimat de lectura\" \/>\n\t<meta name=\"twitter:data1\" content=\"7 minuts\" \/>\n<script type=\"application\/ld+json\" class=\"yoast-schema-graph\">{\"@context\":\"https:\\\/\\\/schema.org\",\"@graph\":[{\"@type\":\"WebPage\",\"@id\":\"https:\\\/\\\/www.conservatorialcoi.com\\\/ca\\\/informacio-academica\\\/ensenanza-elemental\\\/contenidos-terminales-por-asignaturas\\\/dulzaina\\\/\",\"url\":\"https:\\\/\\\/www.conservatorialcoi.com\\\/ca\\\/informacio-academica\\\/ensenanza-elemental\\\/contenidos-terminales-por-asignaturas\\\/dulzaina\\\/\",\"name\":\"Dol\u00e7aina - Conservatori Professional de M\u00fasica Juan Cant\u00f3 en Alcoi\",\"isPartOf\":{\"@id\":\"https:\\\/\\\/www.conservatorialcoi.com\\\/#website\"},\"datePublished\":\"2019-02-14T10:48:22+00:00\",\"dateModified\":\"2026-05-09T17:56:36+00:00\",\"breadcrumb\":{\"@id\":\"https:\\\/\\\/www.conservatorialcoi.com\\\/ca\\\/informacio-academica\\\/ensenanza-elemental\\\/contenidos-terminales-por-asignaturas\\\/dulzaina\\\/#breadcrumb\"},\"inLanguage\":\"ca\",\"potentialAction\":[{\"@type\":\"ReadAction\",\"target\":[\"https:\\\/\\\/www.conservatorialcoi.com\\\/ca\\\/informacio-academica\\\/ensenanza-elemental\\\/contenidos-terminales-por-asignaturas\\\/dulzaina\\\/\"]}]},{\"@type\":\"BreadcrumbList\",\"@id\":\"https:\\\/\\\/www.conservatorialcoi.com\\\/ca\\\/informacio-academica\\\/ensenanza-elemental\\\/contenidos-terminales-por-asignaturas\\\/dulzaina\\\/#breadcrumb\",\"itemListElement\":[{\"@type\":\"ListItem\",\"position\":1,\"name\":\"Portada\",\"item\":\"https:\\\/\\\/www.conservatorialcoi.com\\\/ca\\\/\"},{\"@type\":\"ListItem\",\"position\":2,\"name\":\"Informaci\u00f3 acad\u00e8mica\",\"item\":\"https:\\\/\\\/www.conservatorialcoi.com\\\/ca\\\/informacio-academica\\\/\"},{\"@type\":\"ListItem\",\"position\":3,\"name\":\"Ensenyaments Elementals\",\"item\":\"https:\\\/\\\/www.conservatorialcoi.com\\\/ca\\\/informacio-academica\\\/ensenanza-elemental\\\/\"},{\"@type\":\"ListItem\",\"position\":4,\"name\":\"Continguts terminals per assignatures\",\"item\":\"https:\\\/\\\/www.conservatorialcoi.com\\\/ca\\\/informacio-academica\\\/ensenanza-elemental\\\/contenidos-terminales-por-asignaturas\\\/\"},{\"@type\":\"ListItem\",\"position\":5,\"name\":\"Dol\u00e7aina\"}]},{\"@type\":\"WebSite\",\"@id\":\"https:\\\/\\\/www.conservatorialcoi.com\\\/#website\",\"url\":\"https:\\\/\\\/www.conservatorialcoi.com\\\/\",\"name\":\"Conservatori Professional de M\u00fasica Juan Cant\u00f3 en Alcoi\",\"description\":\"\",\"potentialAction\":[{\"@type\":\"SearchAction\",\"target\":{\"@type\":\"EntryPoint\",\"urlTemplate\":\"https:\\\/\\\/www.conservatorialcoi.com\\\/?s={search_term_string}\"},\"query-input\":{\"@type\":\"PropertyValueSpecification\",\"valueRequired\":true,\"valueName\":\"search_term_string\"}}],\"inLanguage\":\"ca\"}]}<\/script>\n<!-- \/ Yoast SEO plugin. -->","yoast_head_json":{"title":"Dol\u00e7aina - Conservatori Professional de M\u00fasica Juan Cant\u00f3 en Alcoi","robots":{"index":"index","follow":"follow","max-snippet":"max-snippet:-1","max-image-preview":"max-image-preview:large","max-video-preview":"max-video-preview:-1"},"canonical":"https:\/\/www.conservatorialcoi.com\/ca\/informacio-academica\/ensenanza-elemental\/contenidos-terminales-por-asignaturas\/dulzaina\/","og_locale":"ca_ES","og_type":"article","og_title":"Dol\u00e7aina - Conservatori Professional de M\u00fasica Juan Cant\u00f3 en Alcoi","og_description":"Orde realitzaci\u00f3 de les proves per a tots els cursos: La prova constar\u00e0 de dos apartats: pr\u00e0ctica instrumental i llenguatge musical, organitzats del mode seg\u00fcent: a) Pr\u00e0ctica instrumental. Es compondr\u00e0 dels seg\u00fcents subapartats: a.1) Interpretaci\u00f3. La persona aspirant haur\u00e0 de presentar un programa de tres obres o moviments de diferent estil, amb un nivell igual [&hellip;]","og_url":"https:\/\/www.conservatorialcoi.com\/ca\/informacio-academica\/ensenanza-elemental\/contenidos-terminales-por-asignaturas\/dulzaina\/","og_site_name":"Conservatori Professional de M\u00fasica Juan Cant\u00f3 en Alcoi","article_modified_time":"2026-05-09T17:56:36+00:00","twitter_card":"summary_large_image","twitter_misc":{"Temps estimat de lectura":"7 minuts"},"schema":{"@context":"https:\/\/schema.org","@graph":[{"@type":"WebPage","@id":"https:\/\/www.conservatorialcoi.com\/ca\/informacio-academica\/ensenanza-elemental\/contenidos-terminales-por-asignaturas\/dulzaina\/","url":"https:\/\/www.conservatorialcoi.com\/ca\/informacio-academica\/ensenanza-elemental\/contenidos-terminales-por-asignaturas\/dulzaina\/","name":"Dol\u00e7aina - Conservatori Professional de M\u00fasica Juan Cant\u00f3 en Alcoi","isPartOf":{"@id":"https:\/\/www.conservatorialcoi.com\/#website"},"datePublished":"2019-02-14T10:48:22+00:00","dateModified":"2026-05-09T17:56:36+00:00","breadcrumb":{"@id":"https:\/\/www.conservatorialcoi.com\/ca\/informacio-academica\/ensenanza-elemental\/contenidos-terminales-por-asignaturas\/dulzaina\/#breadcrumb"},"inLanguage":"ca","potentialAction":[{"@type":"ReadAction","target":["https:\/\/www.conservatorialcoi.com\/ca\/informacio-academica\/ensenanza-elemental\/contenidos-terminales-por-asignaturas\/dulzaina\/"]}]},{"@type":"BreadcrumbList","@id":"https:\/\/www.conservatorialcoi.com\/ca\/informacio-academica\/ensenanza-elemental\/contenidos-terminales-por-asignaturas\/dulzaina\/#breadcrumb","itemListElement":[{"@type":"ListItem","position":1,"name":"Portada","item":"https:\/\/www.conservatorialcoi.com\/ca\/"},{"@type":"ListItem","position":2,"name":"Informaci\u00f3 acad\u00e8mica","item":"https:\/\/www.conservatorialcoi.com\/ca\/informacio-academica\/"},{"@type":"ListItem","position":3,"name":"Ensenyaments Elementals","item":"https:\/\/www.conservatorialcoi.com\/ca\/informacio-academica\/ensenanza-elemental\/"},{"@type":"ListItem","position":4,"name":"Continguts terminals per assignatures","item":"https:\/\/www.conservatorialcoi.com\/ca\/informacio-academica\/ensenanza-elemental\/contenidos-terminales-por-asignaturas\/"},{"@type":"ListItem","position":5,"name":"Dol\u00e7aina"}]},{"@type":"WebSite","@id":"https:\/\/www.conservatorialcoi.com\/#website","url":"https:\/\/www.conservatorialcoi.com\/","name":"Conservatori Professional de M\u00fasica Juan Cant\u00f3 en Alcoi","description":"","potentialAction":[{"@type":"SearchAction","target":{"@type":"EntryPoint","urlTemplate":"https:\/\/www.conservatorialcoi.com\/?s={search_term_string}"},"query-input":{"@type":"PropertyValueSpecification","valueRequired":true,"valueName":"search_term_string"}}],"inLanguage":"ca"}]}},"_links":{"self":[{"href":"https:\/\/www.conservatorialcoi.com\/ca\/wp-json\/wp\/v2\/pages\/1204","targetHints":{"allow":["GET"]}}],"collection":[{"href":"https:\/\/www.conservatorialcoi.com\/ca\/wp-json\/wp\/v2\/pages"}],"about":[{"href":"https:\/\/www.conservatorialcoi.com\/ca\/wp-json\/wp\/v2\/types\/page"}],"author":[{"embeddable":true,"href":"https:\/\/www.conservatorialcoi.com\/ca\/wp-json\/wp\/v2\/users\/1"}],"replies":[{"embeddable":true,"href":"https:\/\/www.conservatorialcoi.com\/ca\/wp-json\/wp\/v2\/comments?post=1204"}],"version-history":[{"count":8,"href":"https:\/\/www.conservatorialcoi.com\/ca\/wp-json\/wp\/v2\/pages\/1204\/revisions"}],"predecessor-version":[{"id":12055,"href":"https:\/\/www.conservatorialcoi.com\/ca\/wp-json\/wp\/v2\/pages\/1204\/revisions\/12055"}],"up":[{"embeddable":true,"href":"https:\/\/www.conservatorialcoi.com\/ca\/wp-json\/wp\/v2\/pages\/1201"}],"wp:attachment":[{"href":"https:\/\/www.conservatorialcoi.com\/ca\/wp-json\/wp\/v2\/media?parent=1204"}],"curies":[{"name":"wp","href":"https:\/\/api.w.org\/{rel}","templated":true}]}}