{"id":12014,"date":"2026-05-08T01:15:11","date_gmt":"2026-05-08T01:15:11","guid":{"rendered":"https:\/\/www.conservatorialcoi.com\/?page_id=12014"},"modified":"2026-05-08T01:47:00","modified_gmt":"2026-05-08T01:47:00","slug":"procedimiento-de-autorizacion-para-las-pruebas-a-primer-curso-de-las-ensenanzas-elementales-de-musica-para-aspirantes-de-7-anos","status":"publish","type":"page","link":"https:\/\/www.conservatorialcoi.com\/ca\/procedimiento-de-autorizacion-para-las-pruebas-a-primer-curso-de-las-ensenanzas-elementales-de-musica-para-aspirantes-de-7-anos\/","title":{"rendered":"PROCEDIMENT D&#8217;AUTORITZACI\u00d3 PER A LES PROVES A PRIMER CURS DE LES ENSENYANCES ELEMENTALS DE M\u00daSICA PER A ASPIRANTS DE 7 ANYS"},"content":{"rendered":"<div id=\"page\" class=\"site grid-container container hfeed\">\n<div id=\"content\" class=\"site-content\">\n<div id=\"primary\" class=\"content-area\">\n<p><span style=\"color: #ff0000;\"><strong>Procediment d\u2019autoritzaci\u00f3 per a les proves a primer curs d\u2019ensenyances elementals de m\u00fasica per a aspirants de 7 anys:<\/strong><\/span><\/p>\n<p><span style=\"color: #000000;\"><strong>Terminis de presentaci\u00f3 de l&#8217;1 de febrero al 30 de abril de cada curso escolar<\/strong><\/span><\/p>\n<p><a href=\"https:\/\/sedeelectronica.alcoi.org\/sta\/CarpetaPublic\/doEvent?APP_CODE=STA&amp;PAGE_CODE=PTS_CATSERV&amp;DETALLE=6269000044095777707711&amp;lang=CA\"><span style=\"color: #ff0000;\"><strong>Solicitud sede electr\u00f3nica Ayuntamiento de Alcoy<\/strong><\/span><\/a><\/p>\n<p>Podran sol\u00b7licitar l\u2019autoritzaci\u00f3 per a participar en les proves d\u2019acc\u00e9s al primer curs de les ensenyances elementals de m\u00fasica o de dansa les persones aspirants que complisquen set anys durant l\u2019any natural de realitzaci\u00f3 de la prova i es troben en algun dels sup\u00f2sits seg\u00fcents:<br \/>\n<strong><em>a) Aspirants amb altes capacitats intel\u00b7lectuals<\/em><\/strong><br \/>\nLes persones aspirants hauran d\u2019adjuntar a la seua sol\u00b7licitud un informe sociopsicopedag\u00f2gic em\u00e9s pel servici d\u2019orientaci\u00f3 educativa de la xarxa p\u00fablica de la Generalitat Valenciana, o un gabinet psicopedag\u00f2gic autoritzat, en el qual conste expressament la condici\u00f3 d\u2019altes capacitats intel\u00b7lectuals.<br \/>\nLa direcci\u00f3 del centre validar\u00e0 les sol\u00b7licituds que presenten la documentaci\u00f3 requerida, sempre que s\u2019aporten en forma i termini, segons el calendari establit.<\/p>\n<p><strong><em>b) Aspirants amb precocitat extraordin\u00e0ria acreditada per a la disciplina art\u00edstica<\/em><\/strong><br \/>\nLes persones aspirants hauran d\u2019adjuntar a la seua sol\u00b7licitud la seg\u00fcent documentaci\u00f3:<\/p>\n<ul class=\"wp-block-list\">\n<li>Informe acreditatiu d\u2019aptituds art\u00edstiques, em\u00e9s i firmat pel professorat que haja impartit doc\u00e8ncia directa a l\u2019aspirant, o un professional qualificat en el corresponent \u00e0mbit.<\/li>\n<li>Escrit de motivaci\u00f3, presentat pels representants legals, justificant la sol\u00b7licitud de participaci\u00f3 en les proves d\u2019acc\u00e9s.<\/li>\n<\/ul>\n<article id=\"post-1909\" class=\"post-1909 page type-page status-publish\">\n<div class=\"inside-article\">\n<div id=\"\">\n<div class=\"entry-content\">\n<div class=\"wp-block-gva-acordeon gva-acordeon-contenedor\" data-type=\"gva\/acordeon-contenedor\">\n<div class=\"wp-block-gva-acordeon-item gva-acordeon-item\" data-type=\"gva\/acordeon-item\">\n<div class=\"content\"><\/div>\n<\/div>\n<\/div>\n<div class=\"addtoany_share_save_container addtoany_content addtoany_content_bottom\"><\/div>\n<\/div>\n<\/div>\n<\/div>\n<\/article>\n<p>&nbsp;<\/p>\n<\/div>\n<\/div>\n<\/div>\n<div id=\"portaledu-policy-banner\">\n<div id=\"portaledu-optout-form\">\n<p id=\"portaledu-optout-form-p1\">\n<\/div>\n<\/div>\n","protected":false},"excerpt":{"rendered":"<p>Procediment d\u2019autoritzaci\u00f3 per a les proves a primer curs d\u2019ensenyances elementals de m\u00fasica per a aspirants de 7 anys: Terminis de presentaci\u00f3 de l&#8217;1 de febrero al 30 de abril de cada curso escolar Solicitud sede electr\u00f3nica Ayuntamiento de Alcoy Podran sol\u00b7licitar l\u2019autoritzaci\u00f3 per a participar en les proves d\u2019acc\u00e9s al primer curs de les [&hellip;]<\/p>\n","protected":false},"author":4,"featured_media":0,"parent":0,"menu_order":0,"comment_status":"closed","ping_status":"closed","template":"","meta":{"footnotes":""},"class_list":["post-12014","page","type-page","status-publish","hentry"],"yoast_head":"<!-- This site is optimized with the Yoast SEO plugin v27.3 - https:\/\/yoast.com\/product\/yoast-seo-wordpress\/ -->\n<title>PROCEDIMENT D&#039;AUTORITZACI\u00d3 PER A LES PROVES A PRIMER CURS DE LES ENSENYANCES ELEMENTALS DE M\u00daSICA PER A ASPIRANTS DE 7 ANYS - Conservatori Professional de M\u00fasica Juan Cant\u00f3 en Alcoi<\/title>\n<meta name=\"robots\" content=\"index, follow, max-snippet:-1, max-image-preview:large, max-video-preview:-1\" \/>\n<link rel=\"canonical\" href=\"https:\/\/www.conservatorialcoi.com\/ca\/procedimiento-de-autorizacion-para-las-pruebas-a-primer-curso-de-las-ensenanzas-elementales-de-musica-para-aspirantes-de-7-anos\/\" \/>\n<meta property=\"og:locale\" content=\"ca_ES\" \/>\n<meta property=\"og:type\" content=\"article\" \/>\n<meta property=\"og:title\" content=\"PROCEDIMENT D&#039;AUTORITZACI\u00d3 PER A LES PROVES A PRIMER CURS DE LES ENSENYANCES ELEMENTALS DE M\u00daSICA PER A ASPIRANTS DE 7 ANYS - Conservatori Professional de M\u00fasica Juan Cant\u00f3 en Alcoi\" \/>\n<meta property=\"og:description\" content=\"Procediment d\u2019autoritzaci\u00f3 per a les proves a primer curs d\u2019ensenyances elementals de m\u00fasica per a aspirants de 7 anys: Terminis de presentaci\u00f3 de l&#8217;1 de febrero al 30 de abril de cada curso escolar Solicitud sede electr\u00f3nica Ayuntamiento de Alcoy Podran sol\u00b7licitar l\u2019autoritzaci\u00f3 per a participar en les proves d\u2019acc\u00e9s al primer curs de les [&hellip;]\" \/>\n<meta property=\"og:url\" content=\"https:\/\/www.conservatorialcoi.com\/ca\/procedimiento-de-autorizacion-para-las-pruebas-a-primer-curso-de-las-ensenanzas-elementales-de-musica-para-aspirantes-de-7-anos\/\" \/>\n<meta property=\"og:site_name\" content=\"Conservatori Professional de M\u00fasica Juan Cant\u00f3 en Alcoi\" \/>\n<meta property=\"article:modified_time\" content=\"2026-05-08T01:47:00+00:00\" \/>\n<meta name=\"twitter:card\" content=\"summary_large_image\" \/>\n<meta name=\"twitter:label1\" content=\"Temps estimat de lectura\" \/>\n\t<meta name=\"twitter:data1\" content=\"1 minut\" \/>\n<script type=\"application\/ld+json\" class=\"yoast-schema-graph\">{\"@context\":\"https:\\\/\\\/schema.org\",\"@graph\":[{\"@type\":\"WebPage\",\"@id\":\"https:\\\/\\\/www.conservatorialcoi.com\\\/ca\\\/procedimiento-de-autorizacion-para-las-pruebas-a-primer-curso-de-las-ensenanzas-elementales-de-musica-para-aspirantes-de-7-anos\\\/\",\"url\":\"https:\\\/\\\/www.conservatorialcoi.com\\\/ca\\\/procedimiento-de-autorizacion-para-las-pruebas-a-primer-curso-de-las-ensenanzas-elementales-de-musica-para-aspirantes-de-7-anos\\\/\",\"name\":\"PROCEDIMENT D'AUTORITZACI\u00d3 PER A LES PROVES A PRIMER CURS DE LES ENSENYANCES ELEMENTALS DE M\u00daSICA PER A ASPIRANTS DE 7 ANYS - Conservatori Professional de M\u00fasica Juan Cant\u00f3 en Alcoi\",\"isPartOf\":{\"@id\":\"https:\\\/\\\/www.conservatorialcoi.com\\\/#website\"},\"datePublished\":\"2026-05-08T01:15:11+00:00\",\"dateModified\":\"2026-05-08T01:47:00+00:00\",\"breadcrumb\":{\"@id\":\"https:\\\/\\\/www.conservatorialcoi.com\\\/ca\\\/procedimiento-de-autorizacion-para-las-pruebas-a-primer-curso-de-las-ensenanzas-elementales-de-musica-para-aspirantes-de-7-anos\\\/#breadcrumb\"},\"inLanguage\":\"ca\",\"potentialAction\":[{\"@type\":\"ReadAction\",\"target\":[\"https:\\\/\\\/www.conservatorialcoi.com\\\/ca\\\/procedimiento-de-autorizacion-para-las-pruebas-a-primer-curso-de-las-ensenanzas-elementales-de-musica-para-aspirantes-de-7-anos\\\/\"]}]},{\"@type\":\"BreadcrumbList\",\"@id\":\"https:\\\/\\\/www.conservatorialcoi.com\\\/ca\\\/procedimiento-de-autorizacion-para-las-pruebas-a-primer-curso-de-las-ensenanzas-elementales-de-musica-para-aspirantes-de-7-anos\\\/#breadcrumb\",\"itemListElement\":[{\"@type\":\"ListItem\",\"position\":1,\"name\":\"Portada\",\"item\":\"https:\\\/\\\/www.conservatorialcoi.com\\\/ca\\\/\"},{\"@type\":\"ListItem\",\"position\":2,\"name\":\"PROCEDIMENT D&#8217;AUTORITZACI\u00d3 PER A LES PROVES A PRIMER CURS DE LES ENSENYANCES ELEMENTALS DE M\u00daSICA PER A ASPIRANTS DE 7 ANYS\"}]},{\"@type\":\"WebSite\",\"@id\":\"https:\\\/\\\/www.conservatorialcoi.com\\\/#website\",\"url\":\"https:\\\/\\\/www.conservatorialcoi.com\\\/\",\"name\":\"Conservatori Professional de M\u00fasica Juan Cant\u00f3 en Alcoi\",\"description\":\"\",\"potentialAction\":[{\"@type\":\"SearchAction\",\"target\":{\"@type\":\"EntryPoint\",\"urlTemplate\":\"https:\\\/\\\/www.conservatorialcoi.com\\\/?s={search_term_string}\"},\"query-input\":{\"@type\":\"PropertyValueSpecification\",\"valueRequired\":true,\"valueName\":\"search_term_string\"}}],\"inLanguage\":\"ca\"}]}<\/script>\n<!-- \/ Yoast SEO plugin. -->","yoast_head_json":{"title":"PROCEDIMENT D'AUTORITZACI\u00d3 PER A LES PROVES A PRIMER CURS DE LES ENSENYANCES ELEMENTALS DE M\u00daSICA PER A ASPIRANTS DE 7 ANYS - Conservatori Professional de M\u00fasica Juan Cant\u00f3 en Alcoi","robots":{"index":"index","follow":"follow","max-snippet":"max-snippet:-1","max-image-preview":"max-image-preview:large","max-video-preview":"max-video-preview:-1"},"canonical":"https:\/\/www.conservatorialcoi.com\/ca\/procedimiento-de-autorizacion-para-las-pruebas-a-primer-curso-de-las-ensenanzas-elementales-de-musica-para-aspirantes-de-7-anos\/","og_locale":"ca_ES","og_type":"article","og_title":"PROCEDIMENT D'AUTORITZACI\u00d3 PER A LES PROVES A PRIMER CURS DE LES ENSENYANCES ELEMENTALS DE M\u00daSICA PER A ASPIRANTS DE 7 ANYS - Conservatori Professional de M\u00fasica Juan Cant\u00f3 en Alcoi","og_description":"Procediment d\u2019autoritzaci\u00f3 per a les proves a primer curs d\u2019ensenyances elementals de m\u00fasica per a aspirants de 7 anys: Terminis de presentaci\u00f3 de l&#8217;1 de febrero al 30 de abril de cada curso escolar Solicitud sede electr\u00f3nica Ayuntamiento de Alcoy Podran sol\u00b7licitar l\u2019autoritzaci\u00f3 per a participar en les proves d\u2019acc\u00e9s al primer curs de les [&hellip;]","og_url":"https:\/\/www.conservatorialcoi.com\/ca\/procedimiento-de-autorizacion-para-las-pruebas-a-primer-curso-de-las-ensenanzas-elementales-de-musica-para-aspirantes-de-7-anos\/","og_site_name":"Conservatori Professional de M\u00fasica Juan Cant\u00f3 en Alcoi","article_modified_time":"2026-05-08T01:47:00+00:00","twitter_card":"summary_large_image","twitter_misc":{"Temps estimat de lectura":"1 minut"},"schema":{"@context":"https:\/\/schema.org","@graph":[{"@type":"WebPage","@id":"https:\/\/www.conservatorialcoi.com\/ca\/procedimiento-de-autorizacion-para-las-pruebas-a-primer-curso-de-las-ensenanzas-elementales-de-musica-para-aspirantes-de-7-anos\/","url":"https:\/\/www.conservatorialcoi.com\/ca\/procedimiento-de-autorizacion-para-las-pruebas-a-primer-curso-de-las-ensenanzas-elementales-de-musica-para-aspirantes-de-7-anos\/","name":"PROCEDIMENT D'AUTORITZACI\u00d3 PER A LES PROVES A PRIMER CURS DE LES ENSENYANCES ELEMENTALS DE M\u00daSICA PER A ASPIRANTS DE 7 ANYS - Conservatori Professional de M\u00fasica Juan Cant\u00f3 en Alcoi","isPartOf":{"@id":"https:\/\/www.conservatorialcoi.com\/#website"},"datePublished":"2026-05-08T01:15:11+00:00","dateModified":"2026-05-08T01:47:00+00:00","breadcrumb":{"@id":"https:\/\/www.conservatorialcoi.com\/ca\/procedimiento-de-autorizacion-para-las-pruebas-a-primer-curso-de-las-ensenanzas-elementales-de-musica-para-aspirantes-de-7-anos\/#breadcrumb"},"inLanguage":"ca","potentialAction":[{"@type":"ReadAction","target":["https:\/\/www.conservatorialcoi.com\/ca\/procedimiento-de-autorizacion-para-las-pruebas-a-primer-curso-de-las-ensenanzas-elementales-de-musica-para-aspirantes-de-7-anos\/"]}]},{"@type":"BreadcrumbList","@id":"https:\/\/www.conservatorialcoi.com\/ca\/procedimiento-de-autorizacion-para-las-pruebas-a-primer-curso-de-las-ensenanzas-elementales-de-musica-para-aspirantes-de-7-anos\/#breadcrumb","itemListElement":[{"@type":"ListItem","position":1,"name":"Portada","item":"https:\/\/www.conservatorialcoi.com\/ca\/"},{"@type":"ListItem","position":2,"name":"PROCEDIMENT D&#8217;AUTORITZACI\u00d3 PER A LES PROVES A PRIMER CURS DE LES ENSENYANCES ELEMENTALS DE M\u00daSICA PER A ASPIRANTS DE 7 ANYS"}]},{"@type":"WebSite","@id":"https:\/\/www.conservatorialcoi.com\/#website","url":"https:\/\/www.conservatorialcoi.com\/","name":"Conservatori Professional de M\u00fasica Juan Cant\u00f3 en Alcoi","description":"","potentialAction":[{"@type":"SearchAction","target":{"@type":"EntryPoint","urlTemplate":"https:\/\/www.conservatorialcoi.com\/?s={search_term_string}"},"query-input":{"@type":"PropertyValueSpecification","valueRequired":true,"valueName":"search_term_string"}}],"inLanguage":"ca"}]}},"_links":{"self":[{"href":"https:\/\/www.conservatorialcoi.com\/ca\/wp-json\/wp\/v2\/pages\/12014","targetHints":{"allow":["GET"]}}],"collection":[{"href":"https:\/\/www.conservatorialcoi.com\/ca\/wp-json\/wp\/v2\/pages"}],"about":[{"href":"https:\/\/www.conservatorialcoi.com\/ca\/wp-json\/wp\/v2\/types\/page"}],"author":[{"embeddable":true,"href":"https:\/\/www.conservatorialcoi.com\/ca\/wp-json\/wp\/v2\/users\/4"}],"replies":[{"embeddable":true,"href":"https:\/\/www.conservatorialcoi.com\/ca\/wp-json\/wp\/v2\/comments?post=12014"}],"version-history":[{"count":4,"href":"https:\/\/www.conservatorialcoi.com\/ca\/wp-json\/wp\/v2\/pages\/12014\/revisions"}],"predecessor-version":[{"id":12025,"href":"https:\/\/www.conservatorialcoi.com\/ca\/wp-json\/wp\/v2\/pages\/12014\/revisions\/12025"}],"wp:attachment":[{"href":"https:\/\/www.conservatorialcoi.com\/ca\/wp-json\/wp\/v2\/media?parent=12014"}],"curies":[{"name":"wp","href":"https:\/\/api.w.org\/{rel}","templated":true}]}}