{"id":1201,"date":"2018-09-12T06:56:09","date_gmt":"2018-09-12T06:56:09","guid":{"rendered":"https:\/\/www.conservatorialcoi.com\/\/informacion-academica\/ensenanza-elemental\/contenidos-terminales-por-asignaturas\/"},"modified":"2019-03-01T11:02:36","modified_gmt":"2019-03-01T11:02:36","slug":"contenidos-terminales-por-asignaturas","status":"publish","type":"page","link":"https:\/\/www.conservatorialcoi.com\/ca\/informacio-academica\/ensenanza-elemental\/contenidos-terminales-por-asignaturas\/","title":{"rendered":"Continguts terminals per assignatures"},"content":{"rendered":"<ul>\n<li><strong><a href=\"\/ca\/informacion-academica\/ensenanza-elemental\/contenidos-terminales-por-asignaturas\/clarinet\/\" target=\"_blank\" rel=\"noopener\" data-mce-href=\"\/ca\/informacion-academica\/ensenanza-elemental\/contenidos-terminales-por-asignaturas\/clarinet\/\">Clarinet<\/a><\/strong><\/li>\n<li><strong><a href=\"\/ca\/informacion-academica\/ensenanza-elemental\/contenidos-terminales-por-asignaturas\/contrabaix\/\" target=\"_blank\" rel=\"noopener\">Contrabaix<\/a><\/strong><\/li>\n<li><strong><a href=\"\/ca\/informacion-academica\/ensenanza-elemental\/contenidos-terminales-por-asignaturas\/dulzaina\/\" target=\"_blank\" rel=\"noopener\">Dol\u00e7aina<\/a><\/strong><\/li>\n<li><strong><a href=\"\/ca\/informacion-academica\/ensenanza-elemental\/contenidos-terminales-por-asignaturas\/fagot\/\" target=\"_blank\" rel=\"noopener\" data-mce-href=\"\/ca\/informacion-academica\/ensenanza-elemental\/contenidos-terminales-por-asignaturas\/fagot\/\">Fargot<\/a><\/strong><\/li>\n<li><strong><a href=\"\/ca\/informacion-academica\/ensenanza-elemental\/contenidos-terminales-por-asignaturas\/flauta-travessera\/\" target=\"_blank\" rel=\"noopener\">Flauta Travessera<\/a><\/strong><\/li>\n<li><strong><a href=\"\/ca\/informacion-academica\/ensenanza-elemental\/contenidos-terminales-por-asignaturas\/guitarra\/\" target=\"_blank\" rel=\"noopener\">Guitarra<\/a><\/strong><\/li>\n<li><strong><a href=\"\/ca\/informacion-academica\/ensenanza-elemental\/contenidos-terminales-por-asignaturas\/lenguaje-musical\/\" target=\"_blank\" rel=\"noopener\">Llenguatge Musical<\/a><\/strong><\/li>\n<li><strong><a href=\"\/ca\/informacion-academica\/ensenanza-elemental\/contenidos-terminales-por-asignaturas\/oboe\/\" target=\"_blank\" rel=\"noopener\">Obo\u00e9<\/a><\/strong><\/li>\n<li><strong><a href=\"\/ca\/informacion-academica\/ensenanza-elemental\/contenidos-terminales-por-asignaturas\/percusion\/\" target=\"_blank\" rel=\"noopener\">Percussi\u00f3<\/a><\/strong><\/li>\n<li><a href=\"\/ca\/informacion-academica\/ensenanza-elemental\/contenidos-terminales-por-asignaturas\/piano\/\" target=\"_blank\" rel=\"noopener\"><strong>Piano<\/strong><\/a><\/li>\n<li><a href=\"\/ca\/informacion-academica\/ensenanza-elemental\/contenidos-terminales-por-asignaturas\/saxofon\/\" target=\"_blank\" rel=\"noopener\"><strong>Sax\u00f3fon<\/strong><\/a><\/li>\n<li><a href=\"\/ca\/informacion-academica\/ensenanza-elemental\/contenidos-terminales-por-asignaturas\/trombon\/\" target=\"_blank\" rel=\"noopener\"><strong>Tromb\u00f3<\/strong><\/a><\/li>\n<li><a href=\"\/ca\/informacion-academica\/ensenanza-elemental\/contenidos-terminales-por-asignaturas\/trompa\/\" target=\"_blank\" rel=\"noopener\" data-mce-href=\"\/ca\/informacion-academica\/ensenanza-elemental\/contenidos-terminales-por-asignaturas\/trompa\/\"><strong>Trompa<\/strong><\/a><\/li>\n<li><a href=\"\/ca\/informacion-academica\/ensenanza-elemental\/contenidos-terminales-por-asignaturas\/trompeta\/\" target=\"_blank\" rel=\"noopener\" data-mce-href=\"\/ca\/informacion-academica\/ensenanza-elemental\/contenidos-terminales-por-asignaturas\/trompeta\/\"><strong>Trompeta<\/strong><\/a><\/li>\n<li><a href=\"\/ca\/informacion-academica\/ensenanza-elemental\/contenidos-terminales-por-asignaturas\/tuba-i-bombardi\/\" target=\"_blank\" rel=\"noopener\" data-mce-href=\"\/ca\/informacion-academica\/ensenanza-elemental\/contenidos-terminales-por-asignaturas\/tuba-i-bombardi\/\"><strong>Tuba i Bombard\u00ed<\/strong><\/a><\/li>\n<li><a href=\"\/ca\/informacion-academica\/ensenanza-elemental\/contenidos-terminales-por-asignaturas\/viola\/\" target=\"_blank\" rel=\"noopener\" data-mce-href=\"\/ca\/informacion-academica\/ensenanza-elemental\/contenidos-terminales-por-asignaturas\/viola\/\"><strong>Viola<\/strong><\/a><\/li>\n<li><a href=\"\/ca\/informacion-academica\/ensenanza-elemental\/contenidos-terminales-por-asignaturas\/violi\/\" target=\"_blank\" rel=\"noopener\" data-mce-href=\"\/ca\/informacion-academica\/ensenanza-elemental\/contenidos-terminales-por-asignaturas\/violi\/\"><strong>Viol\u00ed<\/strong><\/a><\/li>\n<li><a href=\"\/ca\/informacion-academica\/ensenanza-elemental\/contenidos-terminales-por-asignaturas\/violoncel\/\" target=\"_blank\" rel=\"noopener\" data-mce-href=\"\/ca\/informacion-academica\/ensenanza-elemental\/contenidos-terminales-por-asignaturas\/violoncel\/\"><strong>Violoncello<\/strong><\/a><\/li>\n<\/ul>\n","protected":false},"excerpt":{"rendered":"<p>Clarinet Contrabaix Dol\u00e7aina Fargot Flauta Travessera Guitarra Llenguatge Musical Obo\u00e9 Percussi\u00f3 Piano Sax\u00f3fon Tromb\u00f3 Trompa Trompeta Tuba i Bombard\u00ed Viola Viol\u00ed Violoncello<\/p>\n","protected":false},"author":1,"featured_media":0,"parent":1194,"menu_order":5,"comment_status":"closed","ping_status":"closed","template":"","meta":{"footnotes":""},"class_list":["post-1201","page","type-page","status-publish","hentry"],"yoast_head":"<!-- This site is optimized with the Yoast SEO plugin v27.3 - https:\/\/yoast.com\/product\/yoast-seo-wordpress\/ -->\n<title>Continguts terminals per assignatures - Conservatori Professional de M\u00fasica Juan Cant\u00f3 en Alcoi<\/title>\n<meta name=\"robots\" content=\"index, follow, max-snippet:-1, max-image-preview:large, max-video-preview:-1\" \/>\n<link rel=\"canonical\" href=\"https:\/\/www.conservatorialcoi.com\/ca\/informacio-academica\/ensenanza-elemental\/contenidos-terminales-por-asignaturas\/\" \/>\n<meta property=\"og:locale\" content=\"ca_ES\" \/>\n<meta property=\"og:type\" content=\"article\" \/>\n<meta property=\"og:title\" content=\"Continguts terminals per assignatures - Conservatori Professional de M\u00fasica Juan Cant\u00f3 en Alcoi\" \/>\n<meta property=\"og:description\" content=\"Clarinet Contrabaix Dol\u00e7aina Fargot Flauta Travessera Guitarra Llenguatge Musical Obo\u00e9 Percussi\u00f3 Piano Sax\u00f3fon Tromb\u00f3 Trompa Trompeta Tuba i Bombard\u00ed Viola Viol\u00ed Violoncello\" \/>\n<meta property=\"og:url\" content=\"https:\/\/www.conservatorialcoi.com\/ca\/informacio-academica\/ensenanza-elemental\/contenidos-terminales-por-asignaturas\/\" \/>\n<meta property=\"og:site_name\" content=\"Conservatori Professional de M\u00fasica Juan Cant\u00f3 en Alcoi\" \/>\n<meta property=\"article:modified_time\" content=\"2019-03-01T11:02:36+00:00\" \/>\n<meta name=\"twitter:card\" content=\"summary_large_image\" \/>\n<script type=\"application\/ld+json\" class=\"yoast-schema-graph\">{\"@context\":\"https:\\\/\\\/schema.org\",\"@graph\":[{\"@type\":\"WebPage\",\"@id\":\"https:\\\/\\\/www.conservatorialcoi.com\\\/ca\\\/informacio-academica\\\/ensenanza-elemental\\\/contenidos-terminales-por-asignaturas\\\/\",\"url\":\"https:\\\/\\\/www.conservatorialcoi.com\\\/ca\\\/informacio-academica\\\/ensenanza-elemental\\\/contenidos-terminales-por-asignaturas\\\/\",\"name\":\"Continguts terminals per assignatures - Conservatori Professional de M\u00fasica Juan Cant\u00f3 en Alcoi\",\"isPartOf\":{\"@id\":\"https:\\\/\\\/www.conservatorialcoi.com\\\/#website\"},\"datePublished\":\"2018-09-12T06:56:09+00:00\",\"dateModified\":\"2019-03-01T11:02:36+00:00\",\"breadcrumb\":{\"@id\":\"https:\\\/\\\/www.conservatorialcoi.com\\\/ca\\\/informacio-academica\\\/ensenanza-elemental\\\/contenidos-terminales-por-asignaturas\\\/#breadcrumb\"},\"inLanguage\":\"ca\",\"potentialAction\":[{\"@type\":\"ReadAction\",\"target\":[\"https:\\\/\\\/www.conservatorialcoi.com\\\/ca\\\/informacio-academica\\\/ensenanza-elemental\\\/contenidos-terminales-por-asignaturas\\\/\"]}]},{\"@type\":\"BreadcrumbList\",\"@id\":\"https:\\\/\\\/www.conservatorialcoi.com\\\/ca\\\/informacio-academica\\\/ensenanza-elemental\\\/contenidos-terminales-por-asignaturas\\\/#breadcrumb\",\"itemListElement\":[{\"@type\":\"ListItem\",\"position\":1,\"name\":\"Portada\",\"item\":\"https:\\\/\\\/www.conservatorialcoi.com\\\/ca\\\/\"},{\"@type\":\"ListItem\",\"position\":2,\"name\":\"Informaci\u00f3 acad\u00e8mica\",\"item\":\"https:\\\/\\\/www.conservatorialcoi.com\\\/ca\\\/informacio-academica\\\/\"},{\"@type\":\"ListItem\",\"position\":3,\"name\":\"Ensenyaments Elementals\",\"item\":\"https:\\\/\\\/www.conservatorialcoi.com\\\/ca\\\/informacio-academica\\\/ensenanza-elemental\\\/\"},{\"@type\":\"ListItem\",\"position\":4,\"name\":\"Continguts terminals per assignatures\"}]},{\"@type\":\"WebSite\",\"@id\":\"https:\\\/\\\/www.conservatorialcoi.com\\\/#website\",\"url\":\"https:\\\/\\\/www.conservatorialcoi.com\\\/\",\"name\":\"Conservatori Professional de M\u00fasica Juan Cant\u00f3 en Alcoi\",\"description\":\"\",\"potentialAction\":[{\"@type\":\"SearchAction\",\"target\":{\"@type\":\"EntryPoint\",\"urlTemplate\":\"https:\\\/\\\/www.conservatorialcoi.com\\\/?s={search_term_string}\"},\"query-input\":{\"@type\":\"PropertyValueSpecification\",\"valueRequired\":true,\"valueName\":\"search_term_string\"}}],\"inLanguage\":\"ca\"}]}<\/script>\n<!-- \/ Yoast SEO plugin. -->","yoast_head_json":{"title":"Continguts terminals per assignatures - Conservatori Professional de M\u00fasica Juan Cant\u00f3 en Alcoi","robots":{"index":"index","follow":"follow","max-snippet":"max-snippet:-1","max-image-preview":"max-image-preview:large","max-video-preview":"max-video-preview:-1"},"canonical":"https:\/\/www.conservatorialcoi.com\/ca\/informacio-academica\/ensenanza-elemental\/contenidos-terminales-por-asignaturas\/","og_locale":"ca_ES","og_type":"article","og_title":"Continguts terminals per assignatures - Conservatori Professional de M\u00fasica Juan Cant\u00f3 en Alcoi","og_description":"Clarinet Contrabaix Dol\u00e7aina Fargot Flauta Travessera Guitarra Llenguatge Musical Obo\u00e9 Percussi\u00f3 Piano Sax\u00f3fon Tromb\u00f3 Trompa Trompeta Tuba i Bombard\u00ed Viola Viol\u00ed Violoncello","og_url":"https:\/\/www.conservatorialcoi.com\/ca\/informacio-academica\/ensenanza-elemental\/contenidos-terminales-por-asignaturas\/","og_site_name":"Conservatori Professional de M\u00fasica Juan Cant\u00f3 en Alcoi","article_modified_time":"2019-03-01T11:02:36+00:00","twitter_card":"summary_large_image","schema":{"@context":"https:\/\/schema.org","@graph":[{"@type":"WebPage","@id":"https:\/\/www.conservatorialcoi.com\/ca\/informacio-academica\/ensenanza-elemental\/contenidos-terminales-por-asignaturas\/","url":"https:\/\/www.conservatorialcoi.com\/ca\/informacio-academica\/ensenanza-elemental\/contenidos-terminales-por-asignaturas\/","name":"Continguts terminals per assignatures - Conservatori Professional de M\u00fasica Juan Cant\u00f3 en Alcoi","isPartOf":{"@id":"https:\/\/www.conservatorialcoi.com\/#website"},"datePublished":"2018-09-12T06:56:09+00:00","dateModified":"2019-03-01T11:02:36+00:00","breadcrumb":{"@id":"https:\/\/www.conservatorialcoi.com\/ca\/informacio-academica\/ensenanza-elemental\/contenidos-terminales-por-asignaturas\/#breadcrumb"},"inLanguage":"ca","potentialAction":[{"@type":"ReadAction","target":["https:\/\/www.conservatorialcoi.com\/ca\/informacio-academica\/ensenanza-elemental\/contenidos-terminales-por-asignaturas\/"]}]},{"@type":"BreadcrumbList","@id":"https:\/\/www.conservatorialcoi.com\/ca\/informacio-academica\/ensenanza-elemental\/contenidos-terminales-por-asignaturas\/#breadcrumb","itemListElement":[{"@type":"ListItem","position":1,"name":"Portada","item":"https:\/\/www.conservatorialcoi.com\/ca\/"},{"@type":"ListItem","position":2,"name":"Informaci\u00f3 acad\u00e8mica","item":"https:\/\/www.conservatorialcoi.com\/ca\/informacio-academica\/"},{"@type":"ListItem","position":3,"name":"Ensenyaments Elementals","item":"https:\/\/www.conservatorialcoi.com\/ca\/informacio-academica\/ensenanza-elemental\/"},{"@type":"ListItem","position":4,"name":"Continguts terminals per assignatures"}]},{"@type":"WebSite","@id":"https:\/\/www.conservatorialcoi.com\/#website","url":"https:\/\/www.conservatorialcoi.com\/","name":"Conservatori Professional de M\u00fasica Juan Cant\u00f3 en Alcoi","description":"","potentialAction":[{"@type":"SearchAction","target":{"@type":"EntryPoint","urlTemplate":"https:\/\/www.conservatorialcoi.com\/?s={search_term_string}"},"query-input":{"@type":"PropertyValueSpecification","valueRequired":true,"valueName":"search_term_string"}}],"inLanguage":"ca"}]}},"_links":{"self":[{"href":"https:\/\/www.conservatorialcoi.com\/ca\/wp-json\/wp\/v2\/pages\/1201","targetHints":{"allow":["GET"]}}],"collection":[{"href":"https:\/\/www.conservatorialcoi.com\/ca\/wp-json\/wp\/v2\/pages"}],"about":[{"href":"https:\/\/www.conservatorialcoi.com\/ca\/wp-json\/wp\/v2\/types\/page"}],"author":[{"embeddable":true,"href":"https:\/\/www.conservatorialcoi.com\/ca\/wp-json\/wp\/v2\/users\/1"}],"replies":[{"embeddable":true,"href":"https:\/\/www.conservatorialcoi.com\/ca\/wp-json\/wp\/v2\/comments?post=1201"}],"version-history":[{"count":1,"href":"https:\/\/www.conservatorialcoi.com\/ca\/wp-json\/wp\/v2\/pages\/1201\/revisions"}],"predecessor-version":[{"id":1471,"href":"https:\/\/www.conservatorialcoi.com\/ca\/wp-json\/wp\/v2\/pages\/1201\/revisions\/1471"}],"up":[{"embeddable":true,"href":"https:\/\/www.conservatorialcoi.com\/ca\/wp-json\/wp\/v2\/pages\/1194"}],"wp:attachment":[{"href":"https:\/\/www.conservatorialcoi.com\/ca\/wp-json\/wp\/v2\/media?parent=1201"}],"curies":[{"name":"wp","href":"https:\/\/api.w.org\/{rel}","templated":true}]}}