{"id":11973,"date":"2026-05-07T23:15:30","date_gmt":"2026-05-07T23:15:30","guid":{"rendered":"https:\/\/www.conservatorialcoi.com\/?page_id=11973"},"modified":"2026-05-07T23:35:34","modified_gmt":"2026-05-07T23:35:34","slug":"altres-modalitats-dadmissio","status":"publish","type":"page","link":"https:\/\/www.conservatorialcoi.com\/ca\/altres-modalitats-dadmissio\/","title":{"rendered":"ALTRES MODALITATS D&#8217;ADMISSI\u00d3"},"content":{"rendered":"<p><a href=\"https:\/\/dogv.gva.es\/datos\/2026\/04\/29\/pdf\/2026_12242_va.pdf\">ORDE 8\/2026, de 24 d&#8217;abril, de la Conselleria d&#8217;Educaci\u00f3, Cultura i Universitats, per la qual es regula el proc\u00e9s d&#8217;admissi\u00f3 a les ensenyances elementals i professionals de m\u00fasica i de dansa en la Comunitat Valenciana.<\/a> &#8211;<\/p>\n<p><span style=\"color: #ff0000;\">-Trasllat d&#8217;expedient dins del proc\u00e9s d&#8217;admissi\u00f3:<\/span> <strong><a href=\"https:\/\/sedeelectronica.alcoi.org\/sta\/CarpetaPublic\/doEvent?APP_CODE=STA&amp;PAGE_CODE=PTS_CATSERV&amp;DETALLE=6269000026671761507711&amp;lang=ES\">Sol\u00b7licitud de l&#8217;1 al 20 de juliol de 2026<\/a><\/strong><\/p>\n<p>L&#8217;admissi\u00f3 per trasllat constitu\u00efx un procediment espec\u00edfic dins del proc\u00e9s ordinari d&#8217;admissi\u00f3, aplicable a l&#8217;alumnat que, estant matriculat en un centre, sol\u00b7licite continuar els seus estudis en un altre centre per al curs seg\u00fcent.<\/p>\n<p>Esta modalitat de trasllat \u00fanicament podr\u00e0 tramitar-se durant el proc\u00e9s ordinari o extraordinari d&#8217;admissi\u00f3, seguint el calendari establit a este efecte, i no durant el curs acad\u00e8mic. L&#8217;admissi\u00f3 per trasllat requerir\u00e0 l&#8217;exist\u00e8ncia de pla\u00e7a vacant en l&#8217;especialitat sol\u00b7licitada en el centre de dest\u00ed i es resoldr\u00e0 seguint l&#8217;orde d&#8217;adjudicaci\u00f3 establit en els articles 18 i 19 d&#8217;esta orde, prenent com a refer\u00e8ncia la nota mitjana de l&#8217;expedient acad\u00e8mic.<\/p>\n<p>En circumst\u00e0ncies excepcionals o casos extraordinaris degudament justificats, la direcci\u00f3 del centre remetr\u00e0 l&#8217;expedient a la direcci\u00f3 territorial corresponent per a la seua valoraci\u00f3 i resoluci\u00f3.<\/p>\n<p><span style=\"color: #ff0000;\">-Trasllat d&#8217;expedient durant el curs acad\u00e8mic:<\/span> <strong><a href=\"https:\/\/sedeelectronica.alcoi.org\/sta\/CarpetaPublic\/doEvent?APP_CODE=STA&amp;PAGE_CODE=PTS_CATSERV&amp;DETALLE=6269000026671761507711&amp;lang=ES\">Sol\u00b7licitud\u00a0<\/a><\/strong><\/p>\n<p>El trasllat de matr\u00edcula durant el curs acad\u00e8mic constitu\u00efx un procediment distint del trasllat tramitat en el proc\u00e9s ordinari o extraordinari d&#8217;admissi\u00f3 i permet a l&#8217;alumnat ja matriculat incorporar-se a un altre centre amb el curs iniciat, sempre que existisquen places vacants en l&#8217;especialitat sol\u00b7licitada.<\/p>\n<p>La sol\u00b7licitud es dirigir\u00e0 a la persona titular de l&#8217;adre\u00e7a del centre de destinaci\u00f3 i haur\u00e0 de presentar-se, amb car\u00e0cter general, abans de la finalitzaci\u00f3 del segon trimestre. Excepcionalment, la direcci\u00f3 territorial competent podr\u00e0 admetre sol\u00b7licituds presentades amb posterioritat, previ informe motivat de la direcci\u00f3 del centre receptor i sempre que conc\u00f3rreguen causes justificades.<\/p>\n<p>L&#8217;autoritzaci\u00f3 del trasllat requerir\u00e0 l&#8217;exist\u00e8ncia de pla\u00e7a vacant en l&#8217;especialitat sol\u00b7licitada.<\/p>\n<p>En cas de concurr\u00e8ncia de sol\u00b7licituds, s&#8217;aplicar\u00e0 l&#8217;orde d&#8217;adjudicaci\u00f3 establit en els articles 18 i 19 de l&#8217;ORDE 8\/2026, de 24 d&#8217;abril, de la Conselleria d&#8217;Educaci\u00f3, Cultura i Universitats , establint-se una llista d&#8217;espera per especialitat per a cobrir les vacants que pogueren produir-se fins a la finalitzaci\u00f3 del segon trimestre. En els sup\u00f2sits de trasllat des de centres situats en una altra comunitat aut\u00f2noma, l&#8217;alumnat podr\u00e0 incorporar-se al curs corresponent sempre que existisquen places vacants i haja abonat pr\u00e8viament les taxes de matr\u00edcula que procedisquen en el centre de dest\u00ed<\/p>\n<p><span style=\"color: #ff0000;\">-Readmissi\u00f3: Alumnat del Centre: <\/span><strong><a href=\"https:\/\/sedeelectronica.alcoi.org\/sta\/CarpetaPublic\/doEvent?APP_CODE=STA&amp;PAGE_CODE=PTS_CATSERV&amp;DETALLE=6269000026671761507711&amp;lang=ES\">Sol\u00b7licitud de l&#8217;1 al 26 de juny de 2026<\/a>\u00a0<\/strong><span style=\"color: #ff0000;\">\u00a0 Alumnat d&#8217;un altre Centre:<\/span> <strong><a href=\"https:\/\/sedeelectronica.alcoi.org\/sta\/CarpetaPublic\/doEvent?APP_CODE=STA&amp;PAGE_CODE=PTS_CATSERV&amp;DETALLE=6269000026671761507711&amp;lang=ES\">Sol\u00b7licitud de l&#8217;1 al 20 de juliol de 2026<\/a><\/strong><\/p>\n<p>Podr\u00e0 sol\u00b7licitar la readmissi\u00f3 en el centre aquell alumnat que haja rom\u00e0s, com a m\u00e0xim, un curs acad\u00e8mic sense formalitzar matr\u00edcula, sempre que no haja esgotat el l\u00edmit de perman\u00e8ncia en el curs ni en les ensenyances corresponents i no se li haja concedit pr\u00e8viament una readmissi\u00f3 en la mateixa especialitat.<\/p>\n<p>El curs acad\u00e8mic en el qual l&#8217;alumnat no haja estat matriculat no computar\u00e0 a l&#8217;efecte del l\u00edmit de perman\u00e8ncia. L&#8217;alumnat que renuncie a la seua matr\u00edcula\u00a0 ser\u00e0 considerat com no matriculat en el curs lectiu a l&#8217;efecte del c\u00f2mput per a la readmissi\u00f3.<\/p>\n<p>La readmissi\u00f3 podr\u00e0 concedir-se una sola vegada al llarg del conjunt de les ensenyances elementals i professionals de M\u00fasica o de Dansa.<\/p>\n<p>L&#8217;alumnat que complisca les condicions de readmissi\u00f3 podr\u00e0 presentar la sol\u00b7licitud corresponent en el centre, seguint el calendari establit. Les sol\u00b7licituds de readmissi\u00f3 dins de cada nivell de prioritat s&#8217;ordenaran d&#8217;acord amb els criteris especificats en els articles 18 i 19 de l&#8217;ORDE 8\/2026, de 24 d&#8217;abril, de la Conselleria d&#8217;Educaci\u00f3, Cultura i Universitats.<\/p>\n<p>L&#8217;alumnat que no puga ser readm\u00e9s en el centre per falta de vacants disponibles podr\u00e0 presentar sol\u00b7licitud de readmissi\u00f3 en un altre centre, en la corresponent fase del proc\u00e9s d&#8217;admissi\u00f3. En cas de ser readm\u00e9s, l&#8217;alumnat podr\u00e0 matricular-se en el curs i l&#8217;especialitat que li corresponga. No es considerar\u00e0 readmissi\u00f3 la sol\u00b7licitud presentada despr\u00e9s de l&#8217;aband\u00f3 d&#8217;estes ensenyances sense haver superat cap curs. En cas de no complir-se degudament les condicions establides en el present article per a la readmissi\u00f3, les persones interessades a reprendre estes ensenyances hauran de realitzar novament la prova d&#8217;acc\u00e9s, conforme al que es disposa en la normativa vigent.<\/p>\n<p><span style=\"color: #ff0000;\">&#8211; Admissi\u00f3 per prova d&#8217;acc\u00e9s superada en un altre Centre:<\/span> <strong><a href=\"https:\/\/sedeelectronica.alcoi.org\/sta\/CarpetaPublic\/doEvent?APP_CODE=STA&amp;PAGE_CODE=PTS_CATSERV&amp;DETALLE=6269000026671761507711&amp;lang=ES\">Sol\u00b7licitud de l&#8217;1 al 20 de juliol de 2026<\/a><\/strong><\/p>\n<p><span style=\"color: #ff0000;\">&#8211; Canvi d&#8217;especialitat en les ensenyances elementals de M\u00fasica:<\/span> <strong><a href=\"https:\/\/sedeelectronica.alcoi.org\/sta\/CarpetaPublic\/doEvent?APP_CODE=STA&amp;PAGE_CODE=PTS_CATSERV&amp;DETALLE=6269000026671761507711&amp;lang=ES\">Sol\u00b7licitud de l&#8217;1 al 26 de juny de 2026<\/a><\/strong><\/p>\n<p>L&#8217;alumnat que haja finalitzat i superat el primer curs de les ensenyances elementals de M\u00fasica i desitge canviar d&#8217;especialitat podr\u00e0 fer-ho promocionant a segon curs i sense necessitat de realitzar una prova d&#8217;acc\u00e9s. L&#8217;alumnat en esta situaci\u00f3 podr\u00e0 sol\u00b7licitar el canvi d&#8217;especialitat en el termini establit a este efecte per la conselleria competent en mat\u00e8ria d&#8217;educaci\u00f3 i accedir a les places vacants seguint l&#8217;orde d&#8217;adjudicaci\u00f3 establit en els articles 18 i 19 de l&#8217;ORDE 8\/2026, de 24 d&#8217;abril, de la Conselleria d&#8217;Educaci\u00f3, Cultura i Universitats. sent ordenat en funci\u00f3 de la nota mitjana del seu expedient acad\u00e8mic.<\/p>\n<p>En cas d&#8217;obtindre pla\u00e7a en la nova especialitat, haur\u00e0 de formalitzar matr\u00edcula del segon curs complet i, addicionalment, del primer curs de l&#8217;assignatura d&#8217;instrument corresponent, que tindr\u00e0 la consideraci\u00f3 d&#8217;assignatura pendent.<\/p>\n<p>El canvi d&#8217;especialitat en sup\u00f2sits diferents al descrit en el punt anterior s&#8217;efectuar\u00e0 mitjan\u00e7ant la corresponent prova d&#8217;acc\u00e9s a la nova especialitat. Les persones aspirants podran sol\u00b7licitar l&#8217;exempci\u00f3 de la part teoricopr\u00e0ctica de la prova, sempre que tinguen superades les mat\u00e8ries corresponents del curs anterior al que se sol\u00b7licita l&#8217;acc\u00e9s. En tal cas, la qualificaci\u00f3 final de la prova d&#8217;acc\u00e9s es correspondr\u00e0 exclusivament amb l&#8217;obtinguda en l&#8217;apartat de la prova realitzada. Esta qualificaci\u00f3 ser\u00e0 la que s&#8217;utilitze per a determinar la seua posici\u00f3 en l&#8217;orde d&#8217;adjudicaci\u00f3 de places vacants.<\/p>\n<p><span style=\"color: #ff0000;\">&#8211; Doble especialitat:<\/span> <strong><a href=\"https:\/\/sedeelectronica.alcoi.org\/sta\/CarpetaPublic\/doEvent?APP_CODE=STA&amp;PAGE_CODE=PTS_CATSERV&amp;DETALLE=6269000026671761507711&amp;lang=ES\">Sol\u00b7licitud de l&#8217;1 al 26 de juny de 2026<\/a><\/strong><\/p>\n<p>La superaci\u00f3 de la prova d&#8217;acc\u00e9s a primer curs d&#8217;ensenyances elementals de M\u00fasica facultar\u00e0 \u00fanicament la matriculaci\u00f3 en una sola especialitat. L&#8217;alumnat matriculat en les ensenyances elementals o professionals de M\u00fasica que tinga superat, almenys, un curs complet en una especialitat podr\u00e0 accedir a una segona o successives especialitats, sempre que supere la corresponent prova d&#8217;acc\u00e9s a cada una d&#8217;elles, per a un curs distint de primer de les ensenyances elementals de M\u00fasica.<\/p>\n<p>Els aspirants no matriculats en les ensenyances elementals o professionals de M\u00fasica que desitgen accedir a estes ensenyances en m\u00e9s d&#8217;una especialitat podran realitzar la corresponent prova d&#8217;acc\u00e9s en cada una d&#8217;elles, sempre que estes proves es dirigisquen a un curs distint de primer de les ensenyances elementals de M\u00fasica.<\/p>\n<p>Quan els cursos d&#8217;acc\u00e9s coincidisquen en les diferents especialitats a les que s&#8217;opte, els aspirants realitzaran una \u00fanica vegada l&#8217;apartat *te\u00f3ricopr\u00e1ctico com\u00fa de la prova. La qualificaci\u00f3 obtinguda en este apartat s&#8217;aplicar\u00e0 per al c\u00e0lcul de la nota final en cada una de les especialitats a les quals conc\u00f3rrega.<\/p>\n<p>Els aspirants podran sol\u00b7licitar l&#8217;exempci\u00f3 de la part teoricopr\u00e0ctica de la prova d&#8217;acc\u00e9s, sempre que tinguen superades les mat\u00e8ries corresponents al curs immediatament anterior a aquell al qual es pret\u00e9n accedir. En tal cas, la qualificaci\u00f3 final de la prova d&#8217;acc\u00e9s es correspondr\u00e0 exclusivament amb l&#8217;obtinguda en l&#8217;apartat de la prova realitzada.<\/p>\n<p>Esta qualificaci\u00f3 ser\u00e0 la que s&#8217;utilitze per a determinar la seua posici\u00f3 en l&#8217;orde d&#8217;adjudicaci\u00f3 de vacants. En cas que l&#8217;alumnat accedisca al mateix nivell educatiu en diverses especialitats, haur\u00e0 de cursar tant les assignatures comunes com les pr\u00f2pies en una de les especialitats, i \u00fanicament les assignatures pr\u00f2pies en la segona i successives especialitats en les quals es matricule.<\/p>\n<p>Quan el nivell educatiu no coincidisca entre les diferents especialitats a les que s&#8217;accedix, l&#8217;alumnat haur\u00e0 de cursar les assignatures comunes corresponents a l&#8217;especialitat de major nivell educatiu, les assignatures pr\u00f2pies de totes les especialitats en les quals estiga matriculat i les assignatures comunes no superades de cursos anteriors al de l&#8217;especialitat de major nivell educatiu.<\/p>\n<p>L&#8217;alumnat que curse m\u00e9s d&#8217;una especialitat no podr\u00e0 estar matriculat simult\u00e0niament en les ensenyances elementals o professionals de M\u00fasica o de Dansa en m\u00e9s d&#8217;un centre. Excepcionalment, i pr\u00e8via autoritzaci\u00f3 de la direcci\u00f3 territorial corresponent, podr\u00e0 cursar-se una segona o successives especialitats en altres centres quan el centre d&#8217;origen no impartisca estes especialitats. Esta circumst\u00e0ncia no comportar\u00e0 una obligaci\u00f3 d&#8217;adequaci\u00f3 dels horaris per a este alumnat per part dels centres. En cap cas l&#8217;alumnat podr\u00e0 estar matriculat simult\u00e0niament en m\u00e9s d&#8217;un curs d&#8217;una mateixa especialitat.<\/p>\n","protected":false},"excerpt":{"rendered":"<p>ORDE 8\/2026, de 24 d&#8217;abril, de la Conselleria d&#8217;Educaci\u00f3, Cultura i Universitats, per la qual es regula el proc\u00e9s d&#8217;admissi\u00f3 a les ensenyances elementals i professionals de m\u00fasica i de dansa en la Comunitat Valenciana. &#8211; -Trasllat d&#8217;expedient dins del proc\u00e9s d&#8217;admissi\u00f3: Sol\u00b7licitud de l&#8217;1 al 20 de juliol de 2026 L&#8217;admissi\u00f3 per trasllat constitu\u00efx [&hellip;]<\/p>\n","protected":false},"author":4,"featured_media":0,"parent":0,"menu_order":0,"comment_status":"closed","ping_status":"closed","template":"","meta":{"footnotes":""},"class_list":["post-11973","page","type-page","status-publish","hentry"],"yoast_head":"<!-- This site is optimized with the Yoast SEO plugin v27.3 - https:\/\/yoast.com\/product\/yoast-seo-wordpress\/ -->\n<title>ALTRES MODALITATS D&#039;ADMISSI\u00d3 - Conservatori Professional de M\u00fasica Juan Cant\u00f3 en Alcoi<\/title>\n<meta name=\"robots\" content=\"index, follow, max-snippet:-1, max-image-preview:large, max-video-preview:-1\" \/>\n<link rel=\"canonical\" href=\"https:\/\/www.conservatorialcoi.com\/ca\/altres-modalitats-dadmissio\/\" \/>\n<meta property=\"og:locale\" content=\"ca_ES\" \/>\n<meta property=\"og:type\" content=\"article\" \/>\n<meta property=\"og:title\" content=\"ALTRES MODALITATS D&#039;ADMISSI\u00d3 - Conservatori Professional de M\u00fasica Juan Cant\u00f3 en Alcoi\" \/>\n<meta property=\"og:description\" content=\"ORDE 8\/2026, de 24 d&#8217;abril, de la Conselleria d&#8217;Educaci\u00f3, Cultura i Universitats, per la qual es regula el proc\u00e9s d&#8217;admissi\u00f3 a les ensenyances elementals i professionals de m\u00fasica i de dansa en la Comunitat Valenciana. &#8211; -Trasllat d&#8217;expedient dins del proc\u00e9s d&#8217;admissi\u00f3: Sol\u00b7licitud de l&#8217;1 al 20 de juliol de 2026 L&#8217;admissi\u00f3 per trasllat constitu\u00efx [&hellip;]\" \/>\n<meta property=\"og:url\" content=\"https:\/\/www.conservatorialcoi.com\/ca\/altres-modalitats-dadmissio\/\" \/>\n<meta property=\"og:site_name\" content=\"Conservatori Professional de M\u00fasica Juan Cant\u00f3 en Alcoi\" \/>\n<meta property=\"article:modified_time\" content=\"2026-05-07T23:35:34+00:00\" \/>\n<meta name=\"twitter:card\" content=\"summary_large_image\" \/>\n<meta name=\"twitter:label1\" content=\"Temps estimat de lectura\" \/>\n\t<meta name=\"twitter:data1\" content=\"7 minuts\" \/>\n<script type=\"application\/ld+json\" class=\"yoast-schema-graph\">{\"@context\":\"https:\\\/\\\/schema.org\",\"@graph\":[{\"@type\":\"WebPage\",\"@id\":\"https:\\\/\\\/www.conservatorialcoi.com\\\/ca\\\/altres-modalitats-dadmissio\\\/\",\"url\":\"https:\\\/\\\/www.conservatorialcoi.com\\\/ca\\\/altres-modalitats-dadmissio\\\/\",\"name\":\"ALTRES MODALITATS D'ADMISSI\u00d3 - Conservatori Professional de M\u00fasica Juan Cant\u00f3 en Alcoi\",\"isPartOf\":{\"@id\":\"https:\\\/\\\/www.conservatorialcoi.com\\\/#website\"},\"datePublished\":\"2026-05-07T23:15:30+00:00\",\"dateModified\":\"2026-05-07T23:35:34+00:00\",\"breadcrumb\":{\"@id\":\"https:\\\/\\\/www.conservatorialcoi.com\\\/ca\\\/altres-modalitats-dadmissio\\\/#breadcrumb\"},\"inLanguage\":\"ca\",\"potentialAction\":[{\"@type\":\"ReadAction\",\"target\":[\"https:\\\/\\\/www.conservatorialcoi.com\\\/ca\\\/altres-modalitats-dadmissio\\\/\"]}]},{\"@type\":\"BreadcrumbList\",\"@id\":\"https:\\\/\\\/www.conservatorialcoi.com\\\/ca\\\/altres-modalitats-dadmissio\\\/#breadcrumb\",\"itemListElement\":[{\"@type\":\"ListItem\",\"position\":1,\"name\":\"Portada\",\"item\":\"https:\\\/\\\/www.conservatorialcoi.com\\\/ca\\\/\"},{\"@type\":\"ListItem\",\"position\":2,\"name\":\"ALTRES MODALITATS D&#8217;ADMISSI\u00d3\"}]},{\"@type\":\"WebSite\",\"@id\":\"https:\\\/\\\/www.conservatorialcoi.com\\\/#website\",\"url\":\"https:\\\/\\\/www.conservatorialcoi.com\\\/\",\"name\":\"Conservatori Professional de M\u00fasica Juan Cant\u00f3 en Alcoi\",\"description\":\"\",\"potentialAction\":[{\"@type\":\"SearchAction\",\"target\":{\"@type\":\"EntryPoint\",\"urlTemplate\":\"https:\\\/\\\/www.conservatorialcoi.com\\\/?s={search_term_string}\"},\"query-input\":{\"@type\":\"PropertyValueSpecification\",\"valueRequired\":true,\"valueName\":\"search_term_string\"}}],\"inLanguage\":\"ca\"}]}<\/script>\n<!-- \/ Yoast SEO plugin. -->","yoast_head_json":{"title":"ALTRES MODALITATS D'ADMISSI\u00d3 - Conservatori Professional de M\u00fasica Juan Cant\u00f3 en Alcoi","robots":{"index":"index","follow":"follow","max-snippet":"max-snippet:-1","max-image-preview":"max-image-preview:large","max-video-preview":"max-video-preview:-1"},"canonical":"https:\/\/www.conservatorialcoi.com\/ca\/altres-modalitats-dadmissio\/","og_locale":"ca_ES","og_type":"article","og_title":"ALTRES MODALITATS D'ADMISSI\u00d3 - Conservatori Professional de M\u00fasica Juan Cant\u00f3 en Alcoi","og_description":"ORDE 8\/2026, de 24 d&#8217;abril, de la Conselleria d&#8217;Educaci\u00f3, Cultura i Universitats, per la qual es regula el proc\u00e9s d&#8217;admissi\u00f3 a les ensenyances elementals i professionals de m\u00fasica i de dansa en la Comunitat Valenciana. &#8211; -Trasllat d&#8217;expedient dins del proc\u00e9s d&#8217;admissi\u00f3: Sol\u00b7licitud de l&#8217;1 al 20 de juliol de 2026 L&#8217;admissi\u00f3 per trasllat constitu\u00efx [&hellip;]","og_url":"https:\/\/www.conservatorialcoi.com\/ca\/altres-modalitats-dadmissio\/","og_site_name":"Conservatori Professional de M\u00fasica Juan Cant\u00f3 en Alcoi","article_modified_time":"2026-05-07T23:35:34+00:00","twitter_card":"summary_large_image","twitter_misc":{"Temps estimat de lectura":"7 minuts"},"schema":{"@context":"https:\/\/schema.org","@graph":[{"@type":"WebPage","@id":"https:\/\/www.conservatorialcoi.com\/ca\/altres-modalitats-dadmissio\/","url":"https:\/\/www.conservatorialcoi.com\/ca\/altres-modalitats-dadmissio\/","name":"ALTRES MODALITATS D'ADMISSI\u00d3 - Conservatori Professional de M\u00fasica Juan Cant\u00f3 en Alcoi","isPartOf":{"@id":"https:\/\/www.conservatorialcoi.com\/#website"},"datePublished":"2026-05-07T23:15:30+00:00","dateModified":"2026-05-07T23:35:34+00:00","breadcrumb":{"@id":"https:\/\/www.conservatorialcoi.com\/ca\/altres-modalitats-dadmissio\/#breadcrumb"},"inLanguage":"ca","potentialAction":[{"@type":"ReadAction","target":["https:\/\/www.conservatorialcoi.com\/ca\/altres-modalitats-dadmissio\/"]}]},{"@type":"BreadcrumbList","@id":"https:\/\/www.conservatorialcoi.com\/ca\/altres-modalitats-dadmissio\/#breadcrumb","itemListElement":[{"@type":"ListItem","position":1,"name":"Portada","item":"https:\/\/www.conservatorialcoi.com\/ca\/"},{"@type":"ListItem","position":2,"name":"ALTRES MODALITATS D&#8217;ADMISSI\u00d3"}]},{"@type":"WebSite","@id":"https:\/\/www.conservatorialcoi.com\/#website","url":"https:\/\/www.conservatorialcoi.com\/","name":"Conservatori Professional de M\u00fasica Juan Cant\u00f3 en Alcoi","description":"","potentialAction":[{"@type":"SearchAction","target":{"@type":"EntryPoint","urlTemplate":"https:\/\/www.conservatorialcoi.com\/?s={search_term_string}"},"query-input":{"@type":"PropertyValueSpecification","valueRequired":true,"valueName":"search_term_string"}}],"inLanguage":"ca"}]}},"_links":{"self":[{"href":"https:\/\/www.conservatorialcoi.com\/ca\/wp-json\/wp\/v2\/pages\/11973","targetHints":{"allow":["GET"]}}],"collection":[{"href":"https:\/\/www.conservatorialcoi.com\/ca\/wp-json\/wp\/v2\/pages"}],"about":[{"href":"https:\/\/www.conservatorialcoi.com\/ca\/wp-json\/wp\/v2\/types\/page"}],"author":[{"embeddable":true,"href":"https:\/\/www.conservatorialcoi.com\/ca\/wp-json\/wp\/v2\/users\/4"}],"replies":[{"embeddable":true,"href":"https:\/\/www.conservatorialcoi.com\/ca\/wp-json\/wp\/v2\/comments?post=11973"}],"version-history":[{"count":6,"href":"https:\/\/www.conservatorialcoi.com\/ca\/wp-json\/wp\/v2\/pages\/11973\/revisions"}],"predecessor-version":[{"id":11985,"href":"https:\/\/www.conservatorialcoi.com\/ca\/wp-json\/wp\/v2\/pages\/11973\/revisions\/11985"}],"wp:attachment":[{"href":"https:\/\/www.conservatorialcoi.com\/ca\/wp-json\/wp\/v2\/media?parent=11973"}],"curies":[{"name":"wp","href":"https:\/\/api.w.org\/{rel}","templated":true}]}}